{"id":57,"date":"2024-11-26T17:06:20","date_gmt":"2024-11-26T17:06:20","guid":{"rendered":"https:\/\/www.ccae.ufpb.br\/dema\/?page_id=57"},"modified":"2025-10-14T18:27:05","modified_gmt":"2025-10-14T18:27:05","slug":"laboratorios","status":"publish","type":"page","link":"https:\/\/www.ccae.ufpb.br\/dema\/laboratorios\/","title":{"rendered":"Laborat\u00f3rios"},"content":{"rendered":"\n<p><a href=\"https:\/\/www.ccae.ufpb.br\/dema\/laboratorios\/laboratorio-de-analise-geoambiental-lageo\/\" data-type=\"page\" data-id=\"59\">Laborat\u00f3rio de An\u00e1lise Geoambiental &#8211; LAGEO<\/a><\/p>\n\n\n\n<p><a href=\"http:\/\/plone.ufpb.br\/lcg\/\">Laborat\u00f3rio de Cartografia e Geoprocessamento &#8211; LCG<\/a><\/p>\n\n\n\n<p><a href=\"https:\/\/www.ccae.ufpb.br\/dema\/laboratorios\/laboratorio-de-ecologia-animal-lea\/\" data-type=\"page\" data-id=\"61\">Laborat\u00f3rio de Ecologia Animal &#8211; LEA<\/a><\/p>\n\n\n\n<p><a href=\"https:\/\/www.ccae.ufpb.br\/dema\/laboratorios\/laboratorio-de-ecologia-costeira-e-oceanica-leco\/\" data-type=\"page\" data-id=\"63\">Laborat\u00f3rio de Ecologia Costeira e Oce\u00e2nica &#8211; LECO<\/a><\/p>\n\n\n\n<p><a href=\"https:\/\/www.ccae.ufpb.br\/dema\/laboratorios\/laboratorio-de-ecologia-vegetal-labev\/\" data-type=\"page\" data-id=\"65\">Laborat\u00f3rio de Ecologia Vegetal &#8211; LABEV<\/a><\/p>\n\n\n\n<p><a href=\"https:\/\/www.ccae.ufpb.br\/dema\/laboratorios\/laboratorio-de-ecologia-quimica\/\" data-type=\"page\" data-id=\"67\">Laborat\u00f3rio de Ecologia Qu\u00edmica &#8211; LEQ<\/a><\/p>\n\n\n\n<p><a href=\"https:\/\/www.labemtiufpb.com.br\/\">Laborat\u00f3rio de Ecologia Molecular e Taxonomia Integrativa &#8211; LabEMTI<\/a><\/p>\n","protected":false},"excerpt":{"rendered":"<p>Laborat\u00f3rio de An\u00e1lise Geoambiental &#8211; LAGEO Laborat\u00f3rio de Cartografia e Geoprocessamento &#8211; LCG Laborat\u00f3rio de Ecologia Animal &#8211; LEA Laborat\u00f3rio de Ecologia Costeira e Oce\u00e2nica &#8211; LECO Laborat\u00f3rio de Ecologia Vegetal &#8211; LABEV Laborat\u00f3rio de Ecologia Qu\u00edmica &#8211; LEQ Laborat\u00f3rio de Ecologia Molecular e Taxonomia Integrativa &#8211; LabEMTI<\/p>\n","protected":false},"author":47,"featured_media":0,"parent":0,"menu_order":0,"comment_status":"closed","ping_status":"closed","template":"","meta":{"footnotes":""},"class_list":["post-57","page","type-page","status-publish","hentry"],"_links":{"self":[{"href":"https:\/\/www.ccae.ufpb.br\/dema\/wp-json\/wp\/v2\/pages\/57","targetHints":{"allow":["GET"]}}],"collection":[{"href":"https:\/\/www.ccae.ufpb.br\/dema\/wp-json\/wp\/v2\/pages"}],"about":[{"href":"https:\/\/www.ccae.ufpb.br\/dema\/wp-json\/wp\/v2\/types\/page"}],"author":[{"embeddable":true,"href":"https:\/\/www.ccae.ufpb.br\/dema\/wp-json\/wp\/v2\/users\/47"}],"replies":[{"embeddable":true,"href":"https:\/\/www.ccae.ufpb.br\/dema\/wp-json\/wp\/v2\/comments?post=57"}],"version-history":[{"count":10,"href":"https:\/\/www.ccae.ufpb.br\/dema\/wp-json\/wp\/v2\/pages\/57\/revisions"}],"predecessor-version":[{"id":383,"href":"https:\/\/www.ccae.ufpb.br\/dema\/wp-json\/wp\/v2\/pages\/57\/revisions\/383"}],"wp:attachment":[{"href":"https:\/\/www.ccae.ufpb.br\/dema\/wp-json\/wp\/v2\/media?parent=57"}],"curies":[{"name":"wp","href":"https:\/\/api.w.org\/{rel}","templated":true}]}}