{"id":65,"date":"2024-11-26T17:38:55","date_gmt":"2024-11-26T17:38:55","guid":{"rendered":"https:\/\/www.ccae.ufpb.br\/dema\/?page_id=65"},"modified":"2025-10-20T20:52:31","modified_gmt":"2025-10-20T20:52:31","slug":"laboratorio-de-ecologia-vegetal-labev","status":"publish","type":"page","link":"https:\/\/www.ccae.ufpb.br\/dema\/laboratorios\/laboratorio-de-ecologia-vegetal-labev\/","title":{"rendered":"Laborat\u00f3rio de Ecologia Vegetal &#8211; LABEV"},"content":{"rendered":"\n<p>O LABEV \u00e9 um espa\u00e7o aberto ao funcionamento de atividades pedag\u00f3gicas das disciplinas afins ao objeto de estudo, de aprendizado e experimenta\u00e7\u00e3o de atividades, projetos, produtos e servi\u00e7os relativos ao desenvolvimento e aprimoramento intelectual e pr\u00e1tico do aluno do Curso de Ecologia, conforme o Projeto Pedag\u00f3gico e os programas das disciplinas que comp\u00f5em a matriz curricular.&nbsp;<\/p>\n\n\n\n<h3 class=\"wp-block-heading\">Equipe&nbsp;<\/h3>\n\n\n\n<figure class=\"wp-block-table\"><table class=\"has-fixed-layout\"><tbody><tr><td><strong>Z<\/strong><strong>elma Glebya Maciel Quirino&nbsp;<\/strong><\/td><td>Coordenadora\/ Professora\/ Pesquisadora<\/td><\/tr><tr><td><strong>Evelise M\u00e1rcia Locatelli de Souza<\/strong><\/td><td>Vice coordenadora\/ Professora\/ Pesquisadora<\/td><\/tr><tr><td><strong>Alisson Pl\u00e1cido da Silva<\/strong><\/td><td>T\u00e9cnico de laborat\u00f3rio<\/td><\/tr><\/tbody><\/table><\/figure>\n\n\n\n<p><\/p>\n\n\n\n<div class=\"wp-block-file\"><a id=\"wp-block-file--media-0d339618-a4f5-4531-8c00-bcfe8c1853be\" href=\"https:\/\/www.ccae.ufpb.br\/dema\/wp-content\/uploads\/sites\/170\/sites\/239\/2024\/12\/Regulamento.pdf\">Regulamento<\/a><a href=\"https:\/\/www.ccae.ufpb.br\/dema\/wp-content\/uploads\/sites\/170\/sites\/239\/2024\/12\/Regulamento.pdf\" class=\"wp-block-file__button wp-element-button\" download aria-describedby=\"wp-block-file--media-0d339618-a4f5-4531-8c00-bcfe8c1853be\">Baixar<\/a><\/div>\n\n\n\n<div class=\"wp-block-file\"><a id=\"wp-block-file--media-748976e7-19c0-4b7a-a9c1-5ce2514d9349\" href=\"https:\/\/www.ccae.ufpb.br\/dema\/wp-content\/uploads\/sites\/170\/sites\/239\/2024\/12\/Material-Permanente.pdf\">Material Permanente<\/a><a href=\"https:\/\/www.ccae.ufpb.br\/dema\/wp-content\/uploads\/sites\/170\/sites\/239\/2024\/12\/Material-Permanente.pdf\" class=\"wp-block-file__button wp-element-button\" download aria-describedby=\"wp-block-file--media-748976e7-19c0-4b7a-a9c1-5ce2514d9349\">Baixar<\/a><\/div>\n\n\n\n<div class=\"wp-block-file\"><a id=\"wp-block-file--media-7d84b51f-9cf7-4b71-85e8-2462937f6806\" href=\"https:\/\/www.ccae.ufpb.br\/dema\/wp-content\/uploads\/sites\/170\/sites\/239\/2024\/12\/Integrantes.pdf\">Integrantes<\/a><a href=\"https:\/\/www.ccae.ufpb.br\/dema\/wp-content\/uploads\/sites\/170\/sites\/239\/2024\/12\/Integrantes.pdf\" class=\"wp-block-file__button wp-element-button\" download aria-describedby=\"wp-block-file--media-7d84b51f-9cf7-4b71-85e8-2462937f6806\">Baixar<\/a><\/div>\n\n\n\n<p><a href=\"http:\/\/plone.ufpb.br\/dema\/contents\/imagens\/labev.jpg\"><\/a><\/p>\n\n\n\n<figure class=\"wp-block-image size-full\"><img loading=\"lazy\" decoding=\"async\" width=\"400\" height=\"225\" src=\"https:\/\/www.ccae.ufpb.br\/dema\/wp-content\/uploads\/sites\/170\/sites\/239\/2024\/12\/0f568c24-5fa9-4166-89dc-2c9564c7f283.jpeg\" alt=\"\" class=\"wp-image-283\" srcset=\"https:\/\/www.ccae.ufpb.br\/dema\/wp-content\/uploads\/sites\/170\/sites\/239\/2024\/12\/0f568c24-5fa9-4166-89dc-2c9564c7f283.jpeg 400w, https:\/\/www.ccae.ufpb.br\/dema\/wp-content\/uploads\/sites\/170\/sites\/239\/2024\/12\/0f568c24-5fa9-4166-89dc-2c9564c7f283-300x169.jpeg 300w\" sizes=\"auto, (max-width: 400px) 100vw, 400px\" \/><\/figure>\n\n\n\n<p>Ambiente do LABEV<\/p>\n\n\n\n<figure class=\"wp-block-image size-full\"><img loading=\"lazy\" decoding=\"async\" width=\"1024\" height=\"576\" src=\"https:\/\/www.ccae.ufpb.br\/dema\/wp-content\/uploads\/sites\/170\/sites\/239\/2024\/12\/20150518_105318.jpg\" alt=\"\" class=\"wp-image-284\" srcset=\"https:\/\/www.ccae.ufpb.br\/dema\/wp-content\/uploads\/sites\/170\/sites\/239\/2024\/12\/20150518_105318.jpg 1024w, https:\/\/www.ccae.ufpb.br\/dema\/wp-content\/uploads\/sites\/170\/sites\/239\/2024\/12\/20150518_105318-300x169.jpg 300w, https:\/\/www.ccae.ufpb.br\/dema\/wp-content\/uploads\/sites\/170\/sites\/239\/2024\/12\/20150518_105318-768x432.jpg 768w\" sizes=\"auto, (max-width: 1024px) 100vw, 1024px\" \/><\/figure>\n\n\n\n<p><\/p>\n\n\n\n<figure class=\"wp-block-image size-full\"><img loading=\"lazy\" decoding=\"async\" width=\"1024\" height=\"576\" src=\"https:\/\/www.ccae.ufpb.br\/dema\/wp-content\/uploads\/sites\/170\/sites\/239\/2024\/12\/20150518_105442.jpg\" alt=\"\" class=\"wp-image-285\" srcset=\"https:\/\/www.ccae.ufpb.br\/dema\/wp-content\/uploads\/sites\/170\/sites\/239\/2024\/12\/20150518_105442.jpg 1024w, https:\/\/www.ccae.ufpb.br\/dema\/wp-content\/uploads\/sites\/170\/sites\/239\/2024\/12\/20150518_105442-300x169.jpg 300w, https:\/\/www.ccae.ufpb.br\/dema\/wp-content\/uploads\/sites\/170\/sites\/239\/2024\/12\/20150518_105442-768x432.jpg 768w\" sizes=\"auto, (max-width: 1024px) 100vw, 1024px\" \/><\/figure>\n\n\n\n<p><\/p>\n\n\n\n<figure class=\"wp-block-image size-full\"><img loading=\"lazy\" decoding=\"async\" width=\"1024\" height=\"680\" src=\"https:\/\/www.ccae.ufpb.br\/dema\/wp-content\/uploads\/sites\/170\/sites\/239\/2024\/12\/DSC_1062.jpg\" alt=\"\" class=\"wp-image-286\" srcset=\"https:\/\/www.ccae.ufpb.br\/dema\/wp-content\/uploads\/sites\/170\/sites\/239\/2024\/12\/DSC_1062.jpg 1024w, https:\/\/www.ccae.ufpb.br\/dema\/wp-content\/uploads\/sites\/170\/sites\/239\/2024\/12\/DSC_1062-300x199.jpg 300w, https:\/\/www.ccae.ufpb.br\/dema\/wp-content\/uploads\/sites\/170\/sites\/239\/2024\/12\/DSC_1062-768x510.jpg 768w\" sizes=\"auto, (max-width: 1024px) 100vw, 1024px\" \/><\/figure>\n\n\n\n<p><\/p>\n\n\n\n<figure class=\"wp-block-image size-full\"><img loading=\"lazy\" decoding=\"async\" width=\"1024\" height=\"680\" src=\"https:\/\/www.ccae.ufpb.br\/dema\/wp-content\/uploads\/sites\/170\/sites\/239\/2024\/12\/DSC_1065.jpg\" alt=\"\" class=\"wp-image-287\" srcset=\"https:\/\/www.ccae.ufpb.br\/dema\/wp-content\/uploads\/sites\/170\/sites\/239\/2024\/12\/DSC_1065.jpg 1024w, https:\/\/www.ccae.ufpb.br\/dema\/wp-content\/uploads\/sites\/170\/sites\/239\/2024\/12\/DSC_1065-300x199.jpg 300w, https:\/\/www.ccae.ufpb.br\/dema\/wp-content\/uploads\/sites\/170\/sites\/239\/2024\/12\/DSC_1065-768x510.jpg 768w\" sizes=\"auto, (max-width: 1024px) 100vw, 1024px\" \/><\/figure>\n\n\n\n<p><\/p>\n\n\n\n<figure class=\"wp-block-image size-full\"><img loading=\"lazy\" decoding=\"async\" width=\"1024\" height=\"680\" src=\"https:\/\/www.ccae.ufpb.br\/dema\/wp-content\/uploads\/sites\/170\/sites\/239\/2024\/12\/DSC_1068.jpg\" alt=\"\" class=\"wp-image-288\" srcset=\"https:\/\/www.ccae.ufpb.br\/dema\/wp-content\/uploads\/sites\/170\/sites\/239\/2024\/12\/DSC_1068.jpg 1024w, https:\/\/www.ccae.ufpb.br\/dema\/wp-content\/uploads\/sites\/170\/sites\/239\/2024\/12\/DSC_1068-300x199.jpg 300w, https:\/\/www.ccae.ufpb.br\/dema\/wp-content\/uploads\/sites\/170\/sites\/239\/2024\/12\/DSC_1068-768x510.jpg 768w\" sizes=\"auto, (max-width: 1024px) 100vw, 1024px\" \/><\/figure>\n\n\n\n<p><\/p>\n\n\n\n<figure class=\"wp-block-image size-full\"><img loading=\"lazy\" decoding=\"async\" width=\"1024\" height=\"680\" src=\"https:\/\/www.ccae.ufpb.br\/dema\/wp-content\/uploads\/sites\/170\/sites\/239\/2024\/12\/DSC_1074.jpg\" alt=\"\" class=\"wp-image-289\" srcset=\"https:\/\/www.ccae.ufpb.br\/dema\/wp-content\/uploads\/sites\/170\/sites\/239\/2024\/12\/DSC_1074.jpg 1024w, https:\/\/www.ccae.ufpb.br\/dema\/wp-content\/uploads\/sites\/170\/sites\/239\/2024\/12\/DSC_1074-300x199.jpg 300w, https:\/\/www.ccae.ufpb.br\/dema\/wp-content\/uploads\/sites\/170\/sites\/239\/2024\/12\/DSC_1074-768x510.jpg 768w\" sizes=\"auto, (max-width: 1024px) 100vw, 1024px\" \/><\/figure>\n\n\n\n<p><\/p>\n\n\n\n<figure class=\"wp-block-image size-full\"><img loading=\"lazy\" decoding=\"async\" width=\"1024\" height=\"680\" src=\"https:\/\/www.ccae.ufpb.br\/dema\/wp-content\/uploads\/sites\/170\/sites\/239\/2024\/12\/DSC_1082.jpg\" alt=\"\" class=\"wp-image-290\" srcset=\"https:\/\/www.ccae.ufpb.br\/dema\/wp-content\/uploads\/sites\/170\/sites\/239\/2024\/12\/DSC_1082.jpg 1024w, https:\/\/www.ccae.ufpb.br\/dema\/wp-content\/uploads\/sites\/170\/sites\/239\/2024\/12\/DSC_1082-300x199.jpg 300w, https:\/\/www.ccae.ufpb.br\/dema\/wp-content\/uploads\/sites\/170\/sites\/239\/2024\/12\/DSC_1082-768x510.jpg 768w\" sizes=\"auto, (max-width: 1024px) 100vw, 1024px\" \/><\/figure>\n\n\n\n<p><\/p>\n\n\n\n<figure class=\"wp-block-image size-full\"><img loading=\"lazy\" decoding=\"async\" width=\"1024\" height=\"680\" src=\"https:\/\/www.ccae.ufpb.br\/dema\/wp-content\/uploads\/sites\/170\/sites\/239\/2024\/12\/DSC_1087.jpg\" alt=\"\" class=\"wp-image-291\" srcset=\"https:\/\/www.ccae.ufpb.br\/dema\/wp-content\/uploads\/sites\/170\/sites\/239\/2024\/12\/DSC_1087.jpg 1024w, https:\/\/www.ccae.ufpb.br\/dema\/wp-content\/uploads\/sites\/170\/sites\/239\/2024\/12\/DSC_1087-300x199.jpg 300w, https:\/\/www.ccae.ufpb.br\/dema\/wp-content\/uploads\/sites\/170\/sites\/239\/2024\/12\/DSC_1087-768x510.jpg 768w\" sizes=\"auto, (max-width: 1024px) 100vw, 1024px\" \/><\/figure>\n\n\n\n<p><\/p>\n\n\n\n<figure class=\"wp-block-image size-large\"><img loading=\"lazy\" decoding=\"async\" width=\"768\" height=\"1024\" src=\"https:\/\/www.ccae.ufpb.br\/dema\/wp-content\/uploads\/sites\/170\/sites\/239\/2024\/12\/WhatsAppImage20221017at14.13.06-768x1024.jpeg\" alt=\"\" class=\"wp-image-292\" srcset=\"https:\/\/www.ccae.ufpb.br\/dema\/wp-content\/uploads\/sites\/170\/sites\/239\/2024\/12\/WhatsAppImage20221017at14.13.06-768x1024.jpeg 768w, https:\/\/www.ccae.ufpb.br\/dema\/wp-content\/uploads\/sites\/170\/sites\/239\/2024\/12\/WhatsAppImage20221017at14.13.06-225x300.jpeg 225w, https:\/\/www.ccae.ufpb.br\/dema\/wp-content\/uploads\/sites\/170\/sites\/239\/2024\/12\/WhatsAppImage20221017at14.13.06.jpeg 960w\" sizes=\"auto, (max-width: 768px) 100vw, 768px\" \/><\/figure>\n\n\n\n<p><\/p>\n\n\n\n<figure class=\"wp-block-image size-full\"><img loading=\"lazy\" decoding=\"async\" width=\"1024\" height=\"680\" src=\"https:\/\/www.ccae.ufpb.br\/dema\/wp-content\/uploads\/sites\/170\/sites\/239\/2024\/12\/DSC_0015.jpg\" alt=\"\" class=\"wp-image-293\" srcset=\"https:\/\/www.ccae.ufpb.br\/dema\/wp-content\/uploads\/sites\/170\/sites\/239\/2024\/12\/DSC_0015.jpg 1024w, https:\/\/www.ccae.ufpb.br\/dema\/wp-content\/uploads\/sites\/170\/sites\/239\/2024\/12\/DSC_0015-300x199.jpg 300w, https:\/\/www.ccae.ufpb.br\/dema\/wp-content\/uploads\/sites\/170\/sites\/239\/2024\/12\/DSC_0015-768x510.jpg 768w\" sizes=\"auto, (max-width: 1024px) 100vw, 1024px\" \/><\/figure>\n\n\n\n<p><\/p>\n\n\n\n<figure class=\"wp-block-image size-large\"><img loading=\"lazy\" decoding=\"async\" width=\"1024\" height=\"768\" src=\"https:\/\/www.ccae.ufpb.br\/dema\/wp-content\/uploads\/sites\/170\/sites\/239\/2024\/12\/WhatsAppImage20221017at14.13.07-1024x768.jpeg\" alt=\"\" class=\"wp-image-294\" srcset=\"https:\/\/www.ccae.ufpb.br\/dema\/wp-content\/uploads\/sites\/170\/sites\/239\/2024\/12\/WhatsAppImage20221017at14.13.07-1024x768.jpeg 1024w, https:\/\/www.ccae.ufpb.br\/dema\/wp-content\/uploads\/sites\/170\/sites\/239\/2024\/12\/WhatsAppImage20221017at14.13.07-300x225.jpeg 300w, https:\/\/www.ccae.ufpb.br\/dema\/wp-content\/uploads\/sites\/170\/sites\/239\/2024\/12\/WhatsAppImage20221017at14.13.07-768x576.jpeg 768w, https:\/\/www.ccae.ufpb.br\/dema\/wp-content\/uploads\/sites\/170\/sites\/239\/2024\/12\/WhatsAppImage20221017at14.13.07.jpeg 1280w\" sizes=\"auto, (max-width: 1024px) 100vw, 1024px\" \/><\/figure>\n","protected":false},"excerpt":{"rendered":"<p>O LABEV \u00e9 um espa\u00e7o aberto ao funcionamento de atividades pedag\u00f3gicas das disciplinas afins ao objeto de estudo, de aprendizado e experimenta\u00e7\u00e3o de atividades, projetos, produtos e servi\u00e7os relativos ao desenvolvimento e aprimoramento intelectual e pr\u00e1tico do aluno do Curso de Ecologia, conforme o Projeto Pedag\u00f3gico e os programas das disciplinas que comp\u00f5em a matriz [&hellip;]<\/p>\n","protected":false},"author":47,"featured_media":0,"parent":57,"menu_order":0,"comment_status":"closed","ping_status":"closed","template":"","meta":{"footnotes":""},"class_list":["post-65","page","type-page","status-publish","hentry"],"_links":{"self":[{"href":"https:\/\/www.ccae.ufpb.br\/dema\/wp-json\/wp\/v2\/pages\/65","targetHints":{"allow":["GET"]}}],"collection":[{"href":"https:\/\/www.ccae.ufpb.br\/dema\/wp-json\/wp\/v2\/pages"}],"about":[{"href":"https:\/\/www.ccae.ufpb.br\/dema\/wp-json\/wp\/v2\/types\/page"}],"author":[{"embeddable":true,"href":"https:\/\/www.ccae.ufpb.br\/dema\/wp-json\/wp\/v2\/users\/47"}],"replies":[{"embeddable":true,"href":"https:\/\/www.ccae.ufpb.br\/dema\/wp-json\/wp\/v2\/comments?post=65"}],"version-history":[{"count":4,"href":"https:\/\/www.ccae.ufpb.br\/dema\/wp-json\/wp\/v2\/pages\/65\/revisions"}],"predecessor-version":[{"id":408,"href":"https:\/\/www.ccae.ufpb.br\/dema\/wp-json\/wp\/v2\/pages\/65\/revisions\/408"}],"up":[{"embeddable":true,"href":"https:\/\/www.ccae.ufpb.br\/dema\/wp-json\/wp\/v2\/pages\/57"}],"wp:attachment":[{"href":"https:\/\/www.ccae.ufpb.br\/dema\/wp-json\/wp\/v2\/media?parent=65"}],"curies":[{"name":"wp","href":"https:\/\/api.w.org\/{rel}","templated":true}]}}