{"id":70,"date":"2024-11-26T17:41:48","date_gmt":"2024-11-26T17:41:48","guid":{"rendered":"https:\/\/www.ccae.ufpb.br\/dema\/?page_id=70"},"modified":"2024-11-26T17:41:48","modified_gmt":"2024-11-26T17:41:48","slug":"publicacoes","status":"publish","type":"page","link":"https:\/\/www.ccae.ufpb.br\/dema\/publicacoes\/","title":{"rendered":"Publica\u00e7\u00f5es"},"content":{"rendered":"\n<p>E-books organizados pelo DEMA<\/p>\n\n\n\n<p><strong>Trajet\u00f3ria do Departamento de Engenharia e\u00a0Meio Ambiente em ensino, pesquisa e extens\u00e3o. [livro eletr\u00f4nico] \/ organiza\u00e7\u00e3o Williame Farias Ribeiro&#8230;[et al.]. &#8212; Jo\u00e3o Pessoa, PB: Deck Gr\u00e1fica, 2023.<\/strong><\/p>\n\n\n\n<div data-wp-interactive=\"core\/file\" class=\"wp-block-file\"><object data-wp-bind--hidden=\"!state.hasPdfPreview\" hidden class=\"wp-block-file__embed\" data=\"https:\/\/www.ccae.ufpb.br\/dema\/wp-content\/uploads\/sites\/170\/sites\/239\/2024\/11\/trajetoria-do-departamento-de-engenharia-e-meio-ambiente-em-ensino-pesquisa-e-extensao_vfinal.pdf\" type=\"application\/pdf\" style=\"width:100%;height:600px\" aria-label=\"Incorporado de &lt;strong&gt;Trajet\u00f3ria do Departamento de Engenharia e\u00a0Meio Ambiente em ensino, pesquisa e extens\u00e3o&lt;\/strong&gt;.\"><\/object><a id=\"wp-block-file--media-7a76f634-bcde-49e9-a912-58649e8b088d\" href=\"https:\/\/www.ccae.ufpb.br\/dema\/wp-content\/uploads\/sites\/170\/sites\/239\/2024\/11\/trajetoria-do-departamento-de-engenharia-e-meio-ambiente-em-ensino-pesquisa-e-extensao_vfinal.pdf\"><strong>Trajet\u00f3ria do Departamento de Engenharia e\u00a0Meio Ambiente em ensino, pesquisa e extens\u00e3o<\/strong><\/a><a href=\"https:\/\/www.ccae.ufpb.br\/dema\/wp-content\/uploads\/sites\/170\/sites\/239\/2024\/11\/trajetoria-do-departamento-de-engenharia-e-meio-ambiente-em-ensino-pesquisa-e-extensao_vfinal.pdf\" class=\"wp-block-file__button wp-element-button\" download aria-describedby=\"wp-block-file--media-7a76f634-bcde-49e9-a912-58649e8b088d\">Baixar<\/a><\/div>\n","protected":false},"excerpt":{"rendered":"<p>E-books organizados pelo DEMA Trajet\u00f3ria do Departamento de Engenharia e\u00a0Meio Ambiente em ensino, pesquisa e extens\u00e3o. [livro eletr\u00f4nico] \/ organiza\u00e7\u00e3o Williame Farias Ribeiro&#8230;[et al.]. &#8212; Jo\u00e3o Pessoa, PB: Deck Gr\u00e1fica, 2023.<\/p>\n","protected":false},"author":47,"featured_media":0,"parent":0,"menu_order":0,"comment_status":"closed","ping_status":"closed","template":"","meta":{"footnotes":""},"class_list":["post-70","page","type-page","status-publish","hentry"],"_links":{"self":[{"href":"https:\/\/www.ccae.ufpb.br\/dema\/wp-json\/wp\/v2\/pages\/70","targetHints":{"allow":["GET"]}}],"collection":[{"href":"https:\/\/www.ccae.ufpb.br\/dema\/wp-json\/wp\/v2\/pages"}],"about":[{"href":"https:\/\/www.ccae.ufpb.br\/dema\/wp-json\/wp\/v2\/types\/page"}],"author":[{"embeddable":true,"href":"https:\/\/www.ccae.ufpb.br\/dema\/wp-json\/wp\/v2\/users\/47"}],"replies":[{"embeddable":true,"href":"https:\/\/www.ccae.ufpb.br\/dema\/wp-json\/wp\/v2\/comments?post=70"}],"version-history":[{"count":1,"href":"https:\/\/www.ccae.ufpb.br\/dema\/wp-json\/wp\/v2\/pages\/70\/revisions"}],"predecessor-version":[{"id":73,"href":"https:\/\/www.ccae.ufpb.br\/dema\/wp-json\/wp\/v2\/pages\/70\/revisions\/73"}],"wp:attachment":[{"href":"https:\/\/www.ccae.ufpb.br\/dema\/wp-json\/wp\/v2\/media?parent=70"}],"curies":[{"name":"wp","href":"https:\/\/api.w.org\/{rel}","templated":true}]}}