{"id":74,"date":"2024-11-26T17:42:34","date_gmt":"2024-11-26T17:42:34","guid":{"rendered":"https:\/\/www.ccae.ufpb.br\/dema\/?page_id=74"},"modified":"2024-12-09T16:47:36","modified_gmt":"2024-12-09T16:47:36","slug":"concursos-e-selecoes","status":"publish","type":"page","link":"https:\/\/www.ccae.ufpb.br\/dema\/concursos-e-selecoes\/","title":{"rendered":"Concursos e Sele\u00e7\u00f5es"},"content":{"rendered":"\n<h3 class=\"wp-block-heading\"><em><strong>PROCESSOS ABERTOS<\/strong><\/em><\/h3>\n\n\n\n<ul class=\"wp-block-list\">\n<li>N\u00c3O H\u00c1<\/li>\n<\/ul>\n\n\n\n<h3 class=\"wp-block-heading\"><em><strong>PROCESSOS ENCERRADOS<\/strong><\/em><\/h3>\n\n\n\n<ul class=\"wp-block-list\">\n<li><strong><a href=\"https:\/\/www.ccae.ufpb.br\/dema\/concurso-publico-para-professor-do-magisterio-superior-area-zoologia\/\" data-type=\"page\" data-id=\"109\">Concurso P\u00fablico de Provas e T\u00edtulos para Professor do Magist\u00e9rio Superior &#8211; \u00c1rea de conhecimento: Zoologia\u00a0(Edital n\u00ba 32, 30 de abril de 2024)<\/a>.<\/strong><\/li>\n\n\n\n<li><strong><a href=\"https:\/\/www.ccae.ufpb.br\/dema\/processo-seletivo-de-redistribuicao-de-docente-edital-no-01-2022-dema-ccae-ufpb\/\" data-type=\"page\" data-id=\"160\">Processo Seletivo de Redistribui\u00e7\u00e3o Docente&nbsp;(Edital n\u00ba 01\/2022 DEMA\/CCAE\/UFPB)<\/a>.<\/strong><\/li>\n<\/ul>\n\n\n\n<p><\/p>\n","protected":false},"excerpt":{"rendered":"<p>PROCESSOS ABERTOS PROCESSOS ENCERRADOS<\/p>\n","protected":false},"author":47,"featured_media":0,"parent":0,"menu_order":0,"comment_status":"closed","ping_status":"closed","template":"","meta":{"footnotes":""},"class_list":["post-74","page","type-page","status-publish","hentry"],"_links":{"self":[{"href":"https:\/\/www.ccae.ufpb.br\/dema\/wp-json\/wp\/v2\/pages\/74","targetHints":{"allow":["GET"]}}],"collection":[{"href":"https:\/\/www.ccae.ufpb.br\/dema\/wp-json\/wp\/v2\/pages"}],"about":[{"href":"https:\/\/www.ccae.ufpb.br\/dema\/wp-json\/wp\/v2\/types\/page"}],"author":[{"embeddable":true,"href":"https:\/\/www.ccae.ufpb.br\/dema\/wp-json\/wp\/v2\/users\/47"}],"replies":[{"embeddable":true,"href":"https:\/\/www.ccae.ufpb.br\/dema\/wp-json\/wp\/v2\/comments?post=74"}],"version-history":[{"count":5,"href":"https:\/\/www.ccae.ufpb.br\/dema\/wp-json\/wp\/v2\/pages\/74\/revisions"}],"predecessor-version":[{"id":171,"href":"https:\/\/www.ccae.ufpb.br\/dema\/wp-json\/wp\/v2\/pages\/74\/revisions\/171"}],"wp:attachment":[{"href":"https:\/\/www.ccae.ufpb.br\/dema\/wp-json\/wp\/v2\/media?parent=74"}],"curies":[{"name":"wp","href":"https:\/\/api.w.org\/{rel}","templated":true}]}}