{"id":22,"date":"2024-11-22T11:24:50","date_gmt":"2024-11-22T11:24:50","guid":{"rendered":"https:\/\/www.ccae.ufpb.br\/ecologia\/?page_id=22"},"modified":"2024-11-28T14:01:57","modified_gmt":"2024-11-28T14:01:57","slug":"apresentacao","status":"publish","type":"page","link":"https:\/\/www.ccae.ufpb.br\/ecologia\/apresentacao\/","title":{"rendered":"Apresenta\u00e7\u00e3o"},"content":{"rendered":"\n<p>O curso de Gradua\u00e7\u00e3o em Ecologia foi criado em 2006 com a finalidade de responder a uma demanda por profissionais capazes de avaliar os Ecossistemas Naturais e criados pelo homem (Agrossistemas, Cidades, entre outros), identificar problemas e suas causas propondo solu\u00e7\u00f5es sustent\u00e1veis para os mesmos.<\/p>\n\n\n\n<figure class=\"wp-block-embed is-type-video is-provider-vimeo wp-block-embed-vimeo wp-embed-aspect-9-16 wp-has-aspect-ratio\"><div class=\"wp-block-embed__wrapper\">\n<iframe loading=\"lazy\" title=\"V\u00eddeo institucional do curso de Ecologia\" src=\"https:\/\/player.vimeo.com\/video\/1034221845?h=5b379eebc6&amp;dnt=1&amp;app_id=122963\" width=\"425\" height=\"750\" frameborder=\"0\" allow=\"autoplay; fullscreen; picture-in-picture; clipboard-write\"><\/iframe>\n<\/div><\/figure>\n\n\n\n<p><strong>O EC\u00d3LOGO PODE ATUAR:<\/strong><\/p>\n\n\n\n<ul class=\"wp-block-list\">\n<li>Investigando a estrutura e o funcionamento dos Ecossistemas;<\/li>\n\n\n\n<li>Analisando o impacto das atividades humanas sobre o meio ambiente e buscando solu\u00e7\u00f5es para evitar desequil\u00edbrios ecol\u00f3gicos;<\/li>\n\n\n\n<li>Elaborando planos para a prote\u00e7\u00e3o dos Recursos Ambientais locais, regionais e nacionais;<\/li>\n\n\n\n<li>Ajudando a planejar o crescimento de n\u00facleos urbanos, preservando os Recursos Naturais da Regi\u00e3o<\/li>\n<\/ul>\n\n\n\n<p><strong>ONDE O EC\u00d3LOGO PODE ATUAR:<\/strong><\/p>\n\n\n\n<ul class=\"wp-block-list\">\n<li>Na iniciativa privada, pode trabalhar junto \u00e0s ind\u00fastrias para minimizar o impacto que as atividades produtivas possam &nbsp;ter sobre o ambiente;<\/li>\n\n\n\n<li>Em parques zool\u00f3gicos, ecol\u00f3gicos &nbsp;e \u00e1reas de preserva\u00e7\u00e3o ambiental, colaborando com apoio t\u00e9cnico para a manuten\u00e7\u00e3o das esp\u00e9cies animais e vegetais ali existentes;<\/li>\n\n\n\n<li>Em Secretarias Municipais de Meio Ambiente, avaliando poss\u00edveis impactos ambientais causados por instala\u00e7\u00e3o de ind\u00fastrias, constru\u00e7\u00e3o de condom\u00ednios ou por outras obras;<\/li>\n\n\n\n<li>Em Institui\u00e7\u00f5es P\u00fablicas, de ensino e\/ou pesquisa.<\/li>\n<\/ul>\n\n\n\n\n\n\n\n<p><\/p>\n","protected":false},"excerpt":{"rendered":"<p>Ecologia \u00e9 a ci\u00eancia que estuda as rela\u00e7\u00f5es entre homem e natureza, visando a preserva\u00e7\u00e3o dos recursos naturais e seu uso de forma adequada. O EC\u00d3LOGO PODE ATUAR: Investigando a estrutura e o funcionamento dos Ecossistemas; Analisando o impacto das atividades humanas sobre o meio ambiente e buscando solu\u00e7\u00f5es para evitar desequil\u00edbrios ecol\u00f3gicos; Elaborando planos para a prote\u00e7\u00e3o dos Recursos Ambientais locais, regionais e nacionais; Ajudando a planejar o crescimento de n\u00facleos urbanos, preservando os Recursos Naturais da Regi\u00e3o<\/p>\n","protected":false},"author":47,"featured_media":6,"parent":0,"menu_order":0,"comment_status":"closed","ping_status":"closed","template":"","meta":{"footnotes":""},"class_list":["post-22","page","type-page","status-publish","has-post-thumbnail","hentry"],"_links":{"self":[{"href":"https:\/\/www.ccae.ufpb.br\/ecologia\/wp-json\/wp\/v2\/pages\/22","targetHints":{"allow":["GET"]}}],"collection":[{"href":"https:\/\/www.ccae.ufpb.br\/ecologia\/wp-json\/wp\/v2\/pages"}],"about":[{"href":"https:\/\/www.ccae.ufpb.br\/ecologia\/wp-json\/wp\/v2\/types\/page"}],"author":[{"embeddable":true,"href":"https:\/\/www.ccae.ufpb.br\/ecologia\/wp-json\/wp\/v2\/users\/47"}],"replies":[{"embeddable":true,"href":"https:\/\/www.ccae.ufpb.br\/ecologia\/wp-json\/wp\/v2\/comments?post=22"}],"version-history":[{"count":10,"href":"https:\/\/www.ccae.ufpb.br\/ecologia\/wp-json\/wp\/v2\/pages\/22\/revisions"}],"predecessor-version":[{"id":96,"href":"https:\/\/www.ccae.ufpb.br\/ecologia\/wp-json\/wp\/v2\/pages\/22\/revisions\/96"}],"wp:featuredmedia":[{"embeddable":true,"href":"https:\/\/www.ccae.ufpb.br\/ecologia\/wp-json\/wp\/v2\/media\/6"}],"wp:attachment":[{"href":"https:\/\/www.ccae.ufpb.br\/ecologia\/wp-json\/wp\/v2\/media?parent=22"}],"curies":[{"name":"wp","href":"https:\/\/api.w.org\/{rel}","templated":true}]}}