{"id":34,"date":"2024-11-22T11:55:35","date_gmt":"2024-11-22T11:55:35","guid":{"rendered":"https:\/\/www.ccae.ufpb.br\/ecologia\/?page_id=34"},"modified":"2024-11-26T13:19:46","modified_gmt":"2024-11-26T13:19:46","slug":"docentes","status":"publish","type":"page","link":"https:\/\/www.ccae.ufpb.br\/ecologia\/docentes\/","title":{"rendered":"Docentes"},"content":{"rendered":"\n<p class=\" \">&nbsp;<\/p>\n\n\n\n<figure class=\"wp-block-table\"><table class=\"has-fixed-layout\"><tbody><tr><th class=\"has-text-align-left\" data-align=\"left\">Ana Pavla Almeida Diniz Gurgel&nbsp;<\/th><th class=\"has-text-align-left\" data-align=\"left\"><a href=\"http:\/\/buscatextual.cnpq.br\/buscatextual\/visualizacv.do?id=K4774124J6\">Curr\u00edculo<\/a><\/th><\/tr><tr><th class=\"has-text-align-left\" data-align=\"left\">Almir Ferraz Filho<\/th><th class=\"has-text-align-left\" data-align=\"left\"><a href=\"http:\/\/buscatextual.cnpq.br\/buscatextual\/visualizacv.do?id=K4703659A9\">Curr\u00edculo<\/a><\/th><\/tr><tr><td class=\"has-text-align-left\" data-align=\"left\"><strong>Anderson Alves dos Santos<\/strong><\/td><td class=\"has-text-align-left\" data-align=\"left\"><strong><a href=\"http:\/\/buscatextual.cnpq.br\/buscatextual\/visualizacv.do?id=K4716495H3\">Curr\u00edculo<\/a><\/strong><\/td><\/tr><tr><td class=\"has-text-align-left\" data-align=\"left\"><strong>Antonio Christian de Andrade Moura<\/strong><\/td><td class=\"has-text-align-left\" data-align=\"left\"><strong><a href=\"http:\/\/buscatextual.cnpq.br\/buscatextual\/visualizacv.do?id=K4723764E5\">Curr\u00edculo<\/a><\/strong><\/td><\/tr><tr><td class=\"has-text-align-left\" data-align=\"left\"><strong>Carla Soraia Soares de Castro<\/strong><\/td><td class=\"has-text-align-left\" data-align=\"left\"><strong><a href=\"http:\/\/buscatextual.cnpq.br\/buscatextual\/visualizacv.do?id=K4723631Y6\">Curr\u00edculo<\/a><\/strong><\/td><\/tr><tr><td class=\"has-text-align-left\" data-align=\"left\"><strong>Elaine Bernini<\/strong><\/td><td class=\"has-text-align-left\" data-align=\"left\"><strong><a href=\"http:\/\/buscatextual.cnpq.br\/buscatextual\/visualizacv.do?id=K4770289E7\">Curr\u00edculo<\/a><\/strong><\/td><\/tr><tr><td class=\"has-text-align-left\" data-align=\"left\"><strong>Elaine Folly Ramos<\/strong><\/td><td class=\"has-text-align-left\" data-align=\"left\"><strong><a href=\"http:\/\/buscatextual.cnpq.br\/buscatextual\/visualizacv.do?id=K4761184E2\">Curr\u00edculo<\/a><\/strong><\/td><\/tr><tr><td class=\"has-text-align-left\" data-align=\"left\"><strong>Evelise M\u00e1rcia Locatelli de Souza<\/strong><\/td><td class=\"has-text-align-left\" data-align=\"left\"><strong><a href=\"http:\/\/buscatextual.cnpq.br\/buscatextual\/visualizacv.do?id=K4790246P9\">Curr\u00edculo<\/a><\/strong><\/td><\/tr><tr><td class=\"has-text-align-left\" data-align=\"left\"><strong>\u00c9vio Eduardo Chaves de Melo<\/strong><\/td><td class=\"has-text-align-left\" data-align=\"left\"><strong><a href=\"http:\/\/buscatextual.cnpq.br\/buscatextual\/visualizacv.do?id=K4777246T1\">Curr\u00edculo<\/a><\/strong><\/td><\/tr><tr><td class=\"has-text-align-left\" data-align=\"left\"><strong>Frederico Gustavo Rodrigues Fran\u00e7a<\/strong><\/td><td class=\"has-text-align-left\" data-align=\"left\"><strong><a href=\"http:\/\/buscatextual.cnpq.br\/buscatextual\/visualizacv.do?id=K4761758D7\">Curr\u00edculo<\/a><\/strong><\/td><\/tr><tr><td class=\"has-text-align-left\" data-align=\"left\"><strong>Joel Silva dos Santos<\/strong><\/td><td class=\"has-text-align-left\" data-align=\"left\"><strong><a href=\"http:\/\/buscatextual.cnpq.br\/buscatextual\/visualizacv.do?id=K4250417Z6\">Curr\u00edculo<\/a><\/strong><\/td><\/tr><tr><td class=\"has-text-align-left\" data-align=\"left\"><strong>Leonardo Figueiredo de Meneses<\/strong><\/td><td class=\"has-text-align-left\" data-align=\"left\"><strong><a href=\"http:\/\/buscatextual.cnpq.br\/buscatextual\/visualizacv.do?id=K4772698P5\">Curr\u00edculo<\/a><\/strong><\/td><\/tr><tr><td class=\"has-text-align-left\" data-align=\"left\"><strong>Lincoln Eloi de Ara\u00fajo<\/strong><\/td><td class=\"has-text-align-left\" data-align=\"left\"><strong><a href=\"http:\/\/buscatextual.cnpq.br\/buscatextual\/visualizacv.do?id=K4773686T5\">Curr\u00edculo<\/a><\/strong><\/td><\/tr><tr><td class=\"has-text-align-left\" data-align=\"left\"><strong>Nadjacleia Vilar Almeida<\/strong><\/td><td class=\"has-text-align-left\" data-align=\"left\"><strong><a href=\"http:\/\/buscatextual.cnpq.br\/buscatextual\/visualizacv.do?id=K4775509Y6\">Curr\u00edculo<\/a><\/strong><\/td><\/tr><tr><td class=\"has-text-align-left\" data-align=\"left\"><strong>Rafael Lu\u00eds Galdini Raimundo<\/strong><\/td><td class=\"has-text-align-left\" data-align=\"left\"><strong><a href=\"http:\/\/buscatextual.cnpq.br\/buscatextual\/visualizacv.do?id=K4704853H3\">Curr\u00edculo<\/a><a href=\"http:\/\/buscatextual.cnpq.br\/buscatextual\/visualizacv.do?id=K4750656U9\"><\/a><\/strong><\/td><\/tr><tr><td class=\"has-text-align-left\" data-align=\"left\"><strong>Williame Farias Ribeiro<\/strong><\/td><td class=\"has-text-align-left\" data-align=\"left\"><strong><a href=\"http:\/\/buscatextual.cnpq.br\/buscatextual\/visualizacv.do?id=K4254613J8\">Curr\u00edculo<\/a><\/strong><\/td><\/tr><tr><td class=\"has-text-align-left\" data-align=\"left\"><strong>Zelma Glebya Maciel Quirino<\/strong><\/td><td class=\"has-text-align-left\" data-align=\"left\"><strong><a href=\"http:\/\/buscatextual.cnpq.br\/buscatextual\/visualizacv.do?id=K4799266D9\">Curr\u00edculo<\/a><\/strong><\/td><\/tr><\/tbody><\/table><\/figure>\n","protected":false},"excerpt":{"rendered":"<p>&nbsp; Ana Pavla Almeida Diniz Gurgel&nbsp; Curr\u00edculo Almir Ferraz Filho Curr\u00edculo Anderson Alves dos Santos Curr\u00edculo Antonio Christian de Andrade Moura Curr\u00edculo Carla Soraia Soares de Castro Curr\u00edculo Elaine Bernini Curr\u00edculo Elaine Folly Ramos Curr\u00edculo Evelise M\u00e1rcia Locatelli de Souza Curr\u00edculo \u00c9vio Eduardo Chaves de Melo Curr\u00edculo Frederico Gustavo Rodrigues Fran\u00e7a Curr\u00edculo Joel Silva dos [&hellip;]<\/p>\n","protected":false},"author":47,"featured_media":0,"parent":0,"menu_order":0,"comment_status":"closed","ping_status":"closed","template":"","meta":{"footnotes":""},"class_list":["post-34","page","type-page","status-publish","hentry"],"_links":{"self":[{"href":"https:\/\/www.ccae.ufpb.br\/ecologia\/wp-json\/wp\/v2\/pages\/34","targetHints":{"allow":["GET"]}}],"collection":[{"href":"https:\/\/www.ccae.ufpb.br\/ecologia\/wp-json\/wp\/v2\/pages"}],"about":[{"href":"https:\/\/www.ccae.ufpb.br\/ecologia\/wp-json\/wp\/v2\/types\/page"}],"author":[{"embeddable":true,"href":"https:\/\/www.ccae.ufpb.br\/ecologia\/wp-json\/wp\/v2\/users\/47"}],"replies":[{"embeddable":true,"href":"https:\/\/www.ccae.ufpb.br\/ecologia\/wp-json\/wp\/v2\/comments?post=34"}],"version-history":[{"count":2,"href":"https:\/\/www.ccae.ufpb.br\/ecologia\/wp-json\/wp\/v2\/pages\/34\/revisions"}],"predecessor-version":[{"id":36,"href":"https:\/\/www.ccae.ufpb.br\/ecologia\/wp-json\/wp\/v2\/pages\/34\/revisions\/36"}],"wp:attachment":[{"href":"https:\/\/www.ccae.ufpb.br\/ecologia\/wp-json\/wp\/v2\/media?parent=34"}],"curies":[{"name":"wp","href":"https:\/\/api.w.org\/{rel}","templated":true}]}}