{"id":39,"date":"2024-11-22T12:01:22","date_gmt":"2024-11-22T12:01:22","guid":{"rendered":"https:\/\/www.ccae.ufpb.br\/ecologia\/?page_id=39"},"modified":"2024-11-22T19:09:09","modified_gmt":"2024-11-22T19:09:09","slug":"legislacao","status":"publish","type":"page","link":"https:\/\/www.ccae.ufpb.br\/ecologia\/legislacao\/","title":{"rendered":"Legisla\u00e7\u00e3o"},"content":{"rendered":"\n<p><\/p>\n\n\n\n<p><a href=\"http:\/\/plone.ufpb.br\/ceco\/contents\/resolucoes\/resolucao-29_2020-prg.pdf\/view\">Resolu\u00e7\u00e3o 29_2020 &#8211; PRG.pdf<\/a><\/p>\n\n\n\n<p><a href=\"http:\/\/plone.ufpb.br\/ceco\/contents\/resolucoes\/resolucao-45-2021-consepe.pdf\/view\">Resolu\u00e7\u00e3o 45-2021- CONSEPE.pdf<\/a><\/p>\n\n\n\n<p><a href=\"http:\/\/plone.ufpb.br\/ceco\/contents\/resolucoes\/PPP_Maio_2006\/view\">Projeto Pol\u00edtico-Pedag\u00f3gico do Curso<\/a><\/p>\n\n\n\n<p><a href=\"http:\/\/plone.ufpb.br\/ceco\/contents\/resolucoes\/resolucao-15-2010-ppp-ecologia\/view\">Resolu\u00e7\u00e3o 15\/2010 PPP Ecologia<\/a><\/p>\n\n\n\n<p><a href=\"http:\/\/plone.ufpb.br\/ceco\/contents\/resolucoes\/portaria-componentes-flexiveis.pdf\/view\">Portaria n\u00ba. 01\/2010 &#8211; CCE (T\u00f3picos Especiais em Ecologia)<\/a><\/p>\n\n\n\n<p><a href=\"http:\/\/plone.ufpb.br\/ceco\/contents\/resolucoes\/resolucao-estagio.pdf\/view\">Resolu\u00e7\u00e3o n\u00ba 01\/13 &#8211; Est\u00e1gio<\/a><\/p>\n\n\n\n<p><a href=\"http:\/\/plone.ufpb.br\/ceco\/contents\/resolucoes\/manual-de-apoio-passagens-para-estudantes.pdf\/view\">Manual de Passagens Nacionais para Estudantes<\/a><\/p>\n\n\n\n<p><a href=\"http:\/\/plone.ufpb.br\/ceco\/contents\/resolucoes\/resol-02_2021-eleicao-coordenacao-ecologia.pdf\/view\">Resolu\u00e7\u00e3o _02_2021<\/a><\/p>\n\n\n\n<p><a href=\"http:\/\/plone.ufpb.br\/ceco\/contents\/resolucoes\/portaria-tcc-ecologia.pdf\/view\">Portaria TCC Ecologia.pdf<\/a><\/p>\n\n\n\n<p><\/p>\n","protected":false},"excerpt":{"rendered":"<p>Resolu\u00e7\u00e3o 29_2020 &#8211; PRG.pdf Resolu\u00e7\u00e3o 45-2021- CONSEPE.pdf Projeto Pol\u00edtico-Pedag\u00f3gico do Curso Resolu\u00e7\u00e3o 15\/2010 PPP Ecologia Portaria n\u00ba. 01\/2010 &#8211; CCE (T\u00f3picos Especiais em Ecologia) Resolu\u00e7\u00e3o n\u00ba 01\/13 &#8211; Est\u00e1gio Manual de Passagens Nacionais para Estudantes Resolu\u00e7\u00e3o _02_2021 Portaria TCC Ecologia.pdf<\/p>\n","protected":false},"author":47,"featured_media":0,"parent":0,"menu_order":0,"comment_status":"closed","ping_status":"closed","template":"","meta":{"footnotes":""},"class_list":["post-39","page","type-page","status-publish","hentry"],"_links":{"self":[{"href":"https:\/\/www.ccae.ufpb.br\/ecologia\/wp-json\/wp\/v2\/pages\/39","targetHints":{"allow":["GET"]}}],"collection":[{"href":"https:\/\/www.ccae.ufpb.br\/ecologia\/wp-json\/wp\/v2\/pages"}],"about":[{"href":"https:\/\/www.ccae.ufpb.br\/ecologia\/wp-json\/wp\/v2\/types\/page"}],"author":[{"embeddable":true,"href":"https:\/\/www.ccae.ufpb.br\/ecologia\/wp-json\/wp\/v2\/users\/47"}],"replies":[{"embeddable":true,"href":"https:\/\/www.ccae.ufpb.br\/ecologia\/wp-json\/wp\/v2\/comments?post=39"}],"version-history":[{"count":2,"href":"https:\/\/www.ccae.ufpb.br\/ecologia\/wp-json\/wp\/v2\/pages\/39\/revisions"}],"predecessor-version":[{"id":56,"href":"https:\/\/www.ccae.ufpb.br\/ecologia\/wp-json\/wp\/v2\/pages\/39\/revisions\/56"}],"wp:attachment":[{"href":"https:\/\/www.ccae.ufpb.br\/ecologia\/wp-json\/wp\/v2\/media?parent=39"}],"curies":[{"name":"wp","href":"https:\/\/api.w.org\/{rel}","templated":true}]}}