{"id":41,"date":"2024-11-22T12:01:50","date_gmt":"2024-11-22T12:01:50","guid":{"rendered":"https:\/\/www.ccae.ufpb.br\/ecologia\/?page_id=41"},"modified":"2024-11-22T19:13:21","modified_gmt":"2024-11-22T19:13:21","slug":"formularios","status":"publish","type":"page","link":"https:\/\/www.ccae.ufpb.br\/ecologia\/formularios\/","title":{"rendered":"Formul\u00e1rios"},"content":{"rendered":"\n<p><a href=\"http:\/\/plone.ufpb.br\/ceco\/contents\/formularios\/declaracao-de-parecer-favoravel-ao-estagio-supervisionado.pdf\/view\">Declara\u00e7\u00e3o de Parecer Favor\u00e1vel ao Est\u00e1gio Supervisionado<\/a><\/p>\n\n\n\n<p><a href=\"http:\/\/plone.ufpb.br\/ceco\/contents\/formularios\/declaracao-de-parecer-favoravel-ao-desenvolvimento-do-tcc.pdf\/view\">Declara\u00e7\u00e3o Favor\u00e1vel ao Desenvolvimento do TCC<\/a><\/p>\n\n\n\n<p><a href=\"http:\/\/plone.ufpb.br\/ceco\/contents\/formularios\/ficha-avaliacao-de-estagio-supervisionado-4.pdf\/view\">Ficha Avalia\u00e7\u00e3o de Est\u00e1gio Supervisionado<\/a><\/p>\n\n\n\n<p><a href=\"http:\/\/plone.ufpb.br\/ceco\/contents\/formularios\/requerimento-de-diploma-de-graducao-1a-via.pdf\/view\">Requerimento de Diploma de Gradua\u00e7\u00e3o<\/a><\/p>\n\n\n\n<p><a href=\"http:\/\/plone.ufpb.br\/ceco\/contents\/formularios\/requerimento-geral.pdf\/view\">Requerimento Geral<\/a><\/p>\n\n\n\n<p><a href=\"http:\/\/plone.ufpb.br\/ceco\/contents\/formularios\/requerimento-de-prorrogacao-de-prazo.pdf\/view\">Requerimento para Prorroga\u00e7\u00e3o do Curso<\/a><\/p>\n\n\n\n<p><a href=\"http:\/\/plone.ufpb.br\/ceco\/contents\/formularios\/requerimento-para-reposicao-de-atividade-academica-programada.pdf\/view\">Requerimento para Reposi\u00e7\u00e3o<\/a><\/p>\n\n\n\n<p><a href=\"http:\/\/plone.ufpb.br\/ceco\/contents\/formularios\/requerimento-de-1a-via-de-diploma.pdf\/view\">Requerimento de 1\u00aa via de Diploma<\/a><\/p>\n\n\n\n<p><a href=\"http:\/\/plone.ufpb.br\/ceco\/contents\/formularios\/requerimento-para-reposicao-de-atividade-academica-programada-1.pdf\/view\">Requerimento para reposi\u00e7\u00e3o de atividade acad\u00eamica programada<\/a><\/p>\n\n\n\n<p><a href=\"http:\/\/plone.ufpb.br\/ceco\/contents\/formularios\/termo-de-compromisso-para-prorrogacao-do-curso.pdf\/view\">Termo de Compromisso para Prorroga\u00e7\u00e3o do Curso<\/a><\/p>\n\n\n\n<p><a href=\"http:\/\/plone.ufpb.br\/ceco\/contents\/formularios\/ficha-cadastro-orientador-externo.pdf\/view\">Ficha Cadastro Orientador Externo<\/a><\/p>\n\n\n\n<p><a href=\"http:\/\/plone.ufpb.br\/ceco\/contents\/formularios\/termo-de-autorizacao-para-publicacao-eletronica-no-repositorio-institucional-da-ufpb.pdf\/view\">Termo de Autoriza\u00e7\u00e3o para Publica\u00e7\u00e3o Eletr\u00f4nica no Reposit\u00f3rio Institucional da UFPB<\/a><\/p>\n\n\n\n<p><a href=\"http:\/\/plone.ufpb.br\/ceco\/contents\/formularios\/termo-de-autorizacao-para-publicacao-eletronica-na-biblioteca-digital-do-ccae.pdf\/view\">Termo de Autoriza\u00e7\u00e3o para Publica\u00e7\u00e3o Eletr\u00f4nica na Biblioteca Digital do CCAE<\/a><\/p>\n\n\n\n<p><a href=\"http:\/\/plone.ufpb.br\/ceco\/contents\/formularios\/requerimento-para-solicitacao-de-aproveitamento-em-topicos-especiais.pdf\/view\">Requerimento para solicita\u00e7\u00e3o de aproveitamento em t\u00f3picos especiais<\/a><\/p>\n\n\n\n<p><a href=\"http:\/\/plone.ufpb.br\/ceco\/contents\/formularios\/requerimento-para-solicitacao-de-aproveitamento-em-topicos-especiais-1.pdf\/view\">Requerimento para solicita\u00e7\u00e3o de aproveitamento em t\u00f3picos especiais<\/a><\/p>\n\n\n\n<p><a href=\"https:\/\/www.ccae.ufpb.br\/ecologia\/requerimento-de-reposicao\/\" data-type=\"page\" data-id=\"60\">Requerimento de Reposi\u00e7\u00e3o<\/a><\/p>\n","protected":false},"excerpt":{"rendered":"<p>Declara\u00e7\u00e3o de Parecer Favor\u00e1vel ao Est\u00e1gio Supervisionado Declara\u00e7\u00e3o Favor\u00e1vel ao Desenvolvimento do TCC Ficha Avalia\u00e7\u00e3o de Est\u00e1gio Supervisionado Requerimento de Diploma de Gradua\u00e7\u00e3o Requerimento Geral Requerimento para Prorroga\u00e7\u00e3o do Curso Requerimento para Reposi\u00e7\u00e3o Requerimento de 1\u00aa via de Diploma Requerimento para reposi\u00e7\u00e3o de atividade acad\u00eamica programada Termo de Compromisso para Prorroga\u00e7\u00e3o do Curso Ficha Cadastro [&hellip;]<\/p>\n","protected":false},"author":47,"featured_media":0,"parent":0,"menu_order":0,"comment_status":"closed","ping_status":"closed","template":"","meta":{"footnotes":""},"class_list":["post-41","page","type-page","status-publish","hentry"],"_links":{"self":[{"href":"https:\/\/www.ccae.ufpb.br\/ecologia\/wp-json\/wp\/v2\/pages\/41","targetHints":{"allow":["GET"]}}],"collection":[{"href":"https:\/\/www.ccae.ufpb.br\/ecologia\/wp-json\/wp\/v2\/pages"}],"about":[{"href":"https:\/\/www.ccae.ufpb.br\/ecologia\/wp-json\/wp\/v2\/types\/page"}],"author":[{"embeddable":true,"href":"https:\/\/www.ccae.ufpb.br\/ecologia\/wp-json\/wp\/v2\/users\/47"}],"replies":[{"embeddable":true,"href":"https:\/\/www.ccae.ufpb.br\/ecologia\/wp-json\/wp\/v2\/comments?post=41"}],"version-history":[{"count":4,"href":"https:\/\/www.ccae.ufpb.br\/ecologia\/wp-json\/wp\/v2\/pages\/41\/revisions"}],"predecessor-version":[{"id":62,"href":"https:\/\/www.ccae.ufpb.br\/ecologia\/wp-json\/wp\/v2\/pages\/41\/revisions\/62"}],"wp:attachment":[{"href":"https:\/\/www.ccae.ufpb.br\/ecologia\/wp-json\/wp\/v2\/media?parent=41"}],"curies":[{"name":"wp","href":"https:\/\/api.w.org\/{rel}","templated":true}]}}