{"id":60,"date":"2024-11-22T19:13:02","date_gmt":"2024-11-22T19:13:02","guid":{"rendered":"https:\/\/www.ccae.ufpb.br\/ecologia\/?page_id=60"},"modified":"2024-11-22T19:13:02","modified_gmt":"2024-11-22T19:13:02","slug":"requerimento-de-reposicao","status":"publish","type":"page","link":"https:\/\/www.ccae.ufpb.br\/ecologia\/requerimento-de-reposicao\/","title":{"rendered":"Requerimento de Reposi\u00e7\u00e3o"},"content":{"rendered":"\n<p class=\" \"><strong>A Resolu\u00e7\u00e3o n\u00ba 16\/2015 regula, al\u00e9m de v\u00e1rios outros pontos, a solicita\u00e7\u00e3o para requerer a reposi\u00e7\u00e3o de atividade acad\u00eamica. Com o intuito de facilitar a informa\u00e7\u00e3o, segue trecho explicativo:<\/strong><\/p>\n\n\n\n<p class=\" \"><em>Art. 92 \u00a7 7\u00ba. O estudante, candidato \u00e0 reposi\u00e7\u00e3o dever\u00e1 requer\u00ea-la \u00e0 Coordena\u00e7\u00e3o do Curso, por si ou por procurador legalmente constitu\u00eddo, que apresente procura\u00e7\u00e3o espec\u00edfica para este fim, com firma reconhecida, no<strong>&nbsp;prazo de 5 (cinco) dias \u00fateis ap\u00f3s a data do exame a que n\u00e3o compareceu<\/strong>.<\/em>&nbsp;<\/p>\n\n\n\n<ul class=\"wp-block-list\">\n<li><em>Preencha o formul\u00e1rio e entregue na coordena\u00e7\u00e3o do curso, junto com a comprova\u00e7\u00e3o da justificativa da falta. Voc\u00ea deve fazer\u00a0uma solicita\u00e7\u00e3o diferente para cada avalia\u00e7\u00e3o que perdeu. (Anexe a c\u00f3pia do comprovante da justificativa).<\/em><\/li>\n\n\n\n<li><em>Verifique se sua justificativa est\u00e1 inserida no par\u00e1grafo 6\u00ba do artigo 92 da resolu\u00e7\u00e3o (segue abaixo). Caso afirmativo voc\u00ea receber\u00e1 uma &#8220;Autoriza\u00e7\u00e3o para Reposi\u00e7\u00e3o&#8221;, que poder\u00e1 ser apresentado diretamente ao professor da disciplina.\u00a0<\/em><\/li>\n<\/ul>\n\n\n\n<p>&nbsp;<em>Justificativas:<\/em><\/p>\n\n\n\n<p class=\" \"><em>I &#8211; Problema de sa\u00fade (atestado m\u00e9dico) ou impedimento de locomo\u00e7\u00e3o f\u00edsica que justifique a aus\u00eancia;<\/em><\/p>\n\n\n\n<p class=\" \"><em>II &#8211; Doen\u00e7a de car\u00e1ter infectocontagiosa, impeditiva do comparecimento, comprovada por atestado m\u00e9dico constando o C\u00f3digo Internacional de Doen\u00e7as (CID);<\/em><\/p>\n\n\n\n<p class=\" \"><em>III &#8211; Ter sido v\u00edtima de a\u00e7\u00e3o involunt\u00e1ria provocada por terceiros;<\/em><\/p>\n\n\n\n<p class=\" \"><em>IV &#8211; Manobras ou exerc\u00edcios militares comprovados por documento da respectiva unidade militar;<\/em><\/p>\n\n\n\n<p class=\" \"><em>V &#8211; Luto, comprovado pelo respectivo atestado de \u00f3bito, de pais, av\u00f3s, filhos, netos, irm\u00e3os, tios, c\u00f4njuge ou companheiro(a);<\/em><\/p>\n\n\n\n<p class=\" \"><em>VI &#8211; Convoca\u00e7\u00e3o, coincidente em hor\u00e1rio, para depoimento judicial ou policial ou para elei\u00e7\u00f5es em entidades oficiais, devidamente comprovada por declara\u00e7\u00e3o da autoridade competente;<\/em><\/p>\n\n\n\n<p class=\" \"><em>VII &#8211; Impedimentos gerados por atividades previstas e autorizadas pela Coordena\u00e7\u00e3o do respectivo curso ou inst\u00e2ncia hier\u00e1rquica superior;<\/em><\/p>\n\n\n\n<p class=\" \"><em>VIII- Direitos outorgados por lei;<\/em><\/p>\n\n\n\n<p class=\" \"><em>IX &#8211; Coincid\u00eancia de hor\u00e1rio com outra prova ou atividade did\u00e1tica desde que haja comprova\u00e7\u00e3o respectiva;<\/em><\/p>\n\n\n\n<p class=\" \"><em>&nbsp;3.&nbsp;Casos omissos ser\u00e3o encaminhados ao professor respons\u00e1vel pela disciplina, que indicar\u00e1 se a justificativa \u00e9 v\u00e1lida ou n\u00e3o.<\/em><\/p>\n\n\n\n<p class=\" \">&nbsp;<\/p>\n\n\n\n<p class=\" \">O formul\u00e1rio para o Requerimento de Reposi\u00e7\u00e3o encontra-se&nbsp;<a href=\"http:\/\/plone.ufpb.br\/ceco\/contents\/menu\/resolveuid\/b4da6122ea2f472ca887801567ce70c6\">aqui.<\/a><\/p>\n","protected":false},"excerpt":{"rendered":"<p>A Resolu\u00e7\u00e3o n\u00ba 16\/2015 regula, al\u00e9m de v\u00e1rios outros pontos, a solicita\u00e7\u00e3o para requerer a reposi\u00e7\u00e3o de atividade acad\u00eamica. Com o intuito de facilitar a informa\u00e7\u00e3o, segue trecho explicativo: Art. 92 \u00a7 7\u00ba. O estudante, candidato \u00e0 reposi\u00e7\u00e3o dever\u00e1 requer\u00ea-la \u00e0 Coordena\u00e7\u00e3o do Curso, por si ou por procurador legalmente constitu\u00eddo, que apresente procura\u00e7\u00e3o espec\u00edfica [&hellip;]<\/p>\n","protected":false},"author":47,"featured_media":0,"parent":0,"menu_order":0,"comment_status":"closed","ping_status":"closed","template":"","meta":{"footnotes":""},"class_list":["post-60","page","type-page","status-publish","hentry"],"_links":{"self":[{"href":"https:\/\/www.ccae.ufpb.br\/ecologia\/wp-json\/wp\/v2\/pages\/60","targetHints":{"allow":["GET"]}}],"collection":[{"href":"https:\/\/www.ccae.ufpb.br\/ecologia\/wp-json\/wp\/v2\/pages"}],"about":[{"href":"https:\/\/www.ccae.ufpb.br\/ecologia\/wp-json\/wp\/v2\/types\/page"}],"author":[{"embeddable":true,"href":"https:\/\/www.ccae.ufpb.br\/ecologia\/wp-json\/wp\/v2\/users\/47"}],"replies":[{"embeddable":true,"href":"https:\/\/www.ccae.ufpb.br\/ecologia\/wp-json\/wp\/v2\/comments?post=60"}],"version-history":[{"count":1,"href":"https:\/\/www.ccae.ufpb.br\/ecologia\/wp-json\/wp\/v2\/pages\/60\/revisions"}],"predecessor-version":[{"id":61,"href":"https:\/\/www.ccae.ufpb.br\/ecologia\/wp-json\/wp\/v2\/pages\/60\/revisions\/61"}],"wp:attachment":[{"href":"https:\/\/www.ccae.ufpb.br\/ecologia\/wp-json\/wp\/v2\/media?parent=60"}],"curies":[{"name":"wp","href":"https:\/\/api.w.org\/{rel}","templated":true}]}}