{"id":110,"date":"2024-05-02T20:37:54","date_gmt":"2024-05-02T20:37:54","guid":{"rendered":"https:\/\/www.ccae.ufpb.br\/labsec2\/?page_id=110"},"modified":"2024-05-14T21:20:53","modified_gmt":"2024-05-15T00:20:53","slug":"regimento","status":"publish","type":"page","link":"https:\/\/www.ccae.ufpb.br\/labsec\/regimento\/","title":{"rendered":"Regimento"},"content":{"rendered":"\n<h2 class=\"wp-block-heading\"><div class=\"linha-header\"><strong>OBJETIVO GERAL<\/strong><\/div><\/h2>\n\n\n\n<p><strong>Consolidar e viabilizar a realiza\u00e7\u00e3o de atividades relacionadas \u00e0 pesquisa, extens\u00e3o<\/strong>&nbsp;e pr\u00e1tica projetual desenvolvidas por docentes do curso de Secretariado Executivo junto aos discentes, bem como&nbsp;<strong>colocar em pr\u00e1tica as teorias adquiridas em sala de aula<\/strong>, possibilitando aos alunos do curso de Secretariado&nbsp;Executivo Bil\u00edngue o desenvolvimento das compet\u00eancias exigidas no mercado, atrav\u00e9s de atividades acad\u00eamicas did\u00e1tico\/pr\u00e1ticas, orienta\u00e7\u00f5es de est\u00e1gio e elabora\u00e7\u00e3o de consultorias secretariais.<\/p>\n\n\n\n<h2 class=\"wp-block-heading\"><div class=\"linha-header\"><strong>OBJETIVOS ESPEC\u00cdFICOS<\/strong><\/div><\/h2>\n\n\n\n<p>a) oferecer suporte para o Centro de Ci\u00eancias Aplicadas e Educa\u00e7\u00e3o em servi\u00e7os especializados na \u00e1rea de secretariado;<br>b) atender \u00e0s necessidades dos alunos em desenvolver suas habilidades (fazer) profissionais, fazendo-os conhecer o uso das novas tecnologias utilizadas nas organiza\u00e7\u00f5es, assim como a rotina das atividades secretariais;<br>c) permitir \u00e0 realiza\u00e7\u00e3o de pr\u00e1ticas secretariais em situa\u00e7\u00f5es reais, proporcionando ao aluno o exerc\u00edcio das compet\u00eancias t\u00e9cnicas essenciais;<br>d) intensificar o relacionamento da Universidade com institui\u00e7\u00f5es p\u00fablicas e privadas, contribuindo com a sociedade atrav\u00e9s da oferta de presta\u00e7\u00e3o de servi\u00e7os de assessoria e consultoria secretarial, especialmente aos empres\u00e1rios de micro, pequeno e m\u00e9dio porte, com trabalhos de qualidade a pre\u00e7os acess\u00edveis;<br>e) desenvolver o esp\u00edrito cr\u00edtico, anal\u00edtico e empreendedor de cada aluno, com a realiza\u00e7\u00e3o de eventos e projetos.<br>f) propor e desenvolver diversas formas de busca e atualiza\u00e7\u00e3o do conhecimento por meio de: grupos de estudo; eventos, cursos, oficinas; capacita\u00e7\u00f5es, semin\u00e1rios, encontros, entre outros.<br>g) estimular o corpo docente e discente a implantar e consolidar as linhas de pesquisa e extens\u00e3o do curso de Secretariado Executivo;<br>h) catalogar e divulgar os projetos de ensino, pesquisa e extens\u00e3o desenvolvidos por professores do curso, bem como as suas produ\u00e7\u00f5es cient\u00edficas\/tecnol\u00f3gicas, como forma de incentivo \u00e0 participa\u00e7\u00e3o de mais docentes e discentes do curso;<br>i) divulgar e incentivar a participa\u00e7\u00e3o dos docentes e alunos do curso em encontros, debates e\/ou reuni\u00f5es sobre pesquisa\/extens\u00e3o e pr\u00e1tica profissional promovidas pela UFPB, outras IES, \u00f3rg\u00e3os ou associa\u00e7\u00f5es;<br>j) compor, por meio de contatos com editoras, peri\u00f3dicos cient\u00edficos, dentre outros, uma biblioteca para consulta dos pesquisadores do curso, promovendo assim a leitura e reflex\u00e3o cr\u00edtica de publica\u00e7\u00f5es cient\u00edficas e comerciais;<br>k) Oferecer apoio did\u00e1tico-pedag\u00f3gico aos projetos de ensino, pesquisa e extens\u00e3o vinculados ao curso, por meio da atua\u00e7\u00e3o do t\u00e9cnico-laboratorista junto a esses projetos.<\/p>\n\n\n\n<div class=\"wp-block-file\"><a id=\"wp-block-file--media-4480b485-4733-4e44-88a3-0ba557e3dc28\" href=\"http:\/\/www.ccae.ufpb.br\/labsec2\/wp-content\/uploads\/sites\/170\/sites\/172\/2024\/05\/Regimento-LABSEC.pdf\">Regimento LABSEC<\/a><a href=\"http:\/\/www.ccae.ufpb.br\/labsec2\/wp-content\/uploads\/sites\/170\/sites\/172\/2024\/05\/Regimento-LABSEC.pdf\" class=\"wp-block-file__button wp-element-button\" download aria-describedby=\"wp-block-file--media-4480b485-4733-4e44-88a3-0ba557e3dc28\">Baixar<\/a><\/div>\n","protected":false},"excerpt":{"rendered":"<p>OBJETIVO GERAL Consolidar e viabilizar a realiza\u00e7\u00e3o de atividades relacionadas \u00e0 pesquisa, extens\u00e3o&nbsp;e pr\u00e1tica projetual [&hellip;]<\/p>\n","protected":false},"author":47,"featured_media":0,"parent":0,"menu_order":0,"comment_status":"closed","ping_status":"closed","template":"","meta":{"footnotes":""},"class_list":["post-110","page","type-page","status-publish","hentry"],"_links":{"self":[{"href":"https:\/\/www.ccae.ufpb.br\/labsec\/wp-json\/wp\/v2\/pages\/110","targetHints":{"allow":["GET"]}}],"collection":[{"href":"https:\/\/www.ccae.ufpb.br\/labsec\/wp-json\/wp\/v2\/pages"}],"about":[{"href":"https:\/\/www.ccae.ufpb.br\/labsec\/wp-json\/wp\/v2\/types\/page"}],"author":[{"embeddable":true,"href":"https:\/\/www.ccae.ufpb.br\/labsec\/wp-json\/wp\/v2\/users\/47"}],"replies":[{"embeddable":true,"href":"https:\/\/www.ccae.ufpb.br\/labsec\/wp-json\/wp\/v2\/comments?post=110"}],"version-history":[{"count":4,"href":"https:\/\/www.ccae.ufpb.br\/labsec\/wp-json\/wp\/v2\/pages\/110\/revisions"}],"predecessor-version":[{"id":119,"href":"https:\/\/www.ccae.ufpb.br\/labsec\/wp-json\/wp\/v2\/pages\/110\/revisions\/119"}],"wp:attachment":[{"href":"https:\/\/www.ccae.ufpb.br\/labsec\/wp-json\/wp\/v2\/media?parent=110"}],"curies":[{"name":"wp","href":"https:\/\/api.w.org\/{rel}","templated":true}]}}