{"id":13,"date":"2024-04-15T12:45:36","date_gmt":"2024-04-15T12:45:36","guid":{"rendered":"https:\/\/www.ccae.ufpb.br\/labsec2\/?page_id=13"},"modified":"2025-07-31T15:52:18","modified_gmt":"2025-07-31T18:52:18","slug":"organograma","status":"publish","type":"page","link":"https:\/\/www.ccae.ufpb.br\/labsec\/organograma\/","title":{"rendered":"Organograma"},"content":{"rendered":"\n<h2 class=\"wp-block-heading\"><div class=\"linha-header\"><strong><strong>Organograma<\/strong><\/strong><\/div><\/h2>\n\n\n\n<figure class=\"wp-block-image size-full\"><img loading=\"lazy\" decoding=\"async\" width=\"768\" height=\"432\" src=\"https:\/\/www.ccae.ufpb.br\/labsec2\/wp-content\/uploads\/sites\/170\/sites\/172\/2024\/04\/95ab3777-6a6e-4bae-a92b-84f0213639d4.jpeg\" alt=\"\" class=\"wp-image-49\" srcset=\"https:\/\/www.ccae.ufpb.br\/labsec\/wp-content\/uploads\/sites\/170\/sites\/172\/2024\/04\/95ab3777-6a6e-4bae-a92b-84f0213639d4.jpeg 768w, https:\/\/www.ccae.ufpb.br\/labsec\/wp-content\/uploads\/sites\/170\/sites\/172\/2024\/04\/95ab3777-6a6e-4bae-a92b-84f0213639d4-300x169.jpeg 300w\" sizes=\"auto, (max-width: 768px) 100vw, 768px\" \/><\/figure>\n\n\n\n<h2 class=\"wp-block-heading\"><div class=\"linha-header\"><strong><strong>Coordena\u00e7\u00e3o<\/strong><\/strong><\/div><\/h2>\n\n\n\n<p><strong>Coordena\u00e7\u00e3o Geral:&nbsp;<\/strong>Cibelle da Silva Santiago &#8211; santiago.cibelle@gmail.com<\/p>\n\n\n\n<p><strong>Vice-Coordena\u00e7\u00e3o:<\/strong>&nbsp;Maika Bueque Zampier &#8211; zampier@ccae.ufpb.br<\/p>\n\n\n\n<p><strong>Assistente Administrativo:\u00a0<\/strong>Igor Juarez de Pontes\u00a0&#8211; labsec@ccae.ufpb.br\u00a0<\/p>\n\n\n\n<h2 class=\"wp-block-heading\"><div class=\"linha-header\"><strong><strong>Hor\u00e1rio de Funcionamento<\/strong><\/strong><\/div><\/h2>\n\n\n\n<p>Segunda a Quinta: 13h \u00e0s 22h<\/p>\n\n\n\n<p>Sextas: Fechado para expediente interno.<\/p>\n\n\n\n<p><em><strong>Com a presen\u00e7a da T\u00e9cnica-Administrativa<\/strong><\/em><\/p>\n\n\n\n<p>Segunda a Quinta: 13h \u00e0s 17h e 18h \u00e0s 22h<\/p>\n\n\n\n<h2 class=\"wp-block-heading\"><div class=\"linha-header\"><\/div><\/h2>\n","protected":false},"excerpt":{"rendered":"<p>Organograma Coordena\u00e7\u00e3o Coordena\u00e7\u00e3o Geral:&nbsp;Cibelle da Silva Santiago &#8211; santiago.cibelle@gmail.com Vice-Coordena\u00e7\u00e3o:&nbsp;Maika Bueque Zampier &#8211; zampier@ccae.ufpb.br Assistente [&hellip;]<\/p>\n","protected":false},"author":47,"featured_media":0,"parent":0,"menu_order":0,"comment_status":"closed","ping_status":"closed","template":"","meta":{"footnotes":""},"class_list":["post-13","page","type-page","status-publish","hentry"],"_links":{"self":[{"href":"https:\/\/www.ccae.ufpb.br\/labsec\/wp-json\/wp\/v2\/pages\/13","targetHints":{"allow":["GET"]}}],"collection":[{"href":"https:\/\/www.ccae.ufpb.br\/labsec\/wp-json\/wp\/v2\/pages"}],"about":[{"href":"https:\/\/www.ccae.ufpb.br\/labsec\/wp-json\/wp\/v2\/types\/page"}],"author":[{"embeddable":true,"href":"https:\/\/www.ccae.ufpb.br\/labsec\/wp-json\/wp\/v2\/users\/47"}],"replies":[{"embeddable":true,"href":"https:\/\/www.ccae.ufpb.br\/labsec\/wp-json\/wp\/v2\/comments?post=13"}],"version-history":[{"count":7,"href":"https:\/\/www.ccae.ufpb.br\/labsec\/wp-json\/wp\/v2\/pages\/13\/revisions"}],"predecessor-version":[{"id":785,"href":"https:\/\/www.ccae.ufpb.br\/labsec\/wp-json\/wp\/v2\/pages\/13\/revisions\/785"}],"wp:attachment":[{"href":"https:\/\/www.ccae.ufpb.br\/labsec\/wp-json\/wp\/v2\/media?parent=13"}],"curies":[{"name":"wp","href":"https:\/\/api.w.org\/{rel}","templated":true}]}}