{"id":159,"date":"2024-05-06T23:32:47","date_gmt":"2024-05-06T23:32:47","guid":{"rendered":"https:\/\/www.ccae.ufpb.br\/labsec2\/?page_id=159"},"modified":"2024-10-18T13:19:38","modified_gmt":"2024-10-18T16:19:38","slug":"projetos","status":"publish","type":"page","link":"https:\/\/www.ccae.ufpb.br\/labsec\/projetos\/","title":{"rendered":"Projetos"},"content":{"rendered":"\n<p class=\"has-black-color has-text-color has-link-color wp-elements-04e56e54446573f1caa4b874accfab31\">O Laborat\u00f3rio de Secretariado da Universidade desempenha um papel fundamental no desenvolvimento de projetos de pesquisa, como os vinculados ao PIBIC, e atividades de extens\u00e3o, que fortalecem a miss\u00e3o social da institui\u00e7\u00e3o. Atrav\u00e9s desses projetos, a Universidade cumpre seu papel de integrar o ensino, a pesquisa e a extens\u00e3o, contribuindo diretamente para o avan\u00e7o do conhecimento cient\u00edfico e para o impacto social nas comunidades.<\/p>\n\n\n\n<p>Os projetos de pesquisa PIBIC, conduzidos no laborat\u00f3rio, oferecem aos estudantes a oportunidade de protagonizar descobertas e inova\u00e7\u00f5es em suas \u00e1reas de estudo. Essas iniciativas incentivam a investiga\u00e7\u00e3o cient\u00edfica, permitindo que os alunos desenvolvam habilidades de pesquisa, pensamento cr\u00edtico e resolu\u00e7\u00e3o de problemas complexos. Al\u00e9m disso, tais projetos contribuem para a forma\u00e7\u00e3o de futuros profissionais qualificados, capazes de enfrentar desafios em seus campos com uma vis\u00e3o inovadora.<\/p>\n\n\n\n<p>As atividades de extens\u00e3o, por sua vez, ampliam o alcance da Universidade para al\u00e9m de seus muros, promovendo a intera\u00e7\u00e3o entre a academia e a sociedade. Os projetos de extens\u00e3o realizados no Laborat\u00f3rio de Secretariado envolvem a comunidade em quest\u00f5es pr\u00e1ticas, criando solu\u00e7\u00f5es e melhorias para desafios locais. Dessa forma, os estudantes assumem um papel de destaque ao aplicar o conhecimento adquirido em sala de aula para contribuir com o desenvolvimento da sociedade, o que refor\u00e7a a import\u00e2ncia do protagonismo estudantil na forma\u00e7\u00e3o cidad\u00e3 e profissional.<\/p>\n\n\n\n<p>A integra\u00e7\u00e3o entre pesquisa e extens\u00e3o no Laborat\u00f3rio de Secretariado n\u00e3o apenas enriquece o processo de aprendizagem dos estudantes, mas tamb\u00e9m fortalece a relev\u00e2ncia social da Universidade, ao promover a troca de saberes e a cria\u00e7\u00e3o de solu\u00e7\u00f5es para demandas reais.<\/p>\n\n\n\n<p class=\"has-black-color has-text-color has-link-color wp-elements-f790baf93314132774ab8e2267d54645\">Quer participar de algum dos projetos? Entre em contato com as coordena\u00e7\u00f5es deles.&nbsp;<\/p>\n\n\n\n<p><\/p>\n","protected":false},"excerpt":{"rendered":"<p>O Laborat\u00f3rio de Secretariado da Universidade desempenha um papel fundamental no desenvolvimento de projetos de [&hellip;]<\/p>\n","protected":false},"author":47,"featured_media":0,"parent":0,"menu_order":0,"comment_status":"closed","ping_status":"closed","template":"","meta":{"footnotes":""},"class_list":["post-159","page","type-page","status-publish","hentry"],"_links":{"self":[{"href":"https:\/\/www.ccae.ufpb.br\/labsec\/wp-json\/wp\/v2\/pages\/159","targetHints":{"allow":["GET"]}}],"collection":[{"href":"https:\/\/www.ccae.ufpb.br\/labsec\/wp-json\/wp\/v2\/pages"}],"about":[{"href":"https:\/\/www.ccae.ufpb.br\/labsec\/wp-json\/wp\/v2\/types\/page"}],"author":[{"embeddable":true,"href":"https:\/\/www.ccae.ufpb.br\/labsec\/wp-json\/wp\/v2\/users\/47"}],"replies":[{"embeddable":true,"href":"https:\/\/www.ccae.ufpb.br\/labsec\/wp-json\/wp\/v2\/comments?post=159"}],"version-history":[{"count":7,"href":"https:\/\/www.ccae.ufpb.br\/labsec\/wp-json\/wp\/v2\/pages\/159\/revisions"}],"predecessor-version":[{"id":481,"href":"https:\/\/www.ccae.ufpb.br\/labsec\/wp-json\/wp\/v2\/pages\/159\/revisions\/481"}],"wp:attachment":[{"href":"https:\/\/www.ccae.ufpb.br\/labsec\/wp-json\/wp\/v2\/media?parent=159"}],"curies":[{"name":"wp","href":"https:\/\/api.w.org\/{rel}","templated":true}]}}