{"id":16,"date":"2024-04-15T12:45:36","date_gmt":"2024-04-15T12:45:36","guid":{"rendered":"https:\/\/www.ccae.ufpb.br\/labsec2\/?page_id=16"},"modified":"2024-05-14T21:20:53","modified_gmt":"2024-05-15T00:20:53","slug":"identidade-visual","status":"publish","type":"page","link":"https:\/\/www.ccae.ufpb.br\/labsec\/identidade-visual\/","title":{"rendered":"Identidade Visual"},"content":{"rendered":"\n<p>.<\/p>\n\n\n\n<div class=\"wp-block-columns is-layout-flex wp-container-core-columns-is-layout-9d6595d7 wp-block-columns-is-layout-flex\">\n<div class=\"wp-block-column is-layout-flow wp-block-column-is-layout-flow\">\n<div class=\"wp-block-columns is-layout-flex wp-container-core-columns-is-layout-9d6595d7 wp-block-columns-is-layout-flex\">\n<div class=\"wp-block-column is-layout-flow wp-block-column-is-layout-flow\" style=\"flex-basis:33.33%\">\n<figure class=\"wp-block-image size-full is-resized\"><img loading=\"lazy\" decoding=\"async\" width=\"675\" height=\"1015\" src=\"http:\/\/www.ccae.ufpb.br\/labsec2\/wp-content\/uploads\/sites\/170\/sites\/172\/2024\/04\/Icon2.png\" alt=\"\" class=\"wp-image-65\" style=\"width:278px;height:auto\" srcset=\"https:\/\/www.ccae.ufpb.br\/labsec\/wp-content\/uploads\/sites\/170\/sites\/172\/2024\/04\/Icon2.png 675w, https:\/\/www.ccae.ufpb.br\/labsec\/wp-content\/uploads\/sites\/170\/sites\/172\/2024\/04\/Icon2-200x300.png 200w\" sizes=\"auto, (max-width: 675px) 100vw, 675px\" \/><\/figure>\n<\/div>\n\n\n\n<div class=\"wp-block-column is-layout-flow wp-block-column-is-layout-flow\" style=\"flex-basis:66.66%\">\n<p><strong><strong>A Logo<\/strong><\/strong><\/p>\n\n\n\n<p>O Design da&nbsp;logo gira em torno da comunica\u00e7\u00e3o entre profissionais da \u00e1rea de secretariado executivo bil\u00edngue, tendo um car\u00e1ter profissional, por\u00e9m, ao mesmo tempo din\u00e2mico no que diz respeito \u00e0s rela\u00e7\u00f5es e intera\u00e7\u00f5es sociais que ocorrem dentro do laborat\u00f3rio.<\/p>\n\n\n\n<h4 class=\"wp-block-heading\"><strong>Paleta de Cor<\/strong><\/h4>\n\n\n\n<p>No que diz respeito a cores, a logo e suas aplica\u00e7\u00f5es se apoiam em uma paleta de cores contando com o azul, amarelo e branco para real\u00e7ar a inten\u00e7\u00e3o do logo com a comunica\u00e7\u00e3o e dinamismo no ambiente de trabalho. Esta paleta conta com uma de apoio, trazendo o laranja e um tom mais claro de azul para aplica\u00e7\u00f5es secund\u00e1rias.<\/p>\n<\/div>\n<\/div>\n<\/div>\n<\/div>\n\n\n\n<p><\/p>\n\n\n\n<h4 class=\"wp-block-heading\"><strong>Vers\u00f5es da Logo<\/strong><\/h4>\n\n\n\n<p>A logo oficial se apresenta com a tipografia em branco, s\u00edmbolo amarelo e branco e o fundo azul. Com o seu design e sua paleta de cores definidas, a logo se apresenta de tr\u00eas formas diferentes, focando na invers\u00e3o da paleta de cores. Ao mesmo, tempo h\u00e1 uma vers\u00e3o com o nome do laborat\u00f3rio escrito por extenso para usos mais espec\u00edficos.<\/p>\n\n\n\n<p><a href=\"http:\/\/www.ccae.ufpb.br\/labsec\/wp-content\/uploads\/sites\/170\/sites\/172\/2024\/04\/LABSECfundobranco.png\">Logomarca Quadrada<\/a><\/p>\n\n\n\n<p><a href=\"http:\/\/www.ccae.ufpb.br\/labsec\/wp-content\/uploads\/sites\/170\/sites\/172\/2024\/04\/LABSECextensofundobranco.png\" target=\"_blank\" rel=\"noreferrer noopener\">Logomarca Retangular\u00a0<\/a><\/p>\n\n\n\n<p><a href=\"http:\/\/www.ccae.ufpb.br\/labsec\/wp-content\/uploads\/sites\/170\/sites\/172\/2024\/04\/Logopreta.png\" target=\"_blank\" rel=\"noreferrer noopener\">Logomarca Preto e Branco<\/a><\/p>\n\n\n\n<p><a href=\"http:\/\/www.ccae.ufpb.br\/labsec\/wp-content\/uploads\/sites\/170\/sites\/172\/2024\/04\/Icon2.png\" target=\"_blank\" rel=\"noreferrer noopener\">\u00a0\u00cdcone azul e amarelo<\/a><\/p>\n\n\n\n<p>&nbsp;<a href=\"http:\/\/plone.ufpb.br\/labsec\/contents\/imagens\/Icon2.png\" target=\"_blank\" rel=\"noreferrer noopener\"><\/a><strong>COORDENA\u00c7\u00c3O DO PROJETO<\/strong><\/p>\n\n\n\n<p>Curso de Design: Est\u00e1gio Supervisionado 1<br>Orientador(a): Washington Ferreira Silva<br>Laborat\u00f3rio: Laborat\u00f3rio de Projetos (LabProj)<\/p>\n\n\n\n<p><strong>CRIA\u00c7\u00c3O DA MARCA<\/strong><\/p>\n\n\n\n<p>Bruno de Sousa Santos (Discente Design)<br>Francisco de Assis Fernandes Junior (Discente Design)<br>Luis Romero Carvalho Alves (Discente Design)<\/p>\n\n\n\n<p><strong>APOIO<\/strong><\/p>\n\n\n\n<p>Colaborador(a): Profa. Cibelle Santiago<\/p>\n\n\n\n<p>&nbsp;<strong>O CURSO DE SECRETARIADO DA UFPB SOB AS LENTES DO LABCLICK &#8211; Laborat\u00f3rio de Design (2019)<\/strong><\/p>\n\n\n\n<figure class=\"wp-block-image size-full\"><img loading=\"lazy\" decoding=\"async\" width=\"748\" height=\"496\" src=\"http:\/\/www.ccae.ufpb.br\/labsec2\/wp-content\/uploads\/sites\/170\/sites\/172\/2024\/04\/ada4eee5-0548-4eeb-bcc3-8811fb5493fe.jpeg\" alt=\"\" class=\"wp-image-62\" srcset=\"https:\/\/www.ccae.ufpb.br\/labsec\/wp-content\/uploads\/sites\/170\/sites\/172\/2024\/04\/ada4eee5-0548-4eeb-bcc3-8811fb5493fe.jpeg 748w, https:\/\/www.ccae.ufpb.br\/labsec\/wp-content\/uploads\/sites\/170\/sites\/172\/2024\/04\/ada4eee5-0548-4eeb-bcc3-8811fb5493fe-300x199.jpeg 300w\" sizes=\"auto, (max-width: 748px) 100vw, 748px\" \/><\/figure>\n\n\n\n<figure class=\"wp-block-image size-full\"><img loading=\"lazy\" decoding=\"async\" width=\"748\" height=\"496\" src=\"http:\/\/www.ccae.ufpb.br\/labsec2\/wp-content\/uploads\/sites\/170\/sites\/172\/2024\/04\/86528c5b-69fa-446a-8a20-047011736c48.jpeg\" alt=\"\" class=\"wp-image-64\" srcset=\"https:\/\/www.ccae.ufpb.br\/labsec\/wp-content\/uploads\/sites\/170\/sites\/172\/2024\/04\/86528c5b-69fa-446a-8a20-047011736c48.jpeg 748w, https:\/\/www.ccae.ufpb.br\/labsec\/wp-content\/uploads\/sites\/170\/sites\/172\/2024\/04\/86528c5b-69fa-446a-8a20-047011736c48-300x199.jpeg 300w\" sizes=\"auto, (max-width: 748px) 100vw, 748px\" \/><\/figure>\n\n\n\n<div class=\"wp-block-columns is-layout-flex wp-container-core-columns-is-layout-9d6595d7 wp-block-columns-is-layout-flex\">\n<div class=\"wp-block-column is-layout-flow wp-block-column-is-layout-flow\" style=\"flex-basis:100%\">\n<figure class=\"wp-block-image size-full\"><img loading=\"lazy\" decoding=\"async\" width=\"748\" height=\"496\" src=\"http:\/\/www.ccae.ufpb.br\/labsec2\/wp-content\/uploads\/sites\/170\/sites\/172\/2024\/04\/10a73a87-4b9f-42dc-b242-5b2980c97534.jpeg\" alt=\"\" class=\"wp-image-63\" srcset=\"https:\/\/www.ccae.ufpb.br\/labsec\/wp-content\/uploads\/sites\/170\/sites\/172\/2024\/04\/10a73a87-4b9f-42dc-b242-5b2980c97534.jpeg 748w, https:\/\/www.ccae.ufpb.br\/labsec\/wp-content\/uploads\/sites\/170\/sites\/172\/2024\/04\/10a73a87-4b9f-42dc-b242-5b2980c97534-300x199.jpeg 300w\" sizes=\"auto, (max-width: 748px) 100vw, 748px\" \/><\/figure>\n<\/div>\n<\/div>\n","protected":false},"excerpt":{"rendered":"<p>. A Logo O Design da&nbsp;logo gira em torno da comunica\u00e7\u00e3o entre profissionais da \u00e1rea [&hellip;]<\/p>\n","protected":false},"author":47,"featured_media":0,"parent":0,"menu_order":0,"comment_status":"closed","ping_status":"closed","template":"","meta":{"footnotes":""},"class_list":["post-16","page","type-page","status-publish","hentry"],"_links":{"self":[{"href":"https:\/\/www.ccae.ufpb.br\/labsec\/wp-json\/wp\/v2\/pages\/16","targetHints":{"allow":["GET"]}}],"collection":[{"href":"https:\/\/www.ccae.ufpb.br\/labsec\/wp-json\/wp\/v2\/pages"}],"about":[{"href":"https:\/\/www.ccae.ufpb.br\/labsec\/wp-json\/wp\/v2\/types\/page"}],"author":[{"embeddable":true,"href":"https:\/\/www.ccae.ufpb.br\/labsec\/wp-json\/wp\/v2\/users\/47"}],"replies":[{"embeddable":true,"href":"https:\/\/www.ccae.ufpb.br\/labsec\/wp-json\/wp\/v2\/comments?post=16"}],"version-history":[{"count":8,"href":"https:\/\/www.ccae.ufpb.br\/labsec\/wp-json\/wp\/v2\/pages\/16\/revisions"}],"predecessor-version":[{"id":301,"href":"https:\/\/www.ccae.ufpb.br\/labsec\/wp-json\/wp\/v2\/pages\/16\/revisions\/301"}],"wp:attachment":[{"href":"https:\/\/www.ccae.ufpb.br\/labsec\/wp-json\/wp\/v2\/media?parent=16"}],"curies":[{"name":"wp","href":"https:\/\/api.w.org\/{rel}","templated":true}]}}