{"id":163,"date":"2024-05-06T23:33:42","date_gmt":"2024-05-06T23:33:42","guid":{"rendered":"https:\/\/www.ccae.ufpb.br\/labsec2\/?page_id=163"},"modified":"2025-07-30T19:52:10","modified_gmt":"2025-07-30T22:52:10","slug":"emprestimo-de-equipamentos","status":"publish","type":"page","link":"https:\/\/www.ccae.ufpb.br\/labsec\/emprestimo-de-equipamentos\/","title":{"rendered":"Empr\u00e9stimo de materiais"},"content":{"rendered":"\n<p><\/p>\n\n\n\n<p>O solicitante deve enviar o termo abaixo devidamente preenchido para o e-mail: labsec@ccae.ufpb.br<\/p>\n\n\n\n<p><a href=\"http:\/\/www.ccae.ufpb.br\/labsec\/wp-content\/uploads\/sites\/170\/sites\/172\/2024\/08\/Termo-de-solicitacao-responsabilidade-emprestimo-de-equipamentos.pdf\">Termo de solicita\u00e7\u00e3o e responsabilidade de empr\u00e9stimo de materiais<\/a><\/p>\n\n\n\n<p>Confira a lista de materiais dispon\u00edveis:<\/p>\n\n\n\n<p><a href=\"https:\/\/drive.google.com\/file\/d\/1TH9pniC4P-akcSTfmGsQ74SdPWr7zkPM\/view\">MATERIAIS DISPON\u00cdVEIS PARA EMPR\u00c9STIMO<\/a><\/p>\n\n\n\n<p><\/p>\n","protected":false},"excerpt":{"rendered":"<p>O solicitante deve enviar o termo abaixo devidamente preenchido para o e-mail: labsec@ccae.ufpb.br Termo de [&hellip;]<\/p>\n","protected":false},"author":47,"featured_media":0,"parent":0,"menu_order":0,"comment_status":"closed","ping_status":"closed","template":"","meta":{"footnotes":""},"class_list":["post-163","page","type-page","status-publish","hentry"],"_links":{"self":[{"href":"https:\/\/www.ccae.ufpb.br\/labsec\/wp-json\/wp\/v2\/pages\/163","targetHints":{"allow":["GET"]}}],"collection":[{"href":"https:\/\/www.ccae.ufpb.br\/labsec\/wp-json\/wp\/v2\/pages"}],"about":[{"href":"https:\/\/www.ccae.ufpb.br\/labsec\/wp-json\/wp\/v2\/types\/page"}],"author":[{"embeddable":true,"href":"https:\/\/www.ccae.ufpb.br\/labsec\/wp-json\/wp\/v2\/users\/47"}],"replies":[{"embeddable":true,"href":"https:\/\/www.ccae.ufpb.br\/labsec\/wp-json\/wp\/v2\/comments?post=163"}],"version-history":[{"count":18,"href":"https:\/\/www.ccae.ufpb.br\/labsec\/wp-json\/wp\/v2\/pages\/163\/revisions"}],"predecessor-version":[{"id":780,"href":"https:\/\/www.ccae.ufpb.br\/labsec\/wp-json\/wp\/v2\/pages\/163\/revisions\/780"}],"wp:attachment":[{"href":"https:\/\/www.ccae.ufpb.br\/labsec\/wp-json\/wp\/v2\/media?parent=163"}],"curies":[{"name":"wp","href":"https:\/\/api.w.org\/{rel}","templated":true}]}}