{"id":167,"date":"2024-05-06T23:37:19","date_gmt":"2024-05-06T23:37:19","guid":{"rendered":"https:\/\/www.ccae.ufpb.br\/labsec2\/?page_id=167"},"modified":"2025-07-29T21:22:41","modified_gmt":"2025-07-30T00:22:41","slug":"contato","status":"publish","type":"page","link":"https:\/\/www.ccae.ufpb.br\/labsec\/contato\/","title":{"rendered":"Contatos"},"content":{"rendered":"\n<p><strong>Labsec<\/strong>:<\/p>\n\n\n\n<p>E-mail: labsec@ccae.ufpb.br<\/p>\n\n\n\n<p>Instagram: @labsecufpb<\/p>\n\n\n\n<p>Telefone: (83) 3049-4722<\/p>\n\n\n\n<p>WhatsApp: <a href=\"https:\/\/api.whatsapp.com\/send\/?phone=8330494722&amp;text&amp;type=phone_number&amp;app_absent=0\">(83)3049-4722<\/a><\/p>\n\n\n\n<p class=\"has-text-align-left\">Endere\u00e7o: Centro de Ci\u00eancias Aplicadas e Educa\u00e7\u00e3o &#8211; CCAE &#8211; Unidade em Mamanguape<br>Estr. Engenho Novo, s\/n, Mamanguape &#8211; PB, CEP 58280-000 &#8211; Bloco C- Sala MC 106.<\/p>\n\n\n\n<p>Hor\u00e1rio de funcionamento: das 13h \u00e0s 17h e das 18h \u00e0s 22h.<\/p>\n\n\n\n<p><strong>Coordena\u00e7\u00e3o do Labsec<\/strong>:<\/p>\n\n\n\n<p>Prof\u00aa Cibelle Santiago <\/p>\n\n\n\n<p>E-mail: santiago.cibelle@gmail.com<\/p>\n\n\n\n<p>Prof\u00aa Maika Zampier<\/p>\n\n\n\n<p>E-mail: zampier@ccae.ufpb.br<\/p>\n\n\n\n<p>Vaniele Oliveira &#8211; Assistente em Administra\u00e7\u00e3o<\/p>\n\n\n\n<p>E-mail: maria.oliveira@ccae.ufpb.br<\/p>\n","protected":false},"excerpt":{"rendered":"<p>Labsec: E-mail: labsec@ccae.ufpb.br Instagram: @labsecufpb Telefone: (83) 3049-4722 WhatsApp: (83)3049-4722 Endere\u00e7o: Centro de Ci\u00eancias Aplicadas [&hellip;]<\/p>\n","protected":false},"author":47,"featured_media":0,"parent":0,"menu_order":0,"comment_status":"closed","ping_status":"closed","template":"","meta":{"footnotes":""},"class_list":["post-167","page","type-page","status-publish","hentry"],"_links":{"self":[{"href":"https:\/\/www.ccae.ufpb.br\/labsec\/wp-json\/wp\/v2\/pages\/167","targetHints":{"allow":["GET"]}}],"collection":[{"href":"https:\/\/www.ccae.ufpb.br\/labsec\/wp-json\/wp\/v2\/pages"}],"about":[{"href":"https:\/\/www.ccae.ufpb.br\/labsec\/wp-json\/wp\/v2\/types\/page"}],"author":[{"embeddable":true,"href":"https:\/\/www.ccae.ufpb.br\/labsec\/wp-json\/wp\/v2\/users\/47"}],"replies":[{"embeddable":true,"href":"https:\/\/www.ccae.ufpb.br\/labsec\/wp-json\/wp\/v2\/comments?post=167"}],"version-history":[{"count":14,"href":"https:\/\/www.ccae.ufpb.br\/labsec\/wp-json\/wp\/v2\/pages\/167\/revisions"}],"predecessor-version":[{"id":776,"href":"https:\/\/www.ccae.ufpb.br\/labsec\/wp-json\/wp\/v2\/pages\/167\/revisions\/776"}],"wp:attachment":[{"href":"https:\/\/www.ccae.ufpb.br\/labsec\/wp-json\/wp\/v2\/media?parent=167"}],"curies":[{"name":"wp","href":"https:\/\/api.w.org\/{rel}","templated":true}]}}