{"id":17,"date":"2024-04-15T12:45:36","date_gmt":"2024-04-15T12:45:36","guid":{"rendered":"https:\/\/www.ccae.ufpb.br\/labsec2\/?page_id=17"},"modified":"2025-06-17T19:46:22","modified_gmt":"2025-06-17T22:46:22","slug":"infraestrutura","status":"publish","type":"page","link":"https:\/\/www.ccae.ufpb.br\/labsec\/infraestrutura\/","title":{"rendered":"Infraestrutura"},"content":{"rendered":"\n<p>O Laborat\u00f3rio do Curso de Secretariado Executivo Bil\u00edngue da UFPB, Labsec, \u00e9 um espa\u00e7o para o&nbsp;<strong>desenvolvimento de atividades acad\u00eamico-pedag\u00f3gicas<\/strong>&nbsp;ligadas aos componentes curriculares de todos os cursos do CCAE, bem como aos projetos de ensino, de pesquisa e de extens\u00e3o para o aprimoramento de compet\u00eancias e habilidades para as diversas atua\u00e7\u00f5es profissionais.<\/p>\n\n\n\n<p><\/p>\n\n\n\n<div class=\"wp-block-columns is-layout-flex wp-container-core-columns-is-layout-9d6595d7 wp-block-columns-is-layout-flex\">\n<div class=\"wp-block-column is-layout-flow wp-block-column-is-layout-flow\">\n<figure class=\"wp-block-gallery has-nested-images columns-default is-cropped wp-block-gallery-1 is-layout-flex wp-block-gallery-is-layout-flex\">\n<figure class=\"wp-block-image size-large\"><img loading=\"lazy\" decoding=\"async\" width=\"768\" height=\"1024\" data-id=\"588\" src=\"http:\/\/www.ccae.ufpb.br\/labsec\/wp-content\/uploads\/sites\/170\/sites\/172\/2025\/02\/20250204_131236-768x1024.jpg\" alt=\"\" class=\"wp-image-588\" srcset=\"https:\/\/www.ccae.ufpb.br\/labsec\/wp-content\/uploads\/sites\/170\/sites\/172\/2025\/02\/20250204_131236-768x1024.jpg 768w, https:\/\/www.ccae.ufpb.br\/labsec\/wp-content\/uploads\/sites\/170\/sites\/172\/2025\/02\/20250204_131236-225x300.jpg 225w, https:\/\/www.ccae.ufpb.br\/labsec\/wp-content\/uploads\/sites\/170\/sites\/172\/2025\/02\/20250204_131236-1152x1536.jpg 1152w, https:\/\/www.ccae.ufpb.br\/labsec\/wp-content\/uploads\/sites\/170\/sites\/172\/2025\/02\/20250204_131236-1536x2048.jpg 1536w, https:\/\/www.ccae.ufpb.br\/labsec\/wp-content\/uploads\/sites\/170\/sites\/172\/2025\/02\/20250204_131236-scaled.jpg 1920w\" sizes=\"auto, (max-width: 768px) 100vw, 768px\" \/><\/figure>\n<\/figure>\n<\/div>\n\n\n\n<div class=\"wp-block-column is-layout-flow wp-block-column-is-layout-flow\">\n<figure class=\"wp-block-gallery has-nested-images columns-default is-cropped wp-block-gallery-2 is-layout-flex wp-block-gallery-is-layout-flex\">\n<figure class=\"wp-block-image size-large\"><img loading=\"lazy\" decoding=\"async\" width=\"768\" height=\"1024\" data-id=\"676\" src=\"http:\/\/www.ccae.ufpb.br\/labsec\/wp-content\/uploads\/sites\/170\/sites\/172\/2025\/06\/WhatsApp-Image-2024-02-01-at-16.52.41-768x1024.jpeg\" alt=\"\" class=\"wp-image-676\" srcset=\"https:\/\/www.ccae.ufpb.br\/labsec\/wp-content\/uploads\/sites\/170\/sites\/172\/2025\/06\/WhatsApp-Image-2024-02-01-at-16.52.41-768x1024.jpeg 768w, https:\/\/www.ccae.ufpb.br\/labsec\/wp-content\/uploads\/sites\/170\/sites\/172\/2025\/06\/WhatsApp-Image-2024-02-01-at-16.52.41-225x300.jpeg 225w, https:\/\/www.ccae.ufpb.br\/labsec\/wp-content\/uploads\/sites\/170\/sites\/172\/2025\/06\/WhatsApp-Image-2024-02-01-at-16.52.41-1152x1536.jpeg 1152w, https:\/\/www.ccae.ufpb.br\/labsec\/wp-content\/uploads\/sites\/170\/sites\/172\/2025\/06\/WhatsApp-Image-2024-02-01-at-16.52.41.jpeg 1200w\" sizes=\"auto, (max-width: 768px) 100vw, 768px\" \/><\/figure>\n<\/figure>\n<\/div>\n<\/div>\n\n\n\n<p>O Labsec tem a proposta de ser um&nbsp;<strong>ambiente din\u00e2mico, funcional e acess\u00edvel<\/strong>&nbsp;a todos os professores, discentes, t\u00e9cnicos-administrativos e a comunidade do vale do Mamanguape.<\/p>\n\n\n\n<div class=\"wp-block-columns is-layout-flex wp-container-core-columns-is-layout-9d6595d7 wp-block-columns-is-layout-flex\">\n<div class=\"wp-block-column is-layout-flow wp-block-column-is-layout-flow\">\n<figure class=\"wp-block-gallery has-nested-images columns-default is-cropped wp-block-gallery-3 is-layout-flex wp-block-gallery-is-layout-flex\">\n<figure class=\"wp-block-image size-large\"><img loading=\"lazy\" decoding=\"async\" width=\"1024\" height=\"768\" data-id=\"675\" src=\"http:\/\/www.ccae.ufpb.br\/labsec\/wp-content\/uploads\/sites\/170\/sites\/172\/2025\/06\/WhatsApp-Image-2025-06-06-at-11.29.24-1024x768.jpeg\" alt=\"\" class=\"wp-image-675\" srcset=\"https:\/\/www.ccae.ufpb.br\/labsec\/wp-content\/uploads\/sites\/170\/sites\/172\/2025\/06\/WhatsApp-Image-2025-06-06-at-11.29.24-1024x768.jpeg 1024w, https:\/\/www.ccae.ufpb.br\/labsec\/wp-content\/uploads\/sites\/170\/sites\/172\/2025\/06\/WhatsApp-Image-2025-06-06-at-11.29.24-300x225.jpeg 300w, https:\/\/www.ccae.ufpb.br\/labsec\/wp-content\/uploads\/sites\/170\/sites\/172\/2025\/06\/WhatsApp-Image-2025-06-06-at-11.29.24-768x576.jpeg 768w, https:\/\/www.ccae.ufpb.br\/labsec\/wp-content\/uploads\/sites\/170\/sites\/172\/2025\/06\/WhatsApp-Image-2025-06-06-at-11.29.24.jpeg 1280w\" sizes=\"auto, (max-width: 1024px) 100vw, 1024px\" \/><\/figure>\n<\/figure>\n<\/div>\n\n\n\n<div class=\"wp-block-column is-layout-flow wp-block-column-is-layout-flow\">\n<figure class=\"wp-block-gallery has-nested-images columns-default is-cropped wp-block-gallery-4 is-layout-flex wp-block-gallery-is-layout-flex\">\n<figure class=\"wp-block-image size-large\"><img loading=\"lazy\" decoding=\"async\" width=\"1024\" height=\"768\" data-id=\"581\" src=\"http:\/\/www.ccae.ufpb.br\/labsec\/wp-content\/uploads\/sites\/170\/sites\/172\/2025\/02\/20250206_143110-1024x768.jpg\" alt=\"\" class=\"wp-image-581\" srcset=\"https:\/\/www.ccae.ufpb.br\/labsec\/wp-content\/uploads\/sites\/170\/sites\/172\/2025\/02\/20250206_143110-1024x768.jpg 1024w, https:\/\/www.ccae.ufpb.br\/labsec\/wp-content\/uploads\/sites\/170\/sites\/172\/2025\/02\/20250206_143110-300x225.jpg 300w, https:\/\/www.ccae.ufpb.br\/labsec\/wp-content\/uploads\/sites\/170\/sites\/172\/2025\/02\/20250206_143110-768x576.jpg 768w, https:\/\/www.ccae.ufpb.br\/labsec\/wp-content\/uploads\/sites\/170\/sites\/172\/2025\/02\/20250206_143110-1536x1152.jpg 1536w, https:\/\/www.ccae.ufpb.br\/labsec\/wp-content\/uploads\/sites\/170\/sites\/172\/2025\/02\/20250206_143110-2048x1536.jpg 2048w\" sizes=\"auto, (max-width: 1024px) 100vw, 1024px\" \/><\/figure>\n<\/figure>\n<\/div>\n<\/div>\n\n\n\n<p>Para tanto, o laborat\u00f3rio tamb\u00e9m foi projetado para ser usado como um&nbsp;<strong>local de relaxamento e descanso<\/strong>, para estimular o bem-estar da comunidade no intervalo das atividades. Quando encerrar a aula, vem pra c\u00e1 enquanto o \u00f4nibus n\u00e3o chega.<\/p>\n\n\n\n<div class=\"wp-block-columns is-layout-flex wp-container-core-columns-is-layout-9d6595d7 wp-block-columns-is-layout-flex\">\n<div class=\"wp-block-column is-layout-flow wp-block-column-is-layout-flow\">\n<figure class=\"wp-block-gallery has-nested-images columns-default is-cropped wp-block-gallery-5 is-layout-flex wp-block-gallery-is-layout-flex\">\n<figure class=\"wp-block-image size-large\"><img loading=\"lazy\" decoding=\"async\" width=\"1024\" height=\"768\" data-id=\"579\" src=\"http:\/\/www.ccae.ufpb.br\/labsec\/wp-content\/uploads\/sites\/170\/sites\/172\/2025\/02\/20250206_143040-1024x768.jpg\" alt=\"\" class=\"wp-image-579\" srcset=\"https:\/\/www.ccae.ufpb.br\/labsec\/wp-content\/uploads\/sites\/170\/sites\/172\/2025\/02\/20250206_143040-1024x768.jpg 1024w, https:\/\/www.ccae.ufpb.br\/labsec\/wp-content\/uploads\/sites\/170\/sites\/172\/2025\/02\/20250206_143040-300x225.jpg 300w, https:\/\/www.ccae.ufpb.br\/labsec\/wp-content\/uploads\/sites\/170\/sites\/172\/2025\/02\/20250206_143040-768x576.jpg 768w, https:\/\/www.ccae.ufpb.br\/labsec\/wp-content\/uploads\/sites\/170\/sites\/172\/2025\/02\/20250206_143040-1536x1152.jpg 1536w, https:\/\/www.ccae.ufpb.br\/labsec\/wp-content\/uploads\/sites\/170\/sites\/172\/2025\/02\/20250206_143040-2048x1536.jpg 2048w\" sizes=\"auto, (max-width: 1024px) 100vw, 1024px\" \/><\/figure>\n<\/figure>\n<\/div>\n\n\n\n<div class=\"wp-block-column is-layout-flow wp-block-column-is-layout-flow\">\n<figure class=\"wp-block-gallery has-nested-images columns-default is-cropped wp-block-gallery-6 is-layout-flex wp-block-gallery-is-layout-flex\">\n<figure class=\"wp-block-image size-large\"><img loading=\"lazy\" decoding=\"async\" width=\"1024\" height=\"576\" data-id=\"135\" src=\"https:\/\/www.ccae.ufpb.br\/labsec2\/wp-content\/uploads\/sites\/170\/sites\/172\/2024\/05\/IMG20240222WA0170-1024x576.jpg\" alt=\"\" class=\"wp-image-135\" srcset=\"https:\/\/www.ccae.ufpb.br\/labsec\/wp-content\/uploads\/sites\/170\/sites\/172\/2024\/05\/IMG20240222WA0170-1024x576.jpg 1024w, https:\/\/www.ccae.ufpb.br\/labsec\/wp-content\/uploads\/sites\/170\/sites\/172\/2024\/05\/IMG20240222WA0170-300x169.jpg 300w, https:\/\/www.ccae.ufpb.br\/labsec\/wp-content\/uploads\/sites\/170\/sites\/172\/2024\/05\/IMG20240222WA0170-768x432.jpg 768w, https:\/\/www.ccae.ufpb.br\/labsec\/wp-content\/uploads\/sites\/170\/sites\/172\/2024\/05\/IMG20240222WA0170.jpg 1280w\" sizes=\"auto, (max-width: 1024px) 100vw, 1024px\" \/><\/figure>\n<\/figure>\n<\/div>\n<\/div>\n\n\n\n<p>&nbsp;<\/p>\n\n\n\n<p>O cafezinho n\u00e3o pode faltar. Tudo equipado para receber voc\u00ea e sua equipe para reuni\u00f5es.&nbsp;&nbsp;<\/p>\n\n\n\n<div class=\"wp-block-columns is-layout-flex wp-container-core-columns-is-layout-9d6595d7 wp-block-columns-is-layout-flex\">\n<div class=\"wp-block-column is-layout-flow wp-block-column-is-layout-flow\">\n<figure class=\"wp-block-gallery has-nested-images columns-default is-cropped wp-block-gallery-7 is-layout-flex wp-block-gallery-is-layout-flex\">\n<figure class=\"wp-block-image size-large\"><img loading=\"lazy\" decoding=\"async\" width=\"288\" height=\"384\" data-id=\"148\" src=\"https:\/\/www.ccae.ufpb.br\/labsec2\/wp-content\/uploads\/sites\/170\/sites\/172\/2024\/05\/420cfb6d-aad2-42c5-a870-7bd1a6762baa-edited.jpeg\" alt=\"\" class=\"wp-image-148\" srcset=\"https:\/\/www.ccae.ufpb.br\/labsec\/wp-content\/uploads\/sites\/170\/sites\/172\/2024\/05\/420cfb6d-aad2-42c5-a870-7bd1a6762baa-edited.jpeg 288w, https:\/\/www.ccae.ufpb.br\/labsec\/wp-content\/uploads\/sites\/170\/sites\/172\/2024\/05\/420cfb6d-aad2-42c5-a870-7bd1a6762baa-edited-225x300.jpeg 225w\" sizes=\"auto, (max-width: 288px) 100vw, 288px\" \/><\/figure>\n<\/figure>\n<\/div>\n\n\n\n<div class=\"wp-block-column is-layout-flow wp-block-column-is-layout-flow\">\n<figure class=\"wp-block-gallery has-nested-images columns-default is-cropped wp-block-gallery-8 is-layout-flex wp-block-gallery-is-layout-flex\">\n<figure class=\"wp-block-image size-large\"><img loading=\"lazy\" decoding=\"async\" width=\"288\" height=\"384\" data-id=\"149\" src=\"https:\/\/www.ccae.ufpb.br\/labsec2\/wp-content\/uploads\/sites\/170\/sites\/172\/2024\/05\/9e15994c-7367-4afd-8503-784fb0f8982d-edited.jpeg\" alt=\"\" class=\"wp-image-149\" srcset=\"https:\/\/www.ccae.ufpb.br\/labsec\/wp-content\/uploads\/sites\/170\/sites\/172\/2024\/05\/9e15994c-7367-4afd-8503-784fb0f8982d-edited.jpeg 288w, https:\/\/www.ccae.ufpb.br\/labsec\/wp-content\/uploads\/sites\/170\/sites\/172\/2024\/05\/9e15994c-7367-4afd-8503-784fb0f8982d-edited-225x300.jpeg 225w\" sizes=\"auto, (max-width: 288px) 100vw, 288px\" \/><\/figure>\n<\/figure>\n<\/div>\n<\/div>\n\n\n\n<p class=\"has-text-align-center\"><strong>Centro de Ci\u00eancias Aplicadas e Educa\u00e7\u00e3o &#8211; CCAE<\/strong><\/p>\n\n\n\n<p class=\"has-text-align-center\">Unidade em Mamanguape<br>Estr. Engenho Novo, s\/n, Mamanguape &#8211; PB, CEP 58280-000.<\/p>\n\n\n\n<p class=\"has-text-align-center\"><strong>Bloco C- Sala MC 106<\/strong><\/p>\n\n\n\n<p class=\"has-text-align-center\">E-mail: labsec@ccae.ufpb.br<\/p>\n\n\n\n<p class=\"has-text-align-center\">Telefone: (83) 3049 4722<\/p>\n","protected":false},"excerpt":{"rendered":"<p>O Laborat\u00f3rio do Curso de Secretariado Executivo Bil\u00edngue da UFPB, Labsec, \u00e9 um espa\u00e7o para [&hellip;]<\/p>\n","protected":false},"author":47,"featured_media":0,"parent":0,"menu_order":0,"comment_status":"closed","ping_status":"closed","template":"","meta":{"footnotes":""},"class_list":["post-17","page","type-page","status-publish","hentry"],"_links":{"self":[{"href":"https:\/\/www.ccae.ufpb.br\/labsec\/wp-json\/wp\/v2\/pages\/17","targetHints":{"allow":["GET"]}}],"collection":[{"href":"https:\/\/www.ccae.ufpb.br\/labsec\/wp-json\/wp\/v2\/pages"}],"about":[{"href":"https:\/\/www.ccae.ufpb.br\/labsec\/wp-json\/wp\/v2\/types\/page"}],"author":[{"embeddable":true,"href":"https:\/\/www.ccae.ufpb.br\/labsec\/wp-json\/wp\/v2\/users\/47"}],"replies":[{"embeddable":true,"href":"https:\/\/www.ccae.ufpb.br\/labsec\/wp-json\/wp\/v2\/comments?post=17"}],"version-history":[{"count":6,"href":"https:\/\/www.ccae.ufpb.br\/labsec\/wp-json\/wp\/v2\/pages\/17\/revisions"}],"predecessor-version":[{"id":677,"href":"https:\/\/www.ccae.ufpb.br\/labsec\/wp-json\/wp\/v2\/pages\/17\/revisions\/677"}],"wp:attachment":[{"href":"https:\/\/www.ccae.ufpb.br\/labsec\/wp-json\/wp\/v2\/media?parent=17"}],"curies":[{"name":"wp","href":"https:\/\/api.w.org\/{rel}","templated":true}]}}