{"id":18,"date":"2024-04-15T12:45:36","date_gmt":"2024-04-15T12:45:36","guid":{"rendered":"https:\/\/www.ccae.ufpb.br\/labsec2\/?page_id=18"},"modified":"2025-08-11T16:28:32","modified_gmt":"2025-08-11T19:28:32","slug":"reservas","status":"publish","type":"page","link":"https:\/\/www.ccae.ufpb.br\/labsec\/reservas\/","title":{"rendered":"Reservas"},"content":{"rendered":"\n<p><strong>Antes de requisitar o local,&nbsp;recomendamos que os solicitantes verifiquem sua disponibilidade na agenda de atividades dispon\u00edvel&nbsp;no seguinte endere\u00e7o:<\/strong><\/p>\n\n\n\n<h2 class=\"wp-block-heading has-text-align-center has-luminous-vivid-amber-background-color has-background has-medium-font-size\"><div class=\"linha-header\"><strong><a href=\"https:\/\/agendamento.ccae.ufpb.br\/schedule_labsec\" target=\"_blank\" rel=\"noreferrer noopener\">&nbsp;AGENDAMENTO<\/a><\/strong><\/div><\/h2>\n\n\n\n<h2 class=\"wp-block-heading\"><div class=\"linha-header\"><strong>&nbsp;Ap\u00f3s verificar a disponibilidade do espa\u00e7o desejado na agenda de espa\u00e7os 2025, siga o passo a passo abaixo:<\/strong><br><\/div><\/h2>\n\n\n\n<ul class=\"wp-block-list\">\n<li>1- Preencher todos os dados;<\/li>\n\n\n\n<li>2 &#8211; Preencha o e-mail que voc\u00ea tem acesso &#8211; pode ser institucional ou n\u00e3o<\/li>\n\n\n\n<li>3 &#8211;&nbsp;Conferir o preenchimento dos dados informados, e, por fim, clicar em &#8220;Enviar chamado&#8221;.<\/li>\n\n\n\n<li>4- Se precisar de mais informa\u00e7\u00f5es, favor entrar em contato.&nbsp;<\/li>\n<\/ul>\n\n\n\n<p><strong>Se necess\u00e1rio, entre em contato atrav\u00e9s do nosso WhatsApp 3049-4722.<\/strong><\/p>\n\n\n\n<h2 class=\"wp-block-heading\"><div class=\"linha-header\"><\/div><\/h2>\n\n\n\n<p><\/p>\n","protected":false},"excerpt":{"rendered":"<p>Antes de requisitar o local,&nbsp;recomendamos que os solicitantes verifiquem sua disponibilidade na agenda de atividades [&hellip;]<\/p>\n","protected":false},"author":47,"featured_media":0,"parent":0,"menu_order":0,"comment_status":"closed","ping_status":"closed","template":"","meta":{"footnotes":""},"class_list":["post-18","page","type-page","status-publish","hentry"],"_links":{"self":[{"href":"https:\/\/www.ccae.ufpb.br\/labsec\/wp-json\/wp\/v2\/pages\/18","targetHints":{"allow":["GET"]}}],"collection":[{"href":"https:\/\/www.ccae.ufpb.br\/labsec\/wp-json\/wp\/v2\/pages"}],"about":[{"href":"https:\/\/www.ccae.ufpb.br\/labsec\/wp-json\/wp\/v2\/types\/page"}],"author":[{"embeddable":true,"href":"https:\/\/www.ccae.ufpb.br\/labsec\/wp-json\/wp\/v2\/users\/47"}],"replies":[{"embeddable":true,"href":"https:\/\/www.ccae.ufpb.br\/labsec\/wp-json\/wp\/v2\/comments?post=18"}],"version-history":[{"count":12,"href":"https:\/\/www.ccae.ufpb.br\/labsec\/wp-json\/wp\/v2\/pages\/18\/revisions"}],"predecessor-version":[{"id":837,"href":"https:\/\/www.ccae.ufpb.br\/labsec\/wp-json\/wp\/v2\/pages\/18\/revisions\/837"}],"wp:attachment":[{"href":"https:\/\/www.ccae.ufpb.br\/labsec\/wp-json\/wp\/v2\/media?parent=18"}],"curies":[{"name":"wp","href":"https:\/\/api.w.org\/{rel}","templated":true}]}}