{"id":245,"date":"2024-05-13T18:11:56","date_gmt":"2024-05-13T18:11:56","guid":{"rendered":"https:\/\/www.ccae.ufpb.br\/labsec2\/?page_id=245"},"modified":"2024-10-15T16:50:45","modified_gmt":"2024-10-15T19:50:45","slug":"coordenacao","status":"publish","type":"page","link":"https:\/\/www.ccae.ufpb.br\/labsec\/organograma\/coordenacao\/","title":{"rendered":"Coordena\u00e7\u00e3o"},"content":{"rendered":"\n<p class=\"has-large-font-size\"><strong>Coordenadora<\/strong><\/p>\n\n\n\n<p>Prof\u00aa Cibelle Santiago<\/p>\n\n\n\n<div class=\"wp-block-columns is-layout-flex wp-container-core-columns-is-layout-9d6595d7 wp-block-columns-is-layout-flex\">\n<div class=\"wp-block-column is-layout-flow wp-block-column-is-layout-flow\">\n<figure class=\"wp-block-gallery has-nested-images columns-default is-cropped wp-block-gallery-1 is-layout-flex wp-block-gallery-is-layout-flex\">\n<figure class=\"wp-block-image size-large\"><img loading=\"lazy\" decoding=\"async\" width=\"477\" height=\"514\" data-id=\"393\" src=\"https:\/\/www.ccae.ufpb.br\/labsec\/wp-content\/uploads\/sites\/170\/sites\/172\/2024\/10\/cibele1-1.jpg\" alt=\"\" class=\"wp-image-393\" srcset=\"https:\/\/www.ccae.ufpb.br\/labsec\/wp-content\/uploads\/sites\/170\/sites\/172\/2024\/10\/cibele1-1.jpg 477w, https:\/\/www.ccae.ufpb.br\/labsec\/wp-content\/uploads\/sites\/170\/sites\/172\/2024\/10\/cibele1-1-278x300.jpg 278w\" sizes=\"auto, (max-width: 477px) 100vw, 477px\" \/><\/figure>\n<\/figure>\n<\/div>\n\n\n\n<div class=\"wp-block-column is-layout-flow wp-block-column-is-layout-flow\">\n<figure class=\"wp-block-gallery has-nested-images columns-default is-cropped wp-block-gallery-2 is-layout-flex wp-block-gallery-is-layout-flex\">\n<figure class=\"wp-block-image size-large\"><img loading=\"lazy\" decoding=\"async\" width=\"398\" height=\"437\" data-id=\"397\" src=\"https:\/\/www.ccae.ufpb.br\/labsec\/wp-content\/uploads\/sites\/170\/sites\/172\/2024\/10\/cibele.jpg\" alt=\"\" class=\"wp-image-397\" srcset=\"https:\/\/www.ccae.ufpb.br\/labsec\/wp-content\/uploads\/sites\/170\/sites\/172\/2024\/10\/cibele.jpg 398w, https:\/\/www.ccae.ufpb.br\/labsec\/wp-content\/uploads\/sites\/170\/sites\/172\/2024\/10\/cibele-273x300.jpg 273w\" sizes=\"auto, (max-width: 398px) 100vw, 398px\" \/><\/figure>\n<\/figure>\n<\/div>\n<\/div>\n\n\n\n<p>Referente \u00e0s <strong>atividades de ensino,<\/strong> ministro diversas disciplinas ligadas ao curso de Secretariado Executivo, como <em>T\u00e9cnicas Secretarias<\/em>, <em>Organiza\u00e7\u00e3o de Eventos<\/em> e <em>Gest\u00e3o Organizacional, Pesquisa Aplicada, Orat\u00f3ria, <\/em>entre outras. Suas iniciativas no ensino incluem o uso de metodologias ativas e colaborativas para promover o aprendizado pr\u00e1tico e aplicado dos estudantes.<\/p>\n\n\n\n<p><strong>Na pesquisa cient\u00edfica, <\/strong>sou l\u00edder do Grupo de Pesquisa Interdisciplinar Latinoamericano de Estudos e Pesquisas em Secretariado Executivo (GILESEC), e membro do Grupo de Pesquisa Gest\u00e3o e Desenvolvimento, na Universidade Estadual do Par\u00e1. A partir de 2024, coordeno o Projeto PIBIC, Mapeamento de Processos Administrativos Em Escola Ind\u00edgena, Para\u00edba, Brasil, em conjunto com outros professores e uma estudante bolsista do curso de Secretariado Executivo. Em 2022\/2023, participei de outro projeto PIBIC como colaboradora intitulado: Difus\u00e3o de Metodologias Colaborativas no Ensino em Administra\u00e7\u00e3o e Secretariado Executivo Bil\u00edngue do Campus IV\/UFPB: Contribui\u00e7\u00f5es e Desafios Conforme os Estilos de Aprendizagem dos Alunos.<\/p>\n\n\n\n<p>Meus interesses de pesquisa incluem secretariado remoto, educa\u00e7\u00e3o e gest\u00e3o ambiental, psicologia positiva e sa\u00fade mental dos estudantes universit\u00e1rios, entre outros. Tenho pesquisa que foca na educa\u00e7\u00e3o e gest\u00e3o ambiental da UFPB; percep\u00e7\u00e3o dos estudantes em rela\u00e7\u00e3o \u00e0 educa\u00e7\u00e3o ambiental e a sustentabilidade no ensino superior; pol\u00edtica ambiental na UFPB; Teletrabalho e trabalho remoto, sa\u00fade mental e f\u00edsica que inclui: s\u00edndrome de burnout, s\u00edndrome do impostor, Transtorno de Ansiedade Generalizada. Assim, possuo diversas publica\u00e7\u00f5es em eventos da \u00e1rea de Secretariado Executivo (Enesec, Enasec) e Administra\u00e7\u00e3o (Semead), bem como em peri\u00f3dicos de alto impacto.<\/p>\n\n\n\n<p>Assim, compreendo que minha gest\u00e3o est\u00e1 marcada pela lideran\u00e7a de equipes acad\u00eamicas e pela organiza\u00e7\u00e3o de projetos que integram ensino, pesquisa e extens\u00e3o. Ademais, destaco minha alegria e prazer em trabalhar na Universidade Federal da Para\u00edba, buscando atuar de forma integrada com professores de diversas \u00e1reas do conhecimento, sejam internos ou externos \u00e0 UFPB. Destaco minha capacidade de integrar a inova\u00e7\u00e3o, a criatividade, a alegria para uma abordagem colaborativa em todas as minhas \u00e1reas de atua\u00e7\u00e3o, sempre valorizando o bem-estar dos alunos e a promo\u00e7\u00e3o de um ambiente acad\u00eamico inclusivo e sustent\u00e1vel.<\/p>\n\n\n\n<p>Contatos: <a href=\"mailto:Santiago.cibelle@gmail.coom\">Santiago.cibelle@gmail.coom<\/a><\/p>\n\n\n\n<p>Tel. 83.99652-0146<\/p>\n\n\n\n<p>Instagram: @bellessanti<\/p>\n\n\n\n<p>Lattes: <a href=\"http:\/\/lattes.cnpq.br\/7309833227288459\" target=\"_blank\" rel=\"noreferrer noopener\"><strong>http:\/\/lattes.cnpq.br\/7309833227288459<\/strong><\/a><\/p>\n\n\n\n<p class=\"has-large-font-size\"><strong>Vice-coordenadora <\/strong><\/p>\n\n\n\n<p>Prof\u00aa Maika Zampier<\/p>\n\n\n\n<div class=\"wp-block-columns is-layout-flex wp-container-core-columns-is-layout-9d6595d7 wp-block-columns-is-layout-flex\">\n<div class=\"wp-block-column is-layout-flow wp-block-column-is-layout-flow\">\n<figure class=\"wp-block-gallery has-nested-images columns-default is-cropped wp-block-gallery-3 is-layout-flex wp-block-gallery-is-layout-flex\">\n<figure class=\"wp-block-image size-large\"><img loading=\"lazy\" decoding=\"async\" width=\"347\" height=\"260\" data-id=\"267\" src=\"https:\/\/www.ccae.ufpb.br\/labsec2\/wp-content\/uploads\/sites\/170\/sites\/172\/2024\/05\/maika-2.jpg\" alt=\"\" class=\"wp-image-267\" srcset=\"https:\/\/www.ccae.ufpb.br\/labsec\/wp-content\/uploads\/sites\/170\/sites\/172\/2024\/05\/maika-2.jpg 347w, https:\/\/www.ccae.ufpb.br\/labsec\/wp-content\/uploads\/sites\/170\/sites\/172\/2024\/05\/maika-2-300x225.jpg 300w\" sizes=\"auto, (max-width: 347px) 100vw, 347px\" \/><\/figure>\n<\/figure>\n<\/div>\n\n\n\n<div class=\"wp-block-column is-layout-flow wp-block-column-is-layout-flow\">\n<figure class=\"wp-block-gallery has-nested-images columns-default is-cropped wp-block-gallery-4 is-layout-flex wp-block-gallery-is-layout-flex\">\n<figure class=\"wp-block-image size-large\"><img loading=\"lazy\" decoding=\"async\" width=\"347\" height=\"260\" data-id=\"271\" src=\"https:\/\/www.ccae.ufpb.br\/labsec2\/wp-content\/uploads\/sites\/170\/sites\/172\/2024\/05\/maika4.jpg\" alt=\"\" class=\"wp-image-271\" srcset=\"https:\/\/www.ccae.ufpb.br\/labsec\/wp-content\/uploads\/sites\/170\/sites\/172\/2024\/05\/maika4.jpg 347w, https:\/\/www.ccae.ufpb.br\/labsec\/wp-content\/uploads\/sites\/170\/sites\/172\/2024\/05\/maika4-300x225.jpg 300w\" sizes=\"auto, (max-width: 347px) 100vw, 347px\" \/><\/figure>\n<\/figure>\n<\/div>\n<\/div>\n\n\n\n<p>Maika Zampier, Doutorado no Programa de &#8220;Medio Ambiente y Sociedad&#8221; na &#8220;Universidad Pablo de Olavide, Sevilla&#8221; (Espanha) linha de pesquisa: Ecologia Pol\u00edtica; Antropologia e Hist\u00f3ria Ambiental. Tese doutoral &#8220;Euroextractivismo Minero: Ecolog\u00eda Pol\u00edtica, Remineralizaci\u00f3n y Conflictos socioambientales&#8221;.<\/p>\n\n\n\n<p>Membro da equipe do projeto de pesquisa internacional &#8220;La miner\u00eda durante el franquismo: marco institucional y medio Ambiente&#8221; financiado pelo &#8220;Ministerio de Ciencia e Innovaci\u00f3n&#8221; da Espanha.<\/p>\n\n\n\n<p>Experi\u00eancia com equipes interdisciplinares de Projetos de Pesquisa internacional. Participou do projeto de cartografia cr\u00edtica financiado pelo &#8220;Fondo Europeo de Desarrollo Regional&#8221;, elaborando o &#8220;Mapa de Conflictos Ambientales de Andaluc\u00eda (Espa\u00f1a) y Portugal&#8221; <a href=\"https:\/\/uhu.es\/mcm\/\">https:\/\/uhu.es\/mcm\/<\/a><\/p>\n\n\n\n<p>Membro fundadora do grupo de pesquisa internacional, com sede na Espanha: &#8220;Red de Investigaci\u00f3n sobre Impactos Sociales y Ambientales de la Miner\u00eda&#8221; (REDISAM) <a href=\"https:\/\/www.uhu.es\/redisam\/\">https:\/\/www.uhu.es\/redisam\/<\/a><\/p>\n\n\n\n<p>Filiada \u00e0 &#8220;Asociaci\u00f3n de Antrop\u00f3logos iberoamericanos en Red&#8221; (AIBR)<\/p>\n\n\n\n<p>Mestrado em Extens\u00e3o Rural pela Universidade Federal de Vi\u00e7osa (2007) bolsista da Coordena\u00e7\u00e3o de Aperfei\u00e7oamento de Pessoal de N\u00edvel Superior (CAPES). Disserta\u00e7\u00e3o sobre as redes sociais internacionais e as tecnologias da informa\u00e7\u00e3o e comunica\u00e7\u00e3o nas organiza\u00e7\u00f5es campesinas e ind\u00edgenas da Am\u00e9rica Latina.<\/p>\n\n\n\n<p>Experi\u00eancia com coordena\u00e7\u00e3o de projetos de extens\u00e3o de Assessoria \u00e0 Benefici\u00e1rios da Reforma Agr\u00e1ria  financiado pelo Programa ProExt do Minist\u00e9rio da Educa\u00e7\u00e3o; e Assessoria ao Coletivo pela Valoriza\u00e7\u00e3o dos Saberes Potiguara\/Para\u00edba.<\/p>\n\n\n\n<p>Experi\u00eancia como Professora Bolsista no Programa Mulheres Mil \u2013 PRONATEC Para\u00edba, ministrando o curso \u201cAgente de Desenvolvimento Cooperativista\u201d para a Associa\u00e7\u00e3o de Mulheres Guerreiras Potiguara, na aldeia Forte, Ba\u00eda da Trai\u00e7\u00e3o, Para\u00edba.<\/p>\n\n\n\n<p>Coordenadora do Projeto de Extens\u00e3o \u201cCtrl+Start: Iniciando sua Jornada na Inform\u00e1tica\u201d inclus\u00e3o e letramento digital desenvolvido em comunidades circunvizinhas ao Campus IV da UFPB Unidade Mamanguape, Para\u00edba.<\/p>\n\n\n\n<p>Especializa\u00e7\u00e3o em Estudos Latino-Americanos pela Universidade Federal de Juiz de Fora\/ Minas Gerais (2012), pesquisa sobre o Imperialismo.<\/p>\n\n\n\n<p>Filiada \u00e0 Associa\u00e7\u00e3o dos Amigos da Escola Nacional Florestan Fernandes Guararema\/S\u00e3o Paulo<\/p>\n\n\n\n<p>Bacharelado em Secretariado Executivo Tril\u00edngue Portugu\u00eas, Ingl\u00eas e Franc\u00eas pela Universidade Federal de Vi\u00e7osa\/Minas Gerais (2005). Trabalho de conclus\u00e3o de curso sobre TICs e Redes de Movimentos Sociais na Am\u00e9rica Latina.<\/p>\n\n\n\n<p>Membro Fundadora da Associa\u00e7\u00e3o Brasileira de Pesquisa em Secretariado Executivo (ABPSEC) S\u00e3o Paulo.<\/p>\n\n\n\n<p>Experi\u00eancia como Gestora na Associa\u00e7\u00e3o Estadual e Coopera\u00e7\u00e3o Agr\u00edcola (AESCA\/MG) e na Cooperativa dos trabalhadores e Trabalhadoras da Agricultura Camponesa (Coopertrac\/MG).<\/p>\n\n\n\n<p>Experi\u00eancia como Gestora na Universidade: Coordena\u00e7\u00e3o do Laborat\u00f3rio e Escrit\u00f3rio Experimental de Secretariado (Labsec), Coordenadora de Est\u00e1gio Supervisionado, Coordena\u00e7\u00e3o de curso, Coordenadora de Trabalho de Conclus\u00e3o de Curso.<\/p>\n\n\n\n<p>Experi\u00eancia como Gestora de Eventos Locais, Nacionais e Internacionais: 1\u00aa e 2\u00aa edi\u00e7\u00f5es do Semin\u00e1rio do Coletivo pela Valoriza\u00e7\u00e3o dos Saberes Potiguara, Aldeia Coqueirinho, Para\u00edba (2016, 2017); 3\u00ba, 5\u00aa e 8\u00aa edi\u00e7\u00f5es do Encontro de Secretariado da Para\u00edba, UFPB (2024, 2016, 2010); 2\u00aa, 3\u00aa 4\u00aa, 5\u00aa, 8\u00aa edi\u00e7\u00f5es do Semin\u00e1rio Internacional de Pr\u00e1ticas Educativas\/UFPB (2013, 2014, 2016, 2018, 2023); 1\u00ba Semin\u00e1rio Internacional &#8220;Globalizaci\u00f3n, miner\u00eda e impactos socioambientales&#8221; (2021) Universidad de Huelva, Espanha.<\/p>\n\n\n\n<p>Professora efetiva do Departamento de Ci\u00eancias Sociais Aplicadas da Universidade Federal da Para\u00edba (UFPB\/Campus IV\/Mamanguape).<\/p>\n\n\n\n<p>Atua na doc\u00eancia dos seguintes temas: Sistemas, Gest\u00e3o e t\u00e9cnicas Secretariais; Gest\u00e3o Documental; Gest\u00e3o de Evento; Cerimonial e Protocolo; Etiqueta, Rela\u00e7\u00f5es P\u00fablicas; Metodologia de Pesquisa, T\u00e9cnicas e Tecnologias da Comunica\u00e7\u00e3o.<\/p>\n\n\n\n<p>Filiada \u00e0 Associa\u00e7\u00e3o dos Docentes da Universidade Federal da Para\u00edba (ADUFPB)<\/p>\n\n\n\n<p>Filiada \u00e0 Organiza\u00e7\u00e3o Humanit\u00e1ria Internacional M\u00e9dicos Sem Fronteiras. Educadora Popular. Internacionalista. Ama gatos e p\u00e1ssaros. Doadora de Sangue ( A+). Reikiana. Portadora de Fibromialgia (PcD)<\/p>\n\n\n\n<p>Contato: <a href=\"mailto:zampier@ccae.ufpb.br\">zampier@ccae.ufpb.br<\/a><\/p>\n","protected":false},"excerpt":{"rendered":"<p>Coordenadora Prof\u00aa Cibelle Santiago Referente \u00e0s atividades de ensino, ministro diversas disciplinas ligadas ao curso [&hellip;]<\/p>\n","protected":false},"author":47,"featured_media":0,"parent":13,"menu_order":0,"comment_status":"closed","ping_status":"closed","template":"","meta":{"footnotes":""},"class_list":["post-245","page","type-page","status-publish","hentry"],"_links":{"self":[{"href":"https:\/\/www.ccae.ufpb.br\/labsec\/wp-json\/wp\/v2\/pages\/245","targetHints":{"allow":["GET"]}}],"collection":[{"href":"https:\/\/www.ccae.ufpb.br\/labsec\/wp-json\/wp\/v2\/pages"}],"about":[{"href":"https:\/\/www.ccae.ufpb.br\/labsec\/wp-json\/wp\/v2\/types\/page"}],"author":[{"embeddable":true,"href":"https:\/\/www.ccae.ufpb.br\/labsec\/wp-json\/wp\/v2\/users\/47"}],"replies":[{"embeddable":true,"href":"https:\/\/www.ccae.ufpb.br\/labsec\/wp-json\/wp\/v2\/comments?post=245"}],"version-history":[{"count":8,"href":"https:\/\/www.ccae.ufpb.br\/labsec\/wp-json\/wp\/v2\/pages\/245\/revisions"}],"predecessor-version":[{"id":461,"href":"https:\/\/www.ccae.ufpb.br\/labsec\/wp-json\/wp\/v2\/pages\/245\/revisions\/461"}],"up":[{"embeddable":true,"href":"https:\/\/www.ccae.ufpb.br\/labsec\/wp-json\/wp\/v2\/pages\/13"}],"wp:attachment":[{"href":"https:\/\/www.ccae.ufpb.br\/labsec\/wp-json\/wp\/v2\/media?parent=245"}],"curies":[{"name":"wp","href":"https:\/\/api.w.org\/{rel}","templated":true}]}}