{"id":411,"date":"2024-10-14T20:16:27","date_gmt":"2024-10-14T23:16:27","guid":{"rendered":"https:\/\/www.ccae.ufpb.br\/labsec\/?page_id=411"},"modified":"2025-04-16T19:20:59","modified_gmt":"2025-04-16T22:20:59","slug":"extensao","status":"publish","type":"page","link":"https:\/\/www.ccae.ufpb.br\/labsec\/projetos\/extensao\/","title":{"rendered":"Extens\u00e3o"},"content":{"rendered":"\n<p class=\"has-black-color has-text-color has-link-color has-medium-font-size wp-elements-d7fb733b9057a875267bab1ad9b4ed71\">2024 &#8211; <strong>CTRL + START: &nbsp;Iniciando sua Jornada na Inform\u00e1tica<\/strong> ( Bolsista UFPB no seu Mun\u00edcipio) Per\u00edodo de execu\u00e7\u00e3o: 01\/06\/2024 a 31\/12\/2024.<\/p>\n\n\n\n<figure class=\"wp-block-gallery has-nested-images columns-default is-cropped wp-block-gallery-1 is-layout-flex wp-block-gallery-is-layout-flex\">\n<figure class=\"wp-block-image size-large\"><img loading=\"lazy\" decoding=\"async\" width=\"669\" height=\"325\" data-id=\"524\" src=\"https:\/\/www.ccae.ufpb.br\/labsec\/wp-content\/uploads\/sites\/170\/sites\/172\/2024\/12\/WhatsApp-Image-2024-11-29-at-21.54.11.jpeg\" alt=\"\" class=\"wp-image-524\" srcset=\"https:\/\/www.ccae.ufpb.br\/labsec\/wp-content\/uploads\/sites\/170\/sites\/172\/2024\/12\/WhatsApp-Image-2024-11-29-at-21.54.11.jpeg 669w, https:\/\/www.ccae.ufpb.br\/labsec\/wp-content\/uploads\/sites\/170\/sites\/172\/2024\/12\/WhatsApp-Image-2024-11-29-at-21.54.11-300x146.jpeg 300w\" sizes=\"auto, (max-width: 669px) 100vw, 669px\" \/><\/figure>\n<\/figure>\n\n\n\n<p>Ctrl+Start \u00e9 um projeto de Extens\u00e3o Universit\u00e1ria que visa promover a inclus\u00e3o digital e social atrav\u00e9s do letramento digital operacionalizado em curso de forma\u00e7\u00e3o inicial onde conceitos fundamentais da inform\u00e1tica , incluindo hardware, software, internet e aplica\u00e7\u00f5es pr\u00e1ticas de tecnologia da informa\u00e7\u00e3o ser\u00e3o ministrados para os(as) moradores(as) Engenho Novo, Zona Rural &#8211; comunidade circunvizinha do Campus IV\/unidade Mamanguape da UFPB, localizado no Litoral Norte da Para\u00edba.<\/p>\n\n\n\n<p><strong>Coordena\u00e7\u00e3o do projeto:<\/strong><\/p>\n\n\n\n<p>Prof\u00aa Maika Zampier DCSA\/Labsec<\/p>\n\n\n\n<p>Prof\u00aa Cibelle Santiago DCSA\/Labsec<\/p>\n\n\n\n<p>Vaniele Oliveira &#8211; Assistente em Administra\u00e7\u00e3o Labsec.<\/p>\n\n\n\n<p><strong>Estudantes Extensionista:<\/strong><\/p>\n\n\n\n<p>Pedro Alves (Licenciatura em Ci\u00eancias da Computa\u00e7\u00e3o) Bolsista.<\/p>\n\n\n\n<p>Allan Teixeira (Bacharelado em Contabilidade)<\/p>\n\n\n\n<p>Arthur R\u00eago ( Licenciatura em Ci\u00eancias da Computa\u00e7\u00e3o)<\/p>\n\n\n\n<p>Jeferson Carvalho ( Bacharelado em Contabilidade)<\/p>\n\n\n\n<p>Johnnie Fonseca ( Secretariado Executivo Bil\u00edngue)<\/p>\n\n\n\n<p>J\u00falia Sales ( Bacharelado em Administra\u00e7\u00e3o)<\/p>\n\n\n\n<p>L\u00edvia Monteiro ( Bacharelado em Administra\u00e7\u00e3o)<\/p>\n\n\n\n<p><strong>Per\u00edodo de execu\u00e7\u00e3o:<\/strong> 01\/06\/2024 a 31\/12\/2024<\/p>\n\n\n\n<div style=\"height:100px\" aria-hidden=\"true\" class=\"wp-block-spacer\"><\/div>\n\n\n\n<p class=\"has-black-color has-text-color has-link-color has-medium-font-size wp-elements-54faadb7f216c26adfda49a32fddc0cd\">2024 &#8211; <strong> PODCAST EM PAUTA: Um Di\u00e1logo da Universidade com a Sociedade<\/strong> &#8211; Bolsista PROBEX<\/p>\n\n\n\n<figure class=\"wp-block-gallery has-nested-images columns-default is-cropped wp-block-gallery-2 is-layout-flex wp-block-gallery-is-layout-flex\">\n<figure class=\"wp-block-image size-large\"><img loading=\"lazy\" decoding=\"async\" width=\"1080\" height=\"810\" data-id=\"485\" src=\"https:\/\/www.ccae.ufpb.br\/labsec\/wp-content\/uploads\/sites\/170\/sites\/172\/2024\/10\/WhatsApp-Image-2024-10-18-at-12.49.00-edited.jpeg\" alt=\"\" class=\"wp-image-485\" srcset=\"https:\/\/www.ccae.ufpb.br\/labsec\/wp-content\/uploads\/sites\/170\/sites\/172\/2024\/10\/WhatsApp-Image-2024-10-18-at-12.49.00-edited.jpeg 1080w, https:\/\/www.ccae.ufpb.br\/labsec\/wp-content\/uploads\/sites\/170\/sites\/172\/2024\/10\/WhatsApp-Image-2024-10-18-at-12.49.00-edited-300x225.jpeg 300w, https:\/\/www.ccae.ufpb.br\/labsec\/wp-content\/uploads\/sites\/170\/sites\/172\/2024\/10\/WhatsApp-Image-2024-10-18-at-12.49.00-edited-1024x768.jpeg 1024w, https:\/\/www.ccae.ufpb.br\/labsec\/wp-content\/uploads\/sites\/170\/sites\/172\/2024\/10\/WhatsApp-Image-2024-10-18-at-12.49.00-edited-768x576.jpeg 768w\" sizes=\"auto, (max-width: 1080px) 100vw, 1080px\" \/><\/figure>\n<\/figure>\n\n\n\n<p>Em sua 3\u00aa edi\u00e7\u00e3o, o projeto de extens\u00e3o Podcast em Pauta: Um Di\u00e1logo da Universidade com a Sociedade, continua com o objetivo de estimular e desenvolver a opini\u00e3o cr\u00edtica e argumentativa dos estudantes, professores e profissionais por meio da grava\u00e7\u00e3o de epis\u00f3dios de podcasts.\u00a0 Compreendendo a necessidade de formar profissionais e cidad\u00e3os com posicionamento cr\u00edtico-reflexivo, este projeto de extens\u00e3o valoriza o protagonismo, a iniciativa e a curiosidade dos estudantes para realizar buscas de not\u00edcias cotidianas, artigos cient\u00edficos, livros e filmes, visando praticar a leitura e a compreens\u00e3o de texto para emitir opini\u00f5es argumentativas.<\/p>\n\n\n\n<p><strong>Coordena\u00e7\u00e3o do Projeto<\/strong><\/p>\n\n\n\n<p>Prof. Cibelle da Silva Santiago<\/p>\n\n\n\n<p>Prof. Maika Bueque Zampier<\/p>\n\n\n\n<p><strong>Colaboradores<\/strong><\/p>\n\n\n\n<p>Prof. Raquel Alves Santos<\/p>\n\n\n\n<p>Estudante&nbsp;Cleyton&nbsp;Paulo Da Silva<\/p>\n\n\n\n<p>Estudante Kaline Carlos Da Silva<\/p>\n\n\n\n<p>Estudante Lenilton Lima Dos Santos<\/p>\n\n\n\n<p>Estudante Bolsista Allan Soares Nascimento<\/p>\n\n\n\n<p>Per\u00edodo de execu\u00e7\u00e3o: 01\/08\/2024 a 01\/08\/2025<\/p>\n","protected":false},"excerpt":{"rendered":"<p>2024 &#8211; CTRL + START: &nbsp;Iniciando sua Jornada na Inform\u00e1tica ( Bolsista UFPB no seu [&hellip;]<\/p>\n","protected":false},"author":47,"featured_media":0,"parent":159,"menu_order":0,"comment_status":"closed","ping_status":"closed","template":"","meta":{"footnotes":""},"class_list":["post-411","page","type-page","status-publish","hentry"],"_links":{"self":[{"href":"https:\/\/www.ccae.ufpb.br\/labsec\/wp-json\/wp\/v2\/pages\/411","targetHints":{"allow":["GET"]}}],"collection":[{"href":"https:\/\/www.ccae.ufpb.br\/labsec\/wp-json\/wp\/v2\/pages"}],"about":[{"href":"https:\/\/www.ccae.ufpb.br\/labsec\/wp-json\/wp\/v2\/types\/page"}],"author":[{"embeddable":true,"href":"https:\/\/www.ccae.ufpb.br\/labsec\/wp-json\/wp\/v2\/users\/47"}],"replies":[{"embeddable":true,"href":"https:\/\/www.ccae.ufpb.br\/labsec\/wp-json\/wp\/v2\/comments?post=411"}],"version-history":[{"count":18,"href":"https:\/\/www.ccae.ufpb.br\/labsec\/wp-json\/wp\/v2\/pages\/411\/revisions"}],"predecessor-version":[{"id":662,"href":"https:\/\/www.ccae.ufpb.br\/labsec\/wp-json\/wp\/v2\/pages\/411\/revisions\/662"}],"up":[{"embeddable":true,"href":"https:\/\/www.ccae.ufpb.br\/labsec\/wp-json\/wp\/v2\/pages\/159"}],"wp:attachment":[{"href":"https:\/\/www.ccae.ufpb.br\/labsec\/wp-json\/wp\/v2\/media?parent=411"}],"curies":[{"name":"wp","href":"https:\/\/api.w.org\/{rel}","templated":true}]}}