{"id":596,"date":"2025-03-28T13:00:16","date_gmt":"2025-03-28T16:00:16","guid":{"rendered":"https:\/\/www.ccae.ufpb.br\/labsec\/?page_id=596"},"modified":"2025-04-10T14:21:19","modified_gmt":"2025-04-10T17:21:19","slug":"parcerias","status":"publish","type":"page","link":"https:\/\/www.ccae.ufpb.br\/labsec\/parcerias\/","title":{"rendered":"Parcerias"},"content":{"rendered":"\n<p class=\"has-medium-font-size\"><strong>Programa Mulhers Mil &#8211; CPT-ETS\/UFPB<\/strong><\/p>\n\n\n\n<div class=\"wp-block-columns is-layout-flex wp-container-core-columns-is-layout-9d6595d7 wp-block-columns-is-layout-flex\">\n<div class=\"wp-block-column is-layout-flow wp-block-column-is-layout-flow\">\n<figure class=\"wp-block-gallery has-nested-images columns-default is-cropped wp-block-gallery-1 is-layout-flex wp-block-gallery-is-layout-flex\">\n<figure class=\"wp-block-image size-large\"><img loading=\"lazy\" decoding=\"async\" width=\"1024\" height=\"321\" data-id=\"608\" src=\"https:\/\/www.ccae.ufpb.br\/labsec\/wp-content\/uploads\/sites\/170\/sites\/172\/2025\/03\/WhatsApp-Image-2025-03-26-at-17.53.27-1024x321.jpeg\" alt=\"\" class=\"wp-image-608\" srcset=\"https:\/\/www.ccae.ufpb.br\/labsec\/wp-content\/uploads\/sites\/170\/sites\/172\/2025\/03\/WhatsApp-Image-2025-03-26-at-17.53.27-1024x321.jpeg 1024w, https:\/\/www.ccae.ufpb.br\/labsec\/wp-content\/uploads\/sites\/170\/sites\/172\/2025\/03\/WhatsApp-Image-2025-03-26-at-17.53.27-300x94.jpeg 300w, https:\/\/www.ccae.ufpb.br\/labsec\/wp-content\/uploads\/sites\/170\/sites\/172\/2025\/03\/WhatsApp-Image-2025-03-26-at-17.53.27-768x241.jpeg 768w, https:\/\/www.ccae.ufpb.br\/labsec\/wp-content\/uploads\/sites\/170\/sites\/172\/2025\/03\/WhatsApp-Image-2025-03-26-at-17.53.27.jpeg 1152w\" sizes=\"auto, (max-width: 1024px) 100vw, 1024px\" \/><\/figure>\n<\/figure>\n<\/div>\n\n\n\n<div class=\"wp-block-column is-layout-flow wp-block-column-is-layout-flow\"><\/div>\n<\/div>\n\n\n\n<p class=\"has-medium-font-size\"><\/p>\n\n\n\n<p>O Programa Mulheres Mil re\u00fane um conjunto de pol\u00edticas p\u00fablicas e diretrizes governamentais voltadas para promover a inclus\u00e3o educacional, social e produtiva de mulheres em situa\u00e7\u00e3o de vulnerabilidade.<\/p>\n\n\n\n<p>O Programa Mulheres Mil foi criado com a finalidade de unir a educa\u00e7\u00e3o ao trabalho, abrangendo a popula\u00e7\u00e3o feminina em busca de oportunidades de acesso \u00e0s a\u00e7\u00f5es educacionais, \u00e0 eleva\u00e7\u00e3o da escolaridade e \u00e0 inclus\u00e3o e perman\u00eancia no mundo do trabalho, tendo como ponto central a identifica\u00e7\u00e3o, o reconhecimento e a valoriza\u00e7\u00e3o da diversidade e dos saberes acumulados em cada uma de suas etapas de vida.<\/p>\n\n\n\n<p>As professoras Maika Zampier e Cibelle Santiago, coordenadoras do Labsec, participam do Programa ministrando disciplinas para os cursos de Assistente Administrativo e Assistente de Inform\u00e1tica, utilizando as depend\u00eancias do Laborat\u00f3rio como espa\u00e7o formativo. O objetivo \u00e9 implantar pedagogias dial\u00f3gicas e metodologias participativas que valorizem a escuta, o di\u00e1logo horizontal e o protagonismo das mulheres nos processos educativos.<\/p>\n\n\n\n<p>As pr\u00e1ticas desenvolvidas no Labsec dentro do Programa Mulheres Mil tamb\u00e9m promovem a inclus\u00e3o digital cr\u00edtica das mulheres, fortalecendo o uso das tecnologias como ferramenta de cidadania, autonomia e transforma\u00e7\u00e3o social. O ambiente \u00e9 pensado para ser um espa\u00e7o seguro, acolhedor e politicamente comprometido com a constru\u00e7\u00e3o de uma educa\u00e7\u00e3o p\u00fablica e inclusiva.<\/p>\n\n\n\n<p><\/p>\n\n\n\n<p class=\"has-medium-font-size\"><strong>ADUFPB &#8211; Associa\u00e7\u00e3o dos Docentes da Universidade Federal da Para\u00edba<\/strong><\/p>\n\n\n\n<div class=\"wp-block-columns is-layout-flex wp-container-core-columns-is-layout-9d6595d7 wp-block-columns-is-layout-flex\">\n<div class=\"wp-block-column is-layout-flow wp-block-column-is-layout-flow\">\n<figure class=\"wp-block-gallery has-nested-images columns-default is-cropped wp-block-gallery-2 is-layout-flex wp-block-gallery-is-layout-flex\">\n<figure class=\"wp-block-image size-large\"><img loading=\"lazy\" decoding=\"async\" width=\"1024\" height=\"575\" data-id=\"609\" src=\"https:\/\/www.ccae.ufpb.br\/labsec\/wp-content\/uploads\/sites\/170\/sites\/172\/2025\/03\/MARCA-OFICIAL-DA-ADUFPB-2022-1024x575.png\" alt=\"\" class=\"wp-image-609\" srcset=\"https:\/\/www.ccae.ufpb.br\/labsec\/wp-content\/uploads\/sites\/170\/sites\/172\/2025\/03\/MARCA-OFICIAL-DA-ADUFPB-2022-1024x575.png 1024w, https:\/\/www.ccae.ufpb.br\/labsec\/wp-content\/uploads\/sites\/170\/sites\/172\/2025\/03\/MARCA-OFICIAL-DA-ADUFPB-2022-300x169.png 300w, https:\/\/www.ccae.ufpb.br\/labsec\/wp-content\/uploads\/sites\/170\/sites\/172\/2025\/03\/MARCA-OFICIAL-DA-ADUFPB-2022-768x432.png 768w, https:\/\/www.ccae.ufpb.br\/labsec\/wp-content\/uploads\/sites\/170\/sites\/172\/2025\/03\/MARCA-OFICIAL-DA-ADUFPB-2022-1536x863.png 1536w, https:\/\/www.ccae.ufpb.br\/labsec\/wp-content\/uploads\/sites\/170\/sites\/172\/2025\/03\/MARCA-OFICIAL-DA-ADUFPB-2022-2048x1151.png 2048w\" sizes=\"auto, (max-width: 1024px) 100vw, 1024px\" \/><\/figure>\n<\/figure>\n<\/div>\n\n\n\n<div class=\"wp-block-column is-layout-flow wp-block-column-is-layout-flow\"><\/div>\n<\/div>\n\n\n\n<p><\/p>\n\n\n\n<p>A ADFPB \u2013 Associa\u00e7\u00e3o dos Docentes da Universidade Federal da Para\u00edba \u00e9 a se\u00e7\u00e3o sindical do ANDES-SN (Sindicato Nacional dos Docentes das Institui\u00e7\u00f5es de Ensino Superior) que representa os(as) professores(as) da UFPB em todas as suas unidades e campi. Sua atua\u00e7\u00e3o est\u00e1 voltada \u00e0 defesa dos direitos trabalhistas, da educa\u00e7\u00e3o p\u00fablica, gratuita e de qualidade, al\u00e9m da valoriza\u00e7\u00e3o da carreira docente e da democracia nas institui\u00e7\u00f5es federais de ensino.<\/p>\n\n\n\n<p><br>Como entidade aut\u00f4noma e plural, a ADFPB promove atividades pol\u00edticas, culturais, formativas e de mobiliza\u00e7\u00e3o social, articulando as lutas da categoria docente com os movimentos populares e a sociedade civil. Tamb\u00e9m atua na constru\u00e7\u00e3o de debates sobre temas como financiamento da educa\u00e7\u00e3o, pol\u00edticas de perman\u00eancia estudantil, combate \u00e0s desigualdades e fortalecimento da universidade p\u00fablica como espa\u00e7o de conhecimento cr\u00edtico e transforma\u00e7\u00e3o social.<\/p>\n\n\n\n<p><\/p>\n\n\n\n<p class=\"has-medium-font-size\"><strong>Programa Capacita Mamanguape<\/strong><\/p>\n\n\n\n<div class=\"wp-block-columns is-layout-flex wp-container-core-columns-is-layout-9d6595d7 wp-block-columns-is-layout-flex\">\n<div class=\"wp-block-column is-layout-flow wp-block-column-is-layout-flow\">\n<figure class=\"wp-block-gallery has-nested-images columns-default is-cropped wp-block-gallery-3 is-layout-flex wp-block-gallery-is-layout-flex\">\n<figure class=\"wp-block-image size-large\"><img loading=\"lazy\" decoding=\"async\" width=\"1024\" height=\"321\" data-id=\"619\" src=\"https:\/\/www.ccae.ufpb.br\/labsec\/wp-content\/uploads\/sites\/170\/sites\/172\/2025\/03\/logo_capacita_01-1024x321.png\" alt=\"\" class=\"wp-image-619\" srcset=\"https:\/\/www.ccae.ufpb.br\/labsec\/wp-content\/uploads\/sites\/170\/sites\/172\/2025\/03\/logo_capacita_01-1024x321.png 1024w, https:\/\/www.ccae.ufpb.br\/labsec\/wp-content\/uploads\/sites\/170\/sites\/172\/2025\/03\/logo_capacita_01-300x94.png 300w, https:\/\/www.ccae.ufpb.br\/labsec\/wp-content\/uploads\/sites\/170\/sites\/172\/2025\/03\/logo_capacita_01-768x241.png 768w, https:\/\/www.ccae.ufpb.br\/labsec\/wp-content\/uploads\/sites\/170\/sites\/172\/2025\/03\/logo_capacita_01.png 1081w\" sizes=\"auto, (max-width: 1024px) 100vw, 1024px\" \/><\/figure>\n<\/figure>\n<\/div>\n\n\n\n<div class=\"wp-block-column is-layout-flow wp-block-column-is-layout-flow\">\n<figure class=\"wp-block-gallery has-nested-images columns-default is-cropped wp-block-gallery-4 is-layout-flex wp-block-gallery-is-layout-flex\">\n<figure class=\"wp-block-image size-large\"><img loading=\"lazy\" decoding=\"async\" width=\"590\" height=\"233\" data-id=\"618\" src=\"https:\/\/www.ccae.ufpb.br\/labsec\/wp-content\/uploads\/sites\/170\/sites\/172\/2025\/03\/IMG_8198.jpg\" alt=\"\" class=\"wp-image-618\" srcset=\"https:\/\/www.ccae.ufpb.br\/labsec\/wp-content\/uploads\/sites\/170\/sites\/172\/2025\/03\/IMG_8198.jpg 590w, https:\/\/www.ccae.ufpb.br\/labsec\/wp-content\/uploads\/sites\/170\/sites\/172\/2025\/03\/IMG_8198-300x118.jpg 300w\" sizes=\"auto, (max-width: 590px) 100vw, 590px\" \/><\/figure>\n<\/figure>\n<\/div>\n<\/div>\n\n\n\n<p><\/p>\n\n\n\n<p>O Capacita Mamanguape \u00e9 um programa de capacita\u00e7\u00e3o profissional da Prefeitura de Mamanguape, na Para\u00edba. O programa oferece cursos em diversas \u00e1reas, como administra\u00e7\u00e3o, tecnologia, sa\u00fade, agricultura e ind\u00fastria.<br>Objetivos Oferecer oportunidades de emprego, Capacitar jovens e idosos, Proporcionar acesso a uma forma\u00e7\u00e3o de qualidade, Preparar os jovens para o mercado de trabalho.<\/p>\n\n\n\n<p><\/p>\n\n\n\n<p class=\"has-medium-font-size\"><strong>Instituto Educacional Para\u00edbano Targino &amp; Dutra<\/strong><\/p>\n\n\n\n<p><\/p>\n\n\n\n<div class=\"wp-block-columns is-layout-flex wp-container-core-columns-is-layout-9d6595d7 wp-block-columns-is-layout-flex\">\n<div class=\"wp-block-column is-layout-flow wp-block-column-is-layout-flow\">\n<figure class=\"wp-block-gallery has-nested-images columns-default is-cropped wp-block-gallery-5 is-layout-flex wp-block-gallery-is-layout-flex\">\n<figure class=\"wp-block-image size-large\"><img loading=\"lazy\" decoding=\"async\" width=\"500\" height=\"375\" data-id=\"622\" src=\"https:\/\/www.ccae.ufpb.br\/labsec\/wp-content\/uploads\/sites\/170\/sites\/172\/2025\/03\/WhatsApp-Image-2025-03-28-at-19.03.20-edited.jpeg\" alt=\"\" class=\"wp-image-622\" srcset=\"https:\/\/www.ccae.ufpb.br\/labsec\/wp-content\/uploads\/sites\/170\/sites\/172\/2025\/03\/WhatsApp-Image-2025-03-28-at-19.03.20-edited.jpeg 500w, https:\/\/www.ccae.ufpb.br\/labsec\/wp-content\/uploads\/sites\/170\/sites\/172\/2025\/03\/WhatsApp-Image-2025-03-28-at-19.03.20-edited-300x225.jpeg 300w\" sizes=\"auto, (max-width: 500px) 100vw, 500px\" \/><\/figure>\n<\/figure>\n<\/div>\n\n\n\n<div class=\"wp-block-column is-layout-flow wp-block-column-is-layout-flow\"><\/div>\n<\/div>\n\n\n\n<p>O Laborat\u00f3rio e Escrit\u00f3rio Experimental de Secretariado Executivo (Labsec) da Universidade Federal da Para\u00edba, em parceria com o Instituto Educacional Para\u00edbano, oferece consultorias e cursos de capacita\u00e7\u00e3o voltados ao setor p\u00fablico, privado e organiza\u00e7\u00f5es n\u00e3o governamentais atuantes na regi\u00e3o do Litoral Norte da Para\u00edba.<\/p>\n\n\n\n<p>Os cursos propostos est\u00e3o organizados em eixos tem\u00e1ticos e t\u00eam como objetivo contribuir com a forma\u00e7\u00e3o t\u00e9cnica, cidad\u00e3 e profissional de p\u00fablicos externos \u00e0 UFPB, fortalecendo o compromisso da universidade com o desenvolvimento regional, a inclus\u00e3o e a qualifica\u00e7\u00e3o de trabalhadores(as) em contextos diversos.<\/p>\n\n\n\n<p><\/p>\n\n\n\n<p><\/p>\n\n\n\n<p><strong>Empresa Junior de Secretariado Campus IV UFPB &#8211;  Inovasec Jr<\/strong><\/p>\n\n\n\n<div class=\"wp-block-columns is-layout-flex wp-container-core-columns-is-layout-9d6595d7 wp-block-columns-is-layout-flex\">\n<div class=\"wp-block-column is-layout-flow wp-block-column-is-layout-flow\">\n<figure class=\"wp-block-gallery has-nested-images columns-default is-cropped wp-block-gallery-6 is-layout-flex wp-block-gallery-is-layout-flex\">\n<figure class=\"wp-block-image size-large\"><img loading=\"lazy\" decoding=\"async\" width=\"572\" height=\"572\" data-id=\"626\" src=\"https:\/\/www.ccae.ufpb.br\/labsec\/wp-content\/uploads\/sites\/170\/sites\/172\/2025\/03\/inovasec.jpg\" alt=\"\" class=\"wp-image-626\" srcset=\"https:\/\/www.ccae.ufpb.br\/labsec\/wp-content\/uploads\/sites\/170\/sites\/172\/2025\/03\/inovasec.jpg 572w, https:\/\/www.ccae.ufpb.br\/labsec\/wp-content\/uploads\/sites\/170\/sites\/172\/2025\/03\/inovasec-300x300.jpg 300w, https:\/\/www.ccae.ufpb.br\/labsec\/wp-content\/uploads\/sites\/170\/sites\/172\/2025\/03\/inovasec-150x150.jpg 150w\" sizes=\"auto, (max-width: 572px) 100vw, 572px\" \/><\/figure>\n<\/figure>\n<\/div>\n\n\n\n<div class=\"wp-block-column is-layout-flow wp-block-column-is-layout-flow\"><\/div>\n<\/div>\n\n\n\n<p>A Inovasec Jr, Empresa J\u00fanior do Curso de Secretariado Executivo Bilingue do CCAE, \u00e9 uma associa\u00e7\u00e3o civil multidisciplinar vinculada a Universidade Federal da Para\u00edba (UFPB) e tem como objetivo favorecer o conhecimento e estimular o desenvolvimento profissional dos(das) discentes do curso de Secretariado Executivo, al\u00e9m de consolidar o v\u00ednculo e estabelecer parcerias entre a UFPB e outras institui\u00e7\u00f5es e empresas p\u00fablicas e privadas, para o melhor desenvolvimento de suas atividades.<\/p>\n\n\n\n<p><\/p>\n\n\n\n<p><strong>Associa\u00e7\u00e3o das Mulheres Guerreiras Ind\u00edgenas Potiguara da Para\u00edba (AMGIP)<\/strong><\/p>\n\n\n\n<p>A Associa\u00e7\u00e3o das Mulheres Guerreiras Ind\u00edgenas Potiguara da Para\u00edba (AMGIP) \u00e9 uma organiza\u00e7\u00e3o fundada em 2018 na Ba\u00eda da Trai\u00e7\u00e3o, Para\u00edba, com o objetivo de fortalecer a viv\u00eancia cultural e tradicional do povo Potiguara, al\u00e9m de promover a participa\u00e7\u00e3o ativa das mulheres ind\u00edgenas nas pol\u00edticas p\u00fablicas. Sob a lideran\u00e7a de Maria Soares Gomes, conhecida como Comadre Guerreira, a AMGIP atua incentivando as mulheres a reivindicarem seus direitos, ocuparem espa\u00e7os de decis\u00e3o e cuidarem umas das outras, fomentando a criatividade em atividades como o artesanato e incentivando a educa\u00e7\u00e3o cont\u00ednua. Em abril de 2024, a associa\u00e7\u00e3o inaugurou a Casa das Mulheres Guerreiras Ind\u00edgenas Potiguara na Aldeia Lagoa do Mato, um espa\u00e7o dedicado ao fortalecimento das mulheres ind\u00edgenas e \u00e0 preserva\u00e7\u00e3o das tradi\u00e7\u00f5es culturais. A AMGIP tamb\u00e9m organiza eventos e encontros que visam debater temas essenciais, celebrar a cultura e refor\u00e7ar a luta por direitos e igualdade das mulheres Potiguara.<\/p>\n\n\n\n<p>O Laborat\u00f3rio e Escrit\u00f3rio Experimental de Secretariado (LABSEC) da Universidade Federal da Para\u00edba (UFPB) estabeleceu uma parceria estrat\u00e9gica com a Associa\u00e7\u00e3o das Mulheres Guerreiras Ind\u00edgenas Potiguara da Para\u00edba (AMGIP-PB), visando oferecer cursos e assessoria t\u00e9cnica \u00e0s mulheres ind\u00edgenas da regi\u00e3o. Essa colabora\u00e7\u00e3o busca fortalecer as compet\u00eancias das participantes em \u00e1reas como gest\u00e3o administrativa, comunica\u00e7\u00e3o e uso de tecnologias, promovendo a inclus\u00e3o digital e ampliando as oportunidades socioecon\u00f4micas para as mulheres Potiguara. A iniciativa tamb\u00e9m enfatiza a valoriza\u00e7\u00e3o dos saberes tradicionais e a preserva\u00e7\u00e3o cultural, integrando conhecimentos ancestrais com pr\u00e1ticas contempor\u00e2neas de secretariado e gest\u00e3o.<\/p>\n\n\n\n<p><\/p>\n\n\n\n<p><strong>Secretaria Executiva de Moderniza\u00e7\u00e3o e Transforma\u00e7\u00e3o Digital do Estado da Para\u00edba<\/strong><\/p>\n\n\n\n<div class=\"wp-block-columns is-layout-flex wp-container-core-columns-is-layout-9d6595d7 wp-block-columns-is-layout-flex\">\n<div class=\"wp-block-column is-layout-flow wp-block-column-is-layout-flow\">\n<figure class=\"wp-block-gallery has-nested-images columns-default is-cropped wp-block-gallery-7 is-layout-flex wp-block-gallery-is-layout-flex\">\n<figure class=\"wp-block-image size-large\"><img loading=\"lazy\" decoding=\"async\" width=\"1024\" height=\"338\" data-id=\"657\" src=\"https:\/\/www.ccae.ufpb.br\/labsec\/wp-content\/uploads\/sites\/170\/sites\/172\/2025\/04\/WhatsApp-Image-2025-04-10-at-14.07.11-1024x338.jpeg\" alt=\"\" class=\"wp-image-657\" srcset=\"https:\/\/www.ccae.ufpb.br\/labsec\/wp-content\/uploads\/sites\/170\/sites\/172\/2025\/04\/WhatsApp-Image-2025-04-10-at-14.07.11-1024x338.jpeg 1024w, https:\/\/www.ccae.ufpb.br\/labsec\/wp-content\/uploads\/sites\/170\/sites\/172\/2025\/04\/WhatsApp-Image-2025-04-10-at-14.07.11-300x99.jpeg 300w, https:\/\/www.ccae.ufpb.br\/labsec\/wp-content\/uploads\/sites\/170\/sites\/172\/2025\/04\/WhatsApp-Image-2025-04-10-at-14.07.11-768x253.jpeg 768w, https:\/\/www.ccae.ufpb.br\/labsec\/wp-content\/uploads\/sites\/170\/sites\/172\/2025\/04\/WhatsApp-Image-2025-04-10-at-14.07.11.jpeg 1280w\" sizes=\"auto, (max-width: 1024px) 100vw, 1024px\" \/><\/figure>\n<\/figure>\n<\/div>\n\n\n\n<div class=\"wp-block-column is-layout-flow wp-block-column-is-layout-flow\"><\/div>\n<\/div>\n\n\n\n<p><\/p>\n\n\n\n<p>A Secretaria Executiva de Moderniza\u00e7\u00e3o e Transforma\u00e7\u00e3o Digital \u00e9 um \u00f3rg\u00e3o vinculado \u00e0 Secretaria de Estado da Administra\u00e7\u00e3o da Para\u00edba, estabelecido em mar\u00e7o de 2024 com a miss\u00e3o de coordenar e implementar iniciativas de transforma\u00e7\u00e3o digital nos servi\u00e7os p\u00fablicos estaduais. Sob a lideran\u00e7a da Secret\u00e1ria Executiva Jacqueline Gusm\u00e3o, a secretaria \u00e9 respons\u00e1vel por definir diretrizes, estabelecer normas e avaliar a execu\u00e7\u00e3o de planos e projetos que visam aumentar a efici\u00eancia, simplifica\u00e7\u00e3o e agilidade nos servi\u00e7os oferecidos pelo Governo da Para\u00edba. Entre suas realiza\u00e7\u00f5es, destaca-se o lan\u00e7amento do portal &#8220;Para\u00edba Digital&#8221; em janeiro de 2025, uma plataforma centralizada que disponibiliza diversos servi\u00e7os digitais ao cidad\u00e3o, refletindo o compromisso do governo com a moderniza\u00e7\u00e3o e a transpar\u00eancia na administra\u00e7\u00e3o p\u00fablica.<\/p>\n\n\n\n<p>O Laborat\u00f3rio e Escrit\u00f3rio Experimental de Secretariado (LABSEC) da Universidade Federal da Para\u00edba (UFPB) desenvolve uma parceria com a Secretaria Executiva de Moderniza\u00e7\u00e3o e Transforma\u00e7\u00e3o Digital do Governo da Para\u00edba, com o objetivo de contribuir para o fortalecimento das pol\u00edticas de inclus\u00e3o digital no estado. Por meio do levantamento e an\u00e1lise de dados sobre os(as) usu\u00e1rios(as) das Casas da Cidadania de Jo\u00e3o Pessoa, o LABSEC busca identificar as principais barreiras enfrentadas no acesso e uso dos servi\u00e7os p\u00fablicos digitais. Esses dados ir\u00e3o subsidiar a Secretaria na formula\u00e7\u00e3o de pol\u00edticas p\u00fablicas mais eficazes, orientadas pelos princ\u00edpios do Movimento das Pol\u00edticas P\u00fablicas Baseadas em Evid\u00eancias (PPBE) \u2014 uma iniciativa global que defende a elabora\u00e7\u00e3o de pol\u00edticas a partir de informa\u00e7\u00f5es rigorosamente produzidas, sistematizadas e contextualizadas. A parceria refor\u00e7a o compromisso conjunto com a democratiza\u00e7\u00e3o do acesso \u00e0s tecnologias, a promo\u00e7\u00e3o da cidadania digital e a constru\u00e7\u00e3o de uma gest\u00e3o p\u00fablica mais participativa e centrada nas necessidades reais da popula\u00e7\u00e3o paraibana.<\/p>\n\n\n\n<p><\/p>\n","protected":false},"excerpt":{"rendered":"<p>Programa Mulhers Mil &#8211; CPT-ETS\/UFPB O Programa Mulheres Mil re\u00fane um conjunto de pol\u00edticas p\u00fablicas [&hellip;]<\/p>\n","protected":false},"author":47,"featured_media":0,"parent":0,"menu_order":0,"comment_status":"closed","ping_status":"closed","template":"","meta":{"footnotes":""},"class_list":["post-596","page","type-page","status-publish","hentry"],"_links":{"self":[{"href":"https:\/\/www.ccae.ufpb.br\/labsec\/wp-json\/wp\/v2\/pages\/596","targetHints":{"allow":["GET"]}}],"collection":[{"href":"https:\/\/www.ccae.ufpb.br\/labsec\/wp-json\/wp\/v2\/pages"}],"about":[{"href":"https:\/\/www.ccae.ufpb.br\/labsec\/wp-json\/wp\/v2\/types\/page"}],"author":[{"embeddable":true,"href":"https:\/\/www.ccae.ufpb.br\/labsec\/wp-json\/wp\/v2\/users\/47"}],"replies":[{"embeddable":true,"href":"https:\/\/www.ccae.ufpb.br\/labsec\/wp-json\/wp\/v2\/comments?post=596"}],"version-history":[{"count":14,"href":"https:\/\/www.ccae.ufpb.br\/labsec\/wp-json\/wp\/v2\/pages\/596\/revisions"}],"predecessor-version":[{"id":661,"href":"https:\/\/www.ccae.ufpb.br\/labsec\/wp-json\/wp\/v2\/pages\/596\/revisions\/661"}],"wp:attachment":[{"href":"https:\/\/www.ccae.ufpb.br\/labsec\/wp-json\/wp\/v2\/media?parent=596"}],"curies":[{"name":"wp","href":"https:\/\/api.w.org\/{rel}","templated":true}]}}