{"id":603,"date":"2025-03-28T13:00:52","date_gmt":"2025-03-28T16:00:52","guid":{"rendered":"https:\/\/www.ccae.ufpb.br\/labsec\/?page_id=603"},"modified":"2025-03-28T14:26:50","modified_gmt":"2025-03-28T17:26:50","slug":"queremos-ouvir-voce","status":"publish","type":"page","link":"https:\/\/www.ccae.ufpb.br\/labsec\/queremos-ouvir-voce\/","title":{"rendered":"Queremos ouvir voc\u00ea"},"content":{"rendered":"\n<p>Avalie sua experi\u00eancia no Labsec\/UFPB.<\/p>\n\n\n\n<p><br>Se voc\u00ea utilizou o Laborat\u00f3rio e Escrit\u00f3rio Experimental de Secretariado (Labsec\/UFPB), queremos ouvir voc\u00ea!<\/p>\n\n\n\n<p>Este espa\u00e7o \u00e9 constru\u00eddo coletivamente e acolhe atividades da comunidade acad\u00eamica da UFPB \u2014 professores(as), alunos(as) e t\u00e9cnicos(as) \u2014 assim como de parceiros(as) da comunidade externa, como escolas, prefeituras, programas sociais e movimentos comunit\u00e1rios.<\/p>\n\n\n\n<p>As professoras Cibelle Santiago e Maika Zampier, coordenadoras do Labsec, gostariam de saber como foi sua experi\u00eancia no ambiente. Sua avalia\u00e7\u00e3o nos ajuda a cuidar melhor do espa\u00e7o e fortalecer o v\u00ednculo entre universidade e sociedade.<\/p>\n\n\n\n<p><a href=\"https:\/\/docs.google.com\/forms\/d\/e\/1FAIpQLSdsXGsLHBBwqc5nP_aHK4amm_opyVXmNM5p5_1uZIzTP2ujmQ\/viewform\" data-type=\"page\" data-id=\"603\">Clique aqui para acessar o formul\u00e1rio de avalia\u00e7\u00e3o<\/a>.<\/p>\n\n\n\n<p><\/p>\n","protected":false},"excerpt":{"rendered":"<p>Avalie sua experi\u00eancia no Labsec\/UFPB. Se voc\u00ea utilizou o Laborat\u00f3rio e Escrit\u00f3rio Experimental de Secretariado [&hellip;]<\/p>\n","protected":false},"author":47,"featured_media":0,"parent":0,"menu_order":0,"comment_status":"closed","ping_status":"closed","template":"","meta":{"footnotes":""},"class_list":["post-603","page","type-page","status-publish","hentry"],"_links":{"self":[{"href":"https:\/\/www.ccae.ufpb.br\/labsec\/wp-json\/wp\/v2\/pages\/603","targetHints":{"allow":["GET"]}}],"collection":[{"href":"https:\/\/www.ccae.ufpb.br\/labsec\/wp-json\/wp\/v2\/pages"}],"about":[{"href":"https:\/\/www.ccae.ufpb.br\/labsec\/wp-json\/wp\/v2\/types\/page"}],"author":[{"embeddable":true,"href":"https:\/\/www.ccae.ufpb.br\/labsec\/wp-json\/wp\/v2\/users\/47"}],"replies":[{"embeddable":true,"href":"https:\/\/www.ccae.ufpb.br\/labsec\/wp-json\/wp\/v2\/comments?post=603"}],"version-history":[{"count":4,"href":"https:\/\/www.ccae.ufpb.br\/labsec\/wp-json\/wp\/v2\/pages\/603\/revisions"}],"predecessor-version":[{"id":615,"href":"https:\/\/www.ccae.ufpb.br\/labsec\/wp-json\/wp\/v2\/pages\/603\/revisions\/615"}],"wp:attachment":[{"href":"https:\/\/www.ccae.ufpb.br\/labsec\/wp-json\/wp\/v2\/media?parent=603"}],"curies":[{"name":"wp","href":"https:\/\/api.w.org\/{rel}","templated":true}]}}