{"id":733,"date":"2025-07-22T16:12:52","date_gmt":"2025-07-22T19:12:52","guid":{"rendered":"https:\/\/www.ccae.ufpb.br\/labsec\/?page_id=733"},"modified":"2025-07-23T15:44:51","modified_gmt":"2025-07-23T18:44:51","slug":"ensino","status":"publish","type":"page","link":"https:\/\/www.ccae.ufpb.br\/labsec\/ensino\/","title":{"rendered":"Ensino"},"content":{"rendered":"\n<p class=\"has-medium-font-size\"><strong>Funda\u00e7\u00e3o de Apoio \u00e0 Pesquisa no Estado da Para\u00edba (FapesqPB)<\/strong><\/p>\n\n\n\n<div class=\"wp-block-columns is-layout-flex wp-container-core-columns-is-layout-9d6595d7 wp-block-columns-is-layout-flex\">\n<div class=\"wp-block-column is-layout-flow wp-block-column-is-layout-flow\">\n<figure class=\"wp-block-gallery has-nested-images columns-default is-cropped wp-block-gallery-1 is-layout-flex wp-block-gallery-is-layout-flex\">\n<figure class=\"wp-block-image size-large\"><img loading=\"lazy\" decoding=\"async\" width=\"445\" height=\"113\" data-id=\"638\" src=\"https:\/\/www.ccae.ufpb.br\/labsec\/wp-content\/uploads\/sites\/170\/sites\/172\/2025\/03\/images-3.png\" alt=\"\" class=\"wp-image-638\" srcset=\"https:\/\/www.ccae.ufpb.br\/labsec\/wp-content\/uploads\/sites\/170\/sites\/172\/2025\/03\/images-3.png 445w, https:\/\/www.ccae.ufpb.br\/labsec\/wp-content\/uploads\/sites\/170\/sites\/172\/2025\/03\/images-3-300x76.png 300w\" sizes=\"auto, (max-width: 445px) 100vw, 445px\" \/><\/figure>\n<\/figure>\n<\/div>\n\n\n\n<div class=\"wp-block-column is-layout-flow wp-block-column-is-layout-flow\"><\/div>\n<\/div>\n\n\n\n<p><\/p>\n\n\n\n<p>O Labsec em parceria com a FapesqPB teve o financiamento para a organiza\u00e7\u00e3o do 8\u00ba Encontro de Secretariado da Para\u00edba (EnsecePB) 2024 com recursos provenientes do edital n\u00ba 29\/2023 \u2013 secties\/fapesq-pb para apoio \u00e0 organiza\u00e7\u00e3o e realiza\u00e7\u00e3o de eventos cient\u00edficos, tecnol\u00f3gicos e de inova\u00e7\u00e3o.<\/p>\n\n\n\n<p><a href=\"https:\/\/paraiba.pb.gov.br\/diretas\/controladoria-geral-do-estado\/noticias\/oitava-edicao-do-ensecepb-debate-experiencias-e-solucoes-exitosas-em-gestao\">Oitava edi\u00e7\u00e3o do EnsecePB debate experi\u00eancias e solu\u00e7\u00f5es exitosas em gest\u00e3o \u2014 Governo da Para\u00edba<\/a><\/p>\n\n\n\n<p><a href=\"https:\/\/livros.editoraenterprising.net\/index.php\/e-books\/catalog\/book\/145\">E-book Inova\u00e7\u00e3o e Tecnologia: Desafios e Pr\u00e1ticas na Assessoria, Comunica\u00e7\u00e3o e Gest\u00e3o<\/a><\/p>\n\n\n\n<p><\/p>\n\n\n\n<p><strong>Pr\u00f3-Reitoria de Gradua\u00e7\u00e3o UFPB &#8211; Programa QUALIGRAD<\/strong><\/p>\n\n\n\n<div class=\"wp-block-columns is-layout-flex wp-container-core-columns-is-layout-9d6595d7 wp-block-columns-is-layout-flex\">\n<div class=\"wp-block-column is-layout-flow wp-block-column-is-layout-flow\">\n<figure class=\"wp-block-gallery has-nested-images columns-default is-cropped wp-block-gallery-2 is-layout-flex wp-block-gallery-is-layout-flex\">\n<figure class=\"wp-block-image size-large\"><img loading=\"lazy\" decoding=\"async\" width=\"244\" height=\"189\" data-id=\"664\" src=\"https:\/\/www.ccae.ufpb.br\/labsec\/wp-content\/uploads\/sites\/170\/sites\/172\/2025\/04\/logo_prg.jpeg\" alt=\"\" class=\"wp-image-664\" \/><\/figure>\n<\/figure>\n<\/div>\n\n\n\n<div class=\"wp-block-column is-layout-flow wp-block-column-is-layout-flow\"><\/div>\n<\/div>\n\n\n\n<p><em><strong>Projeto \u201cLaborat\u00f3rio criativo digital: desafios interdisciplinares na produ\u00e7\u00e3o do conhecimento acad\u00eamico\u201d (2025-2026)<\/strong><\/em><\/p>\n\n\n\n<p>O projeto prop\u00f5e a integra\u00e7\u00e3o de tecnologias digitais e metodologias pedag\u00f3gicas inovadoras ao ensino superior, com foco em inclus\u00e3o, interdisciplinaridade e inova\u00e7\u00e3o. Voltado aos estudantes dos cursos de Letras (Portugu\u00eas, Ingl\u00eas e Espanhol), Secretariado Executivo Bil\u00edngue e Contabilidade da Universidade Federal da Para\u00edba, Campus IV, busca desenvolver compet\u00eancias de letramento acad\u00eamico digital, colabora\u00e7\u00e3o e pensamento cr\u00edtico. A proposta utiliza estrat\u00e9gias como Aprendizagem Baseada em Projetos (ABP) e gamifica\u00e7\u00e3o, promovendo a cria\u00e7\u00e3o de produtos criativos, como e-books interativos, podcasts e exposi\u00e7\u00f5es digitais. Tamb\u00e9m adota pr\u00e1ticas inclusivas, com uso de tecnologias assistivas que garantem a equidade e a participa\u00e7\u00e3o de todos os estudantes. Os resultados esperados incluem a forma\u00e7\u00e3o de estudantes confiantes no uso de tecnologias digitais, a produ\u00e7\u00e3o de materiais inovadores e o fortalecimento institucional da UFPB, alinhada ao Plano de Desenvolvimento Institucional (PDI 2024-2028). Assim, o projeto refor\u00e7a o compromisso da universidade com a excel\u00eancia educacional e a transforma\u00e7\u00e3o social.<\/p>\n","protected":false},"excerpt":{"rendered":"<p>Funda\u00e7\u00e3o de Apoio \u00e0 Pesquisa no Estado da Para\u00edba (FapesqPB) O Labsec em parceria com [&hellip;]<\/p>\n","protected":false},"author":47,"featured_media":0,"parent":0,"menu_order":0,"comment_status":"closed","ping_status":"closed","template":"","meta":{"footnotes":""},"class_list":["post-733","page","type-page","status-publish","hentry"],"_links":{"self":[{"href":"https:\/\/www.ccae.ufpb.br\/labsec\/wp-json\/wp\/v2\/pages\/733","targetHints":{"allow":["GET"]}}],"collection":[{"href":"https:\/\/www.ccae.ufpb.br\/labsec\/wp-json\/wp\/v2\/pages"}],"about":[{"href":"https:\/\/www.ccae.ufpb.br\/labsec\/wp-json\/wp\/v2\/types\/page"}],"author":[{"embeddable":true,"href":"https:\/\/www.ccae.ufpb.br\/labsec\/wp-json\/wp\/v2\/users\/47"}],"replies":[{"embeddable":true,"href":"https:\/\/www.ccae.ufpb.br\/labsec\/wp-json\/wp\/v2\/comments?post=733"}],"version-history":[{"count":2,"href":"https:\/\/www.ccae.ufpb.br\/labsec\/wp-json\/wp\/v2\/pages\/733\/revisions"}],"predecessor-version":[{"id":771,"href":"https:\/\/www.ccae.ufpb.br\/labsec\/wp-json\/wp\/v2\/pages\/733\/revisions\/771"}],"wp:attachment":[{"href":"https:\/\/www.ccae.ufpb.br\/labsec\/wp-json\/wp\/v2\/media?parent=733"}],"curies":[{"name":"wp","href":"https:\/\/api.w.org\/{rel}","templated":true}]}}