{"id":12,"date":"2025-04-04T10:44:39","date_gmt":"2025-04-04T13:44:39","guid":{"rendered":"https:\/\/www.ccae.ufpb.br\/ladhme\/?page_id=12"},"modified":"2025-04-04T10:44:39","modified_gmt":"2025-04-04T13:44:39","slug":"acervo-estelita-antonino-de-souza","status":"publish","type":"page","link":"https:\/\/www.ccae.ufpb.br\/ladhme\/acervo-estelita-antonino-de-souza\/","title":{"rendered":"Acervo Estelita Antonino de Souza"},"content":{"rendered":"\n<figure class=\"wp-block-image size-large\"><img loading=\"lazy\" decoding=\"async\" width=\"768\" height=\"1024\" src=\"https:\/\/www.ccae.ufpb.br\/ladhme\/wp-content\/uploads\/sites\/170\/sites\/284\/2025\/04\/p7160059-768x1024.jpg\" alt=\"\" class=\"wp-image-13\" srcset=\"https:\/\/www.ccae.ufpb.br\/ladhme\/wp-content\/uploads\/sites\/170\/sites\/284\/2025\/04\/p7160059-768x1024.jpg 768w, https:\/\/www.ccae.ufpb.br\/ladhme\/wp-content\/uploads\/sites\/170\/sites\/284\/2025\/04\/p7160059-225x300.jpg 225w, https:\/\/www.ccae.ufpb.br\/ladhme\/wp-content\/uploads\/sites\/170\/sites\/284\/2025\/04\/p7160059-1152x1536.jpg 1152w, https:\/\/www.ccae.ufpb.br\/ladhme\/wp-content\/uploads\/sites\/170\/sites\/284\/2025\/04\/p7160059-1536x2048.jpg 1536w, https:\/\/www.ccae.ufpb.br\/ladhme\/wp-content\/uploads\/sites\/170\/sites\/284\/2025\/04\/p7160059-scaled.jpg 1920w\" sizes=\"auto, (max-width: 768px) 100vw, 768px\" \/><figcaption class=\"wp-element-caption\">Estelita Antonino de Souza na\u00a0Formatura no Gin\u00e1sio &#8211; Col\u00e9gio Santa Rita, Areia, Para\u00edba, Sem data\u00a0<\/figcaption><\/figure>\n\n\n\n<p>O acervo Estelita Antonino de Souza \u00e9 fruto do trabalho de pesquisa desenvolvido pela Profa. Francymara Antonino Nunes de Assis, de 2014 at\u00e9 os dias atuais. Iniciou-se com a Tese Pr\u00e1ticas educativas no cariri paraibano: hist\u00f3rias e mem\u00f3rias da educadora Estelita Antonino de Souza (1947-1991), conclu\u00eddo no Programa de P\u00f3s-gradua\u00e7\u00e3o em Educa\u00e7\u00e3o da Universidade Federal da Para\u00edba, e posteriormente, teve seguimento nas atividades de pesquisa desenvolvidas no Grupo de pesquisa Hist\u00f3ria e Mem\u00f3ria da Educa\u00e7\u00e3o da Para\u00edba e em projetos de inicia\u00e7\u00e3o cient\u00edfica. Atrav\u00e9s da organiza\u00e7\u00e3o do arquivo pessoal da professora pretendemos contribuir para a percep\u00e7\u00e3o hist\u00f3rica das pr\u00e1ticas pedag\u00f3gicas e da profiss\u00e3o docente. Em seu arquivo encontramos documentos com grande poder de rememora\u00e7\u00e3o: cadernos e trabalhos escolares de 1949 at\u00e9 1970, fotografias, livros, atas, cadernos de alunos, cadernos de planos de aula, revistas, publica\u00e7\u00f5es diversas, cartas, bilhetes, cart\u00f5es de colegas de gin\u00e1sio ilustrados com imagens sacras, objetos como penas e caneta-tinteiro, dentre outros documentos. O arquivo da educadora \u00e9 o fio condutor que permite reconstruir sua trajet\u00f3ria, destacando a singularidade de sua participa\u00e7\u00e3o na hist\u00f3ria da educa\u00e7\u00e3o da cidade de Serra Branca, Para\u00edba. Seus documentos desvelam o cotidiano, formas de ver o mundo atrav\u00e9s de fatos comuns da experi\u00eancia social, h\u00e1bitos, costumes, estrat\u00e9gias de visibilidade e o percurso de legitima\u00e7\u00e3o da educadora. Seu arquivo \u00e9, portanto, uma express\u00e3o de si, indicando o caminho, o percurso, os desvios de sua trajet\u00f3ria, evidenciando o lugar social da educadora, as redes de sociabilidade, os projetos partilhados com homens e mulheres de sua gera\u00e7\u00e3o. Nesse sentido, este trabalho tem o objetivo de recolher, preservar, organizar e tornar acess\u00edveis o arquivo pessoal de Estelita Antonino de Souza.<\/p>\n","protected":false},"excerpt":{"rendered":"<p>O acervo Estelita Antonino de Souza \u00e9 fruto do trabalho de pesquisa desenvolvido pela Profa. Francymara Antonino Nunes de Assis, de 2014 at\u00e9 os dias atuais. Iniciou-se com a Tese Pr\u00e1ticas educativas no cariri paraibano: hist\u00f3rias e mem\u00f3rias da educadora Estelita Antonino de Souza (1947-1991), conclu\u00eddo no Programa de P\u00f3s-gradua\u00e7\u00e3o em Educa\u00e7\u00e3o da Universidade Federal [&hellip;]<\/p>\n","protected":false},"author":47,"featured_media":0,"parent":0,"menu_order":0,"comment_status":"closed","ping_status":"closed","template":"","meta":{"footnotes":""},"class_list":["post-12","page","type-page","status-publish","hentry"],"_links":{"self":[{"href":"https:\/\/www.ccae.ufpb.br\/ladhme\/wp-json\/wp\/v2\/pages\/12","targetHints":{"allow":["GET"]}}],"collection":[{"href":"https:\/\/www.ccae.ufpb.br\/ladhme\/wp-json\/wp\/v2\/pages"}],"about":[{"href":"https:\/\/www.ccae.ufpb.br\/ladhme\/wp-json\/wp\/v2\/types\/page"}],"author":[{"embeddable":true,"href":"https:\/\/www.ccae.ufpb.br\/ladhme\/wp-json\/wp\/v2\/users\/47"}],"replies":[{"embeddable":true,"href":"https:\/\/www.ccae.ufpb.br\/ladhme\/wp-json\/wp\/v2\/comments?post=12"}],"version-history":[{"count":1,"href":"https:\/\/www.ccae.ufpb.br\/ladhme\/wp-json\/wp\/v2\/pages\/12\/revisions"}],"predecessor-version":[{"id":14,"href":"https:\/\/www.ccae.ufpb.br\/ladhme\/wp-json\/wp\/v2\/pages\/12\/revisions\/14"}],"wp:attachment":[{"href":"https:\/\/www.ccae.ufpb.br\/ladhme\/wp-json\/wp\/v2\/media?parent=12"}],"curies":[{"name":"wp","href":"https:\/\/api.w.org\/{rel}","templated":true}]}}