{"id":11,"date":"2025-05-20T16:29:07","date_gmt":"2025-05-20T19:29:07","guid":{"rendered":"https:\/\/www.ccae.ufpb.br\/lcc\/?page_id=11"},"modified":"2026-04-16T16:02:50","modified_gmt":"2026-04-16T19:02:50","slug":"documentos","status":"publish","type":"page","link":"https:\/\/www.ccae.ufpb.br\/lcc\/documentos\/","title":{"rendered":"PPC e Matriz Curricular"},"content":{"rendered":"\n<p>O Curso de Licenciatura em Ci\u00eancia da Computa\u00e7\u00e3o tem sua matriz curricular alocada em 9 per\u00edodos letivos. Os(as) estudantes devem cursar as&nbsp;disciplinas do curso em no m\u00ednimo 9 e no m\u00e1ximo 14&nbsp;per\u00edodos.<\/p>\n\n\n\n<p>Existe um documento que explica em detalhes todo o curso, que \u00e9 o PPC (Projeto Pedag\u00f3gico do curso). Nele voc\u00eas &nbsp;encontrar\u00e3o&nbsp;informa\u00e7\u00f5es sobre o curso, perfil do egresso, composi\u00e7\u00e3o curricular, ement\u00e1rio das disciplinas, etc.&nbsp;Recomendamos que os(as) alunos(as) do curso e as pessoas interessadas em cursar Licenciatura em&nbsp;Ci\u00eancia da Computa\u00e7\u00e3o leiam esse documento para conhecer melhor o curso.&nbsp;<\/p>\n\n\n\n<p>Tamb\u00e9m recomendamos que os(as) estudantes do curso observem atentamente o cumprimento dos requisitos para Conte\u00fados Complementares Optativos, dispostos no PPC para conclus\u00e3o do curso.<\/p>\n\n\n\n<p>A seguir temos o fluxograma da matriz curricular do curso, requisitos para Conte\u00fados Complementares Optativos&nbsp;&nbsp;e links para acessar tanto o fluxograma quanto o PPC.<\/p>\n\n\n\n<figure class=\"wp-block-image size-full\"><img loading=\"lazy\" decoding=\"async\" width=\"2560\" height=\"1703\" src=\"https:\/\/www.ccae.ufpb.br\/lcc\/wp-content\/uploads\/sites\/170\/sites\/309\/2026\/04\/matrizLCC-scaled.png\" alt=\"\" class=\"wp-image-211\" srcset=\"https:\/\/www.ccae.ufpb.br\/lcc\/wp-content\/uploads\/sites\/170\/sites\/309\/2026\/04\/matrizLCC-scaled.png 2560w, https:\/\/www.ccae.ufpb.br\/lcc\/wp-content\/uploads\/sites\/170\/sites\/309\/2026\/04\/matrizLCC-300x200.png 300w, https:\/\/www.ccae.ufpb.br\/lcc\/wp-content\/uploads\/sites\/170\/sites\/309\/2026\/04\/matrizLCC-1024x681.png 1024w, https:\/\/www.ccae.ufpb.br\/lcc\/wp-content\/uploads\/sites\/170\/sites\/309\/2026\/04\/matrizLCC-768x511.png 768w, https:\/\/www.ccae.ufpb.br\/lcc\/wp-content\/uploads\/sites\/170\/sites\/309\/2026\/04\/matrizLCC-1536x1022.png 1536w, https:\/\/www.ccae.ufpb.br\/lcc\/wp-content\/uploads\/sites\/170\/sites\/309\/2026\/04\/matrizLCC-2048x1363.png 2048w\" sizes=\"auto, (max-width: 2560px) 100vw, 2560px\" \/><\/figure>\n\n\n\n<figure class=\"wp-block-image size-full\"><img loading=\"lazy\" decoding=\"async\" width=\"955\" height=\"715\" src=\"https:\/\/www.ccae.ufpb.br\/lcc\/wp-content\/uploads\/sites\/170\/sites\/309\/2025\/05\/optativaslccv3-1.jpg\" alt=\"\" class=\"wp-image-18\" srcset=\"https:\/\/www.ccae.ufpb.br\/lcc\/wp-content\/uploads\/sites\/170\/sites\/309\/2025\/05\/optativaslccv3-1.jpg 955w, https:\/\/www.ccae.ufpb.br\/lcc\/wp-content\/uploads\/sites\/170\/sites\/309\/2025\/05\/optativaslccv3-1-300x225.jpg 300w, https:\/\/www.ccae.ufpb.br\/lcc\/wp-content\/uploads\/sites\/170\/sites\/309\/2025\/05\/optativaslccv3-1-768x575.jpg 768w\" sizes=\"auto, (max-width: 955px) 100vw, 955px\" \/><\/figure>\n\n\n\n<div class=\"wp-block-file\"><a id=\"wp-block-file--media-19aeee97-fb47-45fc-b296-6e22a1151f8d\" href=\"https:\/\/www.ccae.ufpb.br\/lcc\/wp-content\/uploads\/sites\/170\/sites\/309\/2025\/05\/ppc-lcc-atualizado-em-2012-1.pdf\"><strong>Baixar PPC do curso<\/strong><\/a><a href=\"https:\/\/www.ccae.ufpb.br\/lcc\/wp-content\/uploads\/sites\/170\/sites\/309\/2025\/05\/ppc-lcc-atualizado-em-2012-1.pdf\" class=\"wp-block-file__button wp-element-button\" download aria-describedby=\"wp-block-file--media-19aeee97-fb47-45fc-b296-6e22a1151f8d\">Baixar<\/a><\/div>\n\n\n\n<div class=\"wp-block-file\"><a id=\"wp-block-file--media-b32e59d0-691c-4240-9bda-535ed49d0f71\" href=\"http:\/\/www.ccae.ufpb.br\/lcc\/wp-content\/uploads\/sites\/170\/sites\/309\/2025\/05\/regulamento_conteudo_complementar_flexivel_lcc_2023.pdf\"><strong><strong>Baixar Regulamento de T\u00f3picos Especiais do curso<\/strong><\/strong><\/a><a href=\"http:\/\/www.ccae.ufpb.br\/lcc\/wp-content\/uploads\/sites\/170\/sites\/309\/2025\/05\/regulamento_conteudo_complementar_flexivel_lcc_2023.pdf\" class=\"wp-block-file__button wp-element-button\" download aria-describedby=\"wp-block-file--media-b32e59d0-691c-4240-9bda-535ed49d0f71\">Baixar<\/a><\/div>\n\n\n\n<p><\/p>\n","protected":false},"excerpt":{"rendered":"<p>O Curso de Licenciatura em Ci\u00eancia da Computa\u00e7\u00e3o tem sua matriz curricular alocada em 9 [&hellip;]<\/p>\n","protected":false},"author":47,"featured_media":0,"parent":0,"menu_order":0,"comment_status":"closed","ping_status":"closed","template":"","meta":{"footnotes":""},"class_list":["post-11","page","type-page","status-publish","hentry"],"_links":{"self":[{"href":"https:\/\/www.ccae.ufpb.br\/lcc\/wp-json\/wp\/v2\/pages\/11","targetHints":{"allow":["GET"]}}],"collection":[{"href":"https:\/\/www.ccae.ufpb.br\/lcc\/wp-json\/wp\/v2\/pages"}],"about":[{"href":"https:\/\/www.ccae.ufpb.br\/lcc\/wp-json\/wp\/v2\/types\/page"}],"author":[{"embeddable":true,"href":"https:\/\/www.ccae.ufpb.br\/lcc\/wp-json\/wp\/v2\/users\/47"}],"replies":[{"embeddable":true,"href":"https:\/\/www.ccae.ufpb.br\/lcc\/wp-json\/wp\/v2\/comments?post=11"}],"version-history":[{"count":4,"href":"https:\/\/www.ccae.ufpb.br\/lcc\/wp-json\/wp\/v2\/pages\/11\/revisions"}],"predecessor-version":[{"id":212,"href":"https:\/\/www.ccae.ufpb.br\/lcc\/wp-json\/wp\/v2\/pages\/11\/revisions\/212"}],"wp:attachment":[{"href":"https:\/\/www.ccae.ufpb.br\/lcc\/wp-json\/wp\/v2\/media?parent=11"}],"curies":[{"name":"wp","href":"https:\/\/api.w.org\/{rel}","templated":true}]}}