{"id":138,"date":"2026-04-13T12:56:27","date_gmt":"2026-04-13T15:56:27","guid":{"rendered":"https:\/\/www.ccae.ufpb.br\/lcc\/?page_id=138"},"modified":"2026-04-13T14:51:19","modified_gmt":"2026-04-13T17:51:19","slug":"avaliacoes","status":"publish","type":"page","link":"https:\/\/www.ccae.ufpb.br\/lcc\/avaliacoes\/","title":{"rendered":"Avalia\u00e7\u00f5es Internas"},"content":{"rendered":"\n<p>Avalia\u00e7\u00f5es internas do curso foram realizadas em diferentes momentos. Algumas foram feitas pela <a href=\"https:\/\/www.ufpb.br\/cpa\">CPA<\/a> e outras foram conduzidas pela coordena\u00e7\u00e3o ou por discentes e docentes do curso.<\/p>\n\n\n\n<p><\/p>\n\n\n\n<h2 class=\"wp-block-heading\"><div class=\"linha-header\">Avalia\u00e7\u00f5es da CPA<\/div><\/h2>\n\n\n\n<p>(Em constru\u00e7\u00e3o)<\/p>\n\n\n\n<h2 class=\"wp-block-heading\"><div class=\"linha-header\">Dados sobre o Curso<\/div><\/h2>\n\n\n\n<p><a href=\"https:\/\/sigma.ufpb.br\/\">Sistema SIGMA<\/a> (Resultados de Avalia\u00e7\u00f5es dos Discentes)<\/p>\n\n\n\n<p><a href=\"https:\/\/lema.ufpb.br\/saego\/\">Sistema SAEGO<\/a> (Informa\u00e7\u00f5es sobre Egressos)<\/p>\n\n\n\n<p><a href=\"https:\/\/metabase.ufpb.br\/public\/dashboard\/fb949a9e-8cfe-4a20-bdf1-dec01acfad7d?campus=&amp;centro=CCAE&amp;cota_sigla=&amp;curso=CI%C3%8ANCIA+DA+COMPUTA%C3%87%C3%83O&amp;forma_de_ingresso=&amp;g%25C3%25AAnero=&amp;grau_acad%25C3%25AAmico=&amp;modalidade_educa%25C3%25A7%25C3%25A3o=&amp;turno=\">Indicadores da Gradua\u00e7\u00e3o (Observat\u00f3rio de Dados da UFPB)<\/a><\/p>\n\n\n\n<p>(em constru\u00e7\u00e3o)<\/p>\n\n\n\n<p><\/p>\n","protected":false},"excerpt":{"rendered":"<p>Avalia\u00e7\u00f5es internas do curso foram realizadas em diferentes momentos. Algumas foram feitas pela CPA e [&hellip;]<\/p>\n","protected":false},"author":291,"featured_media":0,"parent":0,"menu_order":0,"comment_status":"closed","ping_status":"closed","template":"","meta":{"footnotes":""},"class_list":["post-138","page","type-page","status-publish","hentry"],"_links":{"self":[{"href":"https:\/\/www.ccae.ufpb.br\/lcc\/wp-json\/wp\/v2\/pages\/138","targetHints":{"allow":["GET"]}}],"collection":[{"href":"https:\/\/www.ccae.ufpb.br\/lcc\/wp-json\/wp\/v2\/pages"}],"about":[{"href":"https:\/\/www.ccae.ufpb.br\/lcc\/wp-json\/wp\/v2\/types\/page"}],"author":[{"embeddable":true,"href":"https:\/\/www.ccae.ufpb.br\/lcc\/wp-json\/wp\/v2\/users\/291"}],"replies":[{"embeddable":true,"href":"https:\/\/www.ccae.ufpb.br\/lcc\/wp-json\/wp\/v2\/comments?post=138"}],"version-history":[{"count":2,"href":"https:\/\/www.ccae.ufpb.br\/lcc\/wp-json\/wp\/v2\/pages\/138\/revisions"}],"predecessor-version":[{"id":159,"href":"https:\/\/www.ccae.ufpb.br\/lcc\/wp-json\/wp\/v2\/pages\/138\/revisions\/159"}],"wp:attachment":[{"href":"https:\/\/www.ccae.ufpb.br\/lcc\/wp-json\/wp\/v2\/media?parent=138"}],"curies":[{"name":"wp","href":"https:\/\/api.w.org\/{rel}","templated":true}]}}