{"id":22,"date":"2025-05-20T16:35:11","date_gmt":"2025-05-20T19:35:11","guid":{"rendered":"https:\/\/www.ccae.ufpb.br\/lcc\/?page_id=22"},"modified":"2026-04-14T20:10:45","modified_gmt":"2026-04-14T23:10:45","slug":"mapa-do-campus","status":"publish","type":"page","link":"https:\/\/www.ccae.ufpb.br\/lcc\/mapa-do-campus\/","title":{"rendered":"Sobre o Campus"},"content":{"rendered":"\n<p>Para ajudar os novos alunos a se situar em nosso campus foi criado um mapa. A entrada do campus est\u00e1 localizada no lado direito do mapa e a\u00ed temos a indica\u00e7\u00e3o da localiza\u00e7\u00e3o de cada bloco. Os blocos s\u00e3o nomeados por letras, de A a I, a exce\u00e7\u00e3o de alguns blocos espec\u00edficos que tem seu nome inteiro definido.<\/p>\n\n\n\n<p>Esta defini\u00e7\u00e3o dos blocos por letras \u00e9 utilizada na aloca\u00e7\u00e3o das salas onde ocorrem as aulas. Como exemplo, podemos tomar a sala RA201. O R significa Rio Tinto (temos isso devido a nosso campus ter duas unidades, Rio Tinto e Mamanguape). O A indica qual \u00e9 o bloco, e 201 indica a sala (sendo o primeiro n\u00famero indicando o andar do bloco em que a sala se encontra). Nesse exemplo, ent\u00e3o, RA201 significa o Bloco A da Unidade de Rio Tinto, sala 201 (que fica no primeiro andar do bloco A).<\/p>\n\n\n\n<figure class=\"wp-block-image size-full\"><img loading=\"lazy\" decoding=\"async\" width=\"2560\" height=\"1703\" src=\"https:\/\/www.ccae.ufpb.br\/lcc\/wp-content\/uploads\/sites\/170\/sites\/309\/2026\/04\/MAPA-COLORIDO-scaled.png\" alt=\"\" class=\"wp-image-185\" srcset=\"https:\/\/www.ccae.ufpb.br\/lcc\/wp-content\/uploads\/sites\/170\/sites\/309\/2026\/04\/MAPA-COLORIDO-scaled.png 2560w, https:\/\/www.ccae.ufpb.br\/lcc\/wp-content\/uploads\/sites\/170\/sites\/309\/2026\/04\/MAPA-COLORIDO-300x200.png 300w, https:\/\/www.ccae.ufpb.br\/lcc\/wp-content\/uploads\/sites\/170\/sites\/309\/2026\/04\/MAPA-COLORIDO-1024x681.png 1024w, https:\/\/www.ccae.ufpb.br\/lcc\/wp-content\/uploads\/sites\/170\/sites\/309\/2026\/04\/MAPA-COLORIDO-768x511.png 768w, https:\/\/www.ccae.ufpb.br\/lcc\/wp-content\/uploads\/sites\/170\/sites\/309\/2026\/04\/MAPA-COLORIDO-1536x1022.png 1536w, https:\/\/www.ccae.ufpb.br\/lcc\/wp-content\/uploads\/sites\/170\/sites\/309\/2026\/04\/MAPA-COLORIDO-2048x1363.png 2048w\" sizes=\"auto, (max-width: 2560px) 100vw, 2560px\" \/><\/figure>\n","protected":false},"excerpt":{"rendered":"<p>Para ajudar os novos alunos a se situar em nosso campus foi criado um mapa. [&hellip;]<\/p>\n","protected":false},"author":47,"featured_media":0,"parent":0,"menu_order":0,"comment_status":"closed","ping_status":"closed","template":"","meta":{"footnotes":""},"class_list":["post-22","page","type-page","status-publish","hentry"],"_links":{"self":[{"href":"https:\/\/www.ccae.ufpb.br\/lcc\/wp-json\/wp\/v2\/pages\/22","targetHints":{"allow":["GET"]}}],"collection":[{"href":"https:\/\/www.ccae.ufpb.br\/lcc\/wp-json\/wp\/v2\/pages"}],"about":[{"href":"https:\/\/www.ccae.ufpb.br\/lcc\/wp-json\/wp\/v2\/types\/page"}],"author":[{"embeddable":true,"href":"https:\/\/www.ccae.ufpb.br\/lcc\/wp-json\/wp\/v2\/users\/47"}],"replies":[{"embeddable":true,"href":"https:\/\/www.ccae.ufpb.br\/lcc\/wp-json\/wp\/v2\/comments?post=22"}],"version-history":[{"count":5,"href":"https:\/\/www.ccae.ufpb.br\/lcc\/wp-json\/wp\/v2\/pages\/22\/revisions"}],"predecessor-version":[{"id":186,"href":"https:\/\/www.ccae.ufpb.br\/lcc\/wp-json\/wp\/v2\/pages\/22\/revisions\/186"}],"wp:attachment":[{"href":"https:\/\/www.ccae.ufpb.br\/lcc\/wp-json\/wp\/v2\/media?parent=22"}],"curies":[{"name":"wp","href":"https:\/\/api.w.org\/{rel}","templated":true}]}}