{"id":27,"date":"2025-05-20T16:39:00","date_gmt":"2025-05-20T19:39:00","guid":{"rendered":"https:\/\/www.ccae.ufpb.br\/lcc\/?page_id=27"},"modified":"2025-05-20T19:30:22","modified_gmt":"2025-05-20T22:30:22","slug":"tcc","status":"publish","type":"page","link":"https:\/\/www.ccae.ufpb.br\/lcc\/tcc\/","title":{"rendered":"TCC"},"content":{"rendered":"\n<p class=\" \">A relev\u00e2ncia do Trabalho de Conclus\u00e3o de Curso (TCC) como instrumento de integra\u00e7\u00e3o entre o ensino e a pesquisa e o aprofundamento da teoria e pr\u00e1tica possibilitando o desenvolvimento da capacidade cient\u00edfica e criativa do aluno.<\/p>\n\n\n\n<p class=\" \">O Trabalho de Conclus\u00e3o de Curso (TCC) \u00e9 um trabalho individual do graduando, apresentado oralmente e tamb\u00e9m por meio de um documento sob a forma de monografia, artigo cient\u00edfico completo ou plano de neg\u00f3cio, sob a orienta\u00e7\u00e3o de um professor. De acordo com a RESOLU\u00c7\u00c3O N\u00ab 69\/2006 do CONSEPE, o TCC integraliza a matriz curricular do curso como conte\u00fado complementar obrigat\u00f3rio, possuindo um total de 04 cr\u00e9ditos. Mais informa\u00e7\u00f5es consulte o regulamento do TCC do curso no link a seguir.<\/p>\n\n\n\n<div class=\"wp-block-file\"><a id=\"wp-block-file--media-f68e6fa6-50ad-459c-8426-7c9a5645a2cf\" href=\"http:\/\/www.ccae.ufpb.br\/lcc\/wp-content\/uploads\/sites\/170\/sites\/309\/2025\/05\/regulamento_tcc_lcc_2020.pdf\">Regulamenta\u00e7\u00e3o de TCC<\/a><a href=\"http:\/\/www.ccae.ufpb.br\/lcc\/wp-content\/uploads\/sites\/170\/sites\/309\/2025\/05\/regulamento_tcc_lcc_2020.pdf\" class=\"wp-block-file__button wp-element-button\" download aria-describedby=\"wp-block-file--media-f68e6fa6-50ad-459c-8426-7c9a5645a2cf\">Baixar<\/a><\/div>\n\n\n\n<h3 class=\"wp-block-heading\">Acesse a Base de TCCs dos cursos de LCC e SI:<\/h3>\n\n\n\n<p><a href=\"https:\/\/datastudio.google.com\/reporting\/a6d53659-bbd4-4e5a-83f0-ba759ac3f136\/page\/cT6oC\" target=\"_blank\" rel=\"noreferrer noopener\">&nbsp;Base de TCCs<\/a><\/p>\n","protected":false},"excerpt":{"rendered":"<p>A relev\u00e2ncia do Trabalho de Conclus\u00e3o de Curso (TCC) como instrumento de integra\u00e7\u00e3o entre o [&hellip;]<\/p>\n","protected":false},"author":47,"featured_media":0,"parent":0,"menu_order":0,"comment_status":"closed","ping_status":"closed","template":"","meta":{"footnotes":""},"class_list":["post-27","page","type-page","status-publish","hentry"],"_links":{"self":[{"href":"https:\/\/www.ccae.ufpb.br\/lcc\/wp-json\/wp\/v2\/pages\/27","targetHints":{"allow":["GET"]}}],"collection":[{"href":"https:\/\/www.ccae.ufpb.br\/lcc\/wp-json\/wp\/v2\/pages"}],"about":[{"href":"https:\/\/www.ccae.ufpb.br\/lcc\/wp-json\/wp\/v2\/types\/page"}],"author":[{"embeddable":true,"href":"https:\/\/www.ccae.ufpb.br\/lcc\/wp-json\/wp\/v2\/users\/47"}],"replies":[{"embeddable":true,"href":"https:\/\/www.ccae.ufpb.br\/lcc\/wp-json\/wp\/v2\/comments?post=27"}],"version-history":[{"count":3,"href":"https:\/\/www.ccae.ufpb.br\/lcc\/wp-json\/wp\/v2\/pages\/27\/revisions"}],"predecessor-version":[{"id":31,"href":"https:\/\/www.ccae.ufpb.br\/lcc\/wp-json\/wp\/v2\/pages\/27\/revisions\/31"}],"wp:attachment":[{"href":"https:\/\/www.ccae.ufpb.br\/lcc\/wp-json\/wp\/v2\/media?parent=27"}],"curies":[{"name":"wp","href":"https:\/\/api.w.org\/{rel}","templated":true}]}}