{"id":35,"date":"2025-05-20T16:44:11","date_gmt":"2025-05-20T19:44:11","guid":{"rendered":"https:\/\/www.ccae.ufpb.br\/lcc\/?page_id=35"},"modified":"2026-04-13T18:06:44","modified_gmt":"2026-04-13T21:06:44","slug":"estagio-supervisionado","status":"publish","type":"page","link":"https:\/\/www.ccae.ufpb.br\/lcc\/estagio-supervisionado\/","title":{"rendered":"Est\u00e1gio Supervisionado"},"content":{"rendered":"\n<p>O Curso de Licenciatura em Ci\u00eancia da Computa\u00e7\u00e3o deve contemplar objetivamente a realiza\u00e7\u00e3o de est\u00e1gios curriculares supervisionados, importantes para a din\u00e2mica do curr\u00edculo, com vistas \u00e0 implementa\u00e7\u00e3o do perfil desejado para o formando.<\/p>\n\n\n\n<p>O Est\u00e1gio Supervisionado \u00e9 um dos componentes curriculares obrigat\u00f3rios, indispens\u00e1veis \u00e0 consolida\u00e7\u00e3o dos desempenhos profissionais desejados, cujo objetivo busca integrar o saber acad\u00eamico \u00e0 pr\u00e1tica profissional, incentivando o reconhecimento de habilidades e compet\u00eancias adquiridas dentro e fora do ambiente escolar. Al\u00e9m disso, permite ao aluno compor seu perfil profissional.<\/p>\n\n\n\n<p>Os conte\u00fados contemplados no est\u00e1gio supervisionado aqui proposto atendem a uma carga hor\u00e1ria total de 405 horas, distribu\u00eddos nos \u00faltimos quatro per\u00edodos do curso (s\u00e3o 4 disciplinas de Est\u00e1gio Supervisionado). O mesmo pode tamb\u00e9m ser realizado em institui\u00e7\u00f5es p\u00fablicas ou privadas, desde que sejam estruturados e operacionalizados de acordo com regulamenta\u00e7\u00e3o aprovada pelo Colegiado do Curso, atendendo ao que prev\u00ea a Resolu\u00e7\u00e3o espec\u00edfica da UFPB, bem como a legisla\u00e7\u00e3o atual de est\u00e1gios \u2013 a Lei n\u00ba 11.788, de 25 de setembro de 2008.<\/p>\n\n\n\n<p>A seguir temos a regulamenta\u00e7\u00e3o dos Est\u00e1gios Supervisionados do curso de Licenciatura em Computa\u00e7\u00e3o.<\/p>\n\n\n\n<div class=\"wp-block-file\"><a id=\"wp-block-file--media-e1495e8c-486f-48f7-885b-0c74e5d8f1e3\" href=\"https:\/\/www.ccae.ufpb.br\/lcc\/wp-content\/uploads\/sites\/170\/sites\/309\/2025\/05\/1-regulamento_estagio_lcc.pdf\">Regulamenta\u00e7\u00e3o de Est\u00e1gio<\/a><a href=\"https:\/\/www.ccae.ufpb.br\/lcc\/wp-content\/uploads\/sites\/170\/sites\/309\/2025\/05\/1-regulamento_estagio_lcc.pdf\" class=\"wp-block-file__button wp-element-button\" download aria-describedby=\"wp-block-file--media-e1495e8c-486f-48f7-885b-0c74e5d8f1e3\">Baixar<\/a><\/div>\n\n\n\n<p><\/p>\n\n\n\n<p><\/p>\n","protected":false},"excerpt":{"rendered":"<p>O Curso de Licenciatura em Ci\u00eancia da Computa\u00e7\u00e3o deve contemplar objetivamente a realiza\u00e7\u00e3o de est\u00e1gios [&hellip;]<\/p>\n","protected":false},"author":47,"featured_media":0,"parent":0,"menu_order":0,"comment_status":"closed","ping_status":"closed","template":"","meta":{"footnotes":""},"class_list":["post-35","page","type-page","status-publish","hentry"],"_links":{"self":[{"href":"https:\/\/www.ccae.ufpb.br\/lcc\/wp-json\/wp\/v2\/pages\/35","targetHints":{"allow":["GET"]}}],"collection":[{"href":"https:\/\/www.ccae.ufpb.br\/lcc\/wp-json\/wp\/v2\/pages"}],"about":[{"href":"https:\/\/www.ccae.ufpb.br\/lcc\/wp-json\/wp\/v2\/types\/page"}],"author":[{"embeddable":true,"href":"https:\/\/www.ccae.ufpb.br\/lcc\/wp-json\/wp\/v2\/users\/47"}],"replies":[{"embeddable":true,"href":"https:\/\/www.ccae.ufpb.br\/lcc\/wp-json\/wp\/v2\/comments?post=35"}],"version-history":[{"count":4,"href":"https:\/\/www.ccae.ufpb.br\/lcc\/wp-json\/wp\/v2\/pages\/35\/revisions"}],"predecessor-version":[{"id":169,"href":"https:\/\/www.ccae.ufpb.br\/lcc\/wp-json\/wp\/v2\/pages\/35\/revisions\/169"}],"wp:attachment":[{"href":"https:\/\/www.ccae.ufpb.br\/lcc\/wp-json\/wp\/v2\/media?parent=35"}],"curies":[{"name":"wp","href":"https:\/\/api.w.org\/{rel}","templated":true}]}}