{"id":48,"date":"2025-05-20T19:24:34","date_gmt":"2025-05-20T22:24:34","guid":{"rendered":"https:\/\/www.ccae.ufpb.br\/lcc\/?page_id=48"},"modified":"2026-04-15T07:55:26","modified_gmt":"2026-04-15T10:55:26","slug":"enade","status":"publish","type":"page","link":"https:\/\/www.ccae.ufpb.br\/lcc\/enade\/","title":{"rendered":"Avalia\u00e7\u00f5es"},"content":{"rendered":"\n<p>O curso de LCC passa por Avalia\u00e7\u00f5es Externas, com instrumentos como o Exame Nacional de Desempenho dos Estudantes (ENADE)\/ Prova Nacional Docente e tamb\u00e9m por Avalia\u00e7\u00f5es Internas.<\/p>\n\n\n\n<h2 class=\"wp-block-heading\"><div class=\"linha-header\">ENADE\/PND<\/div><\/h2>\n\n\n\n<p class=\" \">O&nbsp;<strong>Exame Nacional de Desempenho dos Estudantes (Enade)<\/strong>&nbsp;surgiu em 2004, sendo um importante m\u00e9todo avaliativo&nbsp;que comp\u00f5e&nbsp;o Sistema Nacional de Avalia\u00e7\u00e3o Superior (Sinaes).&nbsp;<\/p>\n\n\n\n<p class=\" \">O&nbsp;objetivo do Enade \u00e9 avaliar o desempenho dos estudantes e os resultados obtidos contribuem para avalia\u00e7\u00e3o dos cursos superiores no Brasil. Esse exame \u00e9&nbsp;um componente curricular obrigat\u00f3rio e&nbsp;os&nbsp;estudantes concluintes habilitados ficam convocados&nbsp;para participa\u00e7\u00e3o no Enade.<\/p>\n\n\n\n<p>Os estudantes que n\u00e3o cumprem as obriga\u00e7\u00f5es previstas para a obten\u00e7\u00e3o de regularidade,&nbsp;ficam em situa\u00e7\u00e3o de irregularidade perante o Enade.&nbsp;A exist\u00eancia de&nbsp;<strong>irregularidade no Enade impossibilita a cola\u00e7\u00e3o de grau do estudante.<\/strong><\/p>\n\n\n\n<p><\/p>\n\n\n\n<p>Acompanhe algumas d\u00favidas frequentes sobre o ENADE no documento online de <a href=\"https:\/\/bit.ly\/FAQ_LCC\">d\u00favidas frequentes<\/a>:<\/p>\n\n\n\n<p><a href=\"https:\/\/bit.ly\/FAQ_LCC\">https:\/\/bit.ly\/FAQ_LCC<\/a><\/p>\n\n\n\n<p>L\u00e1 voc\u00ea encontrar\u00e1 o link para os editais\/portarias relacionados e outros materiais importantes. Participe tamb\u00e9m do grupo de e-mails organizado pela coordena\u00e7\u00e3o do curso.<\/p>\n\n\n\n<p>Informa\u00e7\u00f5es sobre <strong>Edi\u00e7\u00f5es Anteriores do ENADE<\/strong> podem ser encontradas <a href=\"https:\/\/www.ccae.ufpb.br\/lcc\/arquivo\/\" data-type=\"page\" data-id=\"146\">AQUI<\/a>.<\/p>\n\n\n\n<p><\/p>\n\n\n\n<h2 class=\"wp-block-heading\"><div class=\"linha-header\">AVALIA\u00c7\u00d5ES INTERNAS<\/div><\/h2>\n\n\n\n<p>Avalia\u00e7\u00f5es internas do curso foram realizadas em diferentes momentos. Algumas foram feitas pela <a href=\"https:\/\/www.ufpb.br\/cpa\">CPA<\/a> e outras foram conduzidas pela coordena\u00e7\u00e3o ou por discentes e docentes do curso.<\/p>\n\n\n\n<p><\/p>\n\n\n\n<h2 class=\"wp-block-heading\"><div class=\"linha-header\">Avalia\u00e7\u00f5es da CPA<\/div><\/h2>\n\n\n\n<ul class=\"wp-block-list\">\n<li><a href=\"http:\/\/www.ccae.ufpb.br\/lcc\/wp-content\/uploads\/sites\/170\/sites\/309\/2026\/04\/2024_CIENCIAS-DA-COMPUTACAO.pdf\">Relat\u00f3rio da Avalia\u00e7\u00e3o de 2024<\/a><\/li>\n\n\n\n<li><a href=\"http:\/\/www.ccae.ufpb.br\/lcc\/wp-content\/uploads\/sites\/170\/sites\/309\/2026\/04\/2023_Ciencias-da-Computacao-1.pdf\">Relat\u00f3rio da Avalia\u00e7\u00e3o de 2023<\/a><\/li>\n<\/ul>\n\n\n\n<h2 class=\"wp-block-heading\"><div class=\"linha-header\">Levantamento de Dados junto ao corpo discente e docente pela coordena\u00e7\u00e3o<\/div><\/h2>\n\n\n\n<ul class=\"wp-block-list\">\n<li><a href=\"https:\/\/forms.gle\/FKd7bUHwK52J5zuH9\">Formul\u00e1rio de Pesquisa de Opini\u00e3o sobre o curso de LCC (divulgado em 24\/02\/2026)<\/a><\/li>\n<\/ul>\n\n\n\n<h2 class=\"wp-block-heading\"><div class=\"linha-header\">Avalia\u00e7\u00f5es realizadas em TCCS ou outros trabalhos acad\u00eamicos<\/div><\/h2>\n\n\n\n<ul class=\"wp-block-list\">\n<li><a href=\"http:\/\/Thulyo Vytor Costa C\u00e2mara\">Levantamento de Dados sobre pontos Positivos e Sugest\u00f5es de Melhorias para o Curso de Licenciatura em Ci\u00eancia da Computa\u00e7\u00e3o na UFPB Campus IV (TCC de Thulyo Vytor Costa C\u00e2mara)<\/a><\/li>\n<\/ul>\n\n\n\n<h2 class=\"wp-block-heading\"><div class=\"linha-header\">Dados sobre o Curso<\/div><\/h2>\n\n\n\n<p><a href=\"https:\/\/sigma.ufpb.br\/\">Sistema SIGMA<\/a> (Resultados de Avalia\u00e7\u00f5es dos Discentes)<\/p>\n\n\n\n<p><a href=\"https:\/\/lema.ufpb.br\/saego\/\">Sistema SAEGO<\/a> (Informa\u00e7\u00f5es sobre Egressos)<\/p>\n\n\n\n<p><a href=\"https:\/\/metabase.ufpb.br\/public\/dashboard\/fb949a9e-8cfe-4a20-bdf1-dec01acfad7d?campus=&amp;centro=CCAE&amp;cota_sigla=&amp;curso=CI%C3%8ANCIA+DA+COMPUTA%C3%87%C3%83O&amp;forma_de_ingresso=&amp;g%25C3%25AAnero=&amp;grau_acad%25C3%25AAmico=&amp;modalidade_educa%25C3%25A7%25C3%25A3o=&amp;turno=\">Indicadores da Gradua\u00e7\u00e3o (Observat\u00f3rio de Dados da UFPB)<\/a><\/p>\n\n\n\n<p><\/p>\n\n\n\n<p class=\" \">&nbsp;<\/p>\n\n\n\n<p><\/p>\n","protected":false},"excerpt":{"rendered":"<p>O curso de LCC passa por Avalia\u00e7\u00f5es Externas, com instrumentos como o Exame Nacional de [&hellip;]<\/p>\n","protected":false},"author":47,"featured_media":0,"parent":0,"menu_order":0,"comment_status":"closed","ping_status":"closed","template":"","meta":{"footnotes":""},"class_list":["post-48","page","type-page","status-publish","hentry"],"_links":{"self":[{"href":"https:\/\/www.ccae.ufpb.br\/lcc\/wp-json\/wp\/v2\/pages\/48","targetHints":{"allow":["GET"]}}],"collection":[{"href":"https:\/\/www.ccae.ufpb.br\/lcc\/wp-json\/wp\/v2\/pages"}],"about":[{"href":"https:\/\/www.ccae.ufpb.br\/lcc\/wp-json\/wp\/v2\/types\/page"}],"author":[{"embeddable":true,"href":"https:\/\/www.ccae.ufpb.br\/lcc\/wp-json\/wp\/v2\/users\/47"}],"replies":[{"embeddable":true,"href":"https:\/\/www.ccae.ufpb.br\/lcc\/wp-json\/wp\/v2\/comments?post=48"}],"version-history":[{"count":8,"href":"https:\/\/www.ccae.ufpb.br\/lcc\/wp-json\/wp\/v2\/pages\/48\/revisions"}],"predecessor-version":[{"id":203,"href":"https:\/\/www.ccae.ufpb.br\/lcc\/wp-json\/wp\/v2\/pages\/48\/revisions\/203"}],"wp:attachment":[{"href":"https:\/\/www.ccae.ufpb.br\/lcc\/wp-json\/wp\/v2\/media?parent=48"}],"curies":[{"name":"wp","href":"https:\/\/api.w.org\/{rel}","templated":true}]}}