{"id":5,"date":"2025-05-20T16:25:14","date_gmt":"2025-05-20T19:25:14","guid":{"rendered":"https:\/\/www.ccae.ufpb.br\/lcc\/?page_id=5"},"modified":"2026-04-17T14:42:44","modified_gmt":"2026-04-17T17:42:44","slug":"apresentacao","status":"publish","type":"page","link":"https:\/\/www.ccae.ufpb.br\/lcc\/apresentacao\/","title":{"rendered":"Sobre o Curso"},"content":{"rendered":"\n<p><\/p>\n\n\n\n<h2 class=\"wp-block-heading\"><div class=\"linha-header\">Apresenta\u00e7\u00e3o<\/div><\/h2>\n\n\n\n<p>O Curso de <strong>Licenciatura em Ci\u00eancia da Computa\u00e7\u00e3o<\/strong> da Universidade Federal da Para\u00edba (<strong>UFPB<\/strong>)\u2013 <strong>Campus IV<\/strong> \u2013 Rio Tinto foi criado em 2006, com o intuito de formar profissionais para atuar no ensino em diferentes n\u00edveis (educa\u00e7\u00e3o b\u00e1sica, t\u00e9cnica e suas modalidades) e capazes de especificar, projetar, desenvolver, avaliar e implantar tecnologias para prover solu\u00e7\u00f5es pedag\u00f3gicas em ambientes escolares ou n\u00e3o escolares.<\/p>\n\n\n\n<p>O <a href=\"https:\/\/sigaa.ufpb.br\/sigaa\/public\/curso\/portal.jsf?lc=pt_BR&amp;id=1626786\">site oficial<\/a> do curso no Sistema de Gest\u00e3o Acad\u00eamica (SIGAA), onde podem ser encontradas informa\u00e7\u00f5es como o <a href=\"https:\/\/sigaa.ufpb.br\/sigaa\/public\/curso\/secao_extra.jsf?lc=pt_BR&amp;id=1626786&amp;extra=258763346\">N\u00facleo Docente Estruturante<\/a>, <a href=\"https:\/\/sigaa.ufpb.br\/sigaa\/public\/curso\/secao_extra.jsf?lc=pt_BR&amp;id=1626786&amp;extra=258763345\">Corpo Docente<\/a> e <a href=\"https:\/\/sigaa.ufpb.br\/sigaa\/public\/curso\/secao_extra.jsf?lc=pt_BR&amp;id=1626786&amp;extra=258763346\">Colegiado<\/a>, est\u00e1 dispon\u00edvel <a href=\"https:\/\/sigaa.ufpb.br\/sigaa\/public\/curso\/portal.jsf?lc=pt_BR&amp;id=1626786\">AQUI<\/a>.<\/p>\n\n\n\n<p>O curso de LCC tamb\u00e9m disp\u00f5e de um perfil no <a href=\"https:\/\/www.instagram.com\/lcc.ufpb\/\">Instagram<\/a>: <a href=\"https:\/\/www.instagram.com\/lcc.ufpb\/\">@lcc.ufpb<\/a><\/p>\n\n\n\n<h2 class=\"wp-block-heading\"><div class=\"linha-header\">A coordena\u00e7\u00e3o do curso<\/div><\/h2>\n\n\n\n<p>Atualmente a coordena\u00e7\u00e3o de LCC \u00e9 formada pela Profa. Fl\u00e1via Veloso (coordenadora) e pela Profa. Ayla Rebou\u00e7as (vice-coordenadora). A coordena\u00e7\u00e3o \u00e9 tamb\u00e9m apoiada pela SIAG, sendo Leonan o secret\u00e1rio atual do curso.<\/p>\n\n\n\n<p>Para entrar em contato com a coordena\u00e7\u00e3o, voc\u00ea deve enviar um e-mail para&nbsp;<strong><a href=\"mailto:coordenacaolcc@dcx.ufpb.br\">coordenacaolcc@dcx.ufpb.br<\/a>.<\/strong>&nbsp;Mas se o assunto que voc\u00ea quer tratar diz&nbsp;respeito \u00e0 secretaria (exemplo: aproveitamento de T\u00f3picos Especiais, aproveitamento ou dispensa de componentes curriculares, etc), ent\u00e3o envie um e-mail para&nbsp;<a href=\"mailto:siagrt@ccae.ufpb.br\">siagrt@ccae.ufpb.br<\/a>.<\/p>\n\n\n\n<h2 class=\"wp-block-heading\"><div class=\"linha-header\">Perguntas Frequentes<\/div><\/h2>\n\n\n\n<p>Algumas d\u00favidas frequentes dos alunos do curso podem ser encontradas no documento de perguntas e respostas dispon\u00edvel aqui:<\/p>\n\n\n\n<p><a href=\"https:\/\/docs.google.com\/document\/d\/17cJdtbI7EBAV1u30mq_tvA8d9ayonRO3XVApc6VoDwU\/edit?tab=t.0#heading=h.qb6hey6fztni\">https:\/\/bit.ly\/FAQ_LCC<\/a><\/p>\n\n\n\n<p><\/p>\n\n\n\n<h2 class=\"wp-block-heading\"><div class=\"linha-header\">PPC e Matriz Curricular<\/div><\/h2>\n\n\n\n<p>O Projeto Pedag\u00f3gico de Curso (PPC) \u00e9 o documento institucional que define a identidade, a filosofia e a organiza\u00e7\u00e3o did\u00e1tico-pedag\u00f3gica de uma gradua\u00e7\u00e3o. O <a href=\"https:\/\/www.ccae.ufpb.br\/lcc\/wp-content\/uploads\/sites\/170\/sites\/309\/2025\/05\/ppc-lcc-atualizado-em-2012-1.pdf\">PPC atual de LCC<\/a> pode ser baixado <a href=\"https:\/\/www.ccae.ufpb.br\/lcc\/wp-content\/uploads\/sites\/170\/sites\/309\/2025\/05\/ppc-lcc-atualizado-em-2012-1.pdf\">AQUI<\/a>.<\/p>\n\n\n\n<p>No PPC pode ser encontrada a matriz curricular,  que organiza a estrutura formativa do curso, estabelecendo a sequ\u00eancia l\u00f3gica e a articula\u00e7\u00e3o entre as diversas unidades curriculares (disciplinas). Mais informa\u00e7\u00f5es sobre a <strong><a href=\"https:\/\/www.ccae.ufpb.br\/lcc\/documentos\/\" data-type=\"page\" data-id=\"11\">matriz curricular de LCC<\/a> <\/strong>podem ser encontradas <a href=\"https:\/\/www.ccae.ufpb.br\/lcc\/documentos\/\" data-type=\"page\" data-id=\"11\">AQUI<\/a>.<\/p>\n\n\n\n<h2 class=\"wp-block-heading\"><div class=\"linha-header\">Hor\u00e1rios<\/div><\/h2>\n\n\n\n<p>O <a href=\"https:\/\/docs.google.com\/spreadsheets\/d\/1XugL6Ye8ykZkhrnHkjsF6d2ksXIWUYSVxmGhxrCsOSE\/edit?gid=258541626#gid=258541626\">hor\u00e1rio do per\u00edodo 2026.1<\/a> do curso de LCC pode ser acessado <a href=\"https:\/\/docs.google.com\/spreadsheets\/d\/1XugL6Ye8ykZkhrnHkjsF6d2ksXIWUYSVxmGhxrCsOSE\/edit?gid=258541626#gid=258541626\">AQUI<\/a>.<\/p>\n\n\n\n<h2 class=\"wp-block-heading\"><div class=\"linha-header\">Sobre o Campus<\/div><\/h2>\n\n\n\n<p>Informa\u00e7\u00f5es sobre o Campus IV e sobre a cidade de Rio Tinto podem ser encontradas AQUI.<\/p>\n\n\n\n<h2 class=\"wp-block-heading\"><div class=\"linha-header\">Projetos de Ensino, Pesquisa e Extens\u00e3o<\/div><\/h2>\n\n\n\n<p>Al\u00e9m de cursar disciplinas, alunos do curso de LCC t\u00eam a oportunidade de participar de projetos de ensino, pesquisa e extens\u00e3o. Tais experi\u00eancias favorecem a forma\u00e7\u00e3o de profissionais mais preparados para o mercado. Para saber mais sobre estes projetos, clique <a href=\"https:\/\/www.ccae.ufpb.br\/lcc\/ebook\/\" data-type=\"page\" data-id=\"50\">AQUI<\/a>.<\/p>\n\n\n\n<h2 class=\"wp-block-heading\"><div class=\"linha-header\">Avalia\u00e7\u00f5es Internas do Curso<\/div><\/h2>\n\n\n\n<p>Informa\u00e7\u00f5es sobre avalia\u00e7\u00f5es internas do curso podem ser encontradas <a href=\"https:\/\/www.ccae.ufpb.br\/lcc\/avaliacoes\/\" data-type=\"page\" data-id=\"138\">AQUI<\/a>.<\/p>\n\n\n\n<h2 class=\"wp-block-heading\"><div class=\"linha-header\">TCC (Trabalhos de Conclus\u00e3o de Curso)<\/div><\/h2>\n\n\n\n<p>Para saber informa\u00e7\u00f5es sobre o Trabalho de Conclus\u00e3o de curso em LCC, clique <a href=\"https:\/\/www.ccae.ufpb.br\/lcc\/tcc\/\" data-type=\"page\" data-id=\"27\">AQUI<\/a>.<\/p>\n\n\n\n<h2 class=\"wp-block-heading\"><div class=\"linha-header\">Est\u00e1gios<\/div><\/h2>\n\n\n\n<p>Para saber informa\u00e7\u00f5es sobre Est\u00e1gios no curso em LCC, clique <a href=\"https:\/\/www.ccae.ufpb.br\/lcc\/estagio-supervisionado\/\" data-type=\"page\" data-id=\"35\">AQUI<\/a>.<\/p>\n\n\n\n<h2 class=\"wp-block-heading\"><div class=\"linha-header\">L\u00e1urea Acad\u00eamica<\/div><\/h2>\n\n\n\n<p>Para saber mais informa\u00e7\u00f5es sobre L\u00e1ureas Acad\u00eamicas no curso de LCC, clique <a href=\"https:\/\/www.ccae.ufpb.br\/lcc\/laurea-academica\/\" data-type=\"page\" data-id=\"52\">AQUI<\/a>.<\/p>\n\n\n\n<h2 class=\"wp-block-heading\"><div class=\"linha-header\"><strong>T\u00f3picos Especiais<\/strong><\/div><\/h2>\n\n\n\n<p>O <a href=\"http:\/\/www.ccae.ufpb.br\/lcc\/wp-content\/uploads\/sites\/170\/sites\/309\/2025\/05\/regulamento_conteudo_complementar_flexivel_lcc_2023.pdf\">regulamento<\/a> de t\u00f3picos especiais pode ser encontrado <a href=\"http:\/\/www.ccae.ufpb.br\/lcc\/wp-content\/uploads\/sites\/170\/sites\/309\/2025\/05\/regulamento_conteudo_complementar_flexivel_lcc_2023.pdf\">AQUI<\/a>. Para o aproveitamento dos T\u00f3picos Especiais em Computa\u00e7\u00e3o  I e II, utilizar o formul\u00e1rio dispon\u00edvel <a href=\"https:\/\/www.ccae.ufpb.br\/lcc\/wp-content\/uploads\/sites\/170\/sites\/309\/2025\/05\/formulario__conteudo_complementar_flexivel_lcc_2023.doc\">AQUI<\/a>.<\/p>\n\n\n\n<p><br><\/p>\n","protected":false},"excerpt":{"rendered":"<p>Apresenta\u00e7\u00e3o O Curso de Licenciatura em Ci\u00eancia da Computa\u00e7\u00e3o da Universidade Federal da Para\u00edba (UFPB)\u2013 [&hellip;]<\/p>\n","protected":false},"author":47,"featured_media":0,"parent":0,"menu_order":0,"comment_status":"closed","ping_status":"closed","template":"","meta":{"footnotes":""},"class_list":["post-5","page","type-page","status-publish","hentry"],"_links":{"self":[{"href":"https:\/\/www.ccae.ufpb.br\/lcc\/wp-json\/wp\/v2\/pages\/5","targetHints":{"allow":["GET"]}}],"collection":[{"href":"https:\/\/www.ccae.ufpb.br\/lcc\/wp-json\/wp\/v2\/pages"}],"about":[{"href":"https:\/\/www.ccae.ufpb.br\/lcc\/wp-json\/wp\/v2\/types\/page"}],"author":[{"embeddable":true,"href":"https:\/\/www.ccae.ufpb.br\/lcc\/wp-json\/wp\/v2\/users\/47"}],"replies":[{"embeddable":true,"href":"https:\/\/www.ccae.ufpb.br\/lcc\/wp-json\/wp\/v2\/comments?post=5"}],"version-history":[{"count":12,"href":"https:\/\/www.ccae.ufpb.br\/lcc\/wp-json\/wp\/v2\/pages\/5\/revisions"}],"predecessor-version":[{"id":213,"href":"https:\/\/www.ccae.ufpb.br\/lcc\/wp-json\/wp\/v2\/pages\/5\/revisions\/213"}],"wp:attachment":[{"href":"https:\/\/www.ccae.ufpb.br\/lcc\/wp-json\/wp\/v2\/media?parent=5"}],"curies":[{"name":"wp","href":"https:\/\/api.w.org\/{rel}","templated":true}]}}