{"id":50,"date":"2025-05-20T19:25:26","date_gmt":"2025-05-20T22:25:26","guid":{"rendered":"https:\/\/www.ccae.ufpb.br\/lcc\/?page_id=50"},"modified":"2026-04-15T09:37:36","modified_gmt":"2026-04-15T12:37:36","slug":"ebook","status":"publish","type":"page","link":"https:\/\/www.ccae.ufpb.br\/lcc\/ebook\/","title":{"rendered":"Projetos"},"content":{"rendered":"\n<p>A sociedade tem passado por transforma\u00e7\u00f5es estruturais evidenciadas pelo avan\u00e7o do conhecimento cient\u00edfico e pela utiliza\u00e7\u00e3o da computa\u00e7\u00e3o em diversas \u00e1reas. Nesse contexto, amplia-se a necessidade de se formar cidad\u00e3os capazes de contribuir com a sociedade atrav\u00e9s de tecnologia.&nbsp;Para que essa forma\u00e7\u00e3o possa ser completa, os estudantes do curso de LCC t\u00eam a oportunidade de participar de diferentes projetos de Ensino, Pesquisa e Extens\u00e3o ao longo de sua forma\u00e7\u00e3o.<\/p>\n\n\n\n<p>Algumas a\u00e7\u00f5es destes projetos est\u00e3o descritas em sites de projetos, em artigos e livros publicados por docentes e discentes do curso e tamb\u00e9m nos Trabalhos de Conclus\u00e3o de Curso (TCCs) j\u00e1 defendidos.<\/p>\n\n\n\n<h2 class=\"wp-block-heading\"><div class=\"linha-header\">Projetos de Ensino, Pesquisa e Extens\u00e3o<\/div><\/h2>\n\n\n\n<p>O Campus IV t\u00eam desenvolvido diferentes projetos envolvendo discentes do curso de LCC. H\u00e1 projetos como PIBID, PROLICEN, PIBIC, PROBEX, Monitoria, al\u00e9m de projetos envolvendo empresas, como os do <a href=\"https:\/\/ayty.org\/\">Laborat\u00f3rio Ayty<\/a>.<\/p>\n\n\n\n<p>A seguir est\u00e3o os links de alguns projetos em execu\u00e7\u00e3o ou j\u00e1 executados envolvendo discentes de LCC:<\/p>\n\n\n\n<ul class=\"wp-block-list\">\n<li>Codificar para Desenvolver: Dissemina\u00e7\u00e3o do Pensamento Computacional e Base de Dados Comunit\u00e1ria de Materiais Instrucionais (<a href=\"https:\/\/sigaa.ufpb.br\/sigaa\/link\/public\/extensao\/visualizacaoAcaoExtensao\/14527\">Link Sigaa<\/a>)<\/li>\n\n\n\n<li>IT GIRLS &#8211; Promovendo a Igualdade de G\u00eanero em Tecnologia da Informa\u00e7\u00e3o no Litoral Norte da Para\u00edba (<a href=\"https:\/\/sigaa.ufpb.br\/sigaa\/link\/public\/extensao\/visualizacaoAcaoExtensao\/14409\">Link Sigaa<\/a>) (<a href=\"https:\/\/www.instagram.com\/itgirlsrt\/\">Instagram<\/a>)<\/li>\n\n\n\n<li>Computa\u00e7\u00e3o Plugada: Projeto, Desenvolvimento e Avalia\u00e7\u00e3o de Aplicativos e Sistemas para Apoiar o Ensino da Ci\u00eancia da Computa\u00e7\u00e3o (<a href=\"https:\/\/sites.google.com\/view\/computacaoplugada\/\">Site do projeto<\/a>) (Link Sigaa)<\/li>\n\n\n\n<li>Apps4Society: Construindo Aplicativos que impactem positivamente a sociedade (Site do projeto) (<a href=\"https:\/\/a4s.dev.br\/\">Site do projeto<\/a>) (<a href=\"https:\/\/sigaa.ufpb.br\/sigaa\/link\/public\/extensao\/visualizacaoAcaoExtensao\/14616\">Link Sigaa<\/a>) (<a href=\"https:\/\/www.instagram.com\/apps4society\/\">Instagram<\/a>)<\/li>\n\n\n\n<li>A4SMaker: Desenvolvendo Habilidades do Pensamento Computacional na Educa\u00e7\u00e3o B\u00e1sica por meio da cria\u00e7\u00e3o de aplicativos (<a href=\"https:\/\/sites.google.com\/dcx.ufpb.br\/a4smaker\">Site do projeto<\/a>)<\/li>\n\n\n\n<li>Projetos em Colabora\u00e7\u00e3o com Empresas e Institui\u00e7\u00f5es P\u00fablicas e Privadas ligadas ao Laborat\u00f3rio <a href=\"https:\/\/ayty.org\/\">Ayty<\/a> (<a href=\"https:\/\/ayty.org\/projetos\/\">Site de projetos do Ayty<\/a>)<\/li>\n\n\n\n<li>A4S Pesquisa: Construindo e avaliando solu\u00e7\u00f5es tecnol\u00f3gicas para a sociedade e interven\u00e7\u00f5es pedag\u00f3gicas envolvendo tecnologia<\/li>\n\n\n\n<li>&#8230; (em atualiza\u00e7\u00e3o)<\/li>\n<\/ul>\n\n\n\n<h2 class=\"wp-block-heading\"><div class=\"linha-header\">E-book e Base de TCCs<\/div><\/h2>\n\n\n\n<p>Este <a href=\"https:\/\/drive.google.com\/file\/d\/1jPi0qMUtTjIKQe_jGX-aeXPdFiqUmQO9\/view?usp=sharing\">E-book Tecnologia da Informa\u00e7\u00e3o no Vale do Mamanguape: 15 anos de Hist\u00f3ria<\/a> apresenta a sele\u00e7\u00e3o de alguns <a href=\"https:\/\/datastudio.google.com\/reporting\/a6d53659-bbd4-4e5a-83f0-ba759ac3f136\/page\/cT6oC\">Trabalhos de Conclus\u00e3o de Curso (TCCs)<\/a> realizados nos primeiros 15 anos dos cursos de Licenciatura em Ci\u00eancia da Computa\u00e7\u00e3o (LCC) e Bacharelado em Sistemas de Informa\u00e7\u00e3o (BSI),  criados em 2006 e implantados em 2007 no Campus IV da Universidade Federal da Para\u00edba. O E-book est\u00e1 dispon\u00edvel como <a href=\"https:\/\/drive.google.com\/file\/d\/1La8Xs-S-kIpRdYkB3rYwQ786MiXsHcDz\/view?usp=sharing\">EPUB<\/a> e tamb\u00e9m em <a href=\"https:\/\/drive.google.com\/file\/d\/1jPi0qMUtTjIKQe_jGX-aeXPdFiqUmQO9\/view?usp=sharing\">PDF<\/a>.<\/p>\n\n\n\n<p>Mais de 400 Trabalhos de Conclus\u00e3o de Curso foram defendidos por discentes de ambos os cursos em diferentes \u00e1reas: Engenharia de Software, Educa\u00e7\u00e3o na Computa\u00e7\u00e3o, Inform\u00e1tica na Educa\u00e7\u00e3o, Intelig\u00eancia Artificial, Gest\u00e3o e Governan\u00e7a, Intera\u00e7\u00e3o Humano-Computador, Ci\u00eancia de Dados, dentre outras. Neste E-book est\u00e3o apenas alguns deles, mas toda a base de TCCs dos cursos de LCC e BSI podem ser encontrados na &nbsp;<a href=\"https:\/\/datastudio.google.com\/reporting\/a6d53659-bbd4-4e5a-83f0-ba759ac3f136\/page\/cT6oC\" target=\"_blank\" rel=\"noreferrer noopener\">Base de TCCs<\/a>.<\/p>\n\n\n\n<p><\/p>\n","protected":false},"excerpt":{"rendered":"<p>A sociedade tem passado por transforma\u00e7\u00f5es estruturais evidenciadas pelo avan\u00e7o do conhecimento cient\u00edfico e pela [&hellip;]<\/p>\n","protected":false},"author":47,"featured_media":0,"parent":0,"menu_order":0,"comment_status":"closed","ping_status":"closed","template":"","meta":{"footnotes":""},"class_list":["post-50","page","type-page","status-publish","hentry"],"_links":{"self":[{"href":"https:\/\/www.ccae.ufpb.br\/lcc\/wp-json\/wp\/v2\/pages\/50","targetHints":{"allow":["GET"]}}],"collection":[{"href":"https:\/\/www.ccae.ufpb.br\/lcc\/wp-json\/wp\/v2\/pages"}],"about":[{"href":"https:\/\/www.ccae.ufpb.br\/lcc\/wp-json\/wp\/v2\/types\/page"}],"author":[{"embeddable":true,"href":"https:\/\/www.ccae.ufpb.br\/lcc\/wp-json\/wp\/v2\/users\/47"}],"replies":[{"embeddable":true,"href":"https:\/\/www.ccae.ufpb.br\/lcc\/wp-json\/wp\/v2\/comments?post=50"}],"version-history":[{"count":7,"href":"https:\/\/www.ccae.ufpb.br\/lcc\/wp-json\/wp\/v2\/pages\/50\/revisions"}],"predecessor-version":[{"id":210,"href":"https:\/\/www.ccae.ufpb.br\/lcc\/wp-json\/wp\/v2\/pages\/50\/revisions\/210"}],"wp:attachment":[{"href":"https:\/\/www.ccae.ufpb.br\/lcc\/wp-json\/wp\/v2\/media?parent=50"}],"curies":[{"name":"wp","href":"https:\/\/api.w.org\/{rel}","templated":true}]}}