{"id":52,"date":"2025-05-20T19:29:08","date_gmt":"2025-05-20T22:29:08","guid":{"rendered":"https:\/\/www.ccae.ufpb.br\/lcc\/?page_id=52"},"modified":"2026-04-15T07:37:38","modified_gmt":"2026-04-15T10:37:38","slug":"laurea-academica","status":"publish","type":"page","link":"https:\/\/www.ccae.ufpb.br\/lcc\/laurea-academica\/","title":{"rendered":"L\u00e1urea Acad\u00eamica"},"content":{"rendered":"\n<p>De acordo com a Resolu\u00e7\u00e3o 06\/2022, o pr\u00eamio &#8220;L\u00e1urea Acad\u00eamica Destaque da Gradua\u00e7\u00e3o&#8221; \u00e9 concedido a&nbsp;discente(s) que, ao t\u00e9rmino do curso de gradua\u00e7\u00e3o, tenha(m) auferido destacado aproveitamento&nbsp;acad\u00eamico em atividades de ensino, pesquisa e extens\u00e3o dentre os pares de sua turma [<strong>Art. 1\u00b0<\/strong>].&nbsp;Para fazer jus ao recebimento da \u201cL\u00e1urea Acad\u00eamica Destaque da Gradua\u00e7\u00e3o\u201d, o&nbsp;discente dever\u00e1 preencher, cumulativamente, os seguintes requisitos [<strong>Art. 2\u00b0<\/strong>]:<\/p>\n\n\n\n<p><em>I &#8211; ter ingressado no curso por meio de uma das formas de ingresso estabelecida pelo&nbsp;Regulamento da Gradua\u00e7\u00e3o vigente, desde que tenha realizado, no m\u00ednimo, 3\/4 (tr\u00eas quartos)&nbsp;dos cr\u00e9ditos do curso na UFPB;<\/em><br><br><em>II &#8211; possuir Coeficiente de Rendimento Acad\u00eamico (CRA) igual ou superior ao nono decil da&nbsp;distribui\u00e7\u00e3o de todos os CRAs de alunos concluintes de cada curso, por turno;<\/em><\/p>\n\n\n\n<p><em>III &#8211; ter participado por, no m\u00ednimo, 01 (um) semestre, de, pelo menos, uma atividade de&nbsp;pesquisa ou de extens\u00e3o ou de monitoria ou de outro programa acad\u00eamico reconhecido e&nbsp;vinculado \u00e0 UFPB.<\/em><\/p>\n\n\n\n<div class=\"wp-block-file\"><a id=\"wp-block-file--media-09ab2972-199f-4598-b749-da503f00a095\" href=\"https:\/\/www.ccae.ufpb.br\/lcc\/wp-content\/uploads\/sites\/170\/sites\/309\/2025\/05\/resoluo_n_06-2022_consuni.pdf\"><em><strong>&nbsp;Resolu\u00e7\u00e3o N\u00b0 06\/2022<\/strong><\/em><\/a><a href=\"https:\/\/www.ccae.ufpb.br\/lcc\/wp-content\/uploads\/sites\/170\/sites\/309\/2025\/05\/resoluo_n_06-2022_consuni.pdf\" class=\"wp-block-file__button wp-element-button\" download aria-describedby=\"wp-block-file--media-09ab2972-199f-4598-b749-da503f00a095\">Baixar<\/a><\/div>\n\n\n\n<div class=\"wp-block-file\"><a id=\"wp-block-file--media-8237fd21-67b2-43f3-b75a-bcd7fbd642fd\" href=\"https:\/\/www.ccae.ufpb.br\/lcc\/wp-content\/uploads\/sites\/170\/sites\/309\/2025\/05\/portaria_comissoa_-_laurea.pdf\"><strong>&nbsp;<em>Portaria&nbsp;N\u00b0 210\/2023 &#8211; CCAE &#8211; CCC<\/em><\/strong><\/a><a href=\"https:\/\/www.ccae.ufpb.br\/lcc\/wp-content\/uploads\/sites\/170\/sites\/309\/2025\/05\/portaria_comissoa_-_laurea.pdf\" class=\"wp-block-file__button wp-element-button\" download aria-describedby=\"wp-block-file--media-8237fd21-67b2-43f3-b75a-bcd7fbd642fd\">Baixar<\/a><\/div>\n\n\n\n<p><strong>Discentes Laureados<\/strong><\/p>\n\n\n\n<h2 class=\"wp-block-heading\"><div class=\"linha-header\"><strong><strong>2025.<\/strong>1<\/strong><\/div><\/h2>\n\n\n\n<p>1\u00ba Lugar:\u00a0Selene Haruno<strong>\u00a0<\/strong><br>2\u00ba Lugar:\u00a0J\u00falio Verne da Silva Rodrigues<\/p>\n\n\n\n<details class=\"wp-block-details is-layout-flow wp-block-details-is-layout-flow\"><summary>Relat\u00f3rio L\u00e1urea 2025.1<\/summary>\n<div data-wp-interactive=\"core\/file\" class=\"wp-block-file\"><object data-wp-bind--hidden=\"!state.hasPdfPreview\" hidden class=\"wp-block-file__embed\" data=\"https:\/\/www.ccae.ufpb.br\/lcc\/wp-content\/uploads\/sites\/170\/sites\/309\/2025\/11\/RELATORIO_2_2025_CCAE_-_SGA_028593801774702107540.pdf\" type=\"application\/pdf\" style=\"width:100%;height:600px\" aria-label=\"Incorporado de Relat\u00f3rio L\u00e1urea 2025.1.\"><\/object><a id=\"wp-block-file--media-8894584a-c70f-41c2-aedd-18f2c02eb44e\" href=\"https:\/\/www.ccae.ufpb.br\/lcc\/wp-content\/uploads\/sites\/170\/sites\/309\/2025\/11\/RELATORIO_2_2025_CCAE_-_SGA_028593801774702107540.pdf\">Relat\u00f3rio L\u00e1urea 2025.1<\/a><a href=\"https:\/\/www.ccae.ufpb.br\/lcc\/wp-content\/uploads\/sites\/170\/sites\/309\/2025\/11\/RELATORIO_2_2025_CCAE_-_SGA_028593801774702107540.pdf\" class=\"wp-block-file__button wp-element-button\" download aria-describedby=\"wp-block-file--media-8894584a-c70f-41c2-aedd-18f2c02eb44e\">Baixar<\/a><\/div>\n<\/details>\n\n\n\n<p><\/p>\n\n\n\n<h2 class=\"wp-block-heading\"><div class=\"linha-header\"><strong><strong>2024.2<\/strong><\/strong><\/div><\/h2>\n\n\n\n<p>1\u00ba Lugar:\u00a0Jorge Luiz da Silva<strong>\u00a0<\/strong><br>2\u00ba Lugar:\u00a0Lucas da Silva Freitas<br>3\u00ba Lugar:\u00a0Rodolpho Pereira Alves<\/p>\n\n\n\n<h2 class=\"wp-block-heading\"><div class=\"linha-header\"><strong><strong>2024<\/strong>.1<\/strong><\/div><\/h2>\n\n\n\n<p>1\u00ba Lugar:\u00a0Caroline de Castro Sousa<br>2\u00ba Lugar:\u00a0Amanda Bandeira Campelo<\/p>\n\n\n\n<h2 class=\"wp-block-heading\"><div class=\"linha-header\"><strong>2023.2<\/strong><\/div><\/h2>\n\n\n\n<ul class=\"wp-block-list\">\n<li>Luiz Oliveira da Silva Junior<\/li>\n\n\n\n<li>Francisco de Assis Braga Vieira Neto<br><\/li>\n<\/ul>\n\n\n\n<h2 class=\"wp-block-heading\"><div class=\"linha-header\"><strong>2023.1<\/strong><\/div><\/h2>\n\n\n\n<ul class=\"wp-block-list\">\n<li>Isabelle Melo do Nascimento<\/li>\n\n\n\n<li>Felipe Alencar Silva Santos<\/li>\n\n\n\n<li>Samuel Henrique da Silva<\/li>\n<\/ul>\n\n\n\n<div class=\"wp-block-file\"><a id=\"wp-block-file--media-5d94a985-7667-4f7c-8fd2-9d177d270f36\" href=\"https:\/\/www.ccae.ufpb.br\/lcc\/wp-content\/uploads\/sites\/170\/sites\/309\/2025\/05\/relatorio_laureados_2023-1.pdf\"><strong><em><strong>&nbsp;Relat\u00f3rio L\u00e1urea 2023.1<\/strong><\/em><\/strong><\/a><a href=\"https:\/\/www.ccae.ufpb.br\/lcc\/wp-content\/uploads\/sites\/170\/sites\/309\/2025\/05\/relatorio_laureados_2023-1.pdf\" class=\"wp-block-file__button wp-element-button\" download aria-describedby=\"wp-block-file--media-5d94a985-7667-4f7c-8fd2-9d177d270f36\">Baixar<\/a><\/div>\n\n\n\n<h2 class=\"wp-block-heading\"><div class=\"linha-header\"><strong>2022.2<\/strong><\/div><\/h2>\n\n\n\n<ul class=\"wp-block-list\">\n<li>Gabriel Barreto Tavares da Silva<\/li>\n\n\n\n<li>Marcio Nascimento da Costa<\/li>\n<\/ul>\n\n\n\n<div class=\"wp-block-file\"><a id=\"wp-block-file--media-efc0336d-fd00-4481-8ce9-3b6559210419\" href=\"https:\/\/www.ccae.ufpb.br\/lcc\/wp-content\/uploads\/sites\/170\/sites\/309\/2025\/05\/relatorio_laurea_2022-2.pdf\"><strong><em><strong>&nbsp;Relat\u00f3rio L\u00e1urea 2022.2<\/strong><\/em><\/strong><\/a><a href=\"https:\/\/www.ccae.ufpb.br\/lcc\/wp-content\/uploads\/sites\/170\/sites\/309\/2025\/05\/relatorio_laurea_2022-2.pdf\" class=\"wp-block-file__button wp-element-button\" download aria-describedby=\"wp-block-file--media-efc0336d-fd00-4481-8ce9-3b6559210419\">Baixar<\/a><\/div>\n\n\n\n<h2 class=\"wp-block-heading\"><div class=\"linha-header\"><strong>2022.1<\/strong><\/div><\/h2>\n\n\n\n<ul class=\"wp-block-list\">\n<li>Raimundo Marcos Gon\u00e7alves Ludgerio<\/li>\n\n\n\n<li>Camila Tereza dos Santos Silva<\/li>\n\n\n\n<li>Luiz Vitor Araujo de Amorim<\/li>\n<\/ul>\n\n\n\n<h2 class=\"wp-block-heading\"><div class=\"linha-header\"><strong>2021.2<\/strong><\/div><\/h2>\n\n\n\n<ul class=\"wp-block-list\">\n<li>Heitor Moreira Carneiro de Oliveira<\/li>\n\n\n\n<li>Daniel de Moura Santos<\/li>\n<\/ul>\n","protected":false},"excerpt":{"rendered":"<p>De acordo com a Resolu\u00e7\u00e3o 06\/2022, o pr\u00eamio &#8220;L\u00e1urea Acad\u00eamica Destaque da Gradua\u00e7\u00e3o&#8221; \u00e9 concedido [&hellip;]<\/p>\n","protected":false},"author":47,"featured_media":0,"parent":0,"menu_order":0,"comment_status":"closed","ping_status":"closed","template":"","meta":{"footnotes":""},"class_list":["post-52","page","type-page","status-publish","hentry"],"_links":{"self":[{"href":"https:\/\/www.ccae.ufpb.br\/lcc\/wp-json\/wp\/v2\/pages\/52","targetHints":{"allow":["GET"]}}],"collection":[{"href":"https:\/\/www.ccae.ufpb.br\/lcc\/wp-json\/wp\/v2\/pages"}],"about":[{"href":"https:\/\/www.ccae.ufpb.br\/lcc\/wp-json\/wp\/v2\/types\/page"}],"author":[{"embeddable":true,"href":"https:\/\/www.ccae.ufpb.br\/lcc\/wp-json\/wp\/v2\/users\/47"}],"replies":[{"embeddable":true,"href":"https:\/\/www.ccae.ufpb.br\/lcc\/wp-json\/wp\/v2\/comments?post=52"}],"version-history":[{"count":7,"href":"https:\/\/www.ccae.ufpb.br\/lcc\/wp-json\/wp\/v2\/pages\/52\/revisions"}],"predecessor-version":[{"id":201,"href":"https:\/\/www.ccae.ufpb.br\/lcc\/wp-json\/wp\/v2\/pages\/52\/revisions\/201"}],"wp:attachment":[{"href":"https:\/\/www.ccae.ufpb.br\/lcc\/wp-json\/wp\/v2\/media?parent=52"}],"curies":[{"name":"wp","href":"https:\/\/api.w.org\/{rel}","templated":true}]}}