{"id":9,"date":"2025-05-20T16:26:33","date_gmt":"2025-05-20T19:26:33","guid":{"rendered":"https:\/\/www.ccae.ufpb.br\/lcc\/?page_id=9"},"modified":"2026-04-13T14:37:45","modified_gmt":"2026-04-13T17:37:45","slug":"quem-somos","status":"publish","type":"page","link":"https:\/\/www.ccae.ufpb.br\/lcc\/quem-somos\/","title":{"rendered":"Quem somos?"},"content":{"rendered":"\n<p>Aqui voc\u00ea conhecer\u00e1 as\u00a0pessoas ligadas \u00e0 coordena\u00e7\u00e3o do <a href=\"https:\/\/www.ccae.ufpb.br\/lcc\/apresentacao\/\" data-type=\"page\" data-id=\"5\">curso de Licenciatura em Ci\u00eancia da Computa\u00e7\u00e3o<\/a>. As\u00a0atividades da coordena\u00e7\u00e3o\u00a0s\u00e3o divididas entre o coordenador, vice-coordenador e o secret\u00e1rio do curso. Para entrar em contato com a coordena\u00e7\u00e3o voc\u00ea deve enviar um e-mail para\u00a0<strong><a href=\"mailto:coordenacaolcc@dcx.ufpb.br\">coordenacaolcc@dcx.ufpb.br<\/a>.<\/strong>\u00a0Mas se o assunto que voc\u00ea quer tratar diz\u00a0respeito \u00e0 secretaria ent\u00e3o envie um e-mail para\u00a0<a href=\"mailto:siagrt@ccae.ufpb.br\">siagrt@ccae.ufpb.br<\/a>.<\/p>\n\n\n\n<p>Atualmente a coordena\u00e7\u00e3o de LCC \u00e9 formada pela Profa. Fl\u00e1via Veloso (coordenadora) e pela Profa. Ayla Rebou\u00e7as (vice-coordenadora). A coordena\u00e7\u00e3o \u00e9 tamb\u00e9m apoiada pela SIAG, sendo Leonan o secret\u00e1rio atual do curso.<\/p>\n\n\n\n<p>O curso disp\u00f5e de um perfil no Instagram: <a href=\"https:\/\/www.instagram.com\/lcc.ufpb\/\">@lcc.ufpb<\/a>. Siga-nos e acompanhe as novidades relacionadas a LCC.<\/p>\n\n\n\n<p>D\u00favidas frequentes dos alunos do curso podem ser encontradas no documento de perguntas e respostas dispon\u00edvel aqui:<\/p>\n\n\n\n<p><a href=\"https:\/\/bit.ly\/FAQ_LCC\">https:\/\/bit.ly\/FAQ_LCC<\/a><\/p>\n\n\n\n<p>Para saber mais sobre o curso, acesse a p\u00e1gina &#8220;<a href=\"https:\/\/www.ccae.ufpb.br\/lcc\/apresentacao\/\" data-type=\"page\" data-id=\"5\">Sobre o Curso<\/a>&#8220;.<\/p>\n","protected":false},"excerpt":{"rendered":"<p>Aqui voc\u00ea conhecer\u00e1 as\u00a0pessoas ligadas \u00e0 coordena\u00e7\u00e3o do curso de Licenciatura em Ci\u00eancia da Computa\u00e7\u00e3o. [&hellip;]<\/p>\n","protected":false},"author":47,"featured_media":0,"parent":0,"menu_order":0,"comment_status":"closed","ping_status":"closed","template":"","meta":{"footnotes":""},"class_list":["post-9","page","type-page","status-publish","hentry"],"_links":{"self":[{"href":"https:\/\/www.ccae.ufpb.br\/lcc\/wp-json\/wp\/v2\/pages\/9","targetHints":{"allow":["GET"]}}],"collection":[{"href":"https:\/\/www.ccae.ufpb.br\/lcc\/wp-json\/wp\/v2\/pages"}],"about":[{"href":"https:\/\/www.ccae.ufpb.br\/lcc\/wp-json\/wp\/v2\/types\/page"}],"author":[{"embeddable":true,"href":"https:\/\/www.ccae.ufpb.br\/lcc\/wp-json\/wp\/v2\/users\/47"}],"replies":[{"embeddable":true,"href":"https:\/\/www.ccae.ufpb.br\/lcc\/wp-json\/wp\/v2\/comments?post=9"}],"version-history":[{"count":5,"href":"https:\/\/www.ccae.ufpb.br\/lcc\/wp-json\/wp\/v2\/pages\/9\/revisions"}],"predecessor-version":[{"id":155,"href":"https:\/\/www.ccae.ufpb.br\/lcc\/wp-json\/wp\/v2\/pages\/9\/revisions\/155"}],"wp:attachment":[{"href":"https:\/\/www.ccae.ufpb.br\/lcc\/wp-json\/wp\/v2\/media?parent=9"}],"curies":[{"name":"wp","href":"https:\/\/api.w.org\/{rel}","templated":true}]}}