{"id":30,"date":"2025-04-26T09:01:36","date_gmt":"2025-04-26T12:01:36","guid":{"rendered":"https:\/\/www.ccae.ufpb.br\/letras\/?page_id=30"},"modified":"2025-06-04T19:58:12","modified_gmt":"2025-06-04T22:58:12","slug":"projetos-de-extensao","status":"publish","type":"page","link":"https:\/\/www.ccae.ufpb.br\/letras\/projetos-de-extensao\/","title":{"rendered":"Projetos de Extens\u00e3o"},"content":{"rendered":"\n<p><strong>T\u00edtulo:\u00a0<a href=\"https:\/\/sigaa.ufpb.br\/sigaa\/link\/public\/extensao\/visualizacaoAcaoExtensao\/1926\" target=\"_blank\" rel=\"noreferrer noopener\">UNIVERSIDADE EM DEBATE: pr\u00e1ticas de leitura e de produ\u00e7\u00e3o de textos com foco no Enem<\/a><a href=\"http:\/\/salavirtual.lendoeargumentando.com.br\/\" target=\"_blank\" rel=\"noreferrer noopener\">Sala Virtual<\/a>\u00a0e\u00a0<a href=\"https:\/\/www.instagram.com\/universidadeemdebate\/\" target=\"_blank\" rel=\"noreferrer noopener\">Instagram<\/a><\/strong> Coordenadores:\u00a0<strong><a href=\"http:\/\/lattes.cnpq.br\/3166379585502053\" target=\"_blank\" rel=\"noreferrer noopener\">Jocelio Coutinho de Oliveira<\/a>,\u00a0<a href=\"http:\/\/sigaa.ufpb.br\/sigaa\/public\/docente\/portal.jsf?siape=2385981\" target=\"_blank\" rel=\"noreferrer noopener\">Luana Francisleyde Pessoa de Farias<\/a>\u00a0e\u00a0<a href=\"http:\/\/sigaa.ufpb.br\/sigaa\/public\/docente\/portal.jsf?siape=2317361\" target=\"_blank\" rel=\"noreferrer noopener\">Fabio Pessoa da Silva<\/a> Fonte de Financiamento:\u00a0<\/strong>Financiamento Interno (EDITAL N\u00ba 02\/2018 &#8211; PROBEX 2018)<strong>Resumo:<\/strong>\u00a0Este projeto se justifica por sua relev\u00e2ncia acad\u00eamica e social ao atender demandas atualmente existentes no Centro de Ci\u00eancias Aplicadas e Educa\u00e7\u00e3o, da Universidade Federal da Para\u00edba. Dada a import\u00e2ncia do dom\u00ednio da l\u00edngua materna para o exerc\u00edcio das profiss\u00f5es contempor\u00e2neas, temas como norma culta, corre\u00e7\u00e3o e adequabilidade lingu\u00edsticas, entre outros, permitir\u00e3o o estabelecimento de pontes com os diversos cursos de gradua\u00e7\u00e3o do Campus. Contudo, o curso de Letras &#8211; L\u00edngua Portuguesa (Mamanguape-PB) \u00e9 o que mant\u00e9m rela\u00e7\u00e3o intr\u00ednseca com esta proposta, uma vez que apresenta em seu PCC, dentre os objetivos espec\u00edficos, desenvolver no aluno a capacidade de &#8220;ler, analisar e produzir textos em diferentes linguagens, em diferentes variedades da l\u00edngua e em diferentes contextos&#8221;, considerando igualmente essencial &#8220;realizar atividades de extens\u00e3o, como forma de articular o ensino e a pesquisa com a realidade social&#8221; (PCC de Letras\/UFPB\/CCAE, 2010, p. 11).<\/p>\n\n\n\n<p><strong>T\u00edtulo:\u00a0<a href=\"https:\/\/sigaa.ufpb.br\/sigaa\/link\/public\/extensao\/visualizacaoAcaoExtensao\/1961\" target=\"_blank\" rel=\"noreferrer noopener\">Rodas de Leitura: Mulheres na Literatura<\/a>\u00a0(<a href=\"https:\/\/www.facebook.com\/groups\/817518548403490\/?ref=br_rs\" target=\"_blank\" rel=\"noreferrer noopener\">grupo no Facebook<\/a>)<\/strong>Coordenadora:\u00a0<strong><a href=\"https:\/\/sigaa.ufpb.br\/sigaa\/public\/docente\/portal.jsf?siape=2641290\" target=\"_blank\" rel=\"noreferrer noopener\">Moama Lorena de Lacerda Marques<\/a>. Fonte de Financiamento:\u00a0<\/strong>Financiamento Interno (EDITAL N\u00ba 02\/2018 &#8211; PROBEX 2018)<strong>E-mail para contato:\u00a0<a href=\"mailto:rodadeleituracampusiv@gmail.com\">rodadeleituracampusiv@gmail.com<\/a>Resumo:<\/strong>\u00a0Em virtude da constata\u00e7\u00e3o da pouca representatividade da produ\u00e7\u00e3o de mulheres nos planos dos cursos de Letras, no cat\u00e1logo das editoras, nas premia\u00e7\u00f5es e em outros espa\u00e7os de ensino, pesquisa e promo\u00e7\u00e3o do texto liter\u00e1rio, o projeto de extens\u00e3o (PROBEX) Rodas de Leitura: Mulheres na Literatura tem como objetivo promover uma maior visibilidade da produ\u00e7\u00e3o de autoria feminina na regi\u00e3o do Vale do Mamanguape. Para a execu\u00e7\u00e3o das nossas rodas, s\u00e3o realizadas reuni\u00f5es de planejamento, pesquisa bibliogr\u00e1fica sobre autoras e obras selecionadas e encontros mensais, que s\u00e3o abertos para toda a comunidade. Encontros estes que sempre partem de um recorte de autoria e de um livro-mote. Em meio a um encontro e outro, textos cr\u00edticos e liter\u00e1rios s\u00e3o disponibilizados por meio de um grupo do projeto criado no\u00a0<em>facebook<\/em>, que tamb\u00e9m serve para irmos trocando impress\u00f5es de leitura e divulgando mat\u00e9rias relacionadas \u00e0 autoria feminina. Nos encontros presenciais, s\u00e3o feitas leituras e discuss\u00f5es acerca do recorte de autoria e da obra\/dos textos selecionados.<\/p>\n\n\n\n<p><a href=\"https:\/\/sigaa.ufpb.br\/sigaa\/public\/extensao\/consulta_extensao.jsf\" target=\"_blank\" rel=\"noreferrer noopener\">Clique aqui para pesquisar as A\u00e7\u00f5es de Extens\u00e3o desenvolvidas na UFPB.<\/a><\/p>\n","protected":false},"excerpt":{"rendered":"<p>T\u00edtulo:\u00a0UNIVERSIDADE EM DEBATE: pr\u00e1ticas de leitura e de produ\u00e7\u00e3o de textos com foco no EnemSala Virtual\u00a0e\u00a0Instagram Coordenadores:\u00a0Jocelio Coutinho de Oliveira,\u00a0Luana Francisleyde Pessoa de Farias\u00a0e\u00a0Fabio Pessoa da Silva Fonte de Financiamento:\u00a0Financiamento Interno (EDITAL N\u00ba 02\/2018 &#8211; PROBEX 2018)Resumo:\u00a0Este projeto se justifica por sua relev\u00e2ncia acad\u00eamica e social ao atender demandas atualmente existentes no Centro de Ci\u00eancias [&hellip;]<\/p>\n","protected":false},"author":47,"featured_media":0,"parent":0,"menu_order":0,"comment_status":"closed","ping_status":"closed","template":"","meta":{"footnotes":""},"class_list":["post-30","page","type-page","status-publish","hentry"],"_links":{"self":[{"href":"https:\/\/www.ccae.ufpb.br\/letras\/wp-json\/wp\/v2\/pages\/30","targetHints":{"allow":["GET"]}}],"collection":[{"href":"https:\/\/www.ccae.ufpb.br\/letras\/wp-json\/wp\/v2\/pages"}],"about":[{"href":"https:\/\/www.ccae.ufpb.br\/letras\/wp-json\/wp\/v2\/types\/page"}],"author":[{"embeddable":true,"href":"https:\/\/www.ccae.ufpb.br\/letras\/wp-json\/wp\/v2\/users\/47"}],"replies":[{"embeddable":true,"href":"https:\/\/www.ccae.ufpb.br\/letras\/wp-json\/wp\/v2\/comments?post=30"}],"version-history":[{"count":1,"href":"https:\/\/www.ccae.ufpb.br\/letras\/wp-json\/wp\/v2\/pages\/30\/revisions"}],"predecessor-version":[{"id":31,"href":"https:\/\/www.ccae.ufpb.br\/letras\/wp-json\/wp\/v2\/pages\/30\/revisions\/31"}],"wp:attachment":[{"href":"https:\/\/www.ccae.ufpb.br\/letras\/wp-json\/wp\/v2\/media?parent=30"}],"curies":[{"name":"wp","href":"https:\/\/api.w.org\/{rel}","templated":true}]}}