{"id":32,"date":"2025-04-26T09:03:29","date_gmt":"2025-04-26T12:03:29","guid":{"rendered":"https:\/\/www.ccae.ufpb.br\/letras\/?page_id=32"},"modified":"2025-06-04T19:58:12","modified_gmt":"2025-06-04T22:58:12","slug":"grupos-de-pesquisa","status":"publish","type":"page","link":"https:\/\/www.ccae.ufpb.br\/letras\/grupos-de-pesquisa\/","title":{"rendered":"Grupos de Pesquisa"},"content":{"rendered":"\n<p><strong>T\u00edtulo:\u00a0<a href=\"http:\/\/dgp.cnpq.br\/dgp\/espelhogrupo\/1388981263767270\" target=\"_blank\" rel=\"noreferrer noopener\">Varia\u00e7\u00f5es do ins\u00f3lito: do mito cl\u00e1ssico \u00e0 modernidade<\/a><\/strong><\/p>\n\n\n\n<p><strong>L\u00edderes:\u00a0<a href=\"https:\/\/sigaa.ufpb.br\/sigaa\/public\/docente\/portal.jsf?siape=1809459\" target=\"_blank\" rel=\"noreferrer noopener\">Luciane Alves Santos<\/a>\u00a0e\u00a0<a href=\"https:\/\/sigaa.ufpb.br\/sigaa\/public\/docente\/portal.jsf?siape=1939016\" target=\"_blank\" rel=\"noreferrer noopener\">Michelle Bianca Santos D<\/a><\/strong><a href=\"https:\/\/sigaa.ufpb.br\/sigaa\/public\/docente\/portal.jsf?siape=1939016\" target=\"_blank\" rel=\"noreferrer noopener\"><strong>antas<\/strong><\/a><\/p>\n\n\n\n<p><strong>Descri\u00e7\u00e3o:\u00a0<\/strong>O grupo dedica-se ao debate e pesquisas sobre teorias do g\u00eanero fant\u00e1stico, bem como \u00e0 an\u00e1lise das varia\u00e7\u00f5es do ins\u00f3lito na literatura e em outras artes. As manifesta\u00e7\u00f5es do ins\u00f3lito ser\u00e3o consideradas em suas diferentes possibilidades, perpassando a simbologia do maravilhoso no mito, a experi\u00eancia do g\u00f3tico, o flerte com o grotesco, as narrativas de tradi\u00e7\u00e3o oral, entre outras. Pretendemos contribuir para a abertura de um espa\u00e7o de discuss\u00e3o acad\u00eamica acerca de literatura, arte e cultura, al\u00e9m de fomentar parcerias e estudos com pesquisadores de outras universidades.<\/p>\n\n\n\n<p><strong>T\u00edtulo:\u00a0<a href=\"http:\/\/dgp.cnpq.br\/dgp\/espelhogrupo\/8847090490116014\" target=\"_blank\" rel=\"noreferrer noopener\">Texto: produ\u00e7\u00e3o e recep\u00e7\u00e3o sob v\u00e1rios olhares<\/a><\/strong><\/p>\n\n\n\n<p><strong>L\u00edderes do grupo:\u00a0<a href=\"https:\/\/sigaa.ufpb.br\/sigaa\/public\/docente\/portal.jsf?siape=1543794\" target=\"_blank\" rel=\"noreferrer noopener\">Erivaldo Pereira do Nascimento<\/a>\u00a0e\u00a0<a href=\"https:\/\/sigaa.ufpb.br\/sigaa\/public\/docente\/portal.jsf?siape=1125648\" target=\"_blank\" rel=\"noreferrer noopener\">Lucienne Claudete Esp\u00edndola<\/a><\/strong><\/p>\n\n\n\n<p><strong>Descri\u00e7\u00e3o:<\/strong>\u00a0Os estudos realizados por este grupo de pesquisa t\u00eam contribu\u00eddo em n\u00edvel local, regional, como tamb\u00e9m em n\u00edvel nacional, para a amplia\u00e7\u00e3o das discuss\u00f5es que envolvem os aspectos cognitivos, sem\u00e2nticos, sint\u00e1ticos, discursivos e pragm\u00e1ticos envolvidos no processo de produ\u00e7\u00e3o e recep\u00e7\u00e3o textual. Este grupo tamb\u00e9m tem atuado na capacita\u00e7\u00e3o de profissionais na \u00e1rea de Letras em n\u00edvel de gradua\u00e7\u00e3o e P\u00f3s-Gradua\u00e7\u00e3o, como tamb\u00e9m na capacita\u00e7\u00e3o e atualiza\u00e7\u00e3o de professores do ensino fundamental e m\u00e9dio, principalmente da rede p\u00fablica, atrav\u00e9s da extens\u00e3o, integrando pesquisa, ensino e extens\u00e3o.<\/p>\n\n\n\n<p><strong>T\u00edtulo:\u00a0<a href=\"http:\/\/dgp.cnpq.br\/dgp\/espelhogrupo\/5497313041460144\" target=\"_blank\" rel=\"noreferrer noopener\">Grupo de Pesquisa em Processos e Linguagens Midi\u00e1ticas (Gmid)<\/a><\/strong><\/p>\n\n\n\n<p><strong>L\u00edder do grupo:\u00a0<a href=\"https:\/\/sigaa.ufpb.br\/sigaa\/public\/docente\/portal.jsf?siape=337362\" target=\"_blank\" rel=\"noreferrer noopener\">Marcos Antonio Nicolau<\/a><\/strong><\/p>\n\n\n\n<p><strong>Integrante:\u00a0<a href=\"https:\/\/sigaa.ufpb.br\/sigaa\/public\/docente\/portal.jsf?siape=2193172\" target=\"_blank\" rel=\"noreferrer noopener\">Roseane Batista Feitosa Nicolau<\/a>\u00a0(CCAE)<\/strong><\/p>\n\n\n\n<p><strong>Descri\u00e7\u00e3o:<\/strong>\u00a0O Gmid tem como proposta realizar estudos sobre os aspectos das culturas midi\u00e1ticas audiovisuais, envolvendo processos e linguagens, bem como produtos e g\u00eaneros pertinentes ao fen\u00f4meno da cibercultura, para publica\u00e7\u00e3o acad\u00eamica (artigos cient\u00edficos e livros) e divulga\u00e7\u00e3o em eventos da \u00e1rea. Est\u00e1 vinculado \u00e0 Linha de Pesquisa Culturas Midi\u00e1ticas Audiovisuais, do Programa de P\u00f3s-Gradua\u00e7\u00e3o em Comunica\u00e7\u00e3o (PPGC\/UFPB).<\/p>\n\n\n\n<p><strong>T\u00edtulo:\u00a0<a href=\"http:\/\/dgp.cnpq.br\/dgp\/espelhogrupo\/6476743463961327\" target=\"_blank\" rel=\"noreferrer noopener\">Grupo de Estudos em Letramentos, Intera\u00e7\u00e3o e Trabalho<\/a>\u00a0(GELIT) (<a href=\"https:\/\/sites.google.com\/site\/gelitufpb\/\" target=\"_blank\" rel=\"noreferrer noopener\">Site do grupo<\/a>)<\/strong><\/p>\n\n\n\n<p><strong>L\u00edderes do grupo:\u00a0<a href=\"https:\/\/sigaa.ufpb.br\/sigaa\/public\/docente\/portal.jsf?siape=1285220\" target=\"_blank\" rel=\"noreferrer noopener\">Regina Celi Mendes Pereira da Silva<\/a>\u00a0e\u00a0<a href=\"https:\/\/sigaa.ufpb.br\/sigaa\/public\/docente\/portal.jsf?siape=2169247\" target=\"_blank\" rel=\"noreferrer noopener\">Bet\u00e2nia Passos Medrado<\/a><\/strong><\/p>\n\n\n\n<p><strong>Integrante:\u00a0<a href=\"https:\/\/sigaa.ufpb.br\/sigaa\/public\/docente\/portal.jsf?siape=2317361\" target=\"_blank\" rel=\"noreferrer noopener\">Fabio Pessoa da Silva<\/a>\u00a0(CCAE<\/strong><\/p>\n\n\n\n<p><strong>)Descri\u00e7\u00e3o:<\/strong>\u00a0As pesquisas e estudos desenvolvidos no \u00e2mbito das a\u00e7\u00f5es do GELIT-UFPB-PROLING, de car\u00e1ter mais aplicado, buscam evidenciar a pertin\u00eancia do aparato te\u00f3rico-metodol\u00f3gico do Interacionismo Sociodiscursivo &#8211; ISD como eixo orientador em diferentes contextos de investiga\u00e7\u00e3o. Ancoradas nessa perspectiva, re\u00fanem-se pequisas (em n\u00edvel de IC, Mestrado e Doutorado) que focalizam, de um lado, pr\u00e1ticas de letramento que se constituem de a\u00e7\u00f5es de linguagem compartilhadas por alunos, tutores e professores, por meio da elabora\u00e7\u00e3o, an\u00e1lise e interpreta\u00e7\u00e3o dos seus textos-discursos. Nesse contexto de investiga\u00e7\u00e3o, delineamos um panorama de cenas de didatiza\u00e7\u00e3o da escrita que contemplam desde o contexto da educa\u00e7\u00e3o b\u00e1sica, incluindo a an\u00e1lise de materiais did\u00e1ticos usados para esse fim, passando pelo ensino superior (em curso de licenciatura em letras e curso de portugu\u00eas como l\u00edngua estrangeira) at\u00e9 o n\u00edvel da p\u00f3s-gradua\u00e7\u00e3o (esta \u00faltima na modalidade a dist\u00e2ncia). De outro lado, temos pesquisas que se debru\u00e7am na descri\u00e7\u00e3o e an\u00e1lise das atividades do trabalho educacional desenvolvidas em diferentes contextos de atua\u00e7\u00e3o. Assim, no\u00e7\u00f5es como trabalho prescrito, real, realizado, representado, interpretado, tornam-se conceitos caros e fundamentais na tentativa de investigar o trabalho do professor.<\/p>\n\n\n\n<p><strong>T\u00edtulo:\u00a0Grupo de estudos Saberes e Pr\u00e1ticas do Professor\u00a0GESPP\/UFPB\/CCAE\u00a0<\/strong><\/p>\n\n\n\n<p><strong>L\u00edderes do grupo:\u00a0<a href=\"http:\/\/sigaa.ufpb.br\/sigaa\/public\/docente\/portal.jsf?siape=2317361\" target=\"_blank\" rel=\"noreferrer noopener\">Fabio Pessoa da Silva\u00a0<\/a>e\u00a0<a href=\"http:\/\/sigaa.ufpb.br\/sigaa\/public\/docente\/portal.jsf?siape=2385981\" target=\"_blank\" rel=\"noreferrer noopener\">Luana Francisleyde Pessoa de Farias<\/a><\/strong><\/p>\n\n\n\n<p><strong>Descri\u00e7\u00e3o:<\/strong>\u00a0Vinculado ao Departamento de Letras do Centro de Ci\u00eancias Aplicadas e Educa\u00e7\u00e3o da Universidade Federal da Para\u00edba, Campus IV, objetiva ampliar a compreens\u00e3o acerca do fazer educacional mediante a an\u00e1lise e interpreta\u00e7\u00e3o do agir docente, em diferentes contextos educacionais e, desse modo, contribuir com a forma\u00e7\u00e3o te\u00f3rico-metodol\u00f3gica dos graduandos, p\u00f3s-graduandos e profissionais da educa\u00e7\u00e3o da regi\u00e3o Litoral Norte da Para\u00edba. Desse modo, almeja produzir conhecimento a partir de problematiza\u00e7\u00f5es e di\u00e1logos situados na \u00e1rea da Lingu\u00edstica Aplicada, atrav\u00e9s da realiza\u00e7\u00e3o de encontros mensais, participa\u00e7\u00f5es em eventos acad\u00eamicos, forma\u00e7\u00f5es pedag\u00f3gicas, publica\u00e7\u00f5es em diferentes ve\u00edculos e suportes e a realiza\u00e7\u00e3o bienal do Semin\u00e1rio Saberes e Pr\u00e1ticas do Professor (SESPP).<\/p>\n\n\n\n<p><strong>T\u00edtulo:\u00a0<a href=\"http:\/\/dgp.cnpq.br\/dgp\/espelhogrupo\/4701439660792855\" target=\"_blank\" rel=\"noreferrer noopener\">Laborat\u00f3rio de Estudos de Poesia (LEP)<\/a>\u00a0(<a href=\"https:\/\/grupodepesquisalep.wixsite.com\/meusite\" target=\"_blank\" rel=\"noreferrer noopener\">site do grupo<\/a>\u00a0&#8211;\u00a0<a href=\"https:\/\/www.facebook.com\/LEP-Grupo-de-pesquisa-2007453146153475\/\" target=\"_blank\" rel=\"noreferrer noopener\">p\u00e1gina no Facebook<\/a><\/strong><\/p>\n\n\n\n<p><strong>)L\u00edderes do grupo:\u00a0<a href=\"https:\/\/sigaa.ufpb.br\/sigaa\/public\/docente\/portal.jsf?siape=1285167\" target=\"_blank\" rel=\"noreferrer noopener\">Elaine Cristina Cintra<\/a>\u00a0e\u00a0<a href=\"https:\/\/sigaa.ufpb.br\/sigaa\/public\/docente\/portal.jsf?siape=2641290\" target=\"_blank\" rel=\"noreferrer noopener\">Moama Lorena de Lacerda Marques<\/a><\/strong><\/p>\n\n\n\n<p><strong>Descri\u00e7\u00e3o:<\/strong>\u00a0O grupo prop\u00f5e reunir pesquisadores, entre docentes, alunos, t\u00e9cnicos e interessados em geral, com interesse em desenvolver discuss\u00f5es e trabalhos voltados para as quest\u00f5es da poesia, tanto em seus aspectos te\u00f3ricos, cr\u00edticos e anal\u00edticos, quanto na sua aprecia\u00e7\u00e3o est\u00e9tica. Apesar de estar centralizado no Departamento de Letras do CCAE-UFPB, o grupo est\u00e1 aberto para o p\u00fablico em geral e pretende divulgar seus trabalhos em eventos, publica\u00e7\u00f5es e trabalhos conjuntos com outros grupos de tem\u00e1tica similar. Entre as suas principais a\u00e7\u00f5es, destacamos: reuni\u00f5es mensais, para a discuss\u00e3o e an\u00e1lises de textos pertinentes \u00e0s linhas de pesquisa propostas pelo grupo; eventos tais como Encontros, Jornadas, Mesas-redondas, Minicursos; eventos conjuntos com outros grupos de pesquisa que estudam poesia e participa\u00e7\u00e3o em mesas de comunica\u00e7\u00e3o coordenada em eventos de literatura.<\/p>\n","protected":false},"excerpt":{"rendered":"<p>T\u00edtulo:\u00a0Varia\u00e7\u00f5es do ins\u00f3lito: do mito cl\u00e1ssico \u00e0 modernidade L\u00edderes:\u00a0Luciane Alves Santos\u00a0e\u00a0Michelle Bianca Santos Dantas Descri\u00e7\u00e3o:\u00a0O grupo dedica-se ao debate e pesquisas sobre teorias do g\u00eanero fant\u00e1stico, bem como \u00e0 an\u00e1lise das varia\u00e7\u00f5es do ins\u00f3lito na literatura e em outras artes. As manifesta\u00e7\u00f5es do ins\u00f3lito ser\u00e3o consideradas em suas diferentes possibilidades, perpassando a simbologia do maravilhoso [&hellip;]<\/p>\n","protected":false},"author":47,"featured_media":0,"parent":0,"menu_order":0,"comment_status":"closed","ping_status":"closed","template":"","meta":{"footnotes":""},"class_list":["post-32","page","type-page","status-publish","hentry"],"_links":{"self":[{"href":"https:\/\/www.ccae.ufpb.br\/letras\/wp-json\/wp\/v2\/pages\/32","targetHints":{"allow":["GET"]}}],"collection":[{"href":"https:\/\/www.ccae.ufpb.br\/letras\/wp-json\/wp\/v2\/pages"}],"about":[{"href":"https:\/\/www.ccae.ufpb.br\/letras\/wp-json\/wp\/v2\/types\/page"}],"author":[{"embeddable":true,"href":"https:\/\/www.ccae.ufpb.br\/letras\/wp-json\/wp\/v2\/users\/47"}],"replies":[{"embeddable":true,"href":"https:\/\/www.ccae.ufpb.br\/letras\/wp-json\/wp\/v2\/comments?post=32"}],"version-history":[{"count":1,"href":"https:\/\/www.ccae.ufpb.br\/letras\/wp-json\/wp\/v2\/pages\/32\/revisions"}],"predecessor-version":[{"id":33,"href":"https:\/\/www.ccae.ufpb.br\/letras\/wp-json\/wp\/v2\/pages\/32\/revisions\/33"}],"wp:attachment":[{"href":"https:\/\/www.ccae.ufpb.br\/letras\/wp-json\/wp\/v2\/media?parent=32"}],"curies":[{"name":"wp","href":"https:\/\/api.w.org\/{rel}","templated":true}]}}