{"id":39,"date":"2025-04-26T09:07:28","date_gmt":"2025-04-26T12:07:28","guid":{"rendered":"https:\/\/www.ccae.ufpb.br\/letras\/?page_id=39"},"modified":"2025-06-04T19:58:12","modified_gmt":"2025-06-04T22:58:12","slug":"links-uteis","status":"publish","type":"page","link":"https:\/\/www.ccae.ufpb.br\/letras\/links-uteis\/","title":{"rendered":"Links \u00fateis"},"content":{"rendered":"\n<p><strong>CONTATOS \u00daTEIS PARA ALUNOS DA UFPB:<\/strong><\/p>\n\n\n\n<p><strong><a href=\"http:\/\/plone.ufpb.br\/letras\/contents\/Requerimentos\/contatos-uteis-para-estudantes-ufpb.pdf\" target=\"_blank\" rel=\"noreferrer noopener\">Contatos \u00fateis UFPB<\/a><\/strong><\/p>\n\n\n\n<p><strong>DEPARTAMENTO DE LETRAS:<\/strong><\/p>\n\n\n\n<p><strong><a href=\"http:\/\/plone.ufpb.br\/letras\/dl\/\">Departamento de Letras DL-CCAE<\/a><\/strong><\/p>\n\n\n\n<p>&nbsp;<strong>BIBLIOTECA SETORIAL DE MAMANGUAPE &#8211; CCAE<\/strong><\/p>\n\n\n\n<p><strong><a href=\"http:\/\/www.ccae.ufpb.br\/bsmamanguape\" target=\"_blank\" rel=\"noreferrer noopener\">Link com informa\u00e7\u00f5es sobre acervo, funcionamento e o que a unidade disponibiliza<\/a>.<\/strong><\/p>\n\n\n\n<p><strong>PR\u00d3-REITORIAS<\/strong><\/p>\n\n\n\n<p><strong><a href=\"http:\/\/www.prg.ufpb.br\/\" target=\"_blank\" rel=\"noreferrer noopener\">Pr\u00f3-reitoria de Gradua\u00e7\u00e3o (PRG)<\/a><\/strong><\/p>\n\n\n\n<p><strong><a href=\"http:\/\/www.ufpb.br\/prape\" target=\"_blank\" rel=\"noreferrer noopener\">Pr\u00f3-reitoria de Assist\u00eancia e Promo\u00e7\u00e3o ao Estudante (PRAPE)<\/a><\/strong><\/p>\n\n\n\n<p><strong><a href=\"http:\/\/www.propesq.ufpb.br\/\" target=\"_blank\" rel=\"noreferrer noopener\">Pr\u00f3-reitoria de Pesquisa (PROPESQ)<\/a><\/strong><\/p>\n\n\n\n<p><strong><a href=\"http:\/\/www.prac.ufpb.br\/\" target=\"_blank\" rel=\"noreferrer noopener\">Pr\u00f3-Reitoria de Extens\u00e3o (PRAC)<\/a><\/strong><\/p>\n\n\n\n<p><strong>PROGRAMAS DE P\u00d3S-GRADUA\u00c7\u00c3O EM LETRAS DA UFPB<\/strong><\/p>\n\n\n\n<p><strong><a href=\"http:\/\/plone.ufpb.br\/letras\/profletras\/\">Mestrado Profissional em Letras (PROFLETRAS)<\/a><\/strong><\/p>\n\n\n\n<p><strong><a href=\"http:\/\/www.cchla.ufpb.br\/ppgl\/\" target=\"_blank\" rel=\"noreferrer noopener\">Programa de p\u00f3s-gradua\u00e7\u00e3o em Letras (PPGL)<\/a><\/strong><\/p>\n\n\n\n<p><strong><a href=\"http:\/\/www.cchla.ufpb.br\/proling\/\" target=\"_blank\" rel=\"noreferrer noopener\">Programa de p\u00f3s-gradua\u00e7\u00e3o em Lingu\u00edstica (PROLING)<\/a><\/strong><\/p>\n\n\n\n<p><strong>OUTROS<\/strong><\/p>\n\n\n\n<p><strong><a href=\"https:\/\/www.wdl.org\/pt\/\" target=\"_blank\" rel=\"noreferrer noopener\">Biblioteca Digital Mundial<\/a><\/strong><\/p>\n\n\n\n<p><strong><a href=\"http:\/\/www.dominiopublico.gov.br\/pesquisa\/PesquisaObraForm.jsp\" target=\"_blank\" rel=\"noreferrer noopener\">Biblioteca Digital &#8211; Dom\u00ednio P\u00fablico<\/a><\/strong><\/p>\n\n\n\n<p><strong><a href=\"https:\/\/literaturabrasileira.ufsc.br\/?locale=pt_BR\" target=\"_blank\" rel=\"noreferrer noopener\">Biblioteca Digital de Literaturas de L\u00edngua Portuguesa<\/a><\/strong><\/p>\n\n\n\n<p><strong><a href=\"http:\/\/www.capes.gov.br\/\" target=\"_blank\" rel=\"noreferrer noopener\">CAPES &#8211; Coordena\u00e7\u00e3o de Aperfei\u00e7oamento de Pessoal de N\u00edvel Superior<\/a><\/strong><\/p>\n\n\n\n<p><strong><a href=\"http:\/\/www.cnpq.br\/\" target=\"_blank\" rel=\"noreferrer noopener\">CNPQ &#8211; Conselho Nacional de Desenvolvimento Cient\u00edfico e Tecnol\u00f3gico<\/a><\/strong><\/p>\n\n\n\n<p><strong><a href=\"http:\/\/lattes.cnpq.br\/\" target=\"_blank\" rel=\"noreferrer noopener\">Plataforma Lattes<\/a><\/strong><\/p>\n\n\n\n<p><strong><a href=\"http:\/\/www.abralic.org.br\/\" target=\"_blank\" rel=\"noreferrer noopener\">Associa\u00e7\u00e3o Brasileira de Literatura Comparada<\/a><\/strong><\/p>\n\n\n\n<p><strong><a href=\"https:\/\/www.abralin.org\/abralin50\/inicio\/\" target=\"_blank\" rel=\"noreferrer noopener\">Associa\u00e7\u00e3o Brasileira de Lingu\u00edstica<\/a><\/strong><\/p>\n\n\n\n<p><strong><a href=\"https:\/\/www.cplp.org\/\" target=\"_blank\" rel=\"noreferrer noopener\">CPLP &#8211; Comunidade dos Pa\u00edses de L\u00edngua Portuguesa<\/a><\/strong><\/p>\n\n\n\n<p><strong><a href=\"https:\/\/www.iel.unicamp.br\/\" target=\"_blank\" rel=\"noreferrer noopener\">IEL &#8211; Instituto de Estudos da Linguagem<\/a><\/strong><\/p>\n\n\n\n<p><strong><a href=\"http:\/\/plone.ufpb.br\/letras\/ellin\/\">Encontro de Letras do Litoral<\/a>&nbsp;<\/strong><\/p>\n","protected":false},"excerpt":{"rendered":"<p>CONTATOS \u00daTEIS PARA ALUNOS DA UFPB: Contatos \u00fateis UFPB DEPARTAMENTO DE LETRAS: Departamento de Letras DL-CCAE &nbsp;BIBLIOTECA SETORIAL DE MAMANGUAPE &#8211; CCAE Link com informa\u00e7\u00f5es sobre acervo, funcionamento e o que a unidade disponibiliza. PR\u00d3-REITORIAS Pr\u00f3-reitoria de Gradua\u00e7\u00e3o (PRG) Pr\u00f3-reitoria de Assist\u00eancia e Promo\u00e7\u00e3o ao Estudante (PRAPE) Pr\u00f3-reitoria de Pesquisa (PROPESQ) Pr\u00f3-Reitoria de Extens\u00e3o (PRAC) [&hellip;]<\/p>\n","protected":false},"author":47,"featured_media":0,"parent":0,"menu_order":0,"comment_status":"closed","ping_status":"closed","template":"","meta":{"footnotes":""},"class_list":["post-39","page","type-page","status-publish","hentry"],"_links":{"self":[{"href":"https:\/\/www.ccae.ufpb.br\/letras\/wp-json\/wp\/v2\/pages\/39","targetHints":{"allow":["GET"]}}],"collection":[{"href":"https:\/\/www.ccae.ufpb.br\/letras\/wp-json\/wp\/v2\/pages"}],"about":[{"href":"https:\/\/www.ccae.ufpb.br\/letras\/wp-json\/wp\/v2\/types\/page"}],"author":[{"embeddable":true,"href":"https:\/\/www.ccae.ufpb.br\/letras\/wp-json\/wp\/v2\/users\/47"}],"replies":[{"embeddable":true,"href":"https:\/\/www.ccae.ufpb.br\/letras\/wp-json\/wp\/v2\/comments?post=39"}],"version-history":[{"count":1,"href":"https:\/\/www.ccae.ufpb.br\/letras\/wp-json\/wp\/v2\/pages\/39\/revisions"}],"predecessor-version":[{"id":40,"href":"https:\/\/www.ccae.ufpb.br\/letras\/wp-json\/wp\/v2\/pages\/39\/revisions\/40"}],"wp:attachment":[{"href":"https:\/\/www.ccae.ufpb.br\/letras\/wp-json\/wp\/v2\/media?parent=39"}],"curies":[{"name":"wp","href":"https:\/\/api.w.org\/{rel}","templated":true}]}}