{"id":41,"date":"2025-04-26T09:14:34","date_gmt":"2025-04-26T12:14:34","guid":{"rendered":"https:\/\/www.ccae.ufpb.br\/letras\/?page_id=41"},"modified":"2025-06-04T19:58:12","modified_gmt":"2025-06-04T22:58:12","slug":"duvidas-frequentes","status":"publish","type":"page","link":"https:\/\/www.ccae.ufpb.br\/letras\/duvidas-frequentes\/","title":{"rendered":"D\u00favidas frequentes"},"content":{"rendered":"\n<p><strong><a href=\"https:\/\/prg.ufpb.br\/prg\/contents\/paginas\/manual-do-aluno\">Manual do estudante &#8211; UFPB<\/a><\/strong><\/p>\n\n\n\n<p>Com o prop\u00f3sito de prestar orienta\u00e7\u00f5es acerca da Universidade Federal da Para\u00edba, a Reitoria organizou um manual bastante completo e que contempla a estrutura da UFPB, programas oferecidos, Comit\u00eas, linhas de \u00f4nibus e muito mais.<\/p>\n\n\n\n<p><strong><a href=\"https:\/\/www.ccae.ufpb.br\/letras\/wp-content\/uploads\/sites\/170\/sites\/295\/2025\/04\/duvidas-frequentes.pdf\">D\u00favidas relacionadas ao curso<\/a><\/strong><\/p>\n\n\n\n<p>Buscando solucionar d\u00favidas recorrentes relacionadas ao Curso, a Coordena\u00e7\u00e3o de Letras organizou documento contendo perguntas e respostas relacionadas aos questionamentos mais comuns entre os alunos e demais pessoas que necessitem de orienta\u00e7\u00f5es.&nbsp;<\/p>\n\n\n\n<p><\/p>\n\n\n\n<p><strong><a href=\"https:\/\/www.ccae.ufpb.br\/letras\/wp-content\/uploads\/sites\/170\/sites\/295\/2025\/04\/cartilha-caes.pdf\">Servi\u00e7os e aux\u00edlios disponibilizados pela CAES e pela PRAPE<\/a><\/strong><\/p>\n\n\n\n<p>Como forma de divulgar informa\u00e7\u00f5es acerca dos servi\u00e7os disponibilizados pela Coordena\u00e7\u00e3o de Assist\u00eancia Estudantil &#8211; CAES, bem como sobre aux\u00edlios estudantis destinados aos\/\u00e0s estudantes com fam\u00edlia em situa\u00e7\u00e3o de vulnerabilidade, oferecidos pela Pr\u00f3-Reitoria de Assist\u00eancia e Promo\u00e7\u00e3o ao Estudante &#8211; PRAPE, foi elaborada a seguinte cartilha.&nbsp;<\/p>\n\n\n\n<p><\/p>\n\n\n\n<p><strong><a href=\"https:\/\/www.ccae.ufpb.br\/letras\/wp-content\/uploads\/sites\/170\/sites\/295\/2025\/04\/manual-de-acesso-ao-sigaa.pdf\">Orienta\u00e7\u00f5es acerca do SIGAA<\/a><\/strong><\/p>\n\n\n\n<p>Como forma de orientar acerca do SIGAA, descrevendo do que se trata o sistema, quem pode acess\u00e1-lo e a forma de realizar o auto-cadastro, a Universidade Federal da Para\u00edba criou o &#8220;Manual de acesso ao SIGAA&#8221;.<\/p>\n\n\n\n<p><strong><a href=\"https:\/\/www.ccae.ufpb.br\/letras\/wp-content\/uploads\/sites\/170\/sites\/295\/2025\/04\/orientacoes-sobre-como-proceder-com-a-solicitacao-dos-conteudos-flexiveis-1.pdf\">Informa\u00e7\u00f5es sobre conte\u00fados flex\u00edveis<\/a><\/strong><\/p>\n\n\n\n<p>Para esclarecimento das d\u00favidas a respeito da solicita\u00e7\u00e3o dos conte\u00fados flex\u00edveis foi elaborado o documento a seguir destacado. Cont\u00e9m orienta\u00e7\u00f5es acerca do que s\u00e3o conte\u00fados flex\u00edveis, como proceder para solicitar, n\u00famero da Resolu\u00e7\u00e3o que trata do tema e documentos necess\u00e1rios para dar entrada.<\/p>\n\n\n\n<p><\/p>\n\n\n\n<p><a href=\"https:\/\/www.ccae.ufpb.br\/letras\/wp-content\/uploads\/sites\/170\/sites\/295\/2025\/04\/tutorial-para-confeccao-de-ficha-catalografica.pdf\">\u00a0<strong>Tutorial para confec\u00e7\u00e3o de ficha catalogr\u00e1fica<\/strong><\/a><\/p>\n\n\n\n<p>Fa\u00e7a a emiss\u00e3o da sua ficha catalogr\u00e1fica por meio do SIGAA seguindo as instru\u00e7\u00f5es do tutorial a seguir.<strong>&nbsp;<\/strong><\/p>\n\n\n\n<p><\/p>\n","protected":false},"excerpt":{"rendered":"<p>Manual do estudante &#8211; UFPB Com o prop\u00f3sito de prestar orienta\u00e7\u00f5es acerca da Universidade Federal da Para\u00edba, a Reitoria organizou um manual bastante completo e que contempla a estrutura da UFPB, programas oferecidos, Comit\u00eas, linhas de \u00f4nibus e muito mais. D\u00favidas relacionadas ao curso Buscando solucionar d\u00favidas recorrentes relacionadas ao Curso, a Coordena\u00e7\u00e3o de Letras [&hellip;]<\/p>\n","protected":false},"author":47,"featured_media":0,"parent":0,"menu_order":0,"comment_status":"closed","ping_status":"closed","template":"","meta":{"footnotes":""},"class_list":["post-41","page","type-page","status-publish","hentry"],"_links":{"self":[{"href":"https:\/\/www.ccae.ufpb.br\/letras\/wp-json\/wp\/v2\/pages\/41","targetHints":{"allow":["GET"]}}],"collection":[{"href":"https:\/\/www.ccae.ufpb.br\/letras\/wp-json\/wp\/v2\/pages"}],"about":[{"href":"https:\/\/www.ccae.ufpb.br\/letras\/wp-json\/wp\/v2\/types\/page"}],"author":[{"embeddable":true,"href":"https:\/\/www.ccae.ufpb.br\/letras\/wp-json\/wp\/v2\/users\/47"}],"replies":[{"embeddable":true,"href":"https:\/\/www.ccae.ufpb.br\/letras\/wp-json\/wp\/v2\/comments?post=41"}],"version-history":[{"count":6,"href":"https:\/\/www.ccae.ufpb.br\/letras\/wp-json\/wp\/v2\/pages\/41\/revisions"}],"predecessor-version":[{"id":53,"href":"https:\/\/www.ccae.ufpb.br\/letras\/wp-json\/wp\/v2\/pages\/41\/revisions\/53"}],"wp:attachment":[{"href":"https:\/\/www.ccae.ufpb.br\/letras\/wp-json\/wp\/v2\/media?parent=41"}],"curies":[{"name":"wp","href":"https:\/\/api.w.org\/{rel}","templated":true}]}}