{"id":7,"date":"2025-04-26T08:39:02","date_gmt":"2025-04-26T11:39:02","guid":{"rendered":"https:\/\/www.ccae.ufpb.br\/letras\/?page_id=7"},"modified":"2025-06-05T10:31:52","modified_gmt":"2025-06-05T13:31:52","slug":"apresentacao","status":"publish","type":"page","link":"https:\/\/www.ccae.ufpb.br\/letras\/apresentacao\/","title":{"rendered":"Apresenta\u00e7\u00e3o"},"content":{"rendered":"\n<p>O&nbsp;<a href=\"https:\/\/www.youtube.com\/watch?v=RmyVWui52Oc\" target=\"_blank\" rel=\"noreferrer noopener\">Curso de Licenciatura Plena em Letras do CCAE<\/a>&nbsp;tem como objetivo geral promover a forma\u00e7\u00e3o de professores para o Ensino Fundamental e para o Ensino M\u00e9dio, cujas pr\u00e1ticas estejam sintonizadas com as necessidades da sociedade.<\/p>\n\n\n\n<p>O graduado em Letras pode atuar:<\/p>\n\n\n\n<p><strong>a)<\/strong>&nbsp;no Magist\u00e9rio do Ensino Fundamental, M\u00e9dio e Superior (como auxiliar de ensino), cursos livres, aulas particulares e de refor\u00e7o, ensino instrumental;<br><strong>b)<\/strong>&nbsp;na Reda\u00e7\u00e3o, pela produ\u00e7\u00e3o e\/ou revis\u00e3o de textos, copidesque, editora\u00e7\u00e3o;<br><strong>c)<\/strong>&nbsp;na Pesquisa;<br><strong>d)<\/strong>&nbsp;na Produ\u00e7\u00e3o de textos liter\u00e1rios e de cr\u00edtica liter\u00e1ria;<br><strong>e)<\/strong>&nbsp;como assessor cultural.<\/p>\n\n\n\n<p>O Curso de Letras ainda poder\u00e1 oferecer forma\u00e7\u00e3o complementar para outros dom\u00ednios do conhecimento, atrav\u00e9s de \u00e1reas de aprofundamento. A seguir, est\u00e3o dispostos documentos que auxiliam, informam e orientam os alunos ao longo do curso:<\/p>\n\n\n\n<p><a href=\"http:\/\/www.ccae.ufpb.br\/letras\/wp-content\/uploads\/sites\/170\/sites\/295\/2025\/04\/cartilha-para-os-discentes-de-letras-ufpbcampus-iv.pdf\">Acesse aqui uma Cartilha para os discentes de Letras Portugu\u00eas<\/a>, por meio dela ser\u00e1 poss\u00edvel obter, de maneira clara e objetiva, informa\u00e7\u00f5es \u00fateis acerca do curso.<\/p>\n\n\n\n<p><\/p>\n\n\n\n\n\n\n\n<div class=\"wp-block-file\"><a id=\"wp-block-file--media-514cc950-06c6-46f9-8d4c-f8f61f0fc599\" href=\"http:\/\/www.ccae.ufpb.br\/letras\/wp-content\/uploads\/sites\/170\/sites\/295\/2025\/04\/novo-ppc-de-letras_versao-final.pdf\">Novo PPC &#8211; Resolu\u00e7\u00e3o n\u00b020\/2024<\/a><a href=\"http:\/\/www.ccae.ufpb.br\/letras\/wp-content\/uploads\/sites\/170\/sites\/295\/2025\/04\/novo-ppc-de-letras_versao-final.pdf\" class=\"wp-block-file__button wp-element-button\" download aria-describedby=\"wp-block-file--media-514cc950-06c6-46f9-8d4c-f8f61f0fc599\">Baixar<\/a><\/div>\n\n\n\n<div class=\"wp-block-file\"><a id=\"wp-block-file--media-1da2cc1b-085a-4236-bee4-e080c656dd3f\" href=\"http:\/\/www.ccae.ufpb.br\/letras\/wp-content\/uploads\/sites\/170\/sites\/295\/2025\/04\/ppc-letras.pdf\">PPC <\/a><a href=\"http:\/\/www.ccae.ufpb.br\/letras\/wp-content\/uploads\/sites\/170\/sites\/295\/2025\/04\/ppc-letras.pdf\" class=\"wp-block-file__button wp-element-button\" download aria-describedby=\"wp-block-file--media-1da2cc1b-085a-4236-bee4-e080c656dd3f\">Baixar<\/a><\/div>\n\n\n\n<div class=\"wp-block-file\"><a id=\"wp-block-file--media-1681cb6b-5bf1-40a9-a547-7b02c5002a53\" href=\"http:\/\/www.ccae.ufpb.br\/letras\/wp-content\/uploads\/sites\/170\/sites\/295\/2025\/04\/FluxogramaLetras.pdf\">Fluxograma<\/a><a href=\"http:\/\/www.ccae.ufpb.br\/letras\/wp-content\/uploads\/sites\/170\/sites\/295\/2025\/04\/FluxogramaLetras.pdf\" class=\"wp-block-file__button wp-element-button\" download aria-describedby=\"wp-block-file--media-1681cb6b-5bf1-40a9-a547-7b02c5002a53\">Baixar<\/a><\/div>\n\n\n\n<div class=\"wp-block-file\"><a id=\"wp-block-file--media-2ede50fe-029c-4f84-be28-ff2b636c9217\" href=\"http:\/\/www.ccae.ufpb.br\/letras\/wp-content\/uploads\/sites\/170\/sites\/295\/2025\/04\/matriz-curricular.pdf\">Matriz Curricular<\/a><a href=\"http:\/\/www.ccae.ufpb.br\/letras\/wp-content\/uploads\/sites\/170\/sites\/295\/2025\/04\/matriz-curricular.pdf\" class=\"wp-block-file__button wp-element-button\" download aria-describedby=\"wp-block-file--media-2ede50fe-029c-4f84-be28-ff2b636c9217\">Baixar<\/a><\/div>\n\n\n\n<p><\/p>\n\n\n\n<p><a href=\"https:\/\/sigaa.ufpb.br\/sigaa\/public\/curso\/portal.jsf?id=1626874&amp;lc=pt_BR\" target=\"_blank\" rel=\"noreferrer noopener\">Acesse a p\u00e1gina do Curso no SIGAA<\/a><\/p>\n\n\n\n<p><\/p>\n\n\n\n<p><\/p>\n","protected":false},"excerpt":{"rendered":"<p>Criado em 2011, o Curso de Letras do CCAE visa formar professores de l\u00edngua portuguesa e pesquisadores em n\u00edvel de gradua\u00e7\u00e3o, prezando pela excel\u00eancia profissional e pela responsabilidade social. Aqui voc\u00eas encontrar\u00e3o diversas informa\u00e7\u00f5es sobre o curso e o seu funcionamento: contatos, documentos, not\u00edcias etc. <\/p>\n","protected":false},"author":47,"featured_media":204,"parent":0,"menu_order":0,"comment_status":"closed","ping_status":"closed","template":"","meta":{"footnotes":""},"class_list":["post-7","page","type-page","status-publish","has-post-thumbnail","hentry"],"_links":{"self":[{"href":"https:\/\/www.ccae.ufpb.br\/letras\/wp-json\/wp\/v2\/pages\/7","targetHints":{"allow":["GET"]}}],"collection":[{"href":"https:\/\/www.ccae.ufpb.br\/letras\/wp-json\/wp\/v2\/pages"}],"about":[{"href":"https:\/\/www.ccae.ufpb.br\/letras\/wp-json\/wp\/v2\/types\/page"}],"author":[{"embeddable":true,"href":"https:\/\/www.ccae.ufpb.br\/letras\/wp-json\/wp\/v2\/users\/47"}],"replies":[{"embeddable":true,"href":"https:\/\/www.ccae.ufpb.br\/letras\/wp-json\/wp\/v2\/comments?post=7"}],"version-history":[{"count":7,"href":"https:\/\/www.ccae.ufpb.br\/letras\/wp-json\/wp\/v2\/pages\/7\/revisions"}],"predecessor-version":[{"id":203,"href":"https:\/\/www.ccae.ufpb.br\/letras\/wp-json\/wp\/v2\/pages\/7\/revisions\/203"}],"wp:featuredmedia":[{"embeddable":true,"href":"https:\/\/www.ccae.ufpb.br\/letras\/wp-json\/wp\/v2\/media\/204"}],"wp:attachment":[{"href":"https:\/\/www.ccae.ufpb.br\/letras\/wp-json\/wp\/v2\/media?parent=7"}],"curies":[{"name":"wp","href":"https:\/\/api.w.org\/{rel}","templated":true}]}}