{"id":12,"date":"2026-03-29T10:36:20","date_gmt":"2026-03-29T13:36:20","guid":{"rendered":"https:\/\/www.ccae.ufpb.br\/licmat\/?page_id=12"},"modified":"2026-03-29T10:38:28","modified_gmt":"2026-03-29T13:38:28","slug":"contato","status":"publish","type":"page","link":"https:\/\/www.ccae.ufpb.br\/licmat\/contato\/","title":{"rendered":"Contato"},"content":{"rendered":"\n<ul class=\"wp-block-list\">\n<li><strong>E-mail:\u00a0<\/strong>cmatematica@ccae.ufpb.br\u00a0 ou\u00a0 coordmatematicaln@gmail.com<\/li>\n\n\n\n<li><strong>Telefone:<\/strong>\u00a0(83) 3049-4312\u00a0<\/li>\n\n\n\n<li><strong>Instagram<em>:<\/em><\/strong>\u00a0@matematicacampusiv<\/li>\n<\/ul>\n\n\n\n<h3 class=\"wp-block-heading\"><\/h3>\n\n\n\n<p class=\" \">&nbsp;<\/p>\n\n\n\n<p class=\" \"><strong>Horario de antendimento:<\/strong>&nbsp;&nbsp;segunda \u00e0 sexta das&nbsp;<strong>13h \u00e0s 17H e das 18h \u00e0s 21h30.<\/strong>&nbsp;<\/p>\n","protected":false},"excerpt":{"rendered":"<p>&nbsp; Horario de antendimento:&nbsp;&nbsp;segunda \u00e0 sexta das&nbsp;13h \u00e0s 17H e das 18h \u00e0s 21h30.&nbsp;<\/p>\n","protected":false},"author":47,"featured_media":0,"parent":0,"menu_order":0,"comment_status":"closed","ping_status":"closed","template":"","meta":{"footnotes":""},"class_list":["post-12","page","type-page","status-publish","hentry"],"_links":{"self":[{"href":"https:\/\/www.ccae.ufpb.br\/licmat\/wp-json\/wp\/v2\/pages\/12","targetHints":{"allow":["GET"]}}],"collection":[{"href":"https:\/\/www.ccae.ufpb.br\/licmat\/wp-json\/wp\/v2\/pages"}],"about":[{"href":"https:\/\/www.ccae.ufpb.br\/licmat\/wp-json\/wp\/v2\/types\/page"}],"author":[{"embeddable":true,"href":"https:\/\/www.ccae.ufpb.br\/licmat\/wp-json\/wp\/v2\/users\/47"}],"replies":[{"embeddable":true,"href":"https:\/\/www.ccae.ufpb.br\/licmat\/wp-json\/wp\/v2\/comments?post=12"}],"version-history":[{"count":2,"href":"https:\/\/www.ccae.ufpb.br\/licmat\/wp-json\/wp\/v2\/pages\/12\/revisions"}],"predecessor-version":[{"id":21,"href":"https:\/\/www.ccae.ufpb.br\/licmat\/wp-json\/wp\/v2\/pages\/12\/revisions\/21"}],"wp:attachment":[{"href":"https:\/\/www.ccae.ufpb.br\/licmat\/wp-json\/wp\/v2\/media?parent=12"}],"curies":[{"name":"wp","href":"https:\/\/api.w.org\/{rel}","templated":true}]}}