{"id":17,"date":"2026-03-29T10:37:27","date_gmt":"2026-03-29T13:37:27","guid":{"rendered":"https:\/\/www.ccae.ufpb.br\/licmat\/?page_id=17"},"modified":"2026-03-29T10:37:27","modified_gmt":"2026-03-29T13:37:27","slug":"sobre-o-curso","status":"publish","type":"page","link":"https:\/\/www.ccae.ufpb.br\/licmat\/sobre-o-curso\/","title":{"rendered":"Sobre o curso"},"content":{"rendered":"\n<h3 class=\"wp-block-heading\">Identifica\u00e7\u00e3o: Curso de Gradua\u00e7\u00e3o em Matem\u00e1tica<\/h3>\n\n\n\n<p><strong>C\u00f3digo do curso no MEC:&nbsp;99045<\/strong><\/p>\n\n\n\n<p class=\" \"><strong>Grau:<\/strong>&nbsp;Licenciatura em Matem\u00e1tica<br><strong>Modalidade<\/strong>: Presencial<br><strong>Turno<\/strong>: Noturno<br><strong>Regime Acad\u00eamico<\/strong>: Cr\u00e9ditos<\/p>\n\n\n\n<p><strong>Vagas Anuais:&nbsp;<\/strong>100 vagas (50 em cada semestre letivo)<\/p>\n\n\n\n<p class=\" \"><strong>Forma de Ingresso:&nbsp;<\/strong>pelo Sisu, com a nota obtida no&nbsp;ENEM<\/p>\n\n\n\n<p><strong>Carga Hor\u00e1ria Total:&nbsp;<\/strong>2.805 horas (187 cr\u00e9ditos)<\/p>\n\n\n\n<p><strong>Dura\u00e7\u00e3o do Curso<\/strong>:<\/p>\n\n\n\n<ul class=\"wp-block-list\">\n<li>M\u00ednimo: 10 (dez) per\u00edodos letivos<\/li>\n\n\n\n<li>M\u00e1ximo: 15 (quinze) per\u00edodos letivos<\/li>\n<\/ul>\n\n\n\n<p><strong>Limite de Cr\u00e9ditos por Per\u00edodo Letivo<\/strong>:<\/p>\n\n\n\n<ul class=\"wp-block-list\">\n<li>M\u00e1ximo: 360 horas ou 24 (vinte e quatro) cr\u00e9ditos<\/li>\n\n\n\n<li>M\u00ednimo: 240 horas ou 16 (dezesseis) cr\u00e9ditos<\/li>\n<\/ul>\n\n\n\n<h3 class=\"wp-block-heading\">Cria\u00e7\u00e3o do Curso<\/h3>\n\n\n\n<p>O Curso de Licenciatura em Matem\u00e1tica do Campus IV (Litoral Norte) da Universidade Federal da Para\u00edba, foi criado em 30\/05\/2006, por meio da Resolu\u00e7\u00e3o n\u00ba 32\/2006 do CONSEPE\/UFPB,&nbsp;tendo em vista a necessidade de forma\u00e7\u00e3o de professores para a educa\u00e7\u00e3o b\u00e1sica.<\/p>\n\n\n\n<p>Nessa perspectiva, o Projeto Pol\u00edtico-Pedag\u00f3gico (PPP) foi elaborado, tomando como base as Diretrizes Curriculares Nacionais para os Cursos de Matem\u00e1tica e para a Forma\u00e7\u00e3o do Professor para a Educa\u00e7\u00e3o B\u00e1sica, assim como as normas da Institui\u00e7\u00e3o que norteiam a pr\u00e1tica educativa, considerando o seu compromisso social, \u00e9tico e pol\u00edtico.<\/p>\n\n\n\n<p>Nosso funcionamento teve inicio em 23\/10\/2006, no segundo per\u00edodo do Ano Letivo 2006, no munic\u00edpio de Rio Tinto\/PB.<\/p>\n\n\n\n<h3 class=\"wp-block-heading\">Objetivos do curso<\/h3>\n\n\n\n<p>O Curso de Licenciatura em Matem\u00e1tica garante uma s\u00f3lida forma\u00e7\u00e3o em conte\u00fados matem\u00e1ticos, forma\u00e7\u00e3o pedag\u00f3gica dirigida ao trabalho do professor e em conte\u00fados de \u00e1reas afins, necess\u00e1rias ao exerc\u00edcio do magist\u00e9rio, que possibilite a viv\u00eancia cr\u00edtica da realidade do ensino em sua regi\u00e3o, tornando os alunos capazes de experimentar propostas interdisciplinares.<\/p>\n\n\n\n<p>Assim, o docente matem\u00e1tico deve ser capaz de tomar decis\u00f5es, refletir sobre sua pr\u00e1tica e ser criativo na a\u00e7\u00e3o pedag\u00f3gica, a partir da realidade em que se encontra inserido. Mais do que isso, ele deve avan\u00e7ar para uma vis\u00e3o de que a a\u00e7\u00e3o pr\u00e1tica \u00e9 geradora de conhecimentos.<\/p>\n\n\n\n<h3 class=\"wp-block-heading\">Campo de atua\u00e7\u00e3o profissional<\/h3>\n\n\n\n<p>O licenciado em Matem\u00e1tica estar\u00e1 qualificado para o trabalho em institui\u00e7\u00f5es educativas, tanto no \u00e2mbito do ensino, como professor da educa\u00e7\u00e3o b\u00e1sica, quanto em outras dimens\u00f5es do trabalho educacional.<\/p>\n\n\n\n<p>As habilidades e compet\u00eancias adquiridas ao longo da forma\u00e7\u00e3o do matem\u00e1tico tais como o racioc\u00ednio l\u00f3gico, a postura cr\u00edtica e a capacidade de resolver problemas, fazem do mesmo um profissional capaz de ocupar posi\u00e7\u00f5es no mercado de trabalho tamb\u00e9m fora do ambiente acad\u00eamico, em \u00e1reas em que o racioc\u00ednio abstrato \u00e9 uma ferramenta indispens\u00e1vel. Portanto, o curso oferece bastante flexibilidade tanto para aquele que pretende se dedicar ao ensino da Matem\u00e1tica, como objetivo primordial do curso, como para aquele que deseja continuar seus estudos numa p\u00f3s-gradua\u00e7\u00e3o.<\/p>\n\n\n\n<h3 class=\"wp-block-heading\">Avalia\u00e7\u00e3o do MEC<\/h3>\n\n\n\n<p class=\" \">Em nossa&nbsp;<a href=\"https:\/\/emec.mec.gov.br\/emec\/consulta-cadastro\/detalhamento\/d96957f455f6405d14c6542552b0f6eb\/NTc5\/c1b85ea4d704f246bcced664fdaeddb6\/TUFURU3BVElDQQ==\" target=\"_blank\" rel=\"noreferrer noopener\">avalia\u00e7\u00e3o<\/a>&nbsp;mais recente, realizada pelo MEC em 2017, nosso curso recebeu os seguintes \u00edndices:&nbsp;<\/p>\n\n\n\n<ul class=\"wp-block-list\">\n<li><strong>Conceito de Curso (CC): 4<\/strong><\/li>\n\n\n\n<li>Conceito Preliminar de Curso (CPC): 4<\/li>\n\n\n\n<li>Conceito Enade: 2<\/li>\n\n\n\n<li>Indicador de Diferen\u00e7a dentre os Desempenhos Observado e Esperado (IDD): 3<\/li>\n<\/ul>\n","protected":false},"excerpt":{"rendered":"<p>Identifica\u00e7\u00e3o: Curso de Gradua\u00e7\u00e3o em Matem\u00e1tica C\u00f3digo do curso no MEC:&nbsp;99045 Grau:&nbsp;Licenciatura em Matem\u00e1ticaModalidade: PresencialTurno: [&hellip;]<\/p>\n","protected":false},"author":47,"featured_media":0,"parent":0,"menu_order":0,"comment_status":"closed","ping_status":"closed","template":"","meta":{"footnotes":""},"class_list":["post-17","page","type-page","status-publish","hentry"],"_links":{"self":[{"href":"https:\/\/www.ccae.ufpb.br\/licmat\/wp-json\/wp\/v2\/pages\/17","targetHints":{"allow":["GET"]}}],"collection":[{"href":"https:\/\/www.ccae.ufpb.br\/licmat\/wp-json\/wp\/v2\/pages"}],"about":[{"href":"https:\/\/www.ccae.ufpb.br\/licmat\/wp-json\/wp\/v2\/types\/page"}],"author":[{"embeddable":true,"href":"https:\/\/www.ccae.ufpb.br\/licmat\/wp-json\/wp\/v2\/users\/47"}],"replies":[{"embeddable":true,"href":"https:\/\/www.ccae.ufpb.br\/licmat\/wp-json\/wp\/v2\/comments?post=17"}],"version-history":[{"count":1,"href":"https:\/\/www.ccae.ufpb.br\/licmat\/wp-json\/wp\/v2\/pages\/17\/revisions"}],"predecessor-version":[{"id":18,"href":"https:\/\/www.ccae.ufpb.br\/licmat\/wp-json\/wp\/v2\/pages\/17\/revisions\/18"}],"wp:attachment":[{"href":"https:\/\/www.ccae.ufpb.br\/licmat\/wp-json\/wp\/v2\/media?parent=17"}],"curies":[{"name":"wp","href":"https:\/\/api.w.org\/{rel}","templated":true}]}}