{"id":19,"date":"2026-03-29T10:38:10","date_gmt":"2026-03-29T13:38:10","guid":{"rendered":"https:\/\/www.ccae.ufpb.br\/licmat\/?page_id=19"},"modified":"2026-03-29T10:38:10","modified_gmt":"2026-03-29T13:38:10","slug":"quem-somos","status":"publish","type":"page","link":"https:\/\/www.ccae.ufpb.br\/licmat\/quem-somos\/","title":{"rendered":"Quem Somos?"},"content":{"rendered":"\n<p><strong>Coordenador:<\/strong>&nbsp;Professor Jos\u00e9 Fabr\u00edcio Lima de Sousa<\/p>\n\n\n\n<p><strong>E-mail:&nbsp;fabricio@dcx.ufpb.br<\/strong><\/p>\n\n\n\n<p><strong>Vice-coordenadora:<\/strong>&nbsp;Professora&nbsp;Claudilene Gomes da Costa&nbsp;<\/p>\n\n\n\n<p><strong>E-mail:&nbsp;claudilene@dcx.ufpb.br&nbsp;<\/strong><\/p>\n\n\n\n<p><strong>Secret\u00e1rio:<\/strong>&nbsp; Wanessa Lima de Moura<\/p>\n\n\n\n<p><strong>E-mail:&nbsp;&nbsp;wanessa.moura@ccae.ufpb.br<\/strong>&nbsp;<\/p>\n\n\n\n<p><strong>Dire\u00e7\u00e3o do&nbsp;<a href=\"http:\/\/www.ccae.ufpb.br\/ccae\" target=\"_blank\" rel=\"noreferrer noopener\">Centro de Ci\u00eancias Aplicadas e Educa\u00e7\u00e3o (CCAE)<\/a><\/strong><\/p>\n\n\n\n<p class=\" \">Diretor:&nbsp;Professora Joseilme Gouveia<\/p>\n\n\n\n<p class=\" \">Vice-diretor:&nbsp;Professora Fernanda Marques<\/p>\n\n\n\n<p class=\" \">Contatos:&nbsp;<a href=\"http:\/\/www.ccae.ufpb.br\/ccae\/contents\/menu\/administracao\/telefones-e-ramais\" target=\"_blank\" rel=\"noreferrer noopener\">Aqui<\/a><\/p>\n\n\n\n<p class=\" \">Equipe completa da dire\u00e7\u00e3o de centro:&nbsp;<a href=\"http:\/\/www.ccae.ufpb.br\/ccae\/contents\/menu\/administracao\/direcao\" target=\"_blank\" rel=\"noreferrer noopener\">Aqui<\/a><\/p>\n\n\n\n<p class=\" \">&nbsp;&nbsp;<\/p>\n\n\n\n<p><strong>Reitoria da&nbsp;<a href=\"https:\/\/www.ufpb.br\/\" target=\"_blank\" rel=\"noreferrer noopener\">UFPB<\/a><\/strong><\/p>\n\n\n\n<p class=\" \">Reitor:&nbsp; Valdiney Veloso Gouveia<\/p>\n\n\n\n<p class=\" \">Vice-reitora:&nbsp; Liana Filgueira Albuquerque<\/p>\n\n\n\n<p class=\" \">Contatos&nbsp;&nbsp;<a href=\"https:\/\/www.ufpb.br\/ufpb\/acs\/contents\/paginas\/reitoria\" target=\"_blank\" rel=\"noreferrer noopener\">Aqui<\/a><\/p>\n\n\n\n<p class=\" \">Equipe completa de dirigentes da institui\u00e7\u00e3o:&nbsp;<a href=\"https:\/\/www.ufpb.br\/ufpb\/menu\/institucional\/dirigentes\" target=\"_blank\" rel=\"noreferrer noopener\">aqui<\/a><\/p>\n","protected":false},"excerpt":{"rendered":"<p>Coordenador:&nbsp;Professor Jos\u00e9 Fabr\u00edcio Lima de Sousa E-mail:&nbsp;fabricio@dcx.ufpb.br Vice-coordenadora:&nbsp;Professora&nbsp;Claudilene Gomes da Costa&nbsp; E-mail:&nbsp;claudilene@dcx.ufpb.br&nbsp; Secret\u00e1rio:&nbsp; Wanessa Lima [&hellip;]<\/p>\n","protected":false},"author":47,"featured_media":0,"parent":0,"menu_order":0,"comment_status":"closed","ping_status":"closed","template":"","meta":{"footnotes":""},"class_list":["post-19","page","type-page","status-publish","hentry"],"_links":{"self":[{"href":"https:\/\/www.ccae.ufpb.br\/licmat\/wp-json\/wp\/v2\/pages\/19","targetHints":{"allow":["GET"]}}],"collection":[{"href":"https:\/\/www.ccae.ufpb.br\/licmat\/wp-json\/wp\/v2\/pages"}],"about":[{"href":"https:\/\/www.ccae.ufpb.br\/licmat\/wp-json\/wp\/v2\/types\/page"}],"author":[{"embeddable":true,"href":"https:\/\/www.ccae.ufpb.br\/licmat\/wp-json\/wp\/v2\/users\/47"}],"replies":[{"embeddable":true,"href":"https:\/\/www.ccae.ufpb.br\/licmat\/wp-json\/wp\/v2\/comments?post=19"}],"version-history":[{"count":1,"href":"https:\/\/www.ccae.ufpb.br\/licmat\/wp-json\/wp\/v2\/pages\/19\/revisions"}],"predecessor-version":[{"id":20,"href":"https:\/\/www.ccae.ufpb.br\/licmat\/wp-json\/wp\/v2\/pages\/19\/revisions\/20"}],"wp:attachment":[{"href":"https:\/\/www.ccae.ufpb.br\/licmat\/wp-json\/wp\/v2\/media?parent=19"}],"curies":[{"name":"wp","href":"https:\/\/api.w.org\/{rel}","templated":true}]}}