{"id":23,"date":"2026-03-29T10:43:08","date_gmt":"2026-03-29T13:43:08","guid":{"rendered":"https:\/\/www.ccae.ufpb.br\/licmat\/?page_id=23"},"modified":"2026-03-29T10:43:08","modified_gmt":"2026-03-29T13:43:08","slug":"matriz-curricular","status":"publish","type":"page","link":"https:\/\/www.ccae.ufpb.br\/licmat\/matriz-curricular\/","title":{"rendered":"Matriz curricular"},"content":{"rendered":"\n<div class=\"wp-block-file\"><a id=\"wp-block-file--media-a135d1fa-4327-4127-ab30-a27098b40cc2\" href=\"http:\/\/www.ccae.ufpb.br\/licmat\/wp-content\/uploads\/sites\/170\/sites\/461\/2026\/03\/matriz-curricular-licenciatura-em-matematica-campus-iv.pdf\">Estrutura curricular do curso de Licenciatura em Matem\u00e1tica &#8211; Campus IV<\/a><a href=\"http:\/\/www.ccae.ufpb.br\/licmat\/wp-content\/uploads\/sites\/170\/sites\/461\/2026\/03\/matriz-curricular-licenciatura-em-matematica-campus-iv.pdf\" class=\"wp-block-file__button wp-element-button\" download aria-describedby=\"wp-block-file--media-a135d1fa-4327-4127-ab30-a27098b40cc2\">Baixar<\/a><\/div>\n\n\n\n<div class=\"wp-block-file\"><a id=\"wp-block-file--media-73d6d851-5aa4-4f2e-b5ba-c493ae830518\" href=\"http:\/\/www.ccae.ufpb.br\/licmat\/wp-content\/uploads\/sites\/170\/sites\/461\/2026\/03\/ppp-mat-ln-oficial-definitivo.doc.pdf\">Projeto Pol\u00edtico-Pedag\u00f3gico do Curso de Gradua\u00e7\u00e3o em Matem\u00e1tica (Licenciatura)<\/a><a href=\"http:\/\/www.ccae.ufpb.br\/licmat\/wp-content\/uploads\/sites\/170\/sites\/461\/2026\/03\/ppp-mat-ln-oficial-definitivo.doc.pdf\" class=\"wp-block-file__button wp-element-button\" download aria-describedby=\"wp-block-file--media-73d6d851-5aa4-4f2e-b5ba-c493ae830518\">Baixar<\/a><\/div>\n\n\n\n<figure class=\"wp-block-image size-large\"><img loading=\"lazy\" decoding=\"async\" width=\"1024\" height=\"725\" src=\"http:\/\/www.ccae.ufpb.br\/licmat\/wp-content\/uploads\/sites\/170\/sites\/461\/2026\/03\/floxograma-matematica-noturno-1024x725.jpg\" alt=\"\" class=\"wp-image-24\" srcset=\"https:\/\/www.ccae.ufpb.br\/licmat\/wp-content\/uploads\/sites\/170\/sites\/461\/2026\/03\/floxograma-matematica-noturno-1024x725.jpg 1024w, https:\/\/www.ccae.ufpb.br\/licmat\/wp-content\/uploads\/sites\/170\/sites\/461\/2026\/03\/floxograma-matematica-noturno-300x212.jpg 300w, https:\/\/www.ccae.ufpb.br\/licmat\/wp-content\/uploads\/sites\/170\/sites\/461\/2026\/03\/floxograma-matematica-noturno-768x543.jpg 768w, https:\/\/www.ccae.ufpb.br\/licmat\/wp-content\/uploads\/sites\/170\/sites\/461\/2026\/03\/floxograma-matematica-noturno-1536x1087.jpg 1536w, https:\/\/www.ccae.ufpb.br\/licmat\/wp-content\/uploads\/sites\/170\/sites\/461\/2026\/03\/floxograma-matematica-noturno.jpg 1754w\" sizes=\"auto, (max-width: 1024px) 100vw, 1024px\" \/><\/figure>\n","protected":false},"excerpt":{"rendered":"","protected":false},"author":47,"featured_media":0,"parent":0,"menu_order":0,"comment_status":"closed","ping_status":"closed","template":"","meta":{"footnotes":""},"class_list":["post-23","page","type-page","status-publish","hentry"],"_links":{"self":[{"href":"https:\/\/www.ccae.ufpb.br\/licmat\/wp-json\/wp\/v2\/pages\/23","targetHints":{"allow":["GET"]}}],"collection":[{"href":"https:\/\/www.ccae.ufpb.br\/licmat\/wp-json\/wp\/v2\/pages"}],"about":[{"href":"https:\/\/www.ccae.ufpb.br\/licmat\/wp-json\/wp\/v2\/types\/page"}],"author":[{"embeddable":true,"href":"https:\/\/www.ccae.ufpb.br\/licmat\/wp-json\/wp\/v2\/users\/47"}],"replies":[{"embeddable":true,"href":"https:\/\/www.ccae.ufpb.br\/licmat\/wp-json\/wp\/v2\/comments?post=23"}],"version-history":[{"count":1,"href":"https:\/\/www.ccae.ufpb.br\/licmat\/wp-json\/wp\/v2\/pages\/23\/revisions"}],"predecessor-version":[{"id":27,"href":"https:\/\/www.ccae.ufpb.br\/licmat\/wp-json\/wp\/v2\/pages\/23\/revisions\/27"}],"wp:attachment":[{"href":"https:\/\/www.ccae.ufpb.br\/licmat\/wp-json\/wp\/v2\/media?parent=23"}],"curies":[{"name":"wp","href":"https:\/\/api.w.org\/{rel}","templated":true}]}}