{"id":28,"date":"2026-03-29T10:45:16","date_gmt":"2026-03-29T13:45:16","guid":{"rendered":"https:\/\/www.ccae.ufpb.br\/licmat\/?page_id=28"},"modified":"2026-03-29T10:45:16","modified_gmt":"2026-03-29T13:45:16","slug":"documentos","status":"publish","type":"page","link":"https:\/\/www.ccae.ufpb.br\/licmat\/documentos\/","title":{"rendered":"Documentos"},"content":{"rendered":"\n<h2 class=\"wp-block-heading\"><div class=\"linha-header\"><a href=\"http:\/\/plone.ufpb.br\/licmat\/contents\/documentos\/resolucao-no-29-2020.pdf\/view\">REGULAMENTO GERAL DA GRADUA\u00c7\u00c3O_RES. N\u00ba 29\/2020 DO CONSEPE<\/a><\/div><\/h2>\n\n\n\n<h2 class=\"wp-block-heading\"><div class=\"linha-header\"><a href=\"http:\/\/plone.ufpb.br\/licmat\/contents\/documentos\/conhecimentos-cientificos-e-praticas-pedagogicas.pdf\/view\">Conhecimentos cient\u00edficos e pr\u00e1ticas pedag\u00f3gicas.pdf<\/a><\/div><\/h2>\n\n\n\n<h2 class=\"wp-block-heading\"><div class=\"linha-header\"><a href=\"http:\/\/plone.ufpb.br\/licmat\/contents\/documentos\/matriz-curricular-licenciatura-em-matematica-campus-iv.pdf\/view\">Matriz Curricular &#8211; Licenciatura em Matem\u00e1tica, Campus IV.pdf<\/a><\/div><\/h2>\n\n\n\n<h2 class=\"wp-block-heading\"><div class=\"linha-header\"><a href=\"http:\/\/plone.ufpb.br\/licmat\/contents\/documentos\/horario-matematica-2023_2-versao-final.pdf\/view\">HOR\u00c1RIO MATEM\u00c1TICA &#8211; 2023_2 (VERS\u00c3O FINAL).pdf<\/a><\/div><\/h2>\n\n\n\n<h2 class=\"wp-block-heading\"><div class=\"linha-header\"><a href=\"http:\/\/plone.ufpb.br\/licmat\/contents\/documentos\/horario-matematica-2023_2.pdf\/view\">HOR\u00c1RIO MATEM\u00c1TICA &#8211; 2023_2.pdf<\/a><\/div><\/h2>\n\n\n\n<h2 class=\"wp-block-heading\"><div class=\"linha-header\"><a href=\"http:\/\/plone.ufpb.br\/licmat\/contents\/documentos\/horario-matematica-2023_1.pdf\/view\">HOR\u00c1RIO MATEM\u00c1TICA &#8211; 2023_1.pdf<\/a><\/div><\/h2>\n\n\n\n<h2 class=\"wp-block-heading\"><div class=\"linha-header\"><a href=\"http:\/\/plone.ufpb.br\/licmat\/contents\/documentos\/cartilha-caes.pdf\/view\">Cartilha de orienta\u00e7\u00f5es sobre a Assist\u00eancia Estudantil aos\/\u00e0s estudantes do CCAE &#8211; Semestre 2021.2<\/a><\/div><\/h2>\n\n\n\n<h2 class=\"wp-block-heading\"><div class=\"linha-header\"><a href=\"http:\/\/plone.ufpb.br\/licmat\/contents\/documentos\/ppp-mat-ln-oficial-definitivo.doc\/view\">Projeto Pol\u00edtico-Pedag\u00f3gico do Curso<\/a><\/div><\/h2>\n\n\n\n<h2 class=\"wp-block-heading\"><div class=\"linha-header\"><a href=\"http:\/\/plone.ufpb.br\/licmat\/contents\/documentos\/regulamento-tcc-03-2016.pdf\/view\">Regulamento de TCC-2016<\/a><\/div><\/h2>\n\n\n\n<h2 class=\"wp-block-heading\"><div class=\"linha-header\"><a href=\"http:\/\/plone.ufpb.br\/licmat\/contents\/documentos\/regulamento-de-estagio-supervisionado\/view\">Regulamento de Est\u00e1gio Supervisionado<\/a><\/div><\/h2>\n\n\n\n<h2 class=\"wp-block-heading\"><div class=\"linha-header\"><a href=\"http:\/\/plone.ufpb.br\/licmat\/contents\/documentos\/solicitacao-reposicao.docx\/view\">Formul\u00e1rio de Solicita\u00e7\u00e3o de Reposi\u00e7\u00e3o<\/a><\/div><\/h2>\n\n\n\n<h2 class=\"wp-block-heading\"><div class=\"linha-header\"><a href=\"http:\/\/plone.ufpb.br\/licmat\/contents\/documentos\/regulamento-topicos-01-2019.docx\/view\">Regulamento T\u00f3picos 01-2019.docx<\/a><\/div><\/h2>\n\n\n\n<h2 class=\"wp-block-heading\"><div class=\"linha-header\"><a href=\"http:\/\/plone.ufpb.br\/licmat\/contents\/documentos\/formulario-de-dispensa-de-topicos-regulamento-01-2019.docx\/view\">Formul\u00e1rio de Dispensa de T\u00f3picos (Regulamento 01-2019).docx<\/a><\/div><\/h2>\n\n\n\n<h2 class=\"wp-block-heading\"><div class=\"linha-header\"><a href=\"http:\/\/plone.ufpb.br\/licmat\/contents\/documentos\/anexo-capa_cd-ufpb-ccae.doc\/view\">Anexo &#8211; Capa_CD &#8211; UFPB &#8211; CCAE.doc<\/a><\/div><\/h2>\n\n\n\n<h2 class=\"wp-block-heading\"><div class=\"linha-header\"><a href=\"http:\/\/plone.ufpb.br\/licmat\/contents\/documentos\/anexo-capa_cd-ufpb-ccae-1.doc\/view\">Modelo para capa do CD\/DVD do TCC<\/a><\/div><\/h2>\n\n\n\n<h2 class=\"wp-block-heading\"><div class=\"linha-header\"><a href=\"http:\/\/plone.ufpb.br\/licmat\/contents\/documentos\/rsep16_2015.pdf\/view\">Resolu\u00e7\u00e3o N\u00ba 16-2015<\/a><\/div><\/h2>\n\n\n\n<h2 class=\"wp-block-heading\"><div class=\"linha-header\"><a href=\"http:\/\/plone.ufpb.br\/licmat\/contents\/documentos\/glossario.pdf\/view\">Edital 01\/2017<\/a><\/div><\/h2>\n\n\n\n<h2 class=\"wp-block-heading\"><div class=\"linha-header\"><a href=\"http:\/\/plone.ufpb.br\/licmat\/contents\/documentos\/dados-do-gepem.docx\/view\">DADOS DO GEPEM<\/a><\/div><\/h2>\n\n\n\n<h2 class=\"wp-block-heading\"><div class=\"linha-header\"><a href=\"http:\/\/plone.ufpb.br\/licmat\/contents\/documentos\/requerimento_-aproveitamento-de-estudos.docx\/view\">Requerimento_ Aproveitamento de Estudos .docx<\/a><\/div><\/h2>\n\n\n\n<h2 class=\"wp-block-heading\"><div class=\"linha-header\"><a href=\"http:\/\/plone.ufpb.br\/licmat\/contents\/documentos\/horario-da-matematica-periodo-2023_2-versao-final.pdf\/view\">Hor\u00e1rio da Matem\u00e1tica &#8211; Per\u00edodo 2023.2<\/a><\/div><\/h2>\n\n\n\n<h2 class=\"wp-block-heading\"><div class=\"linha-header\"><a href=\"http:\/\/plone.ufpb.br\/licmat\/contents\/documentos\/requerimento-de-1a-via-de-diploma.pdf\/view\">requerimento-de-1a-via-de-diploma.pdf<\/a><\/div><\/h2>\n\n\n\n<h2 class=\"wp-block-heading\"><div class=\"linha-header\"><a href=\"http:\/\/plone.ufpb.br\/licmat\/contents\/documentos\/enade-2021-relatorio-de-regularidade.pdf\/view\">Enade 2021 &#8211; Relat\u00f3rio de regularidade.pdf<\/a><\/div><\/h2>\n\n\n\n<h2 class=\"wp-block-heading\"><div class=\"linha-header\"><a href=\"http:\/\/plone.ufpb.br\/licmat\/contents\/documentos\/cronograma-das-defesas-de-tcc.pdf\/view\">CRONOGRAMA DAS DEFESAS DE TCC.pdf<\/a><\/div><\/h2>\n\n\n\n<h2 class=\"wp-block-heading\"><div class=\"linha-header\"><a href=\"http:\/\/plone.ufpb.br\/licmat\/contents\/documentos\/lepem.pdf\/view\">LEPEM.pdf<\/a><a href=\"http:\/\/plone.ufpb.br\/licmat\/contents\/documentos\/LEPEM.pdf\/view\"><\/a><\/div><\/h2>\n\n\n\n<h2 class=\"wp-block-heading\"><div class=\"linha-header\"><a href=\"http:\/\/plone.ufpb.br\/licmat\/contents\/documentos\/conhecimentos-cientificos-e-praticas-pedagogicas-1.pdf\/view\">Conhecimentos cient\u00edficos e pr\u00e1ticas pedag\u00f3gicas.pdf<\/a><\/div><\/h2>\n\n\n\n<h2 class=\"wp-block-heading\"><div class=\"linha-header\"><a href=\"http:\/\/plone.ufpb.br\/licmat\/contents\/documentos\/resolucao-consepe-10-2022-altera-a-qtde-maxima-de-trancamentos-totais.pdf\/view\">Resolu\u00e7\u00e3o CONSEPE n\u00ba 10\/2022<\/a><\/div><\/h2>\n\n\n\n<h2 class=\"wp-block-heading\"><div class=\"linha-header\"><a href=\"http:\/\/plone.ufpb.br\/licmat\/contents\/documentos\/calendario-academico-2024-1-periodo-regular-cursos-presenciais-atualizado-em-18-12-2023.pdf\/view\">Calend\u00e1rio Acad\u00eamico 2024.1<\/a><\/div><\/h2>\n\n\n\n<h2 class=\"wp-block-heading\"><div class=\"linha-header\"><a href=\"http:\/\/plone.ufpb.br\/licmat\/contents\/documentos\/horario-matematica-2024-2.pdf\/view\">Hor\u00e1rio da Matem\u00e1tica &#8211; Per\u00edodo 2024.2<\/a><\/div><\/h2>\n","protected":false},"excerpt":{"rendered":"<p>REGULAMENTO GERAL DA GRADUA\u00c7\u00c3O_RES. N\u00ba 29\/2020 DO CONSEPE Conhecimentos cient\u00edficos e pr\u00e1ticas pedag\u00f3gicas.pdf Matriz Curricular [&hellip;]<\/p>\n","protected":false},"author":47,"featured_media":0,"parent":0,"menu_order":0,"comment_status":"closed","ping_status":"closed","template":"","meta":{"footnotes":""},"class_list":["post-28","page","type-page","status-publish","hentry"],"_links":{"self":[{"href":"https:\/\/www.ccae.ufpb.br\/licmat\/wp-json\/wp\/v2\/pages\/28","targetHints":{"allow":["GET"]}}],"collection":[{"href":"https:\/\/www.ccae.ufpb.br\/licmat\/wp-json\/wp\/v2\/pages"}],"about":[{"href":"https:\/\/www.ccae.ufpb.br\/licmat\/wp-json\/wp\/v2\/types\/page"}],"author":[{"embeddable":true,"href":"https:\/\/www.ccae.ufpb.br\/licmat\/wp-json\/wp\/v2\/users\/47"}],"replies":[{"embeddable":true,"href":"https:\/\/www.ccae.ufpb.br\/licmat\/wp-json\/wp\/v2\/comments?post=28"}],"version-history":[{"count":1,"href":"https:\/\/www.ccae.ufpb.br\/licmat\/wp-json\/wp\/v2\/pages\/28\/revisions"}],"predecessor-version":[{"id":29,"href":"https:\/\/www.ccae.ufpb.br\/licmat\/wp-json\/wp\/v2\/pages\/28\/revisions\/29"}],"wp:attachment":[{"href":"https:\/\/www.ccae.ufpb.br\/licmat\/wp-json\/wp\/v2\/media?parent=28"}],"curies":[{"name":"wp","href":"https:\/\/api.w.org\/{rel}","templated":true}]}}