{"id":30,"date":"2026-03-29T10:45:43","date_gmt":"2026-03-29T13:45:43","guid":{"rendered":"https:\/\/www.ccae.ufpb.br\/licmat\/?page_id=30"},"modified":"2026-03-29T10:45:43","modified_gmt":"2026-03-29T13:45:43","slug":"formularios","status":"publish","type":"page","link":"https:\/\/www.ccae.ufpb.br\/licmat\/formularios\/","title":{"rendered":"Formul\u00e1rios"},"content":{"rendered":"\n<p><a href=\"http:\/\/plone.ufpb.br\/licmat\/contents\/documentos\/formulario-de-dispensa-de-topicos-regulamento-01-2019.docx\">Dispensa de T\u00f3picos Especiais (Regulamento 01\/2019)<\/a><\/p>\n\n\n\n<p><a href=\"http:\/\/plone.ufpb.br\/licmat\/contents\/documentos\/requerimento_-aproveitamento-de-estudos.docx\">Aproveitamento de Estudos&nbsp;<\/a><\/p>\n\n\n\n<p><a href=\"http:\/\/plone.ufpb.br\/licmat\/contents\/documentos\/solicitacao-reposicao.docx\">Solicita\u00e7\u00e3o&nbsp; de reposi\u00e7\u00e3o&nbsp;<\/a><\/p>\n\n\n\n<p><a href=\"http:\/\/plone.ufpb.br\/licmat\/contents\/documentos\/requerimento-de-1a-via-de-diploma.pdf\">Requerimento-de-1a-via-de-diploma<\/a><\/p>\n\n\n\n<p><a href=\"http:\/\/plone.ufpb.br\/licmat\/contents\/documentos\/anexo-capa_cd-ufpb-ccae-1.doc\">Modelo para capa do CD\/DVD do TCC<\/a><\/p>\n","protected":false},"excerpt":{"rendered":"<p>Dispensa de T\u00f3picos Especiais (Regulamento 01\/2019) Aproveitamento de Estudos&nbsp; Solicita\u00e7\u00e3o&nbsp; de reposi\u00e7\u00e3o&nbsp; Requerimento-de-1a-via-de-diploma Modelo para [&hellip;]<\/p>\n","protected":false},"author":47,"featured_media":0,"parent":0,"menu_order":0,"comment_status":"closed","ping_status":"closed","template":"","meta":{"footnotes":""},"class_list":["post-30","page","type-page","status-publish","hentry"],"_links":{"self":[{"href":"https:\/\/www.ccae.ufpb.br\/licmat\/wp-json\/wp\/v2\/pages\/30","targetHints":{"allow":["GET"]}}],"collection":[{"href":"https:\/\/www.ccae.ufpb.br\/licmat\/wp-json\/wp\/v2\/pages"}],"about":[{"href":"https:\/\/www.ccae.ufpb.br\/licmat\/wp-json\/wp\/v2\/types\/page"}],"author":[{"embeddable":true,"href":"https:\/\/www.ccae.ufpb.br\/licmat\/wp-json\/wp\/v2\/users\/47"}],"replies":[{"embeddable":true,"href":"https:\/\/www.ccae.ufpb.br\/licmat\/wp-json\/wp\/v2\/comments?post=30"}],"version-history":[{"count":1,"href":"https:\/\/www.ccae.ufpb.br\/licmat\/wp-json\/wp\/v2\/pages\/30\/revisions"}],"predecessor-version":[{"id":31,"href":"https:\/\/www.ccae.ufpb.br\/licmat\/wp-json\/wp\/v2\/pages\/30\/revisions\/31"}],"wp:attachment":[{"href":"https:\/\/www.ccae.ufpb.br\/licmat\/wp-json\/wp\/v2\/media?parent=30"}],"curies":[{"name":"wp","href":"https:\/\/api.w.org\/{rel}","templated":true}]}}