{"id":38,"date":"2026-03-29T10:49:37","date_gmt":"2026-03-29T13:49:37","guid":{"rendered":"https:\/\/www.ccae.ufpb.br\/licmat\/?page_id=38"},"modified":"2026-03-29T10:49:37","modified_gmt":"2026-03-29T13:49:37","slug":"lepem-laboratorio-de-ensino-e-pesquisa-em-educacao-matematica","status":"publish","type":"page","link":"https:\/\/www.ccae.ufpb.br\/licmat\/lepem-laboratorio-de-ensino-e-pesquisa-em-educacao-matematica\/","title":{"rendered":"LEPEM &#8211; Laborat\u00f3rio de Ensino e Pesquisa em Educa\u00e7\u00e3o Matem\u00e1tica"},"content":{"rendered":"\n<figure class=\"wp-block-image size-large\"><img loading=\"lazy\" decoding=\"async\" width=\"1024\" height=\"536\" src=\"http:\/\/www.ccae.ufpb.br\/licmat\/wp-content\/uploads\/sites\/170\/sites\/461\/2026\/03\/lepem_page-1-1024x536.jpg\" alt=\"\" class=\"wp-image-39\" srcset=\"https:\/\/www.ccae.ufpb.br\/licmat\/wp-content\/uploads\/sites\/170\/sites\/461\/2026\/03\/lepem_page-1-1024x536.jpg 1024w, https:\/\/www.ccae.ufpb.br\/licmat\/wp-content\/uploads\/sites\/170\/sites\/461\/2026\/03\/lepem_page-1-300x157.jpg 300w, https:\/\/www.ccae.ufpb.br\/licmat\/wp-content\/uploads\/sites\/170\/sites\/461\/2026\/03\/lepem_page-1-768x402.jpg 768w, https:\/\/www.ccae.ufpb.br\/licmat\/wp-content\/uploads\/sites\/170\/sites\/461\/2026\/03\/lepem_page-1-1536x804.jpg 1536w, https:\/\/www.ccae.ufpb.br\/licmat\/wp-content\/uploads\/sites\/170\/sites\/461\/2026\/03\/lepem_page-1.jpg 1875w\" sizes=\"auto, (max-width: 1024px) 100vw, 1024px\" \/><\/figure>\n","protected":false},"excerpt":{"rendered":"","protected":false},"author":47,"featured_media":0,"parent":0,"menu_order":0,"comment_status":"closed","ping_status":"closed","template":"","meta":{"footnotes":""},"class_list":["post-38","page","type-page","status-publish","hentry"],"_links":{"self":[{"href":"https:\/\/www.ccae.ufpb.br\/licmat\/wp-json\/wp\/v2\/pages\/38","targetHints":{"allow":["GET"]}}],"collection":[{"href":"https:\/\/www.ccae.ufpb.br\/licmat\/wp-json\/wp\/v2\/pages"}],"about":[{"href":"https:\/\/www.ccae.ufpb.br\/licmat\/wp-json\/wp\/v2\/types\/page"}],"author":[{"embeddable":true,"href":"https:\/\/www.ccae.ufpb.br\/licmat\/wp-json\/wp\/v2\/users\/47"}],"replies":[{"embeddable":true,"href":"https:\/\/www.ccae.ufpb.br\/licmat\/wp-json\/wp\/v2\/comments?post=38"}],"version-history":[{"count":1,"href":"https:\/\/www.ccae.ufpb.br\/licmat\/wp-json\/wp\/v2\/pages\/38\/revisions"}],"predecessor-version":[{"id":40,"href":"https:\/\/www.ccae.ufpb.br\/licmat\/wp-json\/wp\/v2\/pages\/38\/revisions\/40"}],"wp:attachment":[{"href":"https:\/\/www.ccae.ufpb.br\/licmat\/wp-json\/wp\/v2\/media?parent=38"}],"curies":[{"name":"wp","href":"https:\/\/api.w.org\/{rel}","templated":true}]}}