{"id":20,"date":"2025-08-29T09:02:44","date_gmt":"2025-08-29T12:02:44","guid":{"rendered":"https:\/\/www.ccae.ufpb.br\/profiap\/?page_id=20"},"modified":"2025-09-22T14:37:51","modified_gmt":"2025-09-22T17:37:51","slug":"apresentacao","status":"publish","type":"page","link":"https:\/\/www.ccae.ufpb.br\/profiap\/apresentacao\/","title":{"rendered":"Apresenta\u00e7\u00e3o"},"content":{"rendered":"\n<p class=\"has-text-align-left\">O\u00a0Mestrado Profissional em Administra\u00e7\u00e3o P\u00fablica &#8211; PROFIAP \u00e9 um programa de p\u00f3s-gradua\u00e7\u00e3o stricto sensu ofertado nacionalmente e reconhecido pela Coordena\u00e7\u00e3o de Aperfei\u00e7oamento de Pessoal de N\u00edvel Superior (Capes) . O programa \u00e9 coordenado pela Associa\u00e7\u00e3o Nacional dos Dirigentes das Institui\u00e7\u00f5es Federais de Ensino Superior (Andifes).<\/p>\n\n\n\n<p class=\"has-text-align-left\">O prop\u00f3sito central do programa&nbsp;\u00e9&nbsp;<strong>formar l\u00edderes e gestores p\u00fablicos altamente qualificados<\/strong>, capazes de promover transforma\u00e7\u00f5es positivas nas institui\u00e7\u00f5es governamentais. Buscamos desenvolver profissionais comprometidos com a excel\u00eancia, a \u00e9tica e a inova\u00e7\u00e3o, contribuindo para o aprimoramento cont\u00ednuo da administra\u00e7\u00e3o p\u00fablica e para o desenvolvimento socioecon\u00f4mico do pa\u00eds. <\/p>\n\n\n\n<p class=\"has-text-align-left\">O objetivo principal do PROFIAP \u00e9&nbsp;formar profissionais altamente capacitados para atuar na gest\u00e3o p\u00fablica. A ideia \u00e9 que o conhecimento adquirido n\u00e3o se restrinja \u00e0 teoria, mas seja aplicado diretamente na pr\u00e1tica, gerando melhorias reais nos servi\u00e7os prestados \u00e0 sociedade.<\/p>\n\n\n\n<p class=\"has-medium-font-size\"><\/p>\n\n\n\n<h2 class=\"wp-block-heading\"><div class=\"linha-header\">Como ingressar no PROFIAP?<\/div><\/h2>\n\n\n\n<p>O Exame Nacional de Acesso (ENA) do Mestrado Profissional em Administra\u00e7\u00e3o P\u00fablica em Rede Nacional (PROFIAP) \u00e9 o processo seletivo para ingresso no mestrado.<\/p>\n\n\n\n<p><strong>O ENA utiliza o resultado do Teste ANPAD como forma de avalia\u00e7\u00e3o<\/strong>. Portanto, os candidatos interessados em participar do ENA do PROFIAP devem realizar o Teste ANPAD. Esse teste \u00e9 amplamente reconhecido no meio acad\u00eamico e \u00e9 utilizado por diversos programas de p\u00f3s-gradua\u00e7\u00e3o no Brasil.<\/p>\n\n\n\n<p>O Teste ANPAD \u00e9 um exame de profici\u00eancia realizado pela Associa\u00e7\u00e3o Nacional de P\u00f3s-Gradua\u00e7\u00e3o e Pesquisa em Administra\u00e7\u00e3o (ANPAD), que avalia as compet\u00eancias dos candidatos na seguintes \u00e1reas:<\/p>\n\n\n\n<ul class=\"wp-block-list\">\n<li>L\u00edngua portuguesa<\/li>\n\n\n\n<li>L\u00edngua inglesa<\/li>\n\n\n\n<li>Racioc\u00ednio l\u00f3gico-matem\u00e1tico<\/li>\n\n\n\n<li>Racioc\u00ednio anal\u00edtico<\/li>\n<\/ul>\n\n\n\n<p>Cada institui\u00e7\u00e3o que faz parte da rede Profiap utiliza a nota obtida no Teste ANPAD como crit\u00e9rio principal para classificar os candidatos. Portanto, a prepara\u00e7\u00e3o para o teste \u00e9 o primeiro e mais importante passo para quem deseja fazer parte do programa.<\/p>\n","protected":false},"excerpt":{"rendered":"<p>O\u00a0Mestrado Profissional em Administra\u00e7\u00e3o P\u00fablica &#8211; PROFIAP \u00e9 um programa de p\u00f3s-gradua\u00e7\u00e3o stricto sensu ofertado [&hellip;]<\/p>\n","protected":false},"author":47,"featured_media":0,"parent":0,"menu_order":0,"comment_status":"closed","ping_status":"closed","template":"","meta":{"footnotes":""},"class_list":["post-20","page","type-page","status-publish","hentry"],"_links":{"self":[{"href":"https:\/\/www.ccae.ufpb.br\/profiap\/wp-json\/wp\/v2\/pages\/20","targetHints":{"allow":["GET"]}}],"collection":[{"href":"https:\/\/www.ccae.ufpb.br\/profiap\/wp-json\/wp\/v2\/pages"}],"about":[{"href":"https:\/\/www.ccae.ufpb.br\/profiap\/wp-json\/wp\/v2\/types\/page"}],"author":[{"embeddable":true,"href":"https:\/\/www.ccae.ufpb.br\/profiap\/wp-json\/wp\/v2\/users\/47"}],"replies":[{"embeddable":true,"href":"https:\/\/www.ccae.ufpb.br\/profiap\/wp-json\/wp\/v2\/comments?post=20"}],"version-history":[{"count":5,"href":"https:\/\/www.ccae.ufpb.br\/profiap\/wp-json\/wp\/v2\/pages\/20\/revisions"}],"predecessor-version":[{"id":134,"href":"https:\/\/www.ccae.ufpb.br\/profiap\/wp-json\/wp\/v2\/pages\/20\/revisions\/134"}],"wp:attachment":[{"href":"https:\/\/www.ccae.ufpb.br\/profiap\/wp-json\/wp\/v2\/media?parent=20"}],"curies":[{"name":"wp","href":"https:\/\/api.w.org\/{rel}","templated":true}]}}