{"id":22,"date":"2025-08-29T09:02:53","date_gmt":"2025-08-29T12:02:53","guid":{"rendered":"https:\/\/www.ccae.ufpb.br\/profiap\/?page_id=22"},"modified":"2025-10-10T10:20:27","modified_gmt":"2025-10-10T13:20:27","slug":"estrutura-curricular","status":"publish","type":"page","link":"https:\/\/www.ccae.ufpb.br\/profiap\/estrutura-curricular\/","title":{"rendered":"Estrutura Curricular"},"content":{"rendered":"\n<p>O programa prev\u00ea um m\u00ednimo de 480 horas de atividades did\u00e1ticas, correspondentes a 32 cr\u00e9ditos, divididos da seguinte forma:<\/p>\n\n\n\n<ul class=\"wp-block-list\">\n<li>Disciplinas (obrigat\u00f3rias e optativas): 24 cr\u00e9ditos ou 360 horas.<\/li>\n\n\n\n<li>Trabalho de Conclus\u00e3o de Curso (TCC): 8 cr\u00e9ditos ou 120 horas.<\/li>\n<\/ul>\n\n\n\n<figure class=\"wp-block-table\"><table class=\"has-fixed-layout\"><tbody><tr><td class=\"has-text-align-center\" data-align=\"center\" colspan=\"4\"><strong>Carga Hor\u00e1ria Total: 480 horas<\/strong><\/td><\/tr><tr><td class=\"has-text-align-center\" data-align=\"center\" colspan=\"2\"><strong>Disciplinas obrigat\u00f3rias e optativas:<\/strong> 360 horas<\/td><td colspan=\"2\"><strong>Trabalho de conclus\u00e3o de curso (TCC):<\/strong> 120 horas<\/td><\/tr><tr><td class=\"has-text-align-center\" data-align=\"center\"><strong>Disciplinas Obrigat\u00f3rias<\/strong><\/td><td><strong>Disciplinas<\/strong> <strong>Optativas<\/strong><\/td><td><strong>Projeto de TCC<\/strong><\/td><td><strong>TCC<\/strong><\/td><\/tr><tr><td class=\"has-text-align-center\" data-align=\"center\">180 horas<\/td><td>180 horas<\/td><td>60 horas<\/td><td>60 horas<\/td><\/tr><\/tbody><\/table><\/figure>\n\n\n\n<p><\/p>\n\n\n\n<p><\/p>\n\n\n\n<p>O PROFIAP oferece uma \u00fanica \u00e1rea de concentra\u00e7\u00e3o: Administra\u00e7\u00e3o P\u00fablica, com duas linhas de atua\u00e7\u00e3o:<\/p>\n\n\n\n<p>1. Pol\u00edticas P\u00fablicas<\/p>\n\n\n\n<ol class=\"wp-block-list\"><\/ol>\n\n\n\n<p>Esta linha de pesquisa abrange a realiza\u00e7\u00e3o de pesquisas voltadas para a an\u00e1lise de pol\u00edticas p\u00fablicas, contemplando a formula\u00e7\u00e3o, a implementa\u00e7\u00e3o e a avalia\u00e7\u00e3o de pol\u00edticas setoriais na \u00e1rea de educa\u00e7\u00e3o, sa\u00fade, seguran\u00e7a p\u00fablica, habita\u00e7\u00e3o, gera\u00e7\u00e3o de emprego e renda, entre outras.<\/p>\n\n\n\n<p>2. Administra\u00e7\u00e3o P\u00fablica e Organiza\u00e7\u00f5es<\/p>\n\n\n\n<p>Esta linha de pesquisa abrange as institui\u00e7\u00f5es p\u00fablicas e a gest\u00e3o de organiza\u00e7\u00f5es e tem como objetivo a realiza\u00e7\u00e3o de pesquisas voltadas para a formula\u00e7\u00e3o, implementa\u00e7\u00e3o e avalia\u00e7\u00e3o\/acompanhamento de pr\u00e1ticas de gest\u00e3o e estrat\u00e9gias organizacionais autossustentadas a partir de uma perspectiva interdisciplinar.<\/p>\n\n\n\n<p><a href=\"http:\/\/www.ccae.ufpb.br\/profiap\/wp-content\/uploads\/sites\/170\/sites\/351\/2025\/10\/Mestrado-Profissional-em-Administracao-Publica-versao-18-06-2025.pdf\">ESTRUTURA CURRICULAR<\/a><\/p>\n\n\n\n<p><\/p>\n","protected":false},"excerpt":{"rendered":"<p>O programa prev\u00ea um m\u00ednimo de 480 horas de atividades did\u00e1ticas, correspondentes a 32 cr\u00e9ditos, [&hellip;]<\/p>\n","protected":false},"author":47,"featured_media":0,"parent":0,"menu_order":0,"comment_status":"closed","ping_status":"closed","template":"","meta":{"footnotes":""},"class_list":["post-22","page","type-page","status-publish","hentry"],"_links":{"self":[{"href":"https:\/\/www.ccae.ufpb.br\/profiap\/wp-json\/wp\/v2\/pages\/22","targetHints":{"allow":["GET"]}}],"collection":[{"href":"https:\/\/www.ccae.ufpb.br\/profiap\/wp-json\/wp\/v2\/pages"}],"about":[{"href":"https:\/\/www.ccae.ufpb.br\/profiap\/wp-json\/wp\/v2\/types\/page"}],"author":[{"embeddable":true,"href":"https:\/\/www.ccae.ufpb.br\/profiap\/wp-json\/wp\/v2\/users\/47"}],"replies":[{"embeddable":true,"href":"https:\/\/www.ccae.ufpb.br\/profiap\/wp-json\/wp\/v2\/comments?post=22"}],"version-history":[{"count":5,"href":"https:\/\/www.ccae.ufpb.br\/profiap\/wp-json\/wp\/v2\/pages\/22\/revisions"}],"predecessor-version":[{"id":187,"href":"https:\/\/www.ccae.ufpb.br\/profiap\/wp-json\/wp\/v2\/pages\/22\/revisions\/187"}],"wp:attachment":[{"href":"https:\/\/www.ccae.ufpb.br\/profiap\/wp-json\/wp\/v2\/media?parent=22"}],"curies":[{"name":"wp","href":"https:\/\/api.w.org\/{rel}","templated":true}]}}