{"id":38,"date":"2025-08-29T09:04:48","date_gmt":"2025-08-29T12:04:48","guid":{"rendered":"https:\/\/www.ccae.ufpb.br\/profiap\/?page_id=38"},"modified":"2025-10-13T12:01:17","modified_gmt":"2025-10-13T15:01:17","slug":"docentes","status":"publish","type":"page","link":"https:\/\/www.ccae.ufpb.br\/profiap\/docentes\/","title":{"rendered":"Docentes"},"content":{"rendered":"\n<figure class=\"wp-block-table is-style-stripes\"><table class=\"has-fixed-layout\"><tbody><tr><td class=\"has-text-align-center\" data-align=\"center\"><strong>PROFESSOR<\/strong><\/td><td class=\"has-text-align-center\" data-align=\"center\"><strong>N\u00cdVEL<\/strong><\/td><td class=\"has-text-align-center\" data-align=\"center\"><strong>CURR\u00cdCULO LATTES<\/strong><\/td><\/tr><tr><td class=\"has-text-align-center\" data-align=\"center\">Ana Maria Magalh\u00e3es Correia<\/td><td class=\"has-text-align-center\" data-align=\"center\">Permanente<\/td><td class=\"has-text-align-center\" data-align=\"center\"><a href=\"http:\/\/lattes.cnpq.br\/8129302216027537\">http:\/\/lattes.cnpq.br\/8129302216027537<\/a><\/td><\/tr><tr><td class=\"has-text-align-center\" data-align=\"center\">Cibelle da Silva Santiago<\/td><td class=\"has-text-align-center\" data-align=\"center\">Permanente<\/td><td class=\"has-text-align-center\" data-align=\"center\"><a href=\"http:\/\/lattes.cnpq.br\/7309833227288459\">http:\/\/lattes.cnpq.br\/7309833227288459<\/a><\/td><\/tr><tr><td class=\"has-text-align-center\" data-align=\"center\">Dimmitre Morant Vieira Gon\u00e7alves Pereira<\/td><td class=\"has-text-align-center\" data-align=\"center\">Colaborador<\/td><td class=\"has-text-align-center\" data-align=\"center\"><a href=\"http:\/\/lattes.cnpq.br\/0839108971519782\">http:\/\/lattes.cnpq.br\/0839108971519782<\/a><\/td><\/tr><tr><td class=\"has-text-align-center\" data-align=\"center\">Jo\u00e3o Marcelo Alves Macedo<\/td><td class=\"has-text-align-center\" data-align=\"center\">Permanente<\/td><td class=\"has-text-align-center\" data-align=\"center\"><a href=\"http:\/\/lattes.cnpq.br\/0370488498421792\">http:\/\/lattes.cnpq.br\/0370488498421792<\/a><\/td><\/tr><tr><td class=\"has-text-align-center\" data-align=\"center\">Joseilme Fernandes Gouveia<\/td><td class=\"has-text-align-center\" data-align=\"center\">Permanente<\/td><td class=\"has-text-align-center\" data-align=\"center\"><a href=\"http:\/\/lattes.cnpq.br\/6415930246361958\">http:\/\/lattes.cnpq.br\/6415930246361958<\/a><\/td><\/tr><tr><td class=\"has-text-align-center\" data-align=\"center\">Leandro Ara\u00fajo Wickboldt<\/td><td class=\"has-text-align-center\" data-align=\"center\">Permanente<\/td><td class=\"has-text-align-center\" data-align=\"center\"><a href=\"http:\/\/lattes.cnpq.br\/4868961872096086\">http:\/\/lattes.cnpq.br\/4868961872096086<\/a><\/td><\/tr><tr><td class=\"has-text-align-center\" data-align=\"center\">Luiz Gustavo de Sena Brand\u00e3o Pessoa<\/td><td class=\"has-text-align-center\" data-align=\"center\">Permanente<\/td><td class=\"has-text-align-center\" data-align=\"center\"><a href=\"http:\/\/lattes.cnpq.br\/3978745023294083\">http:\/\/lattes.cnpq.br\/3978745023294083<\/a><\/td><\/tr><tr><td class=\"has-text-align-center\" data-align=\"center\">Luiz Marcelo Martins do Amaral Carneiro Cabral<\/td><td class=\"has-text-align-center\" data-align=\"center\">Permanente<\/td><td class=\"has-text-align-center\" data-align=\"center\"><a href=\"http:\/\/lattes.cnpq.br\/5738049418794379\">http:\/\/lattes.cnpq.br\/5738049418794379<\/a><\/td><\/tr><tr><td class=\"has-text-align-center\" data-align=\"center\">Maria Valdenice Resende Soares<\/td><td class=\"has-text-align-center\" data-align=\"center\">Permanente<\/td><td class=\"has-text-align-center\" data-align=\"center\"><a href=\"http:\/\/lattes.cnpq.br\/0670947991478100\">http:\/\/lattes.cnpq.br\/0670947991478100<\/a><\/td><\/tr><\/tbody><\/table><\/figure>\n\n\n\n<p><\/p>\n","protected":false},"excerpt":{"rendered":"<p>PROFESSOR N\u00cdVEL CURR\u00cdCULO LATTES Ana Maria Magalh\u00e3es Correia Permanente http:\/\/lattes.cnpq.br\/8129302216027537 Cibelle da Silva Santiago Permanente [&hellip;]<\/p>\n","protected":false},"author":47,"featured_media":0,"parent":0,"menu_order":0,"comment_status":"closed","ping_status":"closed","template":"","meta":{"footnotes":""},"class_list":["post-38","page","type-page","status-publish","hentry"],"_links":{"self":[{"href":"https:\/\/www.ccae.ufpb.br\/profiap\/wp-json\/wp\/v2\/pages\/38","targetHints":{"allow":["GET"]}}],"collection":[{"href":"https:\/\/www.ccae.ufpb.br\/profiap\/wp-json\/wp\/v2\/pages"}],"about":[{"href":"https:\/\/www.ccae.ufpb.br\/profiap\/wp-json\/wp\/v2\/types\/page"}],"author":[{"embeddable":true,"href":"https:\/\/www.ccae.ufpb.br\/profiap\/wp-json\/wp\/v2\/users\/47"}],"replies":[{"embeddable":true,"href":"https:\/\/www.ccae.ufpb.br\/profiap\/wp-json\/wp\/v2\/comments?post=38"}],"version-history":[{"count":4,"href":"https:\/\/www.ccae.ufpb.br\/profiap\/wp-json\/wp\/v2\/pages\/38\/revisions"}],"predecessor-version":[{"id":208,"href":"https:\/\/www.ccae.ufpb.br\/profiap\/wp-json\/wp\/v2\/pages\/38\/revisions\/208"}],"wp:attachment":[{"href":"https:\/\/www.ccae.ufpb.br\/profiap\/wp-json\/wp\/v2\/media?parent=38"}],"curies":[{"name":"wp","href":"https:\/\/api.w.org\/{rel}","templated":true}]}}