{"id":136,"date":"2025-02-12T14:29:37","date_gmt":"2025-02-12T14:29:37","guid":{"rendered":"https:\/\/www.ccae.ufpb.br\/secretariadoexecutivo\/?page_id=136"},"modified":"2026-03-31T11:08:00","modified_gmt":"2026-03-31T14:08:00","slug":"tcc","status":"publish","type":"page","link":"https:\/\/www.ccae.ufpb.br\/secretariadoexecutivo\/tcc\/","title":{"rendered":"TCC"},"content":{"rendered":"\n<div class=\"wp-block-group is-content-justification-left is-nowrap is-layout-flex wp-container-core-group-is-layout-558b13e7 wp-block-group-is-layout-flex\">\n<p><em><strong>Prof\u00aa Maika Bueque Zampier<\/strong><\/em><\/p>\n\n\n\n<p><\/p>\n\n\n\n<figure class=\"wp-block-image size-full\"><img loading=\"lazy\" decoding=\"async\" width=\"24\" height=\"24\" src=\"http:\/\/www.ccae.ufpb.br\/secretariadoexecutivo\/wp-content\/uploads\/sites\/170\/sites\/253\/2025\/10\/email-icon-1.png\" alt=\"\" class=\"wp-image-565\" \/><\/figure>\n\n\n\n<p>zampier@ccae.ufpb.br<\/p>\n<\/div>\n\n\n\n<p class=\" \">Coordenadora de TCC<\/p>\n\n\n\n<p>ALUNOS\/ALUNAS que ir\u00e3o se matricular na disciplina de TCC e defender o TCC no pr\u00f3ximo semestre:<\/p>\n\n\n\n<p>Enviar o arquivo do projeto &nbsp;de TCC em formato PDF e o arquivo da Declara\u00e7\u00e3o de Aceite em formato PDF separadamente no link:<\/p>\n\n\n\n<p><a href=\"https:\/\/forms.gle\/VVuLsQmMmtcmNwrk6\">https:\/\/forms.gle\/VVuLsQmMmtcmNwrk6<\/a><\/p>\n\n\n\n<p>Ressaltamos que, conforme disp\u00f5e o Art. 7\u00ba, Cap\u00edtulo I, T\u00edtulo I, da Resolu\u00e7\u00e3o CCSEB n\u00ba 001\/2023:<\/p>\n\n\n\n<p>\u201cO estudante iniciar\u00e1 suas atividades referentes ao TCC um semestre antes de matricular-se na disciplina de Trabalho de Conclus\u00e3o de Curso para desenvolver o projeto de pesquisa e dever\u00e1 entregar \u00e0 coordena\u00e7\u00e3o de TCC, acompanhado da declara\u00e7\u00e3o de aceite do(a) professor(a) orientador(a). A coordena\u00e7\u00e3o de TCC encaminhar\u00e1 os projetos \u00e0 Comiss\u00e3o Cient\u00edfica do Curso de Secretariado, que emitir\u00e1 parecer ou homologa\u00e7\u00e3o favor\u00e1vel ou n\u00e3o do projeto de pesquisa, at\u00e9 um semestre antes do per\u00edodo de defesa e matr\u00edcula na disciplina de TCC, mediante calend\u00e1rio de TCC.\u201d<\/p>\n\n\n\n<p>Solicitamos especial aten\u00e7\u00e3o aos prazos e \u00e0s exig\u00eancias documentais, uma vez que o n\u00e3o cumprimento implicar\u00e1 impedimento na tramita\u00e7\u00e3o do projeto.<\/p>\n\n\n\n<ul class=\"wp-block-list\">\n<li><strong><a href=\"https:\/\/docs.google.com\/forms\/d\/e\/1FAIpQLSfMGzeeu5VjjOra26aJQ9UGDEW6B8J_UnAYgkWSsuk_UjzEyQ\/viewform\" target=\"_blank\" rel=\"noreferrer noopener\">Agendamentos para BANCA DE TCC<\/a><\/strong><\/li>\n<\/ul>\n\n\n\n<p><\/p>\n\n\n\n<p>TCC 2024<\/p>\n\n\n\n<p><\/p>\n\n\n\n<p><a href=\"http:\/\/www.ccae.ufpb.br\/secretariadoexecutivo\/wp-content\/uploads\/sites\/170\/sites\/253\/2025\/04\/RELACAO-BANCAS-TCC-2024-2.pdf\" data-type=\"link\" data-id=\"http:\/\/www.ccae.ufpb.br\/secretariadoexecutivo\/wp-content\/uploads\/sites\/170\/sites\/253\/2025\/04\/RELACAO-BANCAS-TCC-2024-2.pdf\" target=\"_blank\" rel=\"noreferrer noopener\">RELA\u00c7\u00c3O DE BANCAS DE TCC 2024.2<\/a><\/p>\n\n\n\n<div class=\"wp-block-file\"><a id=\"wp-block-file--media-21953021-e1b1-4cbf-a3d8-6efe67e2fe61\" href=\"https:\/\/www.ccae.ufpb.br\/secretariadoexecutivo\/wp-content\/uploads\/sites\/170\/sites\/253\/2025\/02\/CalendriodeTCC2024.1ChaconRevisadofinal.pdf\" target=\"_blank\" rel=\"noreferrer noopener\">CALEND\u00c1RIO DE TCC 2024.1<\/a><a href=\"https:\/\/www.ccae.ufpb.br\/secretariadoexecutivo\/wp-content\/uploads\/sites\/170\/sites\/253\/2025\/02\/CalendriodeTCC2024.1ChaconRevisadofinal.pdf\" class=\"wp-block-file__button wp-element-button\" download aria-describedby=\"wp-block-file--media-21953021-e1b1-4cbf-a3d8-6efe67e2fe61\">Baixar<\/a><\/div>\n\n\n\n<p><\/p>\n\n\n\n<div class=\"wp-block-file\"><a id=\"wp-block-file--media-421e3850-3e6b-440e-8d61-ad54c1509687\" href=\"https:\/\/www.ccae.ufpb.br\/secretariadoexecutivo\/wp-content\/uploads\/sites\/170\/sites\/253\/2025\/02\/copy_of_CALENDRIOTCC20242comalterao.pdf\" target=\"_blank\" rel=\"noreferrer noopener\">CALEND\u00c1RIO DE TCC 2024.2<\/a><a href=\"https:\/\/www.ccae.ufpb.br\/secretariadoexecutivo\/wp-content\/uploads\/sites\/170\/sites\/253\/2025\/02\/copy_of_CALENDRIOTCC20242comalterao.pdf\" class=\"wp-block-file__button wp-element-button\" download aria-describedby=\"wp-block-file--media-421e3850-3e6b-440e-8d61-ad54c1509687\">Baixar<\/a><\/div>\n\n\n\n<p><\/p>\n\n\n\n<div class=\"wp-block-file\"><a id=\"wp-block-file--media-8c6e2b79-7b28-4226-9bd0-1e6f21ac69b7\" href=\"https:\/\/www.ccae.ufpb.br\/secretariadoexecutivo\/wp-content\/uploads\/sites\/170\/sites\/253\/2025\/02\/RELAOPROJETOSHOMOLOGADOSTCC202411.pdf\" target=\"_blank\" rel=\"noreferrer noopener\">RELA\u00c7\u00c3O PROJETOS HOMOLOGADOS TCC 2024.1&nbsp; &nbsp; &nbsp;<\/a><a href=\"https:\/\/www.ccae.ufpb.br\/secretariadoexecutivo\/wp-content\/uploads\/sites\/170\/sites\/253\/2025\/02\/RELAOPROJETOSHOMOLOGADOSTCC202411.pdf\" class=\"wp-block-file__button wp-element-button\" download aria-describedby=\"wp-block-file--media-8c6e2b79-7b28-4226-9bd0-1e6f21ac69b7\">Baixar<\/a><\/div>\n\n\n\n<p><\/p>\n\n\n\n<p>TCC 2025<\/p>\n\n\n\n<p><a href=\"https:\/\/www.ccae.ufpb.br\/secretariadoexecutivo\/wp-content\/uploads\/sites\/170\/sites\/253\/2025\/09\/CALENDARIO-TCC-2025-1-.pdf\" data-type=\"attachment\" data-id=\"536\" target=\"_blank\" rel=\"noreferrer noopener\">CALEND\u00c1RIO DE TCC 2025.1<\/a><\/p>\n\n\n\n<p><a href=\"http:\/\/www.ccae.ufpb.br\/secretariadoexecutivo\/wp-content\/uploads\/sites\/170\/sites\/253\/2026\/02\/2025.2_Calendario_TCC_profa_Maika_Bueque_Zampier_assinado.pdf\" data-type=\"attachment\" data-id=\"536\" target=\"_blank\" rel=\"noreferrer noopener\">CALEND\u00c1RIO DE TCC 2025.2<\/a><\/p>\n\n\n\n<p><a href=\"https:\/\/www.ccae.ufpb.br\/secretariadoexecutivo\/wp-content\/uploads\/sites\/170\/sites\/253\/2025\/09\/Lista-Docentes-2025-1.pdf\" data-type=\"attachment\" data-id=\"538\" target=\"_blank\" rel=\"noreferrer noopener\">LISTA DE PROFESSORES APTOS \u00c0 ORIENTA\u00c7\u00c3O 2025.1<\/a><\/p>\n\n\n\n<p>_______________________<\/p>\n\n\n\n<p>Resolu\u00e7\u00e3o CONSEPE n\u00ba 57\/2025 &#8211; <strong><a href=\"http:\/\/www.ccae.ufpb.br\/secretariadoexecutivo\/wp-content\/uploads\/sites\/170\/sites\/253\/2026\/03\/Resoluo_Consepe_n_57.2025.pdf\">Diretrizes para o uso de sistemas de detec\u00e7\u00e3o de similaridade, ferramentas de intelig\u00eancia artificial<\/a><\/strong><\/p>\n\n\n\n<p>_______________________<\/p>\n\n\n\n<p><a href=\"http:\/\/www.ccae.ufpb.br\/secretariadoexecutivo\/wp-content\/uploads\/sites\/170\/sites\/253\/2025\/05\/605c91e2-5c24-3efe-96f6-6cd2ff510d04.pdf\" data-type=\"link\" data-id=\"http:\/\/www.ccae.ufpb.br\/secretariadoexecutivo\/wp-content\/uploads\/sites\/170\/sites\/253\/2025\/05\/605c91e2-5c24-3efe-96f6-6cd2ff510d04.pdf\" target=\"_blank\" rel=\"noreferrer noopener\">\ud83d\udcda ORIENTA\u00c7\u00d5ES DA ENTREGA DA VERS\u00c3O FINAL DO TCC E AUTORIZA\u00c7\u00c3O DE PUBLICA\u00c7\u00c3O<\/a><\/p>\n\n\n\n<p><\/p>\n\n\n\n<p>MODELOS DE TCC:<\/p>\n\n\n\n<figure class=\"wp-block-table\"><table class=\"has-fixed-layout\"><tbody><tr><td><strong>ARTIGO CIENT\u00cdFICO<\/strong><\/td><td><a href=\"http:\/\/www.ccae.ufpb.br\/secretariadoexecutivo\/wp-content\/uploads\/sites\/170\/sites\/253\/2026\/03\/03-Artigo_Secretariado-Executivo-Template_Atualizado-07.06.2019-Normas-ABNT.pdf\">Template Artigo Cient\u00edfico&nbsp;(WORD)<\/a><\/td><\/tr><tr><td><strong>RELAT\u00d3RIO<\/strong><\/td><td><a href=\"http:\/\/www.ccae.ufpb.br\/secretariadoexecutivo\/wp-content\/uploads\/sites\/170\/sites\/253\/2026\/03\/04-Manual-de-Elaboracao-Relatorio-Tecnico-Cientifico_Secretariado-Executivo-Bilingue_2017.2-Timbrado.pdf\">Manual de Elabora\u00e7\u00e3o Relat\u00f3rio T\u00e9cnico- Cient\u00edfico<\/a><\/td><\/tr><tr><td><strong>MONOGRAFIA<\/strong><\/td><td><a href=\"http:\/\/www.ccae.ufpb.br\/secretariadoexecutivo\/wp-content\/uploads\/sites\/170\/sites\/253\/2026\/03\/02-Manual-TCC-Sec-Exec-out-2012.pdf\">Manual \u2013 Monografia \u2013 Secretariado Executivo<\/a><\/td><\/tr><tr><td><strong>Projeto de TCC<\/strong><\/td><td><a href=\"http:\/\/www.ccae.ufpb.br\/secretariadoexecutivo\/wp-content\/uploads\/sites\/170\/sites\/253\/2026\/03\/01-Manual-Projeto-de-Monografia-TCC-Sec-Exec-out-2012.pdf\">Template Projeto de TCC<\/a><\/td><\/tr><\/tbody><\/table><\/figure>\n\n\n\n<p><\/p>\n\n\n\n<p><strong>Lista dos documentos do Trabalho de Conclus\u00e3o de Curso (TCC):&nbsp;<\/strong>&nbsp;<\/p>\n\n\n\n<ol start=\"1\" class=\"wp-block-list\">\n<li><a href=\"http:\/\/www.ccae.ufpb.br\/secretariadoexecutivo\/wp-content\/uploads\/sites\/170\/sites\/253\/2026\/03\/Declaracao-de-aceite-orientacao-PROJETO-TCC.pdf\">Declara\u00e7\u00e3o de Aceite de Orienta\u00e7\u00e3o \u2013 Projeto de TCC<\/a><\/li>\n\n\n\n<li><a href=\"http:\/\/www.ccae.ufpb.br\/secretariadoexecutivo\/wp-content\/uploads\/sites\/170\/sites\/253\/2026\/03\/Declaracao-de-aceite-orientacao-TCC.pdf\">Declara\u00e7\u00e3o de Aceite de Orienta\u00e7\u00e3o \u2013 Trabalho de Conclus\u00e3o de Curso (TCC)<\/a><\/li>\n\n\n\n<li><a href=\"http:\/\/www.ccae.ufpb.br\/secretariadoexecutivo\/wp-content\/uploads\/sites\/170\/sites\/253\/2026\/03\/Declaracao-autorizacao-entrega-versao-para-banca-de-defesa-de-TCC.pdf\">Declara\u00e7\u00e3o de Autoriza\u00e7\u00e3o para Entrega da Vers\u00e3o para Banca de Defesa de TCC<\/a><\/li>\n\n\n\n<li><a href=\"http:\/\/www.ccae.ufpb.br\/secretariadoexecutivo\/wp-content\/uploads\/sites\/170\/sites\/253\/2026\/03\/Declaracao-de-conclusao-de-Orientacao-Projeto-TCC.pdf\">Declara\u00e7\u00e3o de Conclus\u00e3o de Orienta\u00e7\u00e3o de Projeto de TCC<\/a><\/li>\n\n\n\n<li><a href=\"http:\/\/www.ccae.ufpb.br\/secretariadoexecutivo\/wp-content\/uploads\/sites\/170\/sites\/253\/2026\/03\/Ficha-de-Acompanhamento-de-Orientacao.pdf\">Ficha de Acompanhamento de Orienta\u00e7\u00e3o do TCC<\/a><\/li>\n\n\n\n<li><a href=\"http:\/\/www.ccae.ufpb.br\/secretariadoexecutivo\/wp-content\/uploads\/sites\/170\/sites\/253\/2026\/03\/MODELO-ATA-DE-DEFESA-TCC.pdf\">Modelo de Ata de Defesa de TCC<\/a><\/li>\n\n\n\n<li><a href=\"http:\/\/www.ccae.ufpb.br\/secretariadoexecutivo\/wp-content\/uploads\/sites\/170\/sites\/253\/2026\/03\/MODELO-Certificado-de-Orientacao-e-participacao-em-banca.pdf\">Modelo de Certificado de Orienta\u00e7\u00e3o e Participa\u00e7\u00e3o em Banca de Defesa de TCC<\/a><\/li>\n\n\n\n<li><a href=\"http:\/\/www.ccae.ufpb.br\/secretariadoexecutivo\/wp-content\/uploads\/sites\/170\/sites\/253\/2026\/03\/MODELO-Termo-de-Consentimento-Livre-e-Esclarecido-TCLE.pdf\">Modelo de Termo de Consentimento Livre e Esclarecido (TCLE)<\/a><\/li>\n\n\n\n<li><a href=\"http:\/\/www.ccae.ufpb.br\/secretariadoexecutivo\/wp-content\/uploads\/sites\/170\/sites\/253\/2026\/03\/TERMO-AUTORIZACAO-entrega_TCC_BIBLIOTECA_DIGITAL.pdf\">Termo de Autoriza\u00e7\u00e3o para Publica\u00e7\u00e3o Eletr\u00f4nica na Biblioteca Digital da UFPB<\/a><\/li>\n\n\n\n<li><a href=\"http:\/\/www.ccae.ufpb.br\/secretariadoexecutivo\/wp-content\/uploads\/sites\/170\/sites\/253\/2026\/03\/Resolucao-TCC-01_2023-SEC-EXEC.pdf\">Resolu\u00e7\u00e3o 01\/2023<\/a><\/li>\n\n\n\n<li><a href=\"http:\/\/www.ccae.ufpb.br\/secretariadoexecutivo\/wp-content\/uploads\/sites\/170\/sites\/253\/2026\/03\/PORTARIA-COMISSAO-CIENTIFICA-SECRETARIADO.pdf\">Comiss\u00e3o Cient\u00edfica de TCC do curso de Secretariado Executivo Bil\u00edngue do CCAE<\/a><\/li>\n<\/ol>\n\n\n\n<p><\/p>\n\n\n\n<p class=\"has-text-align-left\"><strong>ABNT<\/strong><\/p>\n\n\n\n<figure class=\"wp-block-table\"><table class=\"has-fixed-layout\"><tbody><tr><td><strong>N\u00b0<\/strong><\/td><td><strong>T\u00edtulo<\/strong><\/td><\/tr><tr><td><a href=\"https:\/\/www.ufpb.br\/secretariado\/contents\/documentos\/abnt-docs\/abnt_15287.pdf\">ABNT NBR 15287:2005<\/a><\/td><td>&nbsp; &nbsp; Projeto de pesquisa<\/td><\/tr><tr><td><a href=\"https:\/\/www.ufpb.br\/secretariado\/contents\/documentos\/abnt-docs\/abnt_14724.pdf\">ABNT NBR 14724:2011<\/a><\/td><td>&nbsp; &nbsp; Trabalhos acad\u00eamicos<\/td><\/tr><tr><td><a href=\"https:\/\/www.ufpb.br\/secretariado\/contents\/documentos\/abnt-docs\/abnt_6027.pdf\">ABNT NBR 6027:2012<\/a><\/td><td>&nbsp; &nbsp; Sum\u00e1rio<\/td><\/tr><tr><td><a href=\"https:\/\/www.ufpb.br\/secretariado\/contents\/documentos\/copy_of_2021_ABNT6028Resumo.pdf\">ABNT NBR 6028:2021<\/a><\/td><td>&nbsp; &nbsp;&nbsp;Resumo<\/td><\/tr><tr><td><a href=\"https:\/\/www.ufpb.br\/secretariado\/contents\/documentos\/abnt-docs\/ABNTNBR60232018REFERENCIAS.pdf\">ABNT NBR 6023:2018<\/a><\/td><td>&nbsp; &nbsp;&nbsp;Refer\u00eancias<\/td><\/tr><tr><td><a href=\"https:\/\/www.ufpb.br\/secretariado\/2023_abnt-10520-ufpb.pdf\">ABNT NBR 10520:2023<\/a><\/td><td>&nbsp; &nbsp; Cita\u00e7\u00f5es em documentos<\/td><\/tr><tr><td><a href=\"https:\/\/www.ufpb.br\/secretariado\/contents\/documentos\/abnt-docs\/abnt_6024.pdf\">ABNT NBR 6024:2012<\/a><\/td><td>&nbsp; &nbsp; Numera\u00e7\u00e3o progressiva das se\u00e7\u00f5es<\/td><\/tr><tr><td><a href=\"https:\/\/www.ufpb.br\/secretariado\/contents\/documentos\/abnt-docs\/abnt_12225.pdf\">ABNT NBR 12225:2004<\/a><\/td><td>&nbsp; &nbsp; Lombada<\/td><\/tr><tr><td><a href=\"https:\/\/www.ufpb.br\/secretariado\/contents\/documentos\/abnt-docs\/nbr_6021_-_2003.pdf\">ABNT NBR 6021:2003<\/a><\/td><td>&nbsp; &nbsp; Publica\u00e7\u00e3o peri\u00f3dica cient\u00edfica impressa<\/td><\/tr><tr><td><a href=\"https:\/\/www.ufpb.br\/secretariado\/contents\/documentos\/abnt-docs\/nbr_6029_-_2006.pdf\">ABNT NBR 6029:2006<\/a><\/td><td>&nbsp; &nbsp; Livro e folheto<\/td><\/tr><\/tbody><\/table><\/figure>\n\n\n\n<p><\/p>\n\n\n\n<p class=\"has-text-align-left\"><strong>MONOGRAFIAS<\/strong><\/p>\n\n\n\n<ul class=\"wp-block-list\">\n<li>2017.2<\/li>\n\n\n\n<li><a href=\"https:\/\/www.ufpb.br\/secretariado\/contents\/documentos\/tcc2017.1\">2017.1<\/a><\/li>\n\n\n\n<li><a href=\"https:\/\/www.ufpb.br\/secretariado\/contents\/documentos\/titulo-tcc\/tcc2016_2\">2016.2<\/a><\/li>\n\n\n\n<li><a href=\"https:\/\/www.ufpb.br\/secretariado\/contents\/documentos\/titulo-tcc\/tcc2016_1_2015_2\">2016.1 e&nbsp;2015.2<\/a><\/li>\n\n\n\n<li><a href=\"https:\/\/www.ufpb.br\/secretariado\/contents\/documentos\/titulo-tcc\/tcc2015_1\">2015.1<\/a><\/li>\n\n\n\n<li><a href=\"https:\/\/www.ufpb.br\/secretariado\/contents\/documentos\/titulo-tcc\/tcc2014_2\">2014.2<\/a><\/li>\n\n\n\n<li><a href=\"https:\/\/www.ufpb.br\/secretariado\/contents\/documentos\/titulo-tcc\/tcc2014_1\">2014.1<\/a><\/li>\n\n\n\n<li><a href=\"https:\/\/www.ufpb.br\/secretariado\/contents\/documentos\/titulo-tcc\/tcc2013_2\">2013.2<\/a><\/li>\n\n\n\n<li><a href=\"https:\/\/www.ufpb.br\/secretariado\/contents\/documentos\/titulo-tcc\/tcc2013_1\">2013.1<\/a><\/li>\n\n\n\n<li><a href=\"https:\/\/www.ufpb.br\/secretariado\/contents\/documentos\/titulo-tcc\/tcc2012_2\">2012.2<\/a><\/li>\n\n\n\n<li><a href=\"https:\/\/www.ufpb.br\/secretariado\/contents\/documentos\/titulo-tcc\/tcc2012_1\">2012.1<\/a><\/li>\n\n\n\n<li><a href=\"https:\/\/www.ufpb.br\/secretariado\/contents\/documentos\/titulo-tcc\/tcc2011_2\">2011.2<\/a><\/li>\n\n\n\n<li><a href=\"https:\/\/www.ufpb.br\/secretariado\/contents\/documentos\/titulo-tcc\/tcc2011_1\">2011.1<\/a><\/li>\n\n\n\n<li><a href=\"https:\/\/www.ufpb.br\/secretariado\/contents\/documentos\/titulo-tcc\/tcc2010_2\">2010.2<\/a><\/li>\n<\/ul>\n","protected":false},"excerpt":{"rendered":"<p>Prof\u00aa Maika Bueque Zampier zampier@ccae.ufpb.br Coordenadora de TCC ALUNOS\/ALUNAS que ir\u00e3o se matricular na disciplina de TCC e defender o TCC no pr\u00f3ximo semestre: Enviar o arquivo do projeto &nbsp;de TCC em formato PDF e o arquivo da Declara\u00e7\u00e3o de Aceite em formato PDF separadamente no link: https:\/\/forms.gle\/VVuLsQmMmtcmNwrk6 Ressaltamos que, conforme disp\u00f5e o Art. 7\u00ba, [&hellip;]<\/p>\n","protected":false},"author":63,"featured_media":0,"parent":0,"menu_order":0,"comment_status":"closed","ping_status":"closed","template":"","meta":{"footnotes":""},"class_list":["post-136","page","type-page","status-publish","hentry"],"_links":{"self":[{"href":"https:\/\/www.ccae.ufpb.br\/secretariadoexecutivo\/wp-json\/wp\/v2\/pages\/136","targetHints":{"allow":["GET"]}}],"collection":[{"href":"https:\/\/www.ccae.ufpb.br\/secretariadoexecutivo\/wp-json\/wp\/v2\/pages"}],"about":[{"href":"https:\/\/www.ccae.ufpb.br\/secretariadoexecutivo\/wp-json\/wp\/v2\/types\/page"}],"author":[{"embeddable":true,"href":"https:\/\/www.ccae.ufpb.br\/secretariadoexecutivo\/wp-json\/wp\/v2\/users\/63"}],"replies":[{"embeddable":true,"href":"https:\/\/www.ccae.ufpb.br\/secretariadoexecutivo\/wp-json\/wp\/v2\/comments?post=136"}],"version-history":[{"count":52,"href":"https:\/\/www.ccae.ufpb.br\/secretariadoexecutivo\/wp-json\/wp\/v2\/pages\/136\/revisions"}],"predecessor-version":[{"id":706,"href":"https:\/\/www.ccae.ufpb.br\/secretariadoexecutivo\/wp-json\/wp\/v2\/pages\/136\/revisions\/706"}],"wp:attachment":[{"href":"https:\/\/www.ccae.ufpb.br\/secretariadoexecutivo\/wp-json\/wp\/v2\/media?parent=136"}],"curies":[{"name":"wp","href":"https:\/\/api.w.org\/{rel}","templated":true}]}}