{"id":17,"date":"2025-02-11T11:56:15","date_gmt":"2025-02-11T11:56:15","guid":{"rendered":"https:\/\/www.ccae.ufpb.br\/secretariadoexecutivo\/?page_id=17"},"modified":"2025-04-05T14:59:08","modified_gmt":"2025-04-05T14:59:08","slug":"apresentacao","status":"publish","type":"page","link":"https:\/\/www.ccae.ufpb.br\/secretariadoexecutivo\/apresentacao\/","title":{"rendered":"Apresenta\u00e7\u00e3o"},"content":{"rendered":"\n<p>O curso de Secretariado Executivo Bil\u00edngue \u00e9 direcionado \u00e0 forma\u00e7\u00e3o de profissionais bachar\u00e9is com compet\u00eancias para promover e participar da melhoria do processo de gest\u00e3o e desenvolvimento das Organiza\u00e7\u00f5es P\u00fablicas e Privadas, na busca do aumento de produtividade e competitividade e aptos a atuar no mercado altamente competitivo e em constantes transforma\u00e7\u00f5es como: Assessor Executivo, Gestor, Consultor e Empreendedor.<\/p>\n\n\n\n<p><\/p>\n\n\n\n<figure class=\"wp-block-image size-full\"><img loading=\"lazy\" decoding=\"async\" width=\"768\" height=\"570\" src=\"http:\/\/www.ccae.ufpb.br\/secretariadoexecutivo\/wp-content\/uploads\/sites\/170\/sites\/253\/2025\/02\/6bf91a3e-731d-400a-acb6-d8132bc557c1.jpeg\" alt=\"\" class=\"wp-image-24\" srcset=\"https:\/\/www.ccae.ufpb.br\/secretariadoexecutivo\/wp-content\/uploads\/sites\/170\/sites\/253\/2025\/02\/6bf91a3e-731d-400a-acb6-d8132bc557c1.jpeg 768w, https:\/\/www.ccae.ufpb.br\/secretariadoexecutivo\/wp-content\/uploads\/sites\/170\/sites\/253\/2025\/02\/6bf91a3e-731d-400a-acb6-d8132bc557c1-300x223.jpeg 300w\" sizes=\"auto, (max-width: 768px) 100vw, 768px\" \/><\/figure>\n\n\n\n<p><\/p>\n\n\n\n<p><strong>V\u00eddeo de Apresenta\u00e7\u00e3o <\/strong><\/p>\n\n\n\n<figure class=\"wp-block-embed is-type-video is-provider-youtube wp-block-embed-youtube wp-embed-aspect-16-9 wp-has-aspect-ratio\"><div class=\"wp-block-embed__wrapper\">\n<iframe loading=\"lazy\" title=\"Curso de Secretariado - UFPB Campus IV, Mamanguape\" width=\"500\" height=\"281\" src=\"https:\/\/www.youtube.com\/embed\/8-0EJUfxxAg?feature=oembed\" frameborder=\"0\" allow=\"accelerometer; autoplay; clipboard-write; encrypted-media; gyroscope; picture-in-picture; web-share\" referrerpolicy=\"strict-origin-when-cross-origin\" allowfullscreen><\/iframe>\n<\/div><\/figure>\n\n\n\n<p><\/p>\n","protected":false},"excerpt":{"rendered":"<p>O curso de Secretariado Executivo Bil\u00edngue \u00e9 direcionado \u00e0 forma\u00e7\u00e3o de profissionais bachar\u00e9is com compet\u00eancias para promover e participar da melhoria do processo de gest\u00e3o e desenvolvimento das Organiza\u00e7\u00f5es P\u00fablicas e Privadas, na busca do aumento de produtividade e competitividade e aptos a atuar no mercado altamente competitivo e em constantes transforma\u00e7\u00f5es como: Assessor Executivo, [&hellip;]<\/p>\n","protected":false},"author":63,"featured_media":0,"parent":0,"menu_order":0,"comment_status":"closed","ping_status":"closed","template":"","meta":{"footnotes":""},"class_list":["post-17","page","type-page","status-publish","hentry"],"_links":{"self":[{"href":"https:\/\/www.ccae.ufpb.br\/secretariadoexecutivo\/wp-json\/wp\/v2\/pages\/17","targetHints":{"allow":["GET"]}}],"collection":[{"href":"https:\/\/www.ccae.ufpb.br\/secretariadoexecutivo\/wp-json\/wp\/v2\/pages"}],"about":[{"href":"https:\/\/www.ccae.ufpb.br\/secretariadoexecutivo\/wp-json\/wp\/v2\/types\/page"}],"author":[{"embeddable":true,"href":"https:\/\/www.ccae.ufpb.br\/secretariadoexecutivo\/wp-json\/wp\/v2\/users\/63"}],"replies":[{"embeddable":true,"href":"https:\/\/www.ccae.ufpb.br\/secretariadoexecutivo\/wp-json\/wp\/v2\/comments?post=17"}],"version-history":[{"count":2,"href":"https:\/\/www.ccae.ufpb.br\/secretariadoexecutivo\/wp-json\/wp\/v2\/pages\/17\/revisions"}],"predecessor-version":[{"id":232,"href":"https:\/\/www.ccae.ufpb.br\/secretariadoexecutivo\/wp-json\/wp\/v2\/pages\/17\/revisions\/232"}],"wp:attachment":[{"href":"https:\/\/www.ccae.ufpb.br\/secretariadoexecutivo\/wp-json\/wp\/v2\/media?parent=17"}],"curies":[{"name":"wp","href":"https:\/\/api.w.org\/{rel}","templated":true}]}}